{"id":912,"date":"2025-08-06T08:09:28","date_gmt":"2025-08-06T08:09:28","guid":{"rendered":"https:\/\/www.billiondaysupplier.com\/?post_type=product&#038;p=912"},"modified":"2025-08-06T12:35:06","modified_gmt":"2025-08-06T12:35:06","slug":"wholesale-electric-chafing-dish","status":"publish","type":"product","link":"https:\/\/www.billiondaysupplier.com\/de\/product\/wholesale-electric-chafing-dish\/","title":{"rendered":"Gro\u00dfhandel elektrische Chafing Dish, benutzerdefinierte 9L hydraulische Edelstahl Buffet Set Silber"},"content":{"rendered":"<div class=\"wp-block-columns is-layout-flex wp-container-core-columns-is-layout-9d6595d7 wp-block-columns-is-layout-flex\">\n<div class=\"wp-block-column is-layout-flow wp-block-column-is-layout-flow\">\n<h2 class=\"wp-block-heading\">Elektrische Chafing Dish Merkmale:<\/h2>\n\n\n\n<p><strong>Exquisite Silber Edelstahl Exterieur:<\/strong> Die Oberfl\u00e4che aus hochwertigem, silberfarbenem Edelstahl ist glatt und edel und passt perfekt zum Dekor gehobener Lokale.<\/p>\n\n\n\n<p><strong>Transparenter Glasdeckel:<\/strong> Der transparente und haltbare Glasdeckel bietet eine klare Sicht, h\u00e4lt die Temperatur der Speisen effektiv aufrecht und erm\u00f6glicht eine bequeme \u00dcberpr\u00fcfung des Zustands der Gerichte, was die Qualit\u00e4t des Essenservices verbessert.<\/p>\n\n\n\n<p><strong>Effiziente elektrische Heizung:<\/strong> Erh\u00f6ht schnell die gew\u00fcnschte Temperatur und h\u00e4lt sie pr\u00e4zise aufrecht, so dass eine schnelle und gleichm\u00e4\u00dfige Erw\u00e4rmung f\u00fcr unterschiedliche Heizanforderungen gew\u00e4hrleistet ist.<\/p>\n\n\n\n<p><strong>Digitales Bedienfeld:<\/strong> Die einfache und pr\u00e4zise Einstellung von Temperatur und Zeit erm\u00f6glicht es dem Benutzer, den gew\u00fcnschten Heizeffekt auf einfache Weise zu erzielen, und erh\u00f6ht die Benutzerfreundlichkeit.<\/p>\n\n\n\n<p><strong>9L Gro\u00dfes Fassungsverm\u00f6gen<\/strong>: Ideal f\u00fcr mittlere bis gro\u00dfe Restaurants, Bankette oder Gruppenveranstaltungen. Er kann gro\u00dfe Mengen an Speisen auf einmal erw\u00e4rmen und gew\u00e4hrleistet eine hohe Energieeffizienz.<\/p>\n\n\n\n<p><strong>Geeignet f\u00fcr eine Vielzahl von Speisesituationen<\/strong>: Ob in Hotels, auf Buffets, Banketten oder bei Familienfeiern, diese Chafing Dish passt sich jedem Anlass an und sorgt f\u00fcr ein au\u00dfergew\u00f6hnliches Esserlebnis.<\/p>\n<\/div>\n\n\n\n<div class=\"wp-block-column is-layout-flow wp-block-column-is-layout-flow\">\n<figure class=\"wp-block-image size-full\"><img decoding=\"async\" width=\"720\" height=\"720\" src=\"https:\/\/www.billiondaysupplier.com\/wp-content\/uploads\/2025\/08\/wholesale-electric-chafing-dish-1.webp\" alt=\"Gro\u00dfhandel elektrische Chafing Dish (1)\" class=\"wp-image-913\" srcset=\"https:\/\/www.billiondaysupplier.com\/wp-content\/uploads\/2025\/08\/wholesale-electric-chafing-dish-1.webp 720w, https:\/\/www.billiondaysupplier.com\/wp-content\/uploads\/2025\/08\/wholesale-electric-chafing-dish-1-300x300.webp 300w, https:\/\/www.billiondaysupplier.com\/wp-content\/uploads\/2025\/08\/wholesale-electric-chafing-dish-1-150x150.webp 150w, https:\/\/www.billiondaysupplier.com\/wp-content\/uploads\/2025\/08\/wholesale-electric-chafing-dish-1-12x12.webp 12w, https:\/\/www.billiondaysupplier.com\/wp-content\/uploads\/2025\/08\/wholesale-electric-chafing-dish-1-600x600.webp 600w, https:\/\/www.billiondaysupplier.com\/wp-content\/uploads\/2025\/08\/wholesale-electric-chafing-dish-1-100x100.webp 100w\" sizes=\"(max-width: 720px) 100vw, 720px\" \/><\/figure>\n<\/div>\n<\/div>\n\n\n\n<div class=\"wp-block-columns is-layout-flex wp-container-core-columns-is-layout-9d6595d7 wp-block-columns-is-layout-flex\">\n<div class=\"wp-block-column is-layout-flow wp-block-column-is-layout-flow\">\n<figure class=\"wp-block-image size-full\"><img decoding=\"async\" width=\"720\" height=\"720\" src=\"https:\/\/www.billiondaysupplier.com\/wp-content\/uploads\/2025\/08\/wholesale-electric-chafing-dish-3.webp\" alt=\"Gro\u00dfhandel elektrische Chafing Dish (3)\" class=\"wp-image-915\" srcset=\"https:\/\/www.billiondaysupplier.com\/wp-content\/uploads\/2025\/08\/wholesale-electric-chafing-dish-3.webp 720w, https:\/\/www.billiondaysupplier.com\/wp-content\/uploads\/2025\/08\/wholesale-electric-chafing-dish-3-300x300.webp 300w, https:\/\/www.billiondaysupplier.com\/wp-content\/uploads\/2025\/08\/wholesale-electric-chafing-dish-3-150x150.webp 150w, https:\/\/www.billiondaysupplier.com\/wp-content\/uploads\/2025\/08\/wholesale-electric-chafing-dish-3-12x12.webp 12w, https:\/\/www.billiondaysupplier.com\/wp-content\/uploads\/2025\/08\/wholesale-electric-chafing-dish-3-600x600.webp 600w, https:\/\/www.billiondaysupplier.com\/wp-content\/uploads\/2025\/08\/wholesale-electric-chafing-dish-3-100x100.webp 100w\" sizes=\"(max-width: 720px) 100vw, 720px\" \/><\/figure>\n<\/div>\n\n\n\n<div class=\"wp-block-column is-layout-flow wp-block-column-is-layout-flow\">\n<figure class=\"wp-block-image size-full\"><img decoding=\"async\" width=\"720\" height=\"719\" src=\"https:\/\/www.billiondaysupplier.com\/wp-content\/uploads\/2025\/08\/wholesale-electric-chafing-dish-4.webp\" alt=\"Gro\u00dfhandel elektrische Chafing Dish (4)\" class=\"wp-image-916\" srcset=\"https:\/\/www.billiondaysupplier.com\/wp-content\/uploads\/2025\/08\/wholesale-electric-chafing-dish-4.webp 720w, https:\/\/www.billiondaysupplier.com\/wp-content\/uploads\/2025\/08\/wholesale-electric-chafing-dish-4-300x300.webp 300w, https:\/\/www.billiondaysupplier.com\/wp-content\/uploads\/2025\/08\/wholesale-electric-chafing-dish-4-150x150.webp 150w, https:\/\/www.billiondaysupplier.com\/wp-content\/uploads\/2025\/08\/wholesale-electric-chafing-dish-4-12x12.webp 12w, https:\/\/www.billiondaysupplier.com\/wp-content\/uploads\/2025\/08\/wholesale-electric-chafing-dish-4-600x599.webp 600w, https:\/\/www.billiondaysupplier.com\/wp-content\/uploads\/2025\/08\/wholesale-electric-chafing-dish-4-100x100.webp 100w\" sizes=\"(max-width: 720px) 100vw, 720px\" \/><\/figure>\n<\/div>\n<\/div>","protected":false},"excerpt":{"rendered":"<p>Die elektrische Chafing Dish im Gro\u00dfhandel mit einem Fassungsverm\u00f6gen von 9 Litern eignet sich perfekt f\u00fcr Bankette und Gruppenveranstaltungen. Kombiniert mit einem transparenten Glasdeckel und CNC-Bedienung, kann es leicht zu verschiedenen Szenarien anzupassen. Kontaktieren Sie uns, um Ihre Catering-Ausr\u00fcstung anzupassen!<\/p>\n<h2>Elektrische Chafing Dish Parameter\uff1a<\/h2>\n<table border=\"0\" width=\"404\" cellspacing=\"0\" cellpadding=\"0\">\n<tbody>\n<tr>\n<td style=\"text-align: left;\" width=\"148\" height=\"24\"><strong>Material<\/strong><\/td>\n<td style=\"text-align: left;\" width=\"256\">Rostfreier Stahl 201<\/td>\n<\/tr>\n<tr>\n<td style=\"text-align: left;\" height=\"69\"><strong>Farbe<\/strong><\/td>\n<td style=\"text-align: left;\" width=\"256\">Gold\/Halbgold\/Silber\/Akzeptieren von Kundenw\u00fcnschen<\/td>\n<\/tr>\n<tr>\n<td style=\"text-align: left;\" height=\"24\"><strong>Heizmethode<\/strong><\/td>\n<td style=\"text-align: left;\">Elektrische Heizung<\/td>\n<\/tr>\n<tr>\n<td style=\"text-align: left;\" height=\"24\"><strong>Kapazit\u00e4t<\/strong><\/td>\n<td style=\"text-align: left;\">9.0L<\/td>\n<\/tr>\n<tr>\n<td style=\"text-align: left;\" height=\"92\"><strong>Merkmal<\/strong><\/td>\n<td style=\"text-align: left;\" width=\"256\">1. Hydraulischer Deckel mit Glasfenster<br \/>2. Hochglanzpolierte abgerundete Kanten<br \/>3. Stabiler, aufrechter Rahmen<\/td>\n<\/tr>\n<tr>\n<td style=\"text-align: left;\" height=\"24\"><strong>Kundenspezifische Option<\/strong><\/td>\n<td style=\"text-align: left;\">Logo\/Farbe\/Gr\u00f6\u00dfe\/Verpackung\/Zubeh\u00f6r<\/td>\n<\/tr>\n<\/tbody>\n<\/table>","protected":false},"featured_media":914,"comment_status":"closed","ping_status":"closed","template":"","meta":{"_acf_changed":true},"product_brand":[],"product_cat":[18],"product_tag":[],"class_list":{"0":"post-912","1":"product","2":"type-product","3":"status-publish","4":"has-post-thumbnail","6":"product_cat-wholesale-chafing-dishes","8":"first","9":"instock","10":"shipping-taxable","11":"product-type-simple"},"acf":[],"_links":{"self":[{"href":"https:\/\/www.billiondaysupplier.com\/de\/wp-json\/wp\/v2\/product\/912","targetHints":{"allow":["GET"]}}],"collection":[{"href":"https:\/\/www.billiondaysupplier.com\/de\/wp-json\/wp\/v2\/product"}],"about":[{"href":"https:\/\/www.billiondaysupplier.com\/de\/wp-json\/wp\/v2\/types\/product"}],"replies":[{"embeddable":true,"href":"https:\/\/www.billiondaysupplier.com\/de\/wp-json\/wp\/v2\/comments?post=912"}],"wp:featuredmedia":[{"embeddable":true,"href":"https:\/\/www.billiondaysupplier.com\/de\/wp-json\/wp\/v2\/media\/914"}],"wp:attachment":[{"href":"https:\/\/www.billiondaysupplier.com\/de\/wp-json\/wp\/v2\/media?parent=912"}],"wp:term":[{"taxonomy":"product_brand","embeddable":true,"href":"https:\/\/www.billiondaysupplier.com\/de\/wp-json\/wp\/v2\/product_brand?post=912"},{"taxonomy":"product_cat","embeddable":true,"href":"https:\/\/www.billiondaysupplier.com\/de\/wp-json\/wp\/v2\/product_cat?post=912"},{"taxonomy":"product_tag","embeddable":true,"href":"https:\/\/www.billiondaysupplier.com\/de\/wp-json\/wp\/v2\/product_tag?post=912"}],"curies":[{"name":"wp","href":"https:\/\/api.w.org\/{rel}","templated":true}]}}