{"id":892,"date":"2025-08-06T02:17:06","date_gmt":"2025-08-06T02:17:06","guid":{"rendered":"https:\/\/www.billiondaysupplier.com\/?post_type=product&#038;p=892"},"modified":"2025-08-06T12:16:37","modified_gmt":"2025-08-06T12:16:37","slug":"chafing-dish-wholesale","status":"publish","type":"product","link":"https:\/\/www.billiondaysupplier.com\/de\/product\/chafing-dish-wholesale\/","title":{"rendered":"Chafing Dish Gro\u00dfhandel Gold, benutzerdefinierte rechteckige Essen W\u00e4rmer mit Glasdeckel f\u00fcr Hochzeit"},"content":{"rendered":"<div class=\"wp-block-columns is-layout-flex wp-container-core-columns-is-layout-9d6595d7 wp-block-columns-is-layout-flex\">\n<div class=\"wp-block-column is-layout-flow wp-block-column-is-layout-flow\">\n<h2 class=\"wp-block-heading\">Chafing Dish Gro\u00dfhandel Merkmale:<\/h2>\n\n\n\n<p><strong>Stilvolles Erscheinungsbild:<\/strong> Die galvanische Glanzgoldbeschichtung ist korrosions- und oxidationsbest\u00e4ndig und sorgt f\u00fcr ein hochwertiges Aussehen.<\/p>\n\n\n\n<p><strong>Glas-Deckel:<\/strong> Erm\u00f6glicht den Blick auf die Speisen, ohne den Deckel zu \u00f6ffnen, verhindert W\u00e4rmeverluste durch h\u00e4ufiges \u00d6ffnen und erh\u00e4lt die Temperatur und Feuchtigkeit der Speisen.<\/p>\n\n\n\n<p><strong>Geteilter Innentopf<\/strong>: Kann gleichzeitig zwei verschiedene Gerichte warm halten, was die Pr\u00e4sentation verbessert und sich an verschiedene Anl\u00e4sse anpasst.<\/p>\n\n\n\n<p><strong>Erh\u00f6hte Beine:<\/strong> Positionieren Sie den Boden des Ofens von der Tischplatte weg, um ein Zur\u00fcckflie\u00dfen der hei\u00dfen Speisen zu verhindern, die \u00c4sthetik zu verbessern, die Reinigung zu erleichtern und den Essbereich aufzuwerten.<\/p>\n\n\n\n<p><strong>Vielseitig: <\/strong>Sie eignen sich f\u00fcr Hotels, Buffets, Bankette und andere Einrichtungen und erf\u00fcllen perfekt die Anforderungen der kommerziellen Gastronomie an Effizienz, Langlebigkeit und ein elegantes Erscheinungsbild.<\/p>\n\n\n\n<p><strong>Leicht zu reinigen: <\/strong>Die glatte Oberfl\u00e4che des aus hochwertigem Edelstahl und Glas gefertigten Ger\u00e4ts ist leicht zu reinigen und zu pflegen und steigert die Effizienz.<\/p>\n\n\n\n<p><strong>OEM-Dienst<\/strong>: Wir bieten kundenspezifische Logos, Farben, Kapazit\u00e4ten, Stile und Verpackungen an, um unsere Produkte zu personalisieren und unterschiedliche Marktanforderungen zu erf\u00fcllen.<\/p>\n<\/div>\n\n\n\n<div class=\"wp-block-column is-layout-flow wp-block-column-is-layout-flow\">\n<figure class=\"wp-block-image size-full\"><img decoding=\"async\" width=\"720\" height=\"720\" src=\"https:\/\/www.billiondaysupplier.com\/wp-content\/uploads\/2025\/08\/chafing-dish-wholesale-1.webp\" alt=\"Chafing Dish Gro\u00dfhandel (1)\" class=\"wp-image-893\" srcset=\"https:\/\/www.billiondaysupplier.com\/wp-content\/uploads\/2025\/08\/chafing-dish-wholesale-1.webp 720w, https:\/\/www.billiondaysupplier.com\/wp-content\/uploads\/2025\/08\/chafing-dish-wholesale-1-300x300.webp 300w, https:\/\/www.billiondaysupplier.com\/wp-content\/uploads\/2025\/08\/chafing-dish-wholesale-1-150x150.webp 150w, https:\/\/www.billiondaysupplier.com\/wp-content\/uploads\/2025\/08\/chafing-dish-wholesale-1-12x12.webp 12w, https:\/\/www.billiondaysupplier.com\/wp-content\/uploads\/2025\/08\/chafing-dish-wholesale-1-600x600.webp 600w, https:\/\/www.billiondaysupplier.com\/wp-content\/uploads\/2025\/08\/chafing-dish-wholesale-1-100x100.webp 100w\" sizes=\"(max-width: 720px) 100vw, 720px\" \/><\/figure>\n<\/div>\n<\/div>\n\n\n\n<div class=\"wp-block-columns is-layout-flex wp-container-core-columns-is-layout-9d6595d7 wp-block-columns-is-layout-flex\">\n<div class=\"wp-block-column is-layout-flow wp-block-column-is-layout-flow\">\n<figure class=\"wp-block-image size-full\"><img decoding=\"async\" width=\"720\" height=\"720\" src=\"https:\/\/www.billiondaysupplier.com\/wp-content\/uploads\/2025\/08\/chafing-dish-wholesale-3.webp\" alt=\"Chafing Dish Gro\u00dfhandel (3)\" class=\"wp-image-895\" srcset=\"https:\/\/www.billiondaysupplier.com\/wp-content\/uploads\/2025\/08\/chafing-dish-wholesale-3.webp 720w, https:\/\/www.billiondaysupplier.com\/wp-content\/uploads\/2025\/08\/chafing-dish-wholesale-3-300x300.webp 300w, https:\/\/www.billiondaysupplier.com\/wp-content\/uploads\/2025\/08\/chafing-dish-wholesale-3-150x150.webp 150w, https:\/\/www.billiondaysupplier.com\/wp-content\/uploads\/2025\/08\/chafing-dish-wholesale-3-12x12.webp 12w, https:\/\/www.billiondaysupplier.com\/wp-content\/uploads\/2025\/08\/chafing-dish-wholesale-3-600x600.webp 600w, https:\/\/www.billiondaysupplier.com\/wp-content\/uploads\/2025\/08\/chafing-dish-wholesale-3-100x100.webp 100w\" sizes=\"(max-width: 720px) 100vw, 720px\" \/><\/figure>\n<\/div>\n\n\n\n<div class=\"wp-block-column is-layout-flow wp-block-column-is-layout-flow\">\n<figure class=\"wp-block-image size-full\"><img decoding=\"async\" width=\"720\" height=\"713\" src=\"https:\/\/www.billiondaysupplier.com\/wp-content\/uploads\/2025\/08\/chafing-dish-wholesale-2.webp\" alt=\"Chafing Dish Gro\u00dfhandel (2)\" class=\"wp-image-894\" srcset=\"https:\/\/www.billiondaysupplier.com\/wp-content\/uploads\/2025\/08\/chafing-dish-wholesale-2.webp 720w, https:\/\/www.billiondaysupplier.com\/wp-content\/uploads\/2025\/08\/chafing-dish-wholesale-2-300x297.webp 300w, https:\/\/www.billiondaysupplier.com\/wp-content\/uploads\/2025\/08\/chafing-dish-wholesale-2-150x150.webp 150w, https:\/\/www.billiondaysupplier.com\/wp-content\/uploads\/2025\/08\/chafing-dish-wholesale-2-12x12.webp 12w, https:\/\/www.billiondaysupplier.com\/wp-content\/uploads\/2025\/08\/chafing-dish-wholesale-2-600x594.webp 600w, https:\/\/www.billiondaysupplier.com\/wp-content\/uploads\/2025\/08\/chafing-dish-wholesale-2-100x100.webp 100w\" sizes=\"(max-width: 720px) 100vw, 720px\" \/><\/figure>\n<\/div>\n<\/div>","protected":false},"excerpt":{"rendered":"<p>Chafing Dish Gro\u00dfhandel, die hohe Bein-Design, hydraulische Deckel mit Glasfenster, und unterteilte innere Tank machen es geeignet f\u00fcr Bankette und Hotels. Wir bieten auch OEM-Dienstleistungen. Willkommen bei uns f\u00fcr kundenspezifische L\u00f6sungen zu kontaktieren.<\/p>\n<h2>Chafing Dish Gro\u00dfhandel Parameter\uff1a<\/h2>\n<table border=\"0\" width=\"404\" cellspacing=\"0\" cellpadding=\"0\">\n<tbody>\n<tr>\n<td style=\"text-align: left;\" width=\"148\" height=\"24\"><strong>Material<\/strong><\/td>\n<td style=\"text-align: left;\" width=\"256\">Rostfreier Stahl 201<\/td>\n<\/tr>\n<tr>\n<td style=\"text-align: left;\" height=\"69\"><strong>Farbe<\/strong><\/td>\n<td style=\"text-align: left;\" width=\"256\">Gold\/Akzeptieren kundenspezifisch<\/td>\n<\/tr>\n<tr>\n<td style=\"text-align: left;\" height=\"24\"><strong>Heizmethode<\/strong><\/td>\n<td style=\"text-align: left;\">Brennstoff- oder Elektroheizung<\/td>\n<\/tr>\n<tr>\n<td style=\"text-align: left;\" height=\"24\"><strong>Kapazit\u00e4t<\/strong><\/td>\n<td style=\"text-align: left;\">9.0L<\/td>\n<\/tr>\n<tr>\n<td style=\"text-align: left;\" height=\"92\"><strong>Merkmal<\/strong><\/td>\n<td style=\"text-align: left;\" width=\"256\">1. Hydraulischer Deckel mit Glasfenster<br \/>2. Hochglanzpolierte abgerundete Kanten<br \/>3. Stabiler, aufrechter Rahmen<\/td>\n<\/tr>\n<tr>\n<td style=\"text-align: left;\" height=\"24\"><strong>Kundenspezifische Option<\/strong><\/td>\n<td style=\"text-align: left;\">Logo\/Farbe\/Gr\u00f6\u00dfe\/Verpackung\/Zubeh\u00f6r<\/td>\n<\/tr>\n<\/tbody>\n<\/table>","protected":false},"featured_media":893,"comment_status":"closed","ping_status":"closed","template":"","meta":{"_acf_changed":true},"product_brand":[],"product_cat":[18],"product_tag":[],"class_list":{"0":"post-892","1":"product","2":"type-product","3":"status-publish","4":"has-post-thumbnail","6":"product_cat-wholesale-chafing-dishes","8":"first","9":"instock","10":"shipping-taxable","11":"product-type-simple"},"acf":[],"_links":{"self":[{"href":"https:\/\/www.billiondaysupplier.com\/de\/wp-json\/wp\/v2\/product\/892","targetHints":{"allow":["GET"]}}],"collection":[{"href":"https:\/\/www.billiondaysupplier.com\/de\/wp-json\/wp\/v2\/product"}],"about":[{"href":"https:\/\/www.billiondaysupplier.com\/de\/wp-json\/wp\/v2\/types\/product"}],"replies":[{"embeddable":true,"href":"https:\/\/www.billiondaysupplier.com\/de\/wp-json\/wp\/v2\/comments?post=892"}],"wp:featuredmedia":[{"embeddable":true,"href":"https:\/\/www.billiondaysupplier.com\/de\/wp-json\/wp\/v2\/media\/893"}],"wp:attachment":[{"href":"https:\/\/www.billiondaysupplier.com\/de\/wp-json\/wp\/v2\/media?parent=892"}],"wp:term":[{"taxonomy":"product_brand","embeddable":true,"href":"https:\/\/www.billiondaysupplier.com\/de\/wp-json\/wp\/v2\/product_brand?post=892"},{"taxonomy":"product_cat","embeddable":true,"href":"https:\/\/www.billiondaysupplier.com\/de\/wp-json\/wp\/v2\/product_cat?post=892"},{"taxonomy":"product_tag","embeddable":true,"href":"https:\/\/www.billiondaysupplier.com\/de\/wp-json\/wp\/v2\/product_tag?post=892"}],"curies":[{"name":"wp","href":"https:\/\/api.w.org\/{rel}","templated":true}]}}