{"id":891,"date":"2025-08-06T02:15:42","date_gmt":"2025-08-06T02:15:42","guid":{"rendered":"https:\/\/www.billiondaysupplier.com\/?post_type=product&#038;p=891"},"modified":"2025-08-06T12:34:52","modified_gmt":"2025-08-06T12:34:52","slug":"wholesale-chafing-dish-set","status":"publish","type":"product","link":"https:\/\/www.billiondaysupplier.com\/de\/product\/wholesale-chafing-dish-set\/","title":{"rendered":"Gro\u00dfhandel Chafing Dish Set mit Glasdeckel, rechteckig Luxus Food Warmer h\u00f6lzerne Basis Custom"},"content":{"rendered":"<div class=\"wp-block-columns is-layout-flex wp-container-core-columns-is-layout-9d6595d7 wp-block-columns-is-layout-flex\">\n<div class=\"wp-block-column is-layout-flow wp-block-column-is-layout-flow\">\n<h2 class=\"wp-block-heading\">Chafing Dish Set Merkmale:<\/h2>\n\n\n\n<p><strong>Hochwertiger Edelstahl<\/strong>: Der lebensmittelechte Edelstahl ist korrosions- und oxidationsbest\u00e4ndig und sorgt f\u00fcr langfristige Rostbest\u00e4ndigkeit und ein makelloses Aussehen.<\/p>\n\n\n\n<p><strong>H\u00f6lzerne Basis<\/strong>: Bietet einen stabilen Halt und wertet das Produkt optisch auf, indem es moderne und klassische Elemente perfekt miteinander verbindet und somit f\u00fcr jedes Restaurant geeignet ist.<\/p>\n\n\n\n<p><strong>Kreisf\u00f6rmig geb\u00f6rdeltes Design<\/strong>: Der sorgf\u00e4ltig entworfene runde Flansch verbessert nicht nur die strukturelle Stabilit\u00e4t und die \u00c4sthetik.<\/p>\n\n\n\n<p><strong>Transparenter Glasdeckel<\/strong>: Der hochwertige, transparente Glasdeckel erm\u00f6glicht einen einfachen Blick auf die Speisen und sorgt f\u00fcr Sicherheit beim Essen, w\u00e4hrend die W\u00e4rme erhalten bleibt.<\/p>\n\n\n\n<p><strong>Gasentl\u00fcftung<\/strong>: Das optimierte L\u00fcftungsdesign reguliert die Temperatur effektiv, verhindert \u00dcberhitzung und Gasansammlungen und verbessert die Brennstoffeffizienz, so dass die Lebensmittel auf der idealen Temperatur gehalten werden.<\/p>\n\n\n\n<p><strong>Glatter Handgriff:<\/strong> Der ergonomisch geformte, glatte Griff erleichtert das Bewegen und Benutzen und gew\u00e4hrleistet eine komfortable und sichere Bedienung.<\/p>\n<\/div>\n\n\n\n<div class=\"wp-block-column is-layout-flow wp-block-column-is-layout-flow\">\n<figure class=\"wp-block-image size-full\"><img decoding=\"async\" width=\"720\" height=\"720\" src=\"https:\/\/www.billiondaysupplier.com\/wp-content\/uploads\/2025\/08\/wholesale-chafing-dish-set-1.webp\" alt=\"Gro\u00dfhandel Chafing Dish Set (1)\" class=\"wp-image-906\" srcset=\"https:\/\/www.billiondaysupplier.com\/wp-content\/uploads\/2025\/08\/wholesale-chafing-dish-set-1.webp 720w, https:\/\/www.billiondaysupplier.com\/wp-content\/uploads\/2025\/08\/wholesale-chafing-dish-set-1-300x300.webp 300w, https:\/\/www.billiondaysupplier.com\/wp-content\/uploads\/2025\/08\/wholesale-chafing-dish-set-1-150x150.webp 150w, https:\/\/www.billiondaysupplier.com\/wp-content\/uploads\/2025\/08\/wholesale-chafing-dish-set-1-12x12.webp 12w, https:\/\/www.billiondaysupplier.com\/wp-content\/uploads\/2025\/08\/wholesale-chafing-dish-set-1-600x600.webp 600w, https:\/\/www.billiondaysupplier.com\/wp-content\/uploads\/2025\/08\/wholesale-chafing-dish-set-1-100x100.webp 100w\" sizes=\"(max-width: 720px) 100vw, 720px\" \/><\/figure>\n<\/div>\n<\/div>\n\n\n\n<div class=\"wp-block-columns is-layout-flex wp-container-core-columns-is-layout-9d6595d7 wp-block-columns-is-layout-flex\">\n<div class=\"wp-block-column is-layout-flow wp-block-column-is-layout-flow\">\n<figure class=\"wp-block-image size-full\"><img decoding=\"async\" width=\"720\" height=\"720\" src=\"https:\/\/www.billiondaysupplier.com\/wp-content\/uploads\/2025\/08\/wholesale-chafing-dish-set-2.webp\" alt=\"Gro\u00dfhandel Chafing Dish Set (2)\" class=\"wp-image-907\" srcset=\"https:\/\/www.billiondaysupplier.com\/wp-content\/uploads\/2025\/08\/wholesale-chafing-dish-set-2.webp 720w, https:\/\/www.billiondaysupplier.com\/wp-content\/uploads\/2025\/08\/wholesale-chafing-dish-set-2-300x300.webp 300w, https:\/\/www.billiondaysupplier.com\/wp-content\/uploads\/2025\/08\/wholesale-chafing-dish-set-2-150x150.webp 150w, https:\/\/www.billiondaysupplier.com\/wp-content\/uploads\/2025\/08\/wholesale-chafing-dish-set-2-12x12.webp 12w, https:\/\/www.billiondaysupplier.com\/wp-content\/uploads\/2025\/08\/wholesale-chafing-dish-set-2-600x600.webp 600w, https:\/\/www.billiondaysupplier.com\/wp-content\/uploads\/2025\/08\/wholesale-chafing-dish-set-2-100x100.webp 100w\" sizes=\"(max-width: 720px) 100vw, 720px\" \/><\/figure>\n<\/div>\n\n\n\n<div class=\"wp-block-column is-layout-flow wp-block-column-is-layout-flow\">\n<figure class=\"wp-block-image size-full\"><img decoding=\"async\" width=\"720\" height=\"720\" src=\"https:\/\/www.billiondaysupplier.com\/wp-content\/uploads\/2025\/08\/wholesale-chafing-dish-set-6.webp\" alt=\"Gro\u00dfhandel Chafing Dish Set (6)\" class=\"wp-image-911\" srcset=\"https:\/\/www.billiondaysupplier.com\/wp-content\/uploads\/2025\/08\/wholesale-chafing-dish-set-6.webp 720w, https:\/\/www.billiondaysupplier.com\/wp-content\/uploads\/2025\/08\/wholesale-chafing-dish-set-6-300x300.webp 300w, https:\/\/www.billiondaysupplier.com\/wp-content\/uploads\/2025\/08\/wholesale-chafing-dish-set-6-150x150.webp 150w, https:\/\/www.billiondaysupplier.com\/wp-content\/uploads\/2025\/08\/wholesale-chafing-dish-set-6-12x12.webp 12w, https:\/\/www.billiondaysupplier.com\/wp-content\/uploads\/2025\/08\/wholesale-chafing-dish-set-6-600x600.webp 600w, https:\/\/www.billiondaysupplier.com\/wp-content\/uploads\/2025\/08\/wholesale-chafing-dish-set-6-100x100.webp 100w\" sizes=\"(max-width: 720px) 100vw, 720px\" \/><\/figure>\n<\/div>\n<\/div>","protected":false},"excerpt":{"rendered":"<p>Gro\u00dfhandel Chafing Dish Set, mit einem raffinierten h\u00f6lzernen Basis, eine kreisf\u00f6rmige Flansch-Design, und ein klares Glas Deckel, diese High-End-und raffinierte Buffet Ausr\u00fcstung ist ideal f\u00fcr jede Catering-Einrichtung. Kontaktieren Sie uns heute, um Ihre Chafing Dish Buffet-Set anpassen!<\/p>\n<h2>Chafing Dish Set Parameter\uff1a<\/h2>\n<table border=\"0\" width=\"404\" cellspacing=\"0\" cellpadding=\"0\">\n<tbody>\n<tr>\n<td style=\"text-align: left;\" width=\"148\" height=\"24\"><strong>Material<\/strong><\/td>\n<td style=\"text-align: left;\" width=\"256\">Rostfreier Stahl 201<\/td>\n<\/tr>\n<tr>\n<td style=\"text-align: left;\" height=\"69\"><strong>Farbe<\/strong><\/td>\n<td style=\"text-align: left;\" width=\"256\">Silber\/Akzeptiere kundenspezifisch<\/td>\n<\/tr>\n<tr>\n<td style=\"text-align: left;\" height=\"24\"><strong>Heizmethode<\/strong><\/td>\n<td style=\"text-align: left;\">Brennstoff Heizung<\/td>\n<\/tr>\n<tr>\n<td style=\"text-align: left;\" height=\"24\"><strong>Kapazit\u00e4t<\/strong><\/td>\n<td style=\"text-align: left;\">9.0L<\/td>\n<\/tr>\n<tr>\n<td style=\"text-align: left;\" height=\"92\"><strong>Merkmal<\/strong><\/td>\n<td style=\"text-align: left;\" width=\"256\">\n<p>1. Hydraulischer Deckel mit Glasfenster<br \/>2. Hochglanzpolierte abgerundete Kanten<br \/>3. Stabiler, aufrechter Rahmen<br \/>4. Holzsockel<\/p>\n<\/td>\n<\/tr>\n<tr>\n<td style=\"text-align: left;\" height=\"24\"><strong>Kundenspezifische Option<\/strong><\/td>\n<td style=\"text-align: left;\">Logo\/Farbe\/Gr\u00f6\u00dfe\/Verpackung\/Zubeh\u00f6r<\/td>\n<\/tr>\n<\/tbody>\n<\/table>","protected":false},"featured_media":908,"comment_status":"closed","ping_status":"closed","template":"","meta":{"_acf_changed":false},"product_brand":[],"product_cat":[18],"product_tag":[],"class_list":{"0":"post-891","1":"product","2":"type-product","3":"status-publish","4":"has-post-thumbnail","6":"product_cat-wholesale-chafing-dishes","8":"first","9":"instock","10":"shipping-taxable","11":"product-type-simple"},"acf":[],"_links":{"self":[{"href":"https:\/\/www.billiondaysupplier.com\/de\/wp-json\/wp\/v2\/product\/891","targetHints":{"allow":["GET"]}}],"collection":[{"href":"https:\/\/www.billiondaysupplier.com\/de\/wp-json\/wp\/v2\/product"}],"about":[{"href":"https:\/\/www.billiondaysupplier.com\/de\/wp-json\/wp\/v2\/types\/product"}],"replies":[{"embeddable":true,"href":"https:\/\/www.billiondaysupplier.com\/de\/wp-json\/wp\/v2\/comments?post=891"}],"wp:featuredmedia":[{"embeddable":true,"href":"https:\/\/www.billiondaysupplier.com\/de\/wp-json\/wp\/v2\/media\/908"}],"wp:attachment":[{"href":"https:\/\/www.billiondaysupplier.com\/de\/wp-json\/wp\/v2\/media?parent=891"}],"wp:term":[{"taxonomy":"product_brand","embeddable":true,"href":"https:\/\/www.billiondaysupplier.com\/de\/wp-json\/wp\/v2\/product_brand?post=891"},{"taxonomy":"product_cat","embeddable":true,"href":"https:\/\/www.billiondaysupplier.com\/de\/wp-json\/wp\/v2\/product_cat?post=891"},{"taxonomy":"product_tag","embeddable":true,"href":"https:\/\/www.billiondaysupplier.com\/de\/wp-json\/wp\/v2\/product_tag?post=891"}],"curies":[{"name":"wp","href":"https:\/\/api.w.org\/{rel}","templated":true}]}}