{"id":879,"date":"2025-08-06T01:30:11","date_gmt":"2025-08-06T01:30:11","guid":{"rendered":"https:\/\/www.billiondaysupplier.com\/?post_type=product&#038;p=879"},"modified":"2025-08-06T12:35:37","modified_gmt":"2025-08-06T12:35:37","slug":"wholesale-chafing-dishes","status":"publish","type":"product","link":"https:\/\/www.billiondaysupplier.com\/de\/product\/wholesale-chafing-dishes\/","title":{"rendered":"Gro\u00dfhandel Chafing Dishes, hydraulische elektrische Buffet Warmer 9L Silber benutzerdefinierte"},"content":{"rendered":"<div class=\"wp-block-columns is-layout-flex wp-container-core-columns-is-layout-9d6595d7 wp-block-columns-is-layout-flex\">\n<div class=\"wp-block-column is-layout-flow wp-block-column-is-layout-flow\">\n<h2 class=\"wp-block-heading\">Chafing Dishes Merkmale:<\/h2>\n\n\n\n<p><strong>Modernes Erscheinungsbild<\/strong>: Die Oberfl\u00e4che aus hochwertigem, galvanisch versilbertem Edelstahl ist glatt, langlebig, korrosionsbest\u00e4ndig und leicht zu reinigen, so dass sie sich f\u00fcr den h\u00e4ufigen gewerblichen Einsatz eignet.<\/p>\n\n\n\n<p><strong>Hydraulischer Slow-Down-Deckel<\/strong>: Der Deckel ist mit einem hydraulischen System ausgestattet, das sich langsam absenkt und so das Risiko von Verbrennungen durch zu schnelles Schlie\u00dfen ausschlie\u00dft und f\u00fcr mehr Sicherheit sorgt.<\/p>\n\n\n\n<p><strong>Hochaufl\u00f6sender Glas-Deckel<\/strong>: Das transparente Fenster erm\u00f6glicht eine einfache Inspektion der Lebensmittel, reduziert h\u00e4ufiges \u00d6ffnen und h\u00e4lt die Lebensmittel in optimalem Zustand.<\/p>\n\n\n\n<p><strong>Digitale Temperaturregelung: <\/strong>Er regelt pr\u00e4zise die Temperatur bis zu 100 \u00b0C und passt sich so den Anforderungen an die W\u00e4rmeerhaltung der verschiedenen Gerichte an und gew\u00e4hrleistet Frische und K\u00f6stlichkeit.<\/p>\n\n\n\n<p><strong>Mehrere Formen verf\u00fcgbar:<\/strong> Erh\u00e4ltlich in runder, quadratischer und rechteckiger Form, um den Anforderungen verschiedener Essensszenarien gerecht zu werden, was Restaurants und Hotels mehr M\u00f6glichkeiten bietet.<\/p>\n\n\n\n<p><strong>Hochhaus, stabile Struktur:<\/strong> Ein stabiler Standfu\u00df sorgt f\u00fcr Stabilit\u00e4t und Sicherheit bei l\u00e4ngerem Gebrauch und verhindert das Umkippen des Kochers.<\/p>\n<\/div>\n\n\n\n<div class=\"wp-block-column is-layout-flow wp-block-column-is-layout-flow\">\n<figure class=\"wp-block-image size-full\"><img decoding=\"async\" width=\"720\" height=\"720\" src=\"https:\/\/www.billiondaysupplier.com\/wp-content\/uploads\/2025\/08\/wholesale-chafing-dishes-6.webp\" alt=\"Gro\u00dfhandel mit Chafing Dishes (6)\" class=\"wp-image-885\" srcset=\"https:\/\/www.billiondaysupplier.com\/wp-content\/uploads\/2025\/08\/wholesale-chafing-dishes-6.webp 720w, https:\/\/www.billiondaysupplier.com\/wp-content\/uploads\/2025\/08\/wholesale-chafing-dishes-6-300x300.webp 300w, https:\/\/www.billiondaysupplier.com\/wp-content\/uploads\/2025\/08\/wholesale-chafing-dishes-6-150x150.webp 150w, https:\/\/www.billiondaysupplier.com\/wp-content\/uploads\/2025\/08\/wholesale-chafing-dishes-6-12x12.webp 12w, https:\/\/www.billiondaysupplier.com\/wp-content\/uploads\/2025\/08\/wholesale-chafing-dishes-6-600x600.webp 600w, https:\/\/www.billiondaysupplier.com\/wp-content\/uploads\/2025\/08\/wholesale-chafing-dishes-6-100x100.webp 100w\" sizes=\"(max-width: 720px) 100vw, 720px\" \/><\/figure>\n<\/div>\n<\/div>\n\n\n\n<div class=\"wp-block-columns is-layout-flex wp-container-core-columns-is-layout-9d6595d7 wp-block-columns-is-layout-flex\">\n<div class=\"wp-block-column is-layout-flow wp-block-column-is-layout-flow\">\n<figure class=\"wp-block-image size-full\"><img decoding=\"async\" width=\"720\" height=\"720\" src=\"https:\/\/www.billiondaysupplier.com\/wp-content\/uploads\/2025\/08\/wholesale-chafing-dishes-4.webp\" alt=\"Gro\u00dfhandel mit Chafing Dishes (4)\" class=\"wp-image-883\" srcset=\"https:\/\/www.billiondaysupplier.com\/wp-content\/uploads\/2025\/08\/wholesale-chafing-dishes-4.webp 720w, https:\/\/www.billiondaysupplier.com\/wp-content\/uploads\/2025\/08\/wholesale-chafing-dishes-4-300x300.webp 300w, https:\/\/www.billiondaysupplier.com\/wp-content\/uploads\/2025\/08\/wholesale-chafing-dishes-4-150x150.webp 150w, https:\/\/www.billiondaysupplier.com\/wp-content\/uploads\/2025\/08\/wholesale-chafing-dishes-4-12x12.webp 12w, https:\/\/www.billiondaysupplier.com\/wp-content\/uploads\/2025\/08\/wholesale-chafing-dishes-4-600x600.webp 600w, https:\/\/www.billiondaysupplier.com\/wp-content\/uploads\/2025\/08\/wholesale-chafing-dishes-4-100x100.webp 100w\" sizes=\"(max-width: 720px) 100vw, 720px\" \/><\/figure>\n<\/div>\n\n\n\n<div class=\"wp-block-column is-layout-flow wp-block-column-is-layout-flow\">\n<figure class=\"wp-block-image size-full\"><img decoding=\"async\" width=\"720\" height=\"720\" src=\"https:\/\/www.billiondaysupplier.com\/wp-content\/uploads\/2025\/08\/wholesale-chafing-dishes-7.webp\" alt=\"Gro\u00dfhandel mit Chafing Dishes (7)\" class=\"wp-image-886\" srcset=\"https:\/\/www.billiondaysupplier.com\/wp-content\/uploads\/2025\/08\/wholesale-chafing-dishes-7.webp 720w, https:\/\/www.billiondaysupplier.com\/wp-content\/uploads\/2025\/08\/wholesale-chafing-dishes-7-300x300.webp 300w, https:\/\/www.billiondaysupplier.com\/wp-content\/uploads\/2025\/08\/wholesale-chafing-dishes-7-150x150.webp 150w, https:\/\/www.billiondaysupplier.com\/wp-content\/uploads\/2025\/08\/wholesale-chafing-dishes-7-12x12.webp 12w, https:\/\/www.billiondaysupplier.com\/wp-content\/uploads\/2025\/08\/wholesale-chafing-dishes-7-600x600.webp 600w, https:\/\/www.billiondaysupplier.com\/wp-content\/uploads\/2025\/08\/wholesale-chafing-dishes-7-100x100.webp 100w\" sizes=\"(max-width: 720px) 100vw, 720px\" \/><\/figure>\n<\/div>\n<\/div>","protected":false},"excerpt":{"rendered":"<p>Gro\u00dfhandel Chafing Dishes, ausgestattet mit einem hydraulischen System, Glasdeckel, intelligente CNC-Panel, etc., bieten pr\u00e4zise Temperaturregelung und eine Vielzahl von Formen, um die Bed\u00fcrfnisse der verschiedenen Catering-Szenarien zu erf\u00fcllen. Kontaktieren Sie uns jetzt f\u00fcr Gro\u00dfhandels- und Anpassungsl\u00f6sungen!<\/p>\n<h2>Chafing Dishes Parameter\uff1a<\/h2>\n<table border=\"0\" width=\"404\" cellspacing=\"0\" cellpadding=\"0\">\n<tbody>\n<tr>\n<td style=\"text-align: left;\" width=\"148\" height=\"24\"><strong>Material<\/strong><\/td>\n<td style=\"text-align: left;\" width=\"256\">Rostfreier Stahl 201<\/td>\n<\/tr>\n<tr>\n<td style=\"text-align: left;\" height=\"69\"><strong>Farbe<\/strong><\/td>\n<td style=\"text-align: left;\" width=\"256\">Silber\/Akzeptiere kundenspezifisch<\/td>\n<\/tr>\n<tr>\n<td style=\"text-align: left;\" height=\"24\"><strong>Heizmethode<\/strong><\/td>\n<td style=\"text-align: left;\">Elektrische Heizung<\/td>\n<\/tr>\n<tr>\n<td style=\"text-align: left;\" height=\"24\"><strong>Kapazit\u00e4t<\/strong><\/td>\n<td style=\"text-align: left;\">9.0L<\/td>\n<\/tr>\n<tr>\n<td style=\"text-align: left;\" height=\"92\"><strong>Merkmal<\/strong><\/td>\n<td style=\"text-align: left;\" width=\"256\">1. Hydraulischer Deckel mit Glasfenster<br \/>2. Hochglanzpolierte abgerundete Kanten<br \/>3. Stabiler, aufrechter Rahmen<\/td>\n<\/tr>\n<tr>\n<td style=\"text-align: left;\" height=\"24\"><strong>Kundenspezifische Option<\/strong><\/td>\n<td style=\"text-align: left;\">Logo\/Farbe\/Gr\u00f6\u00dfe\/Verpackung\/Zubeh\u00f6r<\/td>\n<\/tr>\n<\/tbody>\n<\/table>","protected":false},"featured_media":885,"comment_status":"closed","ping_status":"closed","template":"","meta":{"_acf_changed":true},"product_brand":[],"product_cat":[18],"product_tag":[],"class_list":{"0":"post-879","1":"product","2":"type-product","3":"status-publish","4":"has-post-thumbnail","6":"product_cat-wholesale-chafing-dishes","8":"first","9":"instock","10":"shipping-taxable","11":"product-type-simple"},"acf":[],"_links":{"self":[{"href":"https:\/\/www.billiondaysupplier.com\/de\/wp-json\/wp\/v2\/product\/879","targetHints":{"allow":["GET"]}}],"collection":[{"href":"https:\/\/www.billiondaysupplier.com\/de\/wp-json\/wp\/v2\/product"}],"about":[{"href":"https:\/\/www.billiondaysupplier.com\/de\/wp-json\/wp\/v2\/types\/product"}],"replies":[{"embeddable":true,"href":"https:\/\/www.billiondaysupplier.com\/de\/wp-json\/wp\/v2\/comments?post=879"}],"wp:featuredmedia":[{"embeddable":true,"href":"https:\/\/www.billiondaysupplier.com\/de\/wp-json\/wp\/v2\/media\/885"}],"wp:attachment":[{"href":"https:\/\/www.billiondaysupplier.com\/de\/wp-json\/wp\/v2\/media?parent=879"}],"wp:term":[{"taxonomy":"product_brand","embeddable":true,"href":"https:\/\/www.billiondaysupplier.com\/de\/wp-json\/wp\/v2\/product_brand?post=879"},{"taxonomy":"product_cat","embeddable":true,"href":"https:\/\/www.billiondaysupplier.com\/de\/wp-json\/wp\/v2\/product_cat?post=879"},{"taxonomy":"product_tag","embeddable":true,"href":"https:\/\/www.billiondaysupplier.com\/de\/wp-json\/wp\/v2\/product_tag?post=879"}],"curies":[{"name":"wp","href":"https:\/\/api.w.org\/{rel}","templated":true}]}}