{"id":668,"date":"2025-08-04T10:41:28","date_gmt":"2025-08-04T10:41:28","guid":{"rendered":"https:\/\/www.billiondaysupplier.com\/?post_type=product&#038;p=668"},"modified":"2025-08-05T08:34:04","modified_gmt":"2025-08-05T08:34:04","slug":"wholesale-stainless-steel-beverage-dispenser","status":"publish","type":"product","link":"https:\/\/www.billiondaysupplier.com\/de\/product\/wholesale-stainless-steel-beverage-dispenser\/","title":{"rendered":"Bulk Edelstahl-Getr\u00e4nkespender, individuelle gro\u00dfe Kaffee-Urne 13L"},"content":{"rendered":"<div class=\"wp-block-columns is-layout-flex wp-container-core-columns-is-layout-9d6595d7 wp-block-columns-is-layout-flex\">\n<div class=\"wp-block-column is-layout-flow wp-block-column-is-layout-flow\">\n<h2 class=\"wp-block-heading\">Edelstahl-Getr\u00e4nkedispenser Merkmale:<\/h2>\n\n\n\n<p><strong>Langlebiger rostfreier Stahl<\/strong>: Aus hochwertigem Edelstahl gefertigt, um Kratzern und Oxidation vorzubeugen und eine lange Lebensdauer zu gew\u00e4hrleisten, ohne dass das elegante, neue Aussehen beeintr\u00e4chtigt wird.<\/p>\n\n\n\n<p><strong>13L Extra-Gro\u00dfes Fassungsverm\u00f6gen<\/strong>: Speziell f\u00fcr stark frequentierte Bereiche entwickelt, erf\u00fcllt er die Anforderungen von gr\u00f6\u00dferen Veranstaltungen wie Banketten, Restaurants und Ausstellungen.<\/p>\n\n\n\n<p><strong>Fortschrittliche Isoliertechnik<\/strong>: H\u00e4lt sowohl hei\u00dfe als auch kalte Getr\u00e4nke \u00fcber einen l\u00e4ngeren Zeitraum auf ihrer idealen Temperatur.<\/p>\n\n\n\n<p><strong>Effiziente Flusskontrolle<\/strong>: Sorgt f\u00fcr eine reibungslose, ununterbrochene Ausgabe von Getr\u00e4nken, verhindert Auslaufen und Verschwendung und ist einfach und bequem zu bedienen.<\/p>\n\n\n\n<p><strong>Sicherheitsbewusstes Design<\/strong>: Ein hitzebest\u00e4ndiger Griff verhindert das Versch\u00fctten hei\u00dfer Fl\u00fcssigkeiten, erh\u00f6ht die Sicherheit bei der Verwendung und verringert das Unfallrisiko.<\/p>\n\n\n\n<p><strong>Stilvolles Aussehen<\/strong>: Kombiniert ein modernes, minimalistisches Design mit klassischer Edelstahltextur, was das Gesamtambiente des Veranstaltungsortes aufwertet und der Getr\u00e4nkeverteilung einen Hauch von Raffinesse verleiht.<\/p>\n<\/div>\n\n\n\n<div class=\"wp-block-column is-layout-flow wp-block-column-is-layout-flow\">\n<figure class=\"wp-block-image size-full\"><img decoding=\"async\" width=\"720\" height=\"720\" src=\"https:\/\/www.billiondaysupplier.com\/wp-content\/uploads\/2025\/08\/bulk-stainless-steel-beverage-dispenser-1.webp\" alt=\"Edelstahl-Getr\u00e4nkespender (1)\" class=\"wp-image-669\" srcset=\"https:\/\/www.billiondaysupplier.com\/wp-content\/uploads\/2025\/08\/bulk-stainless-steel-beverage-dispenser-1.webp 720w, https:\/\/www.billiondaysupplier.com\/wp-content\/uploads\/2025\/08\/bulk-stainless-steel-beverage-dispenser-1-300x300.webp 300w, https:\/\/www.billiondaysupplier.com\/wp-content\/uploads\/2025\/08\/bulk-stainless-steel-beverage-dispenser-1-150x150.webp 150w, https:\/\/www.billiondaysupplier.com\/wp-content\/uploads\/2025\/08\/bulk-stainless-steel-beverage-dispenser-1-600x600.webp 600w, https:\/\/www.billiondaysupplier.com\/wp-content\/uploads\/2025\/08\/bulk-stainless-steel-beverage-dispenser-1-100x100.webp 100w\" sizes=\"(max-width: 720px) 100vw, 720px\" \/><\/figure>\n<\/div>\n<\/div>\n\n\n\n<div class=\"wp-block-columns is-layout-flex wp-container-core-columns-is-layout-9d6595d7 wp-block-columns-is-layout-flex\">\n<div class=\"wp-block-column is-layout-flow wp-block-column-is-layout-flow\">\n<figure class=\"wp-block-image size-full\"><img decoding=\"async\" width=\"720\" height=\"720\" src=\"https:\/\/www.billiondaysupplier.com\/wp-content\/uploads\/2025\/08\/bulk-stainless-steel-beverage-dispenser-4.webp\" alt=\"Edelstahl-Getr\u00e4nkespender (4)\" class=\"wp-image-672\" srcset=\"https:\/\/www.billiondaysupplier.com\/wp-content\/uploads\/2025\/08\/bulk-stainless-steel-beverage-dispenser-4.webp 720w, https:\/\/www.billiondaysupplier.com\/wp-content\/uploads\/2025\/08\/bulk-stainless-steel-beverage-dispenser-4-300x300.webp 300w, https:\/\/www.billiondaysupplier.com\/wp-content\/uploads\/2025\/08\/bulk-stainless-steel-beverage-dispenser-4-150x150.webp 150w, https:\/\/www.billiondaysupplier.com\/wp-content\/uploads\/2025\/08\/bulk-stainless-steel-beverage-dispenser-4-600x600.webp 600w, https:\/\/www.billiondaysupplier.com\/wp-content\/uploads\/2025\/08\/bulk-stainless-steel-beverage-dispenser-4-100x100.webp 100w\" sizes=\"(max-width: 720px) 100vw, 720px\" \/><\/figure>\n<\/div>\n\n\n\n<div class=\"wp-block-column is-layout-flow wp-block-column-is-layout-flow\">\n<figure class=\"wp-block-image size-full\"><img decoding=\"async\" width=\"720\" height=\"720\" src=\"https:\/\/www.billiondaysupplier.com\/wp-content\/uploads\/2025\/08\/bulk-stainless-steel-beverage-dispenser-3.webp\" alt=\"Edelstahl-Getr\u00e4nkespender (3)\" class=\"wp-image-671\" srcset=\"https:\/\/www.billiondaysupplier.com\/wp-content\/uploads\/2025\/08\/bulk-stainless-steel-beverage-dispenser-3.webp 720w, https:\/\/www.billiondaysupplier.com\/wp-content\/uploads\/2025\/08\/bulk-stainless-steel-beverage-dispenser-3-300x300.webp 300w, https:\/\/www.billiondaysupplier.com\/wp-content\/uploads\/2025\/08\/bulk-stainless-steel-beverage-dispenser-3-150x150.webp 150w, https:\/\/www.billiondaysupplier.com\/wp-content\/uploads\/2025\/08\/bulk-stainless-steel-beverage-dispenser-3-600x600.webp 600w, https:\/\/www.billiondaysupplier.com\/wp-content\/uploads\/2025\/08\/bulk-stainless-steel-beverage-dispenser-3-100x100.webp 100w\" sizes=\"(max-width: 720px) 100vw, 720px\" \/><\/figure>\n<\/div>\n<\/div>","protected":false},"excerpt":{"rendered":"<p>Gro\u00dfer Getr\u00e4nkespender aus Edelstahl mit 13 Litern Fassungsverm\u00f6gen, geeignet f\u00fcr stark frequentierte Standorte, mit lang anhaltender W\u00e4rmespeicherung und pr\u00e4ziser Ausgabe, perfekt f\u00fcr Gro\u00dfveranstaltungen. Mehrere Optionen zur individuellen Gestaltung sind verf\u00fcgbar. Bitte kontaktieren Sie uns f\u00fcr ein Angebot!<\/p>\n<h2>Edelstahl-Getr\u00e4nkedispenser Parameter\uff1a<\/h2>\n<table width=\"378\">\n<tbody>\n<tr>\n<td width=\"155\">Material<\/td>\n<td width=\"223\">Rostfreier Stahl 201 + PE<\/td>\n<\/tr>\n<tr>\n<td>Farbe<\/td>\n<td width=\"223\">Silber \/ Gold<\/td>\n<\/tr>\n<tr>\n<td>Kapazit\u00e4t<\/td>\n<td>13L<\/td>\n<\/tr>\n<tr>\n<td>Funktion<\/td>\n<td>Kalt- oder Hei\u00dfisolierung<\/td>\n<\/tr>\n<tr>\n<td>Merkmal<\/td>\n<td width=\"223\">1. Eimerk\u00f6rper aus rostfreiem Stahl<br \/>2. Wasserhahn aus rostfreiem Stahl<br \/>3. Schwere Basis<\/td>\n<\/tr>\n<tr>\n<td>Kundenspezifische Option<\/td>\n<td width=\"223\">Logo\/Farbe\/Gr\u00f6\u00dfe\/Verpackung\/Zubeh\u00f6r<\/td>\n<\/tr>\n<\/tbody>\n<\/table>","protected":false},"featured_media":669,"comment_status":"closed","ping_status":"closed","template":"","meta":{"_acf_changed":false},"product_brand":[],"product_cat":[19],"product_tag":[],"class_list":{"0":"post-668","1":"product","2":"type-product","3":"status-publish","4":"has-post-thumbnail","6":"product_cat-wholesale-beverage-dispenser","8":"first","9":"instock","10":"shipping-taxable","11":"product-type-simple"},"acf":[],"_links":{"self":[{"href":"https:\/\/www.billiondaysupplier.com\/de\/wp-json\/wp\/v2\/product\/668","targetHints":{"allow":["GET"]}}],"collection":[{"href":"https:\/\/www.billiondaysupplier.com\/de\/wp-json\/wp\/v2\/product"}],"about":[{"href":"https:\/\/www.billiondaysupplier.com\/de\/wp-json\/wp\/v2\/types\/product"}],"replies":[{"embeddable":true,"href":"https:\/\/www.billiondaysupplier.com\/de\/wp-json\/wp\/v2\/comments?post=668"}],"wp:featuredmedia":[{"embeddable":true,"href":"https:\/\/www.billiondaysupplier.com\/de\/wp-json\/wp\/v2\/media\/669"}],"wp:attachment":[{"href":"https:\/\/www.billiondaysupplier.com\/de\/wp-json\/wp\/v2\/media?parent=668"}],"wp:term":[{"taxonomy":"product_brand","embeddable":true,"href":"https:\/\/www.billiondaysupplier.com\/de\/wp-json\/wp\/v2\/product_brand?post=668"},{"taxonomy":"product_cat","embeddable":true,"href":"https:\/\/www.billiondaysupplier.com\/de\/wp-json\/wp\/v2\/product_cat?post=668"},{"taxonomy":"product_tag","embeddable":true,"href":"https:\/\/www.billiondaysupplier.com\/de\/wp-json\/wp\/v2\/product_tag?post=668"}],"curies":[{"name":"wp","href":"https:\/\/api.w.org\/{rel}","templated":true}]}}