{"id":661,"date":"2025-08-04T10:28:52","date_gmt":"2025-08-04T10:28:52","guid":{"rendered":"https:\/\/www.billiondaysupplier.com\/?post_type=product&#038;p=661"},"modified":"2025-08-05T09:06:06","modified_gmt":"2025-08-05T09:06:06","slug":"wholesale-large-drink-dispenser","status":"publish","type":"product","link":"https:\/\/www.billiondaysupplier.com\/de\/product\/wholesale-large-drink-dispenser\/","title":{"rendered":"Gro\u00dfhandel gro\u00dfe Getr\u00e4nkespender, benutzerdefinierte Kaffee Urnen aus Edelstahl 12L"},"content":{"rendered":"<div class=\"wp-block-columns is-layout-flex wp-container-core-columns-is-layout-9d6595d7 wp-block-columns-is-layout-flex\">\n<div class=\"wp-block-column is-layout-flow wp-block-column-is-layout-flow\">\n<h2 class=\"wp-block-heading\">Gro\u00dfer Getr\u00e4nkespender Merkmale:<\/h2>\n\n\n\n<p><strong>Gro\u00dfe Kapazit\u00e4t<\/strong>: Mit seinem gro\u00dfen Fassungsverm\u00f6gen von 12 Litern ist er ideal f\u00fcr gro\u00dfe Gruppen, Caf\u00e9s, Hotels und andere Bereiche mit hohem Bedarf, um den Trinkbedarf mehrerer Personen zu decken.<\/p>\n\n\n\n<p><strong>Hochwertiges Material aus rostfreiem Stahl<\/strong>: Hergestellt aus lebensmittelechtem Edelstahl, korrosionsbest\u00e4ndig und rostfrei, kann es f\u00fcr eine lange Zeit mit einer gl\u00e4nzenden Oberfl\u00e4che verwendet werden.<\/p>\n\n\n\n<p><strong>Zweischichtiger Isolationsaufbau<\/strong>: Innen und au\u00dfen doppelschichtiges Design, das das Getr\u00e4nk \u00fcber einen l\u00e4ngeren Zeitraum auf einer gleichm\u00e4\u00dfigen Temperatur h\u00e4lt, so dass jede Tasse Getr\u00e4nk einen idealen Geschmack hat.<\/p>\n\n\n\n<p><strong>Pr\u00e4zises Dosiersystem<\/strong>: Ein pr\u00e4zise gesteuertes Wasserventil sorgt f\u00fcr einen gleichm\u00e4\u00dfigen Durchfluss, minimale Verschwendung und eine reibungslose Ausgabe bei jeder Anwendung.<\/p>\n\n\n\n<p><strong>Leicht zu reinigen<\/strong>: Die Oberfl\u00e4che aus rostfreiem Stahl ist glatt und leicht zu reinigen, was das Wachstum von Bakterien hemmt und die Reinheit und Hygiene der Getr\u00e4nke erh\u00e4lt.<\/p>\n\n\n\n<p><strong>Multifunktionaler Einsatz<\/strong>: Geeignet f\u00fcr eine Vielzahl von Situationen, in denen Getr\u00e4nke ausgegeben werden, nicht nur Kaffee, sondern auch S\u00e4fte, Tees und andere Getr\u00e4nke.<\/p>\n<\/div>\n\n\n\n<div class=\"wp-block-column is-layout-flow wp-block-column-is-layout-flow\">\n<figure class=\"wp-block-image size-full\"><img decoding=\"async\" width=\"720\" height=\"720\" src=\"https:\/\/www.billiondaysupplier.com\/wp-content\/uploads\/2025\/08\/wholesale-large-drink-dispenser-2.webp\" alt=\"Gro\u00dfhandel gro\u00dfe Getr\u00e4nkespender (2)\" class=\"wp-image-663\" srcset=\"https:\/\/www.billiondaysupplier.com\/wp-content\/uploads\/2025\/08\/wholesale-large-drink-dispenser-2.webp 720w, https:\/\/www.billiondaysupplier.com\/wp-content\/uploads\/2025\/08\/wholesale-large-drink-dispenser-2-300x300.webp 300w, https:\/\/www.billiondaysupplier.com\/wp-content\/uploads\/2025\/08\/wholesale-large-drink-dispenser-2-150x150.webp 150w, https:\/\/www.billiondaysupplier.com\/wp-content\/uploads\/2025\/08\/wholesale-large-drink-dispenser-2-600x600.webp 600w, https:\/\/www.billiondaysupplier.com\/wp-content\/uploads\/2025\/08\/wholesale-large-drink-dispenser-2-100x100.webp 100w\" sizes=\"(max-width: 720px) 100vw, 720px\" \/><\/figure>\n<\/div>\n<\/div>\n\n\n\n<div class=\"wp-block-columns is-layout-flex wp-container-core-columns-is-layout-9d6595d7 wp-block-columns-is-layout-flex\">\n<div class=\"wp-block-column is-layout-flow wp-block-column-is-layout-flow\">\n<figure class=\"wp-block-image size-full\"><img decoding=\"async\" width=\"720\" height=\"720\" src=\"https:\/\/www.billiondaysupplier.com\/wp-content\/uploads\/2025\/08\/wholesale-large-drink-dispenser-5.webp\" alt=\"Gro\u00dfhandel gro\u00dfe Getr\u00e4nkespender (5)\" class=\"wp-image-666\" srcset=\"https:\/\/www.billiondaysupplier.com\/wp-content\/uploads\/2025\/08\/wholesale-large-drink-dispenser-5.webp 720w, https:\/\/www.billiondaysupplier.com\/wp-content\/uploads\/2025\/08\/wholesale-large-drink-dispenser-5-300x300.webp 300w, https:\/\/www.billiondaysupplier.com\/wp-content\/uploads\/2025\/08\/wholesale-large-drink-dispenser-5-150x150.webp 150w, https:\/\/www.billiondaysupplier.com\/wp-content\/uploads\/2025\/08\/wholesale-large-drink-dispenser-5-600x600.webp 600w, https:\/\/www.billiondaysupplier.com\/wp-content\/uploads\/2025\/08\/wholesale-large-drink-dispenser-5-100x100.webp 100w\" sizes=\"(max-width: 720px) 100vw, 720px\" \/><\/figure>\n<\/div>\n\n\n\n<div class=\"wp-block-column is-layout-flow wp-block-column-is-layout-flow\">\n<figure class=\"wp-block-image size-full\"><img decoding=\"async\" width=\"720\" height=\"720\" src=\"https:\/\/www.billiondaysupplier.com\/wp-content\/uploads\/2025\/08\/wholesale-large-drink-dispenser-4.webp\" alt=\"Gro\u00dfhandel gro\u00dfe Getr\u00e4nkespender (4)\" class=\"wp-image-665\" srcset=\"https:\/\/www.billiondaysupplier.com\/wp-content\/uploads\/2025\/08\/wholesale-large-drink-dispenser-4.webp 720w, https:\/\/www.billiondaysupplier.com\/wp-content\/uploads\/2025\/08\/wholesale-large-drink-dispenser-4-300x300.webp 300w, https:\/\/www.billiondaysupplier.com\/wp-content\/uploads\/2025\/08\/wholesale-large-drink-dispenser-4-150x150.webp 150w, https:\/\/www.billiondaysupplier.com\/wp-content\/uploads\/2025\/08\/wholesale-large-drink-dispenser-4-600x600.webp 600w, https:\/\/www.billiondaysupplier.com\/wp-content\/uploads\/2025\/08\/wholesale-large-drink-dispenser-4-100x100.webp 100w\" sizes=\"(max-width: 720px) 100vw, 720px\" \/><\/figure>\n<\/div>\n<\/div>","protected":false},"excerpt":{"rendered":"<p>Gro\u00dfhandel gro\u00dfe Getr\u00e4nkespender, 12L gro\u00dfe Kapazit\u00e4t, modernes Aussehen, geeignet f\u00fcr Gro\u00dfveranstaltungen, langlebig und ausgezeichnete W\u00e4rmespeicherung, perfekt f\u00fcr die Verteilung verschiedener Getr\u00e4nke. Kontaktieren Sie uns f\u00fcr weitere Produktinformationen und Angebote!<\/p>\n<h2>Parameter\uff1a Gro\u00dfer Getr\u00e4nkespender<\/h2>\n<table width=\"378\">\n<tbody>\n<tr>\n<td width=\"155\">Material<\/td>\n<td width=\"223\">Rostfreier Stahl 201 + PC<\/td>\n<\/tr>\n<tr>\n<td>Farbe<\/td>\n<td width=\"223\">Silber \/ Gold<\/td>\n<\/tr>\n<tr>\n<td>Kapazit\u00e4t<\/td>\n<td>12L<\/td>\n<\/tr>\n<tr>\n<td>Funktion<\/td>\n<td>Kalt- oder Hei\u00dfisolierung<\/td>\n<\/tr>\n<tr>\n<td>Merkmal<\/td>\n<td width=\"223\">\n<p>1. PC Schaufelk\u00f6rper<br \/>2. Wasserhahn aus rostfreiem Stahl<br \/>3. Alkohol Heizung<br \/>4. Isolierter Eiskern<\/p>\n<\/td>\n<\/tr>\n<tr>\n<td>Kundenspezifische Option<\/td>\n<td width=\"223\">Logo\/Farbe\/Gr\u00f6\u00dfe\/Verpackung\/Zubeh\u00f6r<\/td>\n<\/tr>\n<\/tbody>\n<\/table>","protected":false},"featured_media":662,"comment_status":"closed","ping_status":"closed","template":"","meta":{"_acf_changed":false},"product_brand":[],"product_cat":[19],"product_tag":[],"class_list":{"0":"post-661","1":"product","2":"type-product","3":"status-publish","4":"has-post-thumbnail","6":"product_cat-wholesale-beverage-dispenser","8":"first","9":"instock","10":"shipping-taxable","11":"product-type-simple"},"acf":[],"_links":{"self":[{"href":"https:\/\/www.billiondaysupplier.com\/de\/wp-json\/wp\/v2\/product\/661","targetHints":{"allow":["GET"]}}],"collection":[{"href":"https:\/\/www.billiondaysupplier.com\/de\/wp-json\/wp\/v2\/product"}],"about":[{"href":"https:\/\/www.billiondaysupplier.com\/de\/wp-json\/wp\/v2\/types\/product"}],"replies":[{"embeddable":true,"href":"https:\/\/www.billiondaysupplier.com\/de\/wp-json\/wp\/v2\/comments?post=661"}],"wp:featuredmedia":[{"embeddable":true,"href":"https:\/\/www.billiondaysupplier.com\/de\/wp-json\/wp\/v2\/media\/662"}],"wp:attachment":[{"href":"https:\/\/www.billiondaysupplier.com\/de\/wp-json\/wp\/v2\/media?parent=661"}],"wp:term":[{"taxonomy":"product_brand","embeddable":true,"href":"https:\/\/www.billiondaysupplier.com\/de\/wp-json\/wp\/v2\/product_brand?post=661"},{"taxonomy":"product_cat","embeddable":true,"href":"https:\/\/www.billiondaysupplier.com\/de\/wp-json\/wp\/v2\/product_cat?post=661"},{"taxonomy":"product_tag","embeddable":true,"href":"https:\/\/www.billiondaysupplier.com\/de\/wp-json\/wp\/v2\/product_tag?post=661"}],"curies":[{"name":"wp","href":"https:\/\/api.w.org\/{rel}","templated":true}]}}