{"id":660,"date":"2025-08-04T10:12:05","date_gmt":"2025-08-04T10:12:05","guid":{"rendered":"https:\/\/www.billiondaysupplier.com\/?post_type=product&#038;p=660"},"modified":"2026-01-30T03:58:43","modified_gmt":"2026-01-30T03:58:43","slug":"bulk-coffee-urn","status":"publish","type":"product","link":"https:\/\/www.billiondaysupplier.com\/de\/product\/bulk-coffee-urn\/","title":{"rendered":"Bulk Kaffee Urne, Gro\u00dfhandel Edelstahl Kaffee Urne Stativ"},"content":{"rendered":"<div class=\"wp-block-columns is-layout-flex wp-container-core-columns-is-layout-9d6595d7 wp-block-columns-is-layout-flex\">\n<div class=\"wp-block-column is-layout-flow wp-block-column-is-layout-flow\">\n<h2 class=\"wp-block-heading\">Gro\u00dfer Getr\u00e4nkespender Merkmale:<\/h2>\n\n\n\n<p><strong>Hochwertiges Material aus rostfreiem Stahl<\/strong>: Aus hochwertigem Edelstahl gefertigt, ist es langlebig und korrosionsbest\u00e4ndig und gew\u00e4hrleistet Stabilit\u00e4t und Glanz bei langfristiger Nutzung.<\/p>\n\n\n\n<p><strong>Dreibeinige Konstruktion<\/strong>: Die dreibeinige Struktur bietet einen stabileren Halt und verhindert, dass die Kaffeekanne kippt oder umkippt, so dass jeder Br\u00fchvorgang stabil ist.<\/p>\n\n\n\n<p><strong>Elegantes, modernes Aussehen<\/strong>: Das schlichte, aber modische Design passt zu verschiedenen K\u00fcchenstilen und bereichert das Koch- und Esserlebnis.<\/p>\n\n\n\n<p><strong>Bequeme Bedienung:<\/strong> Einfaches Ausgie\u00dfen des Kaffees mit pr\u00e4ziser Kontrolle der Durchflussmenge f\u00fcr ein sanfteres Ausgie\u00dferlebnis.<\/p>\n\n\n\n<p><strong>Vielseitige Anwendung:<\/strong> Sie eignet sich f\u00fcr verschiedene Umgebungen wie Haushalte, B\u00fcros und Caf\u00e9s und erf\u00fcllt die t\u00e4glichen Anforderungen, w\u00e4hrend sie gleichzeitig einen effizienten Betrieb f\u00fcr professionelle Baristas erm\u00f6glicht.<\/p>\n\n\n\n<p><strong>Leicht zu reinigen<\/strong>: Die glatte Edelstahloberfl\u00e4che verhindert das Anhaften von R\u00fcckst\u00e4nden und erm\u00f6glicht eine einfache und bequeme Reinigung, um die Frische bei jedem Gebrauch zu erhalten.<\/p>\n<\/div>\n\n\n\n<div class=\"wp-block-column is-layout-flow wp-block-column-is-layout-flow\">\n<figure class=\"wp-block-image size-full\"><img decoding=\"async\" width=\"720\" height=\"720\" src=\"https:\/\/www.billiondaysupplier.com\/wp-content\/uploads\/2025\/08\/coffee-urn-in-bulk.webp\" alt=\"Kaffeemaschine in loser Sch\u00fcttung\" class=\"wp-image-622\" srcset=\"https:\/\/www.billiondaysupplier.com\/wp-content\/uploads\/2025\/08\/coffee-urn-in-bulk.webp 720w, https:\/\/www.billiondaysupplier.com\/wp-content\/uploads\/2025\/08\/coffee-urn-in-bulk-300x300.webp 300w, https:\/\/www.billiondaysupplier.com\/wp-content\/uploads\/2025\/08\/coffee-urn-in-bulk-150x150.webp 150w, https:\/\/www.billiondaysupplier.com\/wp-content\/uploads\/2025\/08\/coffee-urn-in-bulk-600x600.webp 600w, https:\/\/www.billiondaysupplier.com\/wp-content\/uploads\/2025\/08\/coffee-urn-in-bulk-100x100.webp 100w\" sizes=\"(max-width: 720px) 100vw, 720px\" \/><\/figure>\n<\/div>\n<\/div>\n\n\n\n<div class=\"wp-block-columns is-layout-flex wp-container-core-columns-is-layout-9d6595d7 wp-block-columns-is-layout-flex\">\n<div class=\"wp-block-column is-layout-flow wp-block-column-is-layout-flow\">\n<figure class=\"wp-block-image size-full\"><img decoding=\"async\" width=\"720\" height=\"720\" src=\"https:\/\/www.billiondaysupplier.com\/wp-content\/uploads\/2025\/08\/wholesale-coffee-urn-2-1.webp\" alt=\"Gro\u00dfhandel Kaffeemaschine\" class=\"wp-image-658\" srcset=\"https:\/\/www.billiondaysupplier.com\/wp-content\/uploads\/2025\/08\/wholesale-coffee-urn-2-1.webp 720w, https:\/\/www.billiondaysupplier.com\/wp-content\/uploads\/2025\/08\/wholesale-coffee-urn-2-1-300x300.webp 300w, https:\/\/www.billiondaysupplier.com\/wp-content\/uploads\/2025\/08\/wholesale-coffee-urn-2-1-150x150.webp 150w, https:\/\/www.billiondaysupplier.com\/wp-content\/uploads\/2025\/08\/wholesale-coffee-urn-2-1-600x600.webp 600w, https:\/\/www.billiondaysupplier.com\/wp-content\/uploads\/2025\/08\/wholesale-coffee-urn-2-1-100x100.webp 100w\" sizes=\"(max-width: 720px) 100vw, 720px\" \/><\/figure>\n<\/div>\n\n\n\n<div class=\"wp-block-column is-layout-flow wp-block-column-is-layout-flow\">\n<figure class=\"wp-block-image size-full\"><img decoding=\"async\" width=\"720\" height=\"720\" src=\"https:\/\/www.billiondaysupplier.com\/wp-content\/uploads\/2025\/08\/custom-coffee-urn.webp\" alt=\"benutzerdefinierte Kaffeemaschine\" class=\"wp-image-630\" srcset=\"https:\/\/www.billiondaysupplier.com\/wp-content\/uploads\/2025\/08\/custom-coffee-urn.webp 720w, https:\/\/www.billiondaysupplier.com\/wp-content\/uploads\/2025\/08\/custom-coffee-urn-300x300.webp 300w, https:\/\/www.billiondaysupplier.com\/wp-content\/uploads\/2025\/08\/custom-coffee-urn-150x150.webp 150w, https:\/\/www.billiondaysupplier.com\/wp-content\/uploads\/2025\/08\/custom-coffee-urn-600x600.webp 600w, https:\/\/www.billiondaysupplier.com\/wp-content\/uploads\/2025\/08\/custom-coffee-urn-100x100.webp 100w\" sizes=\"(max-width: 720px) 100vw, 720px\" \/><\/figure>\n<\/div>\n<\/div>","protected":false},"excerpt":{"rendered":"<p>Kaffeemaschine, Edelstahl-Kaffeekanne mit Stativ, hochtemperaturbest\u00e4ndig, leicht zu reinigen, bietet stabile Unterst\u00fctzung und eine reibungslose Benutzererfahrung, geeignet f\u00fcr eine Vielzahl von Szenarien. Wir bieten eine ma\u00dfgeschneiderte L\u00f6sung. Bitte kontaktieren Sie uns f\u00fcr weitere Details oder um ein Angebot anzufordern!<\/p>\n<h2>Bulk-Kaffee-Urne Parameter\uff1a<\/h2>\n<table width=\"378\">\n<tbody>\n<tr>\n<td width=\"155\">Material<\/td>\n<td width=\"223\">Rostfreier Stahl 201<\/td>\n<\/tr>\n<tr>\n<td>Farbe<\/td>\n<td width=\"223\">Silber \/ Gold<\/td>\n<\/tr>\n<tr>\n<td>Kapazit\u00e4t<\/td>\n<td>13L<\/td>\n<\/tr>\n<tr>\n<td>Funktion<\/td>\n<td>Kalt- oder Hei\u00dfisolierung<\/td>\n<\/tr>\n<tr>\n<td>Merkmal<\/td>\n<td width=\"223\">1. Eimerk\u00f6rper aus rostfreiem Stahl<br \/>2. Wasserhahn aus rostfreiem Stahl<br \/>3. Spiritusbrenner<\/td>\n<\/tr>\n<tr>\n<td>Kundenspezifische Option<\/td>\n<td width=\"223\">Logo\/Farbe\/Gr\u00f6\u00dfe\/Verpackung\/Zubeh\u00f6r<\/td>\n<\/tr>\n<\/tbody>\n<\/table>","protected":false},"featured_media":621,"comment_status":"closed","ping_status":"closed","template":"","meta":{"_acf_changed":false},"product_brand":[],"product_cat":[19],"product_tag":[],"class_list":{"0":"post-660","1":"product","2":"type-product","3":"status-publish","4":"has-post-thumbnail","6":"product_cat-wholesale-beverage-dispenser","8":"first","9":"instock","10":"shipping-taxable","11":"product-type-simple"},"acf":[],"_links":{"self":[{"href":"https:\/\/www.billiondaysupplier.com\/de\/wp-json\/wp\/v2\/product\/660","targetHints":{"allow":["GET"]}}],"collection":[{"href":"https:\/\/www.billiondaysupplier.com\/de\/wp-json\/wp\/v2\/product"}],"about":[{"href":"https:\/\/www.billiondaysupplier.com\/de\/wp-json\/wp\/v2\/types\/product"}],"replies":[{"embeddable":true,"href":"https:\/\/www.billiondaysupplier.com\/de\/wp-json\/wp\/v2\/comments?post=660"}],"wp:featuredmedia":[{"embeddable":true,"href":"https:\/\/www.billiondaysupplier.com\/de\/wp-json\/wp\/v2\/media\/621"}],"wp:attachment":[{"href":"https:\/\/www.billiondaysupplier.com\/de\/wp-json\/wp\/v2\/media?parent=660"}],"wp:term":[{"taxonomy":"product_brand","embeddable":true,"href":"https:\/\/www.billiondaysupplier.com\/de\/wp-json\/wp\/v2\/product_brand?post=660"},{"taxonomy":"product_cat","embeddable":true,"href":"https:\/\/www.billiondaysupplier.com\/de\/wp-json\/wp\/v2\/product_cat?post=660"},{"taxonomy":"product_tag","embeddable":true,"href":"https:\/\/www.billiondaysupplier.com\/de\/wp-json\/wp\/v2\/product_tag?post=660"}],"curies":[{"name":"wp","href":"https:\/\/api.w.org\/{rel}","templated":true}]}}