{"id":631,"date":"2025-08-04T09:09:52","date_gmt":"2025-08-04T09:09:52","guid":{"rendered":"https:\/\/www.billiondaysupplier.com\/?post_type=product&#038;p=631"},"modified":"2025-08-05T08:55:06","modified_gmt":"2025-08-05T08:55:06","slug":"bulk-beverage-dispenser","status":"publish","type":"product","link":"https:\/\/www.billiondaysupplier.com\/de\/product\/bulk-beverage-dispenser\/","title":{"rendered":"Bulk-Getr\u00e4nkespender, Doppel-Getr\u00e4nkespender aus Edelstahl Gro\u00dfhandel"},"content":{"rendered":"<div class=\"wp-block-columns is-layout-flex wp-container-core-columns-is-layout-9d6595d7 wp-block-columns-is-layout-flex\">\n<div class=\"wp-block-column is-layout-flow wp-block-column-is-layout-flow\">\n<h2 class=\"wp-block-heading\">Gro\u00dfer Getr\u00e4nkespender Merkmale:<\/h2>\n\n\n\n<p><strong>Mehrere Kapazit\u00e4tsoptionen:<\/strong> Erh\u00e4ltlich mit einem Fassungsverm\u00f6gen von 3 l, 6 l und 9 l, um den Anforderungen unterschiedlicher gewerblicher Umgebungen gerecht zu werden und sich flexibel an verschiedene Nutzungsszenarien anzupassen.<\/p>\n\n\n\n<p><strong>Pr\u00e4zise Dosierkontrolle<\/strong>: Jede Ausgabestelle ist mit einem Pr\u00e4zisionshahn ausgestattet, der eine genaue Steuerung der Saftausgabemenge gew\u00e4hrleistet und so die Verschwendung reduziert und die Effizienz erh\u00f6ht.<\/p>\n\n\n\n<p><strong>Modernes Design<\/strong>: Ein transparentes Fl\u00fcssigkeitsstandfenster erm\u00f6glicht die einfache \u00dcberwachung des verbleibenden Getr\u00e4nkestandes. Das elegante und moderne Design eignet sich f\u00fcr verschiedene gewerbliche Umgebungen.<\/p>\n\n\n\n<p><strong>Leicht zu reinigen<\/strong>: Alle Komponenten sind abnehmbar, was die Reinigung erleichtert und eine gr\u00fcndliche Hygiene nach jedem Gebrauch gew\u00e4hrleistet, um die Anforderungen der Lebensmittelsicherheit zu erf\u00fcllen.<\/p>\n\n\n\n<p><strong>Lebensmittelgeeignetes Material aus Edelstahl<\/strong>: Aus lebensmittelechtem Edelstahl gefertigt, ist er ungiftig und unbedenklich, entspricht den internationalen Standards f\u00fcr Lebensmittelsicherheit und gew\u00e4hrleistet die Gesundheit und Sicherheit der Getr\u00e4nke der Verbraucher.<\/p>\n\n\n\n<p><strong>Breites Spektrum an Anwendungen:<\/strong> Ob Saft, Tee oder Erfrischungsgetr\u00e4nke, dieser Saftspender kann sie perfekt ausgeben und ist daher in verschiedenen Szenarien wie Buffets, Hotels, Restaurants und Caf\u00e9s einsetzbar.<\/p>\n<\/div>\n\n\n\n<div class=\"wp-block-column is-layout-flow wp-block-column-is-layout-flow\">\n<figure class=\"wp-block-image size-full\"><img decoding=\"async\" width=\"720\" height=\"720\" src=\"https:\/\/www.billiondaysupplier.com\/wp-content\/uploads\/2025\/08\/bulk-beverage-dispenser-4.webp\" alt=\"Getr\u00e4nkespender f\u00fcr Gro\u00dfgebinde (4)\" class=\"wp-image-635\" srcset=\"https:\/\/www.billiondaysupplier.com\/wp-content\/uploads\/2025\/08\/bulk-beverage-dispenser-4.webp 720w, https:\/\/www.billiondaysupplier.com\/wp-content\/uploads\/2025\/08\/bulk-beverage-dispenser-4-300x300.webp 300w, https:\/\/www.billiondaysupplier.com\/wp-content\/uploads\/2025\/08\/bulk-beverage-dispenser-4-150x150.webp 150w, https:\/\/www.billiondaysupplier.com\/wp-content\/uploads\/2025\/08\/bulk-beverage-dispenser-4-600x600.webp 600w, https:\/\/www.billiondaysupplier.com\/wp-content\/uploads\/2025\/08\/bulk-beverage-dispenser-4-100x100.webp 100w\" sizes=\"(max-width: 720px) 100vw, 720px\" \/><\/figure>\n<\/div>\n<\/div>\n\n\n\n<div class=\"wp-block-columns is-layout-flex wp-container-core-columns-is-layout-9d6595d7 wp-block-columns-is-layout-flex\">\n<div class=\"wp-block-column is-layout-flow wp-block-column-is-layout-flow\">\n<figure class=\"wp-block-image size-full\"><img decoding=\"async\" width=\"720\" height=\"720\" src=\"https:\/\/www.billiondaysupplier.com\/wp-content\/uploads\/2025\/08\/bulk-beverage-dispenser-2.webp\" alt=\"Getr\u00e4nkespender f\u00fcr Gro\u00dfgebinde (2)\" class=\"wp-image-633\" srcset=\"https:\/\/www.billiondaysupplier.com\/wp-content\/uploads\/2025\/08\/bulk-beverage-dispenser-2.webp 720w, https:\/\/www.billiondaysupplier.com\/wp-content\/uploads\/2025\/08\/bulk-beverage-dispenser-2-300x300.webp 300w, https:\/\/www.billiondaysupplier.com\/wp-content\/uploads\/2025\/08\/bulk-beverage-dispenser-2-150x150.webp 150w, https:\/\/www.billiondaysupplier.com\/wp-content\/uploads\/2025\/08\/bulk-beverage-dispenser-2-600x600.webp 600w, https:\/\/www.billiondaysupplier.com\/wp-content\/uploads\/2025\/08\/bulk-beverage-dispenser-2-100x100.webp 100w\" sizes=\"(max-width: 720px) 100vw, 720px\" \/><\/figure>\n<\/div>\n\n\n\n<div class=\"wp-block-column is-layout-flow wp-block-column-is-layout-flow\">\n<figure class=\"wp-block-image size-full\"><img decoding=\"async\" width=\"720\" height=\"720\" src=\"https:\/\/www.billiondaysupplier.com\/wp-content\/uploads\/2025\/08\/bulk-beverage-dispenser-5.webp\" alt=\"Getr\u00e4nkespender f\u00fcr Gro\u00dfgebinde (5)\" class=\"wp-image-636\" srcset=\"https:\/\/www.billiondaysupplier.com\/wp-content\/uploads\/2025\/08\/bulk-beverage-dispenser-5.webp 720w, https:\/\/www.billiondaysupplier.com\/wp-content\/uploads\/2025\/08\/bulk-beverage-dispenser-5-300x300.webp 300w, https:\/\/www.billiondaysupplier.com\/wp-content\/uploads\/2025\/08\/bulk-beverage-dispenser-5-150x150.webp 150w, https:\/\/www.billiondaysupplier.com\/wp-content\/uploads\/2025\/08\/bulk-beverage-dispenser-5-600x600.webp 600w, https:\/\/www.billiondaysupplier.com\/wp-content\/uploads\/2025\/08\/bulk-beverage-dispenser-5-100x100.webp 100w\" sizes=\"(max-width: 720px) 100vw, 720px\" \/><\/figure>\n<\/div>\n<\/div>","protected":false},"excerpt":{"rendered":"<p>Die Getr\u00e4nkespender, die in 3L\/6L\/9L und mehreren Spenderoptionen erh\u00e4ltlich sind, verf\u00fcgen \u00fcber einen Eiskern aus Edelstahl und einen auslaufsicheren Boden und eignen sich sowohl f\u00fcr hei\u00dfe als auch f\u00fcr kalte Getr\u00e4nke. Wir liefern direkt ab Werk und bieten Gro\u00dfhandel und kundenspezifische Buffetausr\u00fcstung aus einer Hand. Kontaktieren Sie uns noch heute!<\/p>\n<h2>Parameter\uff1a f\u00fcr Getr\u00e4nkedispenser<\/h2>\n<table width=\"378\">\n<tbody>\n<tr>\n<td width=\"155\">Material<\/td>\n<td width=\"223\">Rostfreier Stahl 201 + PC<\/td>\n<\/tr>\n<tr>\n<td>Farbe<\/td>\n<td width=\"223\">Silber \/ Gold<\/td>\n<\/tr>\n<tr>\n<td>Anzahl der Zapfstellen<\/td>\n<td>1, 2, 3<\/td>\n<\/tr>\n<tr>\n<td>Kapazit\u00e4t<\/td>\n<td>3L\/6L\/9L<\/td>\n<\/tr>\n<tr>\n<td>Funktion<\/td>\n<td>Kalt- oder Hei\u00dfisolierung<\/td>\n<\/tr>\n<tr>\n<td>Merkmal<\/td>\n<td width=\"223\">1. PC Schaufelk\u00f6rper<br \/>2. Wasserhahn aus rostfreiem Stahl<br \/>3. Schwere Basis<\/td>\n<\/tr>\n<tr>\n<td>Kundenspezifische Option<\/td>\n<td width=\"223\">Logo\/Farbe\/Gr\u00f6\u00dfe\/Verpackung\/Zubeh\u00f6r<\/td>\n<\/tr>\n<\/tbody>\n<\/table>","protected":false},"featured_media":632,"comment_status":"closed","ping_status":"closed","template":"","meta":{"_acf_changed":true},"product_brand":[],"product_cat":[19],"product_tag":[],"class_list":{"0":"post-631","1":"product","2":"type-product","3":"status-publish","4":"has-post-thumbnail","6":"product_cat-wholesale-beverage-dispenser","8":"first","9":"instock","10":"shipping-taxable","11":"product-type-simple"},"acf":[],"_links":{"self":[{"href":"https:\/\/www.billiondaysupplier.com\/de\/wp-json\/wp\/v2\/product\/631","targetHints":{"allow":["GET"]}}],"collection":[{"href":"https:\/\/www.billiondaysupplier.com\/de\/wp-json\/wp\/v2\/product"}],"about":[{"href":"https:\/\/www.billiondaysupplier.com\/de\/wp-json\/wp\/v2\/types\/product"}],"replies":[{"embeddable":true,"href":"https:\/\/www.billiondaysupplier.com\/de\/wp-json\/wp\/v2\/comments?post=631"}],"wp:featuredmedia":[{"embeddable":true,"href":"https:\/\/www.billiondaysupplier.com\/de\/wp-json\/wp\/v2\/media\/632"}],"wp:attachment":[{"href":"https:\/\/www.billiondaysupplier.com\/de\/wp-json\/wp\/v2\/media?parent=631"}],"wp:term":[{"taxonomy":"product_brand","embeddable":true,"href":"https:\/\/www.billiondaysupplier.com\/de\/wp-json\/wp\/v2\/product_brand?post=631"},{"taxonomy":"product_cat","embeddable":true,"href":"https:\/\/www.billiondaysupplier.com\/de\/wp-json\/wp\/v2\/product_cat?post=631"},{"taxonomy":"product_tag","embeddable":true,"href":"https:\/\/www.billiondaysupplier.com\/de\/wp-json\/wp\/v2\/product_tag?post=631"}],"curies":[{"name":"wp","href":"https:\/\/api.w.org\/{rel}","templated":true}]}}