{"id":619,"date":"2025-08-04T08:36:17","date_gmt":"2025-08-04T08:36:17","guid":{"rendered":"https:\/\/www.billiondaysupplier.com\/?post_type=product&#038;p=619"},"modified":"2025-08-05T08:46:29","modified_gmt":"2025-08-05T08:46:29","slug":"wholesale-beverage-dispensers","status":"publish","type":"product","link":"https:\/\/www.billiondaysupplier.com\/de\/product\/wholesale-beverage-dispensers\/","title":{"rendered":"Gro\u00dfhandel Getr\u00e4nkespender, Edelstahl-Saft-Spender Custom"},"content":{"rendered":"<div class=\"wp-block-columns is-layout-flex wp-container-core-columns-is-layout-9d6595d7 wp-block-columns-is-layout-flex\">\n<div class=\"wp-block-column is-layout-flow wp-block-column-is-layout-flow\">\n<h2 class=\"wp-block-heading\">Gro\u00dfhandel Getr\u00e4nkedispenser Merkmale:<\/h2>\n\n\n\n<p><strong>Hochwertiger polierter Edelstahl:<\/strong> Die Oberfl\u00e4che aus hochwertigem, poliertem Edelstahl ist glatt, f\u00fchlt sich angenehm an und strahlt eine moderne \u00c4sthetik aus, die die Gesamtqualit\u00e4t des Essbereichs erh\u00f6ht.<\/p>\n\n\n\n<p><strong>Mehrere Farboptionen<\/strong>: Erh\u00e4ltlich in klassischen Gold- und Silbert\u00f6nen, anpassbar an die Bed\u00fcrfnisse des Kunden und nahtlos in verschiedene Esszimmerstile integrierbar.<\/p>\n\n\n\n<p><strong>Pr\u00e4zise Dosierkontrolle:<\/strong> Jeder Getr\u00e4nkeausschank wird pr\u00e4zise gesteuert, um den Abfall zu minimieren, den unterschiedlichen Ausschankanforderungen in verschiedenen Szenarien gerecht zu werden und die Serviceeffizienz zu verbessern.<\/p>\n\n\n\n<p><strong>Leicht zu reinigen<\/strong>: Die modulare Bauweise erm\u00f6glicht es, alle Komponenten f\u00fcr eine bequeme Reinigung zu demontieren, was eine langfristige Hygiene und einfache Bedienung gew\u00e4hrleistet.<\/p>\n\n\n\n<p><strong>Sicher und ungiftig<\/strong>: Hergestellt aus lebensmittelechtem Edelstahl, der ungiftig und unbedenklich ist und den strengen Lebensmittelsicherheitsstandards entspricht, was den Verbrauchern Sicherheit gibt.<\/p>\n<\/div>\n\n\n\n<div class=\"wp-block-column is-layout-flow wp-block-column-is-layout-flow\">\n<figure class=\"wp-block-image size-full\"><img decoding=\"async\" width=\"720\" height=\"720\" src=\"https:\/\/www.billiondaysupplier.com\/wp-content\/uploads\/2025\/08\/wholesale-beverage-dispensers3.webp\" alt=\"Gro\u00dfhandel mit Getr\u00e4nkedispensern3\" class=\"wp-image-640\" srcset=\"https:\/\/www.billiondaysupplier.com\/wp-content\/uploads\/2025\/08\/wholesale-beverage-dispensers3.webp 720w, https:\/\/www.billiondaysupplier.com\/wp-content\/uploads\/2025\/08\/wholesale-beverage-dispensers3-300x300.webp 300w, https:\/\/www.billiondaysupplier.com\/wp-content\/uploads\/2025\/08\/wholesale-beverage-dispensers3-150x150.webp 150w, https:\/\/www.billiondaysupplier.com\/wp-content\/uploads\/2025\/08\/wholesale-beverage-dispensers3-600x600.webp 600w, https:\/\/www.billiondaysupplier.com\/wp-content\/uploads\/2025\/08\/wholesale-beverage-dispensers3-100x100.webp 100w\" sizes=\"(max-width: 720px) 100vw, 720px\" \/><\/figure>\n<\/div>\n<\/div>\n\n\n\n<div class=\"wp-block-columns is-layout-flex wp-container-core-columns-is-layout-9d6595d7 wp-block-columns-is-layout-flex\">\n<div class=\"wp-block-column is-layout-flow wp-block-column-is-layout-flow\">\n<figure class=\"wp-block-image size-full\"><img decoding=\"async\" width=\"720\" height=\"720\" src=\"https:\/\/www.billiondaysupplier.com\/wp-content\/uploads\/2025\/08\/wholesale-beverage-dispensers5.webp\" alt=\"Gro\u00dfhandel mit Getr\u00e4nkedispensern5\" class=\"wp-image-642\" srcset=\"https:\/\/www.billiondaysupplier.com\/wp-content\/uploads\/2025\/08\/wholesale-beverage-dispensers5.webp 720w, https:\/\/www.billiondaysupplier.com\/wp-content\/uploads\/2025\/08\/wholesale-beverage-dispensers5-300x300.webp 300w, https:\/\/www.billiondaysupplier.com\/wp-content\/uploads\/2025\/08\/wholesale-beverage-dispensers5-150x150.webp 150w, https:\/\/www.billiondaysupplier.com\/wp-content\/uploads\/2025\/08\/wholesale-beverage-dispensers5-600x600.webp 600w, https:\/\/www.billiondaysupplier.com\/wp-content\/uploads\/2025\/08\/wholesale-beverage-dispensers5-100x100.webp 100w\" sizes=\"(max-width: 720px) 100vw, 720px\" \/><\/figure>\n<\/div>\n\n\n\n<div class=\"wp-block-column is-layout-flow wp-block-column-is-layout-flow\">\n<figure class=\"wp-block-image size-full\"><img decoding=\"async\" width=\"720\" height=\"720\" src=\"https:\/\/www.billiondaysupplier.com\/wp-content\/uploads\/2025\/08\/wholesale-beverage-dispensers6.webp\" alt=\"Gro\u00dfhandel mit Getr\u00e4nkedispensern6\" class=\"wp-image-643\" srcset=\"https:\/\/www.billiondaysupplier.com\/wp-content\/uploads\/2025\/08\/wholesale-beverage-dispensers6.webp 720w, https:\/\/www.billiondaysupplier.com\/wp-content\/uploads\/2025\/08\/wholesale-beverage-dispensers6-300x300.webp 300w, https:\/\/www.billiondaysupplier.com\/wp-content\/uploads\/2025\/08\/wholesale-beverage-dispensers6-150x150.webp 150w, https:\/\/www.billiondaysupplier.com\/wp-content\/uploads\/2025\/08\/wholesale-beverage-dispensers6-600x600.webp 600w, https:\/\/www.billiondaysupplier.com\/wp-content\/uploads\/2025\/08\/wholesale-beverage-dispensers6-100x100.webp 100w\" sizes=\"(max-width: 720px) 100vw, 720px\" \/><\/figure>\n<\/div>\n<\/div>","protected":false},"excerpt":{"rendered":"<p>Gro\u00dfhandel Getr\u00e4nkespender mit Einzel-\/Doppel-\/Dreifachspender-Optionen, hergestellt aus einer haltbaren Edelstahl- und Kunststoffkombination f\u00fcr ein glattes, leicht zu reinigendes Design, perfekt zum Warmhalten von hei\u00dfen oder kalten Getr\u00e4nken. Kontaktieren Sie uns noch heute, um mehr \u00fcber individuelle Optionen und Gro\u00dfhandelspreise zu erfahren!<\/p>\n<h2>Gro\u00dfhandel Getr\u00e4nkespender Parameter\uff1a<\/h2>\n<table width=\"378\">\n<tbody>\n<tr>\n<td width=\"155\">Material<\/td>\n<td width=\"223\">Rostfreier Stahl 201 + PC<\/td>\n<\/tr>\n<tr>\n<td>Farbe<\/td>\n<td width=\"223\">Silber \/ Gold<\/td>\n<\/tr>\n<tr>\n<td>Anzahl der Zapfstellen<\/td>\n<td>1, 2, 3<\/td>\n<\/tr>\n<tr>\n<td>Kapazit\u00e4t<\/td>\n<td>8L\/ 16L\/ 24L<\/td>\n<\/tr>\n<tr>\n<td>Funktion<\/td>\n<td>Kalt- oder Hei\u00dfisolierung<\/td>\n<\/tr>\n<tr>\n<td>Merkmal<\/td>\n<td width=\"223\">1. PC Schaufelk\u00f6rper<br \/>2. Wasserhahn aus rostfreiem Stahl<br \/>3. Isolierter Eiskern<br \/>4. Schwere Basis<\/td>\n<\/tr>\n<tr>\n<td>Kundenspezifische Option<\/td>\n<td width=\"223\">Logo\/Farbe\/Gr\u00f6\u00dfe\/Verpackung\/Zubeh\u00f6r<\/td>\n<\/tr>\n<\/tbody>\n<\/table>","protected":false},"featured_media":644,"comment_status":"closed","ping_status":"closed","template":"","meta":{"_acf_changed":true},"product_brand":[],"product_cat":[19],"product_tag":[],"class_list":{"0":"post-619","1":"product","2":"type-product","3":"status-publish","4":"has-post-thumbnail","6":"product_cat-wholesale-beverage-dispenser","8":"first","9":"instock","10":"shipping-taxable","11":"product-type-simple"},"acf":[],"_links":{"self":[{"href":"https:\/\/www.billiondaysupplier.com\/de\/wp-json\/wp\/v2\/product\/619","targetHints":{"allow":["GET"]}}],"collection":[{"href":"https:\/\/www.billiondaysupplier.com\/de\/wp-json\/wp\/v2\/product"}],"about":[{"href":"https:\/\/www.billiondaysupplier.com\/de\/wp-json\/wp\/v2\/types\/product"}],"replies":[{"embeddable":true,"href":"https:\/\/www.billiondaysupplier.com\/de\/wp-json\/wp\/v2\/comments?post=619"}],"wp:featuredmedia":[{"embeddable":true,"href":"https:\/\/www.billiondaysupplier.com\/de\/wp-json\/wp\/v2\/media\/644"}],"wp:attachment":[{"href":"https:\/\/www.billiondaysupplier.com\/de\/wp-json\/wp\/v2\/media?parent=619"}],"wp:term":[{"taxonomy":"product_brand","embeddable":true,"href":"https:\/\/www.billiondaysupplier.com\/de\/wp-json\/wp\/v2\/product_brand?post=619"},{"taxonomy":"product_cat","embeddable":true,"href":"https:\/\/www.billiondaysupplier.com\/de\/wp-json\/wp\/v2\/product_cat?post=619"},{"taxonomy":"product_tag","embeddable":true,"href":"https:\/\/www.billiondaysupplier.com\/de\/wp-json\/wp\/v2\/product_tag?post=619"}],"curies":[{"name":"wp","href":"https:\/\/api.w.org\/{rel}","templated":true}]}}