{"id":611,"date":"2025-08-04T08:16:46","date_gmt":"2025-08-04T08:16:46","guid":{"rendered":"https:\/\/www.billiondaysupplier.com\/?post_type=product&#038;p=611"},"modified":"2025-08-05T09:16:02","modified_gmt":"2025-08-05T09:16:02","slug":"bulk-snack-dispenser","status":"publish","type":"product","link":"https:\/\/www.billiondaysupplier.com\/de\/product\/bulk-snack-dispenser\/","title":{"rendered":"Transparenter Schwerkraft-Snackspender, Wandmontage M\u00fcslispender Hersteller"},"content":{"rendered":"<div class=\"wp-block-columns is-layout-flex wp-container-core-columns-is-layout-9d6595d7 wp-block-columns-is-layout-flex\">\n<div class=\"wp-block-column is-layout-flow wp-block-column-is-layout-flow\">\n<h2 class=\"wp-block-heading\">Gro\u00dfer Snack-Spender Merkmale:<\/h2>\n\n\n\n<p><strong>Dreifache Spendefunktion<\/strong>: Ausgestattet mit drei unabh\u00e4ngigen Spendern, k\u00f6nnen die Nutzer je nach Bedarf verschiedene Snacks oder K\u00f6rner ausw\u00e4hlen, was es bequem und effizient macht.<\/p>\n\n\n\n<p><strong>Pr\u00e4zise Kontrolle<\/strong>: Jeder Spender verf\u00fcgt \u00fcber einen unabh\u00e4ngigen Steuermechanismus, der eine gleichm\u00e4\u00dfige Verteilung gew\u00e4hrleistet. Er eignet sich f\u00fcr verschiedene Arten von kleinen Snacks, K\u00f6rnern, N\u00fcssen usw. und erf\u00fcllt die unterschiedlichsten Bed\u00fcrfnisse.<\/p>\n\n\n\n<p><strong>Versiegelte Konstruktion<\/strong>: Der versiegelte Deckel verhindert das Eindringen von Luft und bewahrt so die Frische der K\u00f6rner und Snacks und verhindert Feuchtigkeit und Oxidation.<\/p>\n\n\n\n<p><strong>Platzsparend<\/strong>: Das einzigartige vertikale Design spart Platz in K\u00fcchen oder Restaurants und eignet sich daher f\u00fcr den Einsatz in Wohnungen, B\u00fcros, Restaurants und anderen Bereichen.<\/p>\n\n\n\n<p><strong>Leicht zu reinigen<\/strong>: Das transparente Design erm\u00f6glicht eine einfache Sicht auf die inneren Bestandteile, was die Reinigung erleichtert und die Hygiene bei jedem Gebrauch gew\u00e4hrleistet.<\/p>\n\n\n\n<p><strong>Hochwertige Materialien:<\/strong> Aus langlebigem Edelstahl und PE-Materialien mit einer robusten Struktur gefertigt, ist er f\u00fcr eine lange Lebensdauer ausgelegt und \u00fcbersteht h\u00e4ufigen t\u00e4glichen Gebrauch ohne Sch\u00e4den.<\/p>\n<\/div>\n\n\n\n<div class=\"wp-block-column is-layout-flow wp-block-column-is-layout-flow\">\n<figure class=\"wp-block-image size-full\"><img decoding=\"async\" width=\"720\" height=\"720\" src=\"https:\/\/www.billiondaysupplier.com\/wp-content\/uploads\/2025\/08\/bulk-snack-dispenser-1.webp\" alt=\"Snack-Spender f\u00fcr gro\u00dfe Mengen (1)\" class=\"wp-image-612\" srcset=\"https:\/\/www.billiondaysupplier.com\/wp-content\/uploads\/2025\/08\/bulk-snack-dispenser-1.webp 720w, https:\/\/www.billiondaysupplier.com\/wp-content\/uploads\/2025\/08\/bulk-snack-dispenser-1-300x300.webp 300w, https:\/\/www.billiondaysupplier.com\/wp-content\/uploads\/2025\/08\/bulk-snack-dispenser-1-150x150.webp 150w, https:\/\/www.billiondaysupplier.com\/wp-content\/uploads\/2025\/08\/bulk-snack-dispenser-1-600x600.webp 600w, https:\/\/www.billiondaysupplier.com\/wp-content\/uploads\/2025\/08\/bulk-snack-dispenser-1-100x100.webp 100w\" sizes=\"(max-width: 720px) 100vw, 720px\" \/><\/figure>\n<\/div>\n<\/div>","protected":false},"excerpt":{"rendered":"<p>Gro\u00dfer Snackspender, transparentes Design, drei Ausgabet\u00fcllen, schneller Zugriff, einfache Verwaltung von Snacks und K\u00f6rnern, h\u00e4lt Ihre K\u00fcche sauber und ordentlich. Unterst\u00fctzt Bulk-Anpassung, kontaktieren Sie uns f\u00fcr ein Angebot!<\/p>\n<h2>Parameter\uff1a des Snackspenders f\u00fcr Gro\u00dfpackungen<\/h2>\n<table width=\"378\">\n<tbody>\n<tr>\n<td width=\"155\">Material<\/td>\n<td width=\"223\">Rostfreier Stahl 201 + PC<\/td>\n<\/tr>\n<tr>\n<td>Farbe<\/td>\n<td width=\"223\">Splitter<\/td>\n<\/tr>\n<tr>\n<td>Kapazit\u00e4t<\/td>\n<td>3,5L\/ 7L\/ 10,5L<\/td>\n<\/tr>\n<tr>\n<td>Anzahl der Dispenser<\/td>\n<td>Einzel-, Doppel- und Dreifachspender<\/td>\n<\/tr>\n<tr>\n<td>Merkmal<\/td>\n<td width=\"223\">1. Dichtungskappe<br \/>2. M\u00fcsli-Spender<br \/>3. Stabiler Sockel f\u00fcr die Arbeitsplatte<\/td>\n<\/tr>\n<tr>\n<td>Kundenspezifische Option<\/td>\n<td width=\"223\">Logo\/Farbe\/Gr\u00f6\u00dfe\/Verpackung\/Zubeh\u00f6r<\/td>\n<\/tr>\n<\/tbody>\n<\/table>","protected":false},"featured_media":616,"comment_status":"closed","ping_status":"closed","template":"","meta":{"_acf_changed":true},"product_brand":[],"product_cat":[21],"product_tag":[],"class_list":{"0":"post-611","1":"product","2":"type-product","3":"status-publish","4":"has-post-thumbnail","6":"product_cat-bulk-cereal-dispenser","8":"first","9":"instock","10":"shipping-taxable","11":"product-type-simple"},"acf":[],"_links":{"self":[{"href":"https:\/\/www.billiondaysupplier.com\/de\/wp-json\/wp\/v2\/product\/611","targetHints":{"allow":["GET"]}}],"collection":[{"href":"https:\/\/www.billiondaysupplier.com\/de\/wp-json\/wp\/v2\/product"}],"about":[{"href":"https:\/\/www.billiondaysupplier.com\/de\/wp-json\/wp\/v2\/types\/product"}],"replies":[{"embeddable":true,"href":"https:\/\/www.billiondaysupplier.com\/de\/wp-json\/wp\/v2\/comments?post=611"}],"wp:featuredmedia":[{"embeddable":true,"href":"https:\/\/www.billiondaysupplier.com\/de\/wp-json\/wp\/v2\/media\/616"}],"wp:attachment":[{"href":"https:\/\/www.billiondaysupplier.com\/de\/wp-json\/wp\/v2\/media?parent=611"}],"wp:term":[{"taxonomy":"product_brand","embeddable":true,"href":"https:\/\/www.billiondaysupplier.com\/de\/wp-json\/wp\/v2\/product_brand?post=611"},{"taxonomy":"product_cat","embeddable":true,"href":"https:\/\/www.billiondaysupplier.com\/de\/wp-json\/wp\/v2\/product_cat?post=611"},{"taxonomy":"product_tag","embeddable":true,"href":"https:\/\/www.billiondaysupplier.com\/de\/wp-json\/wp\/v2\/product_tag?post=611"}],"curies":[{"name":"wp","href":"https:\/\/api.w.org\/{rel}","templated":true}]}}