{"id":595,"date":"2025-08-04T07:35:17","date_gmt":"2025-08-04T07:35:17","guid":{"rendered":"https:\/\/www.billiondaysupplier.com\/?post_type=product&#038;p=595"},"modified":"2025-08-05T09:14:16","modified_gmt":"2025-08-05T09:14:16","slug":"bulk-cereal-dispenser","status":"publish","type":"product","link":"https:\/\/www.billiondaysupplier.com\/de\/product\/bulk-cereal-dispenser\/","title":{"rendered":"Gro\u00dfm\u00fcslispender Edelstahl, Verschlussdeckel mit hochwertigem Silikonrad Custom"},"content":{"rendered":"<div class=\"wp-block-columns is-layout-flex wp-container-core-columns-is-layout-9d6595d7 wp-block-columns-is-layout-flex\">\n<div class=\"wp-block-column is-layout-flow wp-block-column-is-layout-flow\">\n<h2 class=\"wp-block-heading\">Gro\u00dfer M\u00fcslispender Merkmale:<\/h2>\n\n\n\n<p><strong>Versiegelter Deckel<\/strong>: Verhindert wirksam das Eindringen von Luft und Feuchtigkeit und sorgt daf\u00fcr, dass das Getreide frisch bleibt und unter optimalen Bedingungen gelagert wird, um die Haltbarkeit zu verl\u00e4ngern.<\/p>\n\n\n\n<p><strong>Schwere Basis: <\/strong>Das robuste Stativ sorgt f\u00fcr au\u00dfergew\u00f6hnliche Stabilit\u00e4t und gew\u00e4hrleistet, dass die Maschine w\u00e4hrend des Einsatzes stabil bleibt und einen reibungslosen Betrieb erm\u00f6glicht.<\/p>\n\n\n\n<p><strong>Einfach zu bedienen<\/strong>: Die Benutzer k\u00f6nnen schnell und ohne komplizierte Einstellungen loslegen, so dass jede Anwendung einfach und bequem ist.<\/p>\n\n\n\n<p><strong>Leicht zu reinigen<\/strong>: Alle Teile, die mit Lebensmitteln in Ber\u00fchrung kommen, sind aus leicht zu reinigenden Materialien gefertigt, was eine schnelle und m\u00fchelose Reinigung erm\u00f6glicht und die Hygiene und den langfristigen zuverl\u00e4ssigen Betrieb des Ger\u00e4ts gew\u00e4hrleistet.<\/p>\n\n\n\n<p><strong>Hochwertige Silikon-R\u00e4der<\/strong>: Verhinderung von Verstopfungen oder ungleichm\u00e4\u00dfigem Aussto\u00df, Verbesserung der Produktionseffizienz und Produktqualit\u00e4t.<\/p>\n<\/div>\n\n\n\n<div class=\"wp-block-column is-layout-flow wp-block-column-is-layout-flow\">\n<figure class=\"wp-block-image size-full\"><img decoding=\"async\" width=\"720\" height=\"720\" src=\"https:\/\/www.billiondaysupplier.com\/wp-content\/uploads\/2025\/08\/bulk-cereal-dispenser6.webp\" alt=\"Sch\u00fcttgutspender f\u00fcr Getreide6\" class=\"wp-image-602\" srcset=\"https:\/\/www.billiondaysupplier.com\/wp-content\/uploads\/2025\/08\/bulk-cereal-dispenser6.webp 720w, https:\/\/www.billiondaysupplier.com\/wp-content\/uploads\/2025\/08\/bulk-cereal-dispenser6-300x300.webp 300w, https:\/\/www.billiondaysupplier.com\/wp-content\/uploads\/2025\/08\/bulk-cereal-dispenser6-150x150.webp 150w, https:\/\/www.billiondaysupplier.com\/wp-content\/uploads\/2025\/08\/bulk-cereal-dispenser6-600x600.webp 600w, https:\/\/www.billiondaysupplier.com\/wp-content\/uploads\/2025\/08\/bulk-cereal-dispenser6-100x100.webp 100w\" sizes=\"(max-width: 720px) 100vw, 720px\" \/><\/figure>\n<\/div>\n<\/div>","protected":false},"excerpt":{"rendered":"<p>Der Cerealienspender verf\u00fcgt \u00fcber ein Silikonrad f\u00fcr eine gleichm\u00e4\u00dfige Ausgabe, einen staub- und feuchtigkeitssicheren, versiegelten Deckel und eine stabile und zuverl\u00e4ssige Stativkonstruktion, die leicht zug\u00e4nglich ist. Kundenspezifische Anpassungen sind m\u00f6glich. Kontaktieren Sie uns f\u00fcr weitere L\u00f6sungen!<\/p>\n<h2>Parameter\uff1a f\u00fcr Gro\u00dfm\u00fcslispender<\/h2>\n<table width=\"378\">\n<tbody>\n<tr>\n<td width=\"155\">Material<\/td>\n<td width=\"223\">Rostfreier Stahl 201 + PC<\/td>\n<\/tr>\n<tr>\n<td>Farbe<\/td>\n<td width=\"223\">Splitter<\/td>\n<\/tr>\n<tr>\n<td>Kapazit\u00e4t<\/td>\n<td>3,5L\/ 7L\/ 10,5L<\/td>\n<\/tr>\n<tr>\n<td>Anzahl der Dispenser<\/td>\n<td>Einzel-, Doppel- und Dreifachspender<\/td>\n<\/tr>\n<tr>\n<td>Merkmal<\/td>\n<td width=\"223\">1. Dichtungskappe<br \/>2. M\u00fcsli-Spender<br \/>3. Stabiler Sockel f\u00fcr die Arbeitsplatte<\/td>\n<\/tr>\n<tr>\n<td>Kundenspezifische Option<\/td>\n<td width=\"223\">Logo\/Farbe\/Gr\u00f6\u00dfe\/Verpackung\/Zubeh\u00f6r<\/td>\n<\/tr>\n<\/tbody>\n<\/table>","protected":false},"featured_media":600,"comment_status":"closed","ping_status":"closed","template":"","meta":{"_acf_changed":true},"product_brand":[],"product_cat":[21],"product_tag":[],"class_list":{"0":"post-595","1":"product","2":"type-product","3":"status-publish","4":"has-post-thumbnail","6":"product_cat-bulk-cereal-dispenser","8":"first","9":"instock","10":"shipping-taxable","11":"product-type-simple"},"acf":[],"_links":{"self":[{"href":"https:\/\/www.billiondaysupplier.com\/de\/wp-json\/wp\/v2\/product\/595","targetHints":{"allow":["GET"]}}],"collection":[{"href":"https:\/\/www.billiondaysupplier.com\/de\/wp-json\/wp\/v2\/product"}],"about":[{"href":"https:\/\/www.billiondaysupplier.com\/de\/wp-json\/wp\/v2\/types\/product"}],"replies":[{"embeddable":true,"href":"https:\/\/www.billiondaysupplier.com\/de\/wp-json\/wp\/v2\/comments?post=595"}],"wp:featuredmedia":[{"embeddable":true,"href":"https:\/\/www.billiondaysupplier.com\/de\/wp-json\/wp\/v2\/media\/600"}],"wp:attachment":[{"href":"https:\/\/www.billiondaysupplier.com\/de\/wp-json\/wp\/v2\/media?parent=595"}],"wp:term":[{"taxonomy":"product_brand","embeddable":true,"href":"https:\/\/www.billiondaysupplier.com\/de\/wp-json\/wp\/v2\/product_brand?post=595"},{"taxonomy":"product_cat","embeddable":true,"href":"https:\/\/www.billiondaysupplier.com\/de\/wp-json\/wp\/v2\/product_cat?post=595"},{"taxonomy":"product_tag","embeddable":true,"href":"https:\/\/www.billiondaysupplier.com\/de\/wp-json\/wp\/v2\/product_tag?post=595"}],"curies":[{"name":"wp","href":"https:\/\/api.w.org\/{rel}","templated":true}]}}