{"id":583,"date":"2025-08-04T06:26:18","date_gmt":"2025-08-04T06:26:18","guid":{"rendered":"https:\/\/www.billiondaysupplier.com\/?post_type=product&#038;p=583"},"modified":"2025-08-05T10:01:59","modified_gmt":"2025-08-05T10:01:59","slug":"wholesale-fancy-chafing-dishes","status":"publish","type":"product","link":"https:\/\/www.billiondaysupplier.com\/de\/product\/wholesale-fancy-chafing-dishes\/","title":{"rendered":"Gro\u00dfhandel Fancy Chafing Dishes, Gold Buffet Set mit h\u00e4ngenden Deckel in Bulk"},"content":{"rendered":"<div class=\"wp-block-columns is-layout-flex wp-container-core-columns-is-layout-9d6595d7 wp-block-columns-is-layout-flex\">\n<div class=\"wp-block-column is-layout-flow wp-block-column-is-layout-flow\">\n<h2 class=\"wp-block-heading\">Fancy Chafing Dishes Merkmale:<\/h2>\n\n\n\n<p><strong>Vintage-Schnitzerei<\/strong>: Das exquisite Relief und die symmetrische \u00c4sthetik sind von den kaiserlichen Gef\u00e4\u00dfen Europas inspiriert und schaffen eine raffinierte Tischatmosph\u00e4re, die sich perfekt f\u00fcr Bankette, Hotels und andere gehobene Einrichtungen eignet.<\/p>\n\n\n\n<p><strong>Hochglanzpolierter Edelstahl<\/strong>: Aus hochwertigem Edelstahl 304 oder 201 mit hochgl\u00e4nzender Oberfl\u00e4che gefertigt, ist es korrosionsbest\u00e4ndig, leicht zu reinigen und h\u00e4lt jahrelang.<\/p>\n\n\n\n<p><strong>Visuelle Schalenanzeige<\/strong>: Das Design des H\u00e4ngedeckels erm\u00f6glicht den Kunden einen ungehinderten Zugang zu ihren Speisen, und der elegante Deckel verbessert die Pr\u00e4sentation und die Benutzerfreundlichkeit.<\/p>\n\n\n\n<p><strong>Unterst\u00fctzung der Markenanpassung<\/strong>: Die Logos, Farben und Beschichtungen der Deckel k\u00f6nnen individuell angepasst werden, um den Anforderungen von Hochzeitsgesellschaften, Hotelgruppen, Kongress- und Ausstellungseinrichtungen und anderen Kunden gerecht zu werden.<\/p>\n<\/div>\n\n\n\n<div class=\"wp-block-column is-layout-flow wp-block-column-is-layout-flow\"><div class=\"wp-block-image\">\n<figure class=\"aligncenter size-full\"><img decoding=\"async\" width=\"720\" height=\"720\" src=\"https:\/\/www.billiondaysupplier.com\/wp-content\/uploads\/2025\/08\/wholesale-fancy-chafing-dishes-4.webp\" alt=\"Gro\u00dfhandel f\u00fcr Chafing Dishes (4)\" class=\"wp-image-587\" srcset=\"https:\/\/www.billiondaysupplier.com\/wp-content\/uploads\/2025\/08\/wholesale-fancy-chafing-dishes-4.webp 720w, https:\/\/www.billiondaysupplier.com\/wp-content\/uploads\/2025\/08\/wholesale-fancy-chafing-dishes-4-300x300.webp 300w, https:\/\/www.billiondaysupplier.com\/wp-content\/uploads\/2025\/08\/wholesale-fancy-chafing-dishes-4-150x150.webp 150w, https:\/\/www.billiondaysupplier.com\/wp-content\/uploads\/2025\/08\/wholesale-fancy-chafing-dishes-4-600x600.webp 600w, https:\/\/www.billiondaysupplier.com\/wp-content\/uploads\/2025\/08\/wholesale-fancy-chafing-dishes-4-100x100.webp 100w\" sizes=\"(max-width: 720px) 100vw, 720px\" \/><\/figure>\n<\/div><\/div>\n<\/div>","protected":false},"excerpt":{"rendered":"<p>Gro\u00dfhandel fancy Chafing Gerichte mit exquisiten hohlen und hochgl\u00e4nzenden Edelstahl, elegant f\u00fcr Hotels und Bankett Veranstaltungsorte. Unterst\u00fctzung OEM\/ODM Gro\u00dfauftr\u00e4ge zum Fabrikpreis. Kontaktieren Sie uns f\u00fcr ein Angebot!<\/p>\n<h2>Fancy Chafing Dishes Parameter\uff1a<\/h2>\n<table border=\"0\" width=\"404\" cellspacing=\"0\" cellpadding=\"0\">\n<tbody>\n<tr>\n<td style=\"text-align: left;\" width=\"148\" height=\"24\"><strong>Material<\/strong><\/td>\n<td style=\"text-align: left;\" width=\"256\">Rostfreier Stahl 201<\/td>\n<\/tr>\n<tr>\n<td style=\"text-align: left;\" height=\"69\"><strong>Farbe<\/strong><\/td>\n<td style=\"text-align: left;\" width=\"256\">Gold<\/td>\n<\/tr>\n<tr>\n<td style=\"text-align: left;\" height=\"24\"><strong>Heizmethode<\/strong><\/td>\n<td style=\"text-align: left;\">Elektro- oder Kraftstoffheizung<\/td>\n<\/tr>\n<tr>\n<td style=\"text-align: left;\" height=\"24\"><strong>Kapazit\u00e4t<\/strong><\/td>\n<td style=\"text-align: left;\">4,5L\/6L\/8L<\/td>\n<\/tr>\n<tr>\n<td style=\"text-align: left;\" height=\"92\"><strong>Merkmal<\/strong><\/td>\n<td style=\"text-align: left;\" width=\"256\">1. mit ExquisitH\u00e4ngedeckel<br \/>2. Ausgefallenes Hohlraumdesign<br \/>3. Stabiler, aufrechter Rahmen<\/td>\n<\/tr>\n<tr>\n<td style=\"text-align: left;\" height=\"24\"><strong>Kundenspezifische Option<\/strong><\/td>\n<td style=\"text-align: left;\">Logo\/Farbe\/Gr\u00f6\u00dfe\/Verpackung\/Zubeh\u00f6r<\/td>\n<\/tr>\n<\/tbody>\n<\/table>","protected":false},"featured_media":584,"comment_status":"closed","ping_status":"closed","template":"","meta":{"_acf_changed":false},"product_brand":[],"product_cat":[30],"product_tag":[],"class_list":{"0":"post-583","1":"product","2":"type-product","3":"status-publish","4":"has-post-thumbnail","6":"product_cat-hanging-chafing-dish-supplier","8":"first","9":"instock","10":"shipping-taxable","11":"product-type-simple"},"acf":[],"_links":{"self":[{"href":"https:\/\/www.billiondaysupplier.com\/de\/wp-json\/wp\/v2\/product\/583","targetHints":{"allow":["GET"]}}],"collection":[{"href":"https:\/\/www.billiondaysupplier.com\/de\/wp-json\/wp\/v2\/product"}],"about":[{"href":"https:\/\/www.billiondaysupplier.com\/de\/wp-json\/wp\/v2\/types\/product"}],"replies":[{"embeddable":true,"href":"https:\/\/www.billiondaysupplier.com\/de\/wp-json\/wp\/v2\/comments?post=583"}],"wp:featuredmedia":[{"embeddable":true,"href":"https:\/\/www.billiondaysupplier.com\/de\/wp-json\/wp\/v2\/media\/584"}],"wp:attachment":[{"href":"https:\/\/www.billiondaysupplier.com\/de\/wp-json\/wp\/v2\/media?parent=583"}],"wp:term":[{"taxonomy":"product_brand","embeddable":true,"href":"https:\/\/www.billiondaysupplier.com\/de\/wp-json\/wp\/v2\/product_brand?post=583"},{"taxonomy":"product_cat","embeddable":true,"href":"https:\/\/www.billiondaysupplier.com\/de\/wp-json\/wp\/v2\/product_cat?post=583"},{"taxonomy":"product_tag","embeddable":true,"href":"https:\/\/www.billiondaysupplier.com\/de\/wp-json\/wp\/v2\/product_tag?post=583"}],"curies":[{"name":"wp","href":"https:\/\/api.w.org\/{rel}","templated":true}]}}