{"id":567,"date":"2025-08-04T03:43:57","date_gmt":"2025-08-04T03:43:57","guid":{"rendered":"https:\/\/www.billiondaysupplier.com\/?post_type=product&#038;p=567"},"modified":"2025-08-05T09:31:52","modified_gmt":"2025-08-05T09:31:52","slug":"wholesale-luxury-chafing-dish","status":"publish","type":"product","link":"https:\/\/www.billiondaysupplier.com\/de\/product\/wholesale-luxury-chafing-dish\/","title":{"rendered":"Gro\u00dfhandel Luxus Chafing Dish, Gold Edelstahl Buffet W\u00e4rmer Set Custom"},"content":{"rendered":"<div class=\"wp-block-columns is-layout-flex wp-container-core-columns-is-layout-9d6595d7 wp-block-columns-is-layout-flex\">\n<div class=\"wp-block-column is-layout-flow wp-block-column-is-layout-flow\">\n<h2 class=\"wp-block-heading\">Luxus Chafing Dish Merkmale:<\/h2>\n\n\n\n<p><strong>Attraktives Luxus-Erscheinungsbild<\/strong>: Mit seiner gl\u00e4nzenden Goldgalvanisierung und dem hochwertigen, hochglanzpolierten Edelstahl bietet es einen luxuri\u00f6sen Look, der Ihr Esserlebnis aufwertet.<\/p>\n\n\n\n<p><strong>Praktisches H\u00e4ngedeckel-Design:<\/strong> Der Deckel l\u00e4sst sich f\u00fcr einen einfachen Zugriff sicher einhaken, so dass kein Durcheinander entsteht und die Benutzerfreundlichkeit erh\u00f6ht wird.<\/p>\n\n\n\n<p><strong>Mehrere Kapazit\u00e4tsoptionen<\/strong>: Erh\u00e4ltlich in den Gr\u00f6\u00dfen 4,5 l, 6 l und 8 l, um den Bed\u00fcrfnissen von Restaurants unterschiedlicher Gr\u00f6\u00dfe gerecht zu werden.<\/p>\n\n\n\n<p><strong>Sicher und langlebig<\/strong>: Der St\u00e4nder ist stabil und kippsicher, mit abgerundeten Ecken, um Verbrennungen zu vermeiden und die Sicherheit zu gew\u00e4hrleisten.<\/p>\n\n\n\n<p><strong>Geeignet f\u00fcr eine Vielzahl von Szenarien<\/strong>: Er eignet sich f\u00fcr Bankette, Buffets, Hotels, Restaurants, Hochzeiten und mehr und ist eine ideale Erg\u00e4nzung f\u00fcr Ihre Catering-Ausr\u00fcstung.<\/p>\n\n\n\n<p><strong>OEM\/ODM-Dienstleistungen<\/strong>: Logos, Farben, Materialien und Konstruktionen sind anpassbar, damit Sie Ihre eigene, einzigartige Marke schaffen k\u00f6nnen.<\/p>\n<\/div>\n\n\n\n<div class=\"wp-block-column is-layout-flow wp-block-column-is-layout-flow\"><div class=\"wp-block-image\">\n<figure class=\"aligncenter size-full\"><img decoding=\"async\" width=\"720\" height=\"720\" src=\"https:\/\/www.billiondaysupplier.com\/wp-content\/uploads\/2025\/08\/wholesale-luxury-chafing-dish-7.webp\" alt=\"Gro\u00dfhandel Luxus Chafing Dish (7)\" class=\"wp-image-569\" srcset=\"https:\/\/www.billiondaysupplier.com\/wp-content\/uploads\/2025\/08\/wholesale-luxury-chafing-dish-7.webp 720w, https:\/\/www.billiondaysupplier.com\/wp-content\/uploads\/2025\/08\/wholesale-luxury-chafing-dish-7-300x300.webp 300w, https:\/\/www.billiondaysupplier.com\/wp-content\/uploads\/2025\/08\/wholesale-luxury-chafing-dish-7-150x150.webp 150w, https:\/\/www.billiondaysupplier.com\/wp-content\/uploads\/2025\/08\/wholesale-luxury-chafing-dish-7-600x600.webp 600w, https:\/\/www.billiondaysupplier.com\/wp-content\/uploads\/2025\/08\/wholesale-luxury-chafing-dish-7-100x100.webp 100w\" sizes=\"(max-width: 720px) 100vw, 720px\" \/><\/figure>\n<\/div><\/div>\n<\/div>","protected":false},"excerpt":{"rendered":"<p>Gro\u00dfhandel Luxus Chafing Dish, Gold Edelstahl Buffet W\u00e4rmer mit einem ausgefallenen h\u00e4ngenden Deckel Design und mehrere Kapazit\u00e4ten f\u00fcr jeden Anlass geeignet! Direkte Lieferung vom Hersteller, bietet Tianze OEM \/ ODM Dienstleistungen und Gro\u00dfhandel Unterst\u00fctzung. Anfragen sind willkommen!<\/p>\n<h2>Parameter\uff1a Luxus Chafing Dish<\/h2>\n<table border=\"0\" width=\"404\" cellspacing=\"0\" cellpadding=\"0\">\n<tbody>\n<tr>\n<td style=\"text-align: left;\" width=\"148\" height=\"24\"><strong>Material<\/strong><\/td>\n<td style=\"text-align: left;\" width=\"256\">Rostfreier Stahl 201 und Eisen<\/td>\n<\/tr>\n<tr>\n<td style=\"text-align: left;\" height=\"69\"><strong>Farbe<\/strong><\/td>\n<td style=\"text-align: left;\" width=\"256\">\u00a0Gold<\/td>\n<\/tr>\n<tr>\n<td style=\"text-align: left;\" height=\"24\"><strong>Heizmethode<\/strong><\/td>\n<td style=\"text-align: left;\">Brennstoff Heizung<\/td>\n<\/tr>\n<tr>\n<td style=\"text-align: left;\" height=\"24\"><strong>Kapazit\u00e4t<\/strong><\/td>\n<td style=\"text-align: left;\">4,5L\/6L\/8L<\/td>\n<\/tr>\n<tr>\n<td style=\"text-align: left;\" height=\"92\"><strong>Merkmal<\/strong><\/td>\n<td style=\"text-align: left;\" width=\"256\">1. mit ExquisitH\u00e4ngedeckel<br \/>2. Ausgefallenes Hohlraumdesign<br \/>3. Stabiler, aufrechter Rahmen<\/td>\n<\/tr>\n<tr>\n<td style=\"text-align: left;\" height=\"24\"><strong>Kundenspezifische Option<\/strong><\/td>\n<td style=\"text-align: left;\">Logo\/Farbe\/Gr\u00f6\u00dfe\/Verpackung\/Zubeh\u00f6r<\/td>\n<\/tr>\n<\/tbody>\n<\/table>","protected":false},"featured_media":570,"comment_status":"closed","ping_status":"closed","template":"","meta":{"_acf_changed":false},"product_brand":[],"product_cat":[30],"product_tag":[],"class_list":{"0":"post-567","1":"product","2":"type-product","3":"status-publish","4":"has-post-thumbnail","6":"product_cat-hanging-chafing-dish-supplier","8":"first","9":"instock","10":"shipping-taxable","11":"product-type-simple"},"acf":[],"_links":{"self":[{"href":"https:\/\/www.billiondaysupplier.com\/de\/wp-json\/wp\/v2\/product\/567","targetHints":{"allow":["GET"]}}],"collection":[{"href":"https:\/\/www.billiondaysupplier.com\/de\/wp-json\/wp\/v2\/product"}],"about":[{"href":"https:\/\/www.billiondaysupplier.com\/de\/wp-json\/wp\/v2\/types\/product"}],"replies":[{"embeddable":true,"href":"https:\/\/www.billiondaysupplier.com\/de\/wp-json\/wp\/v2\/comments?post=567"}],"wp:featuredmedia":[{"embeddable":true,"href":"https:\/\/www.billiondaysupplier.com\/de\/wp-json\/wp\/v2\/media\/570"}],"wp:attachment":[{"href":"https:\/\/www.billiondaysupplier.com\/de\/wp-json\/wp\/v2\/media?parent=567"}],"wp:term":[{"taxonomy":"product_brand","embeddable":true,"href":"https:\/\/www.billiondaysupplier.com\/de\/wp-json\/wp\/v2\/product_brand?post=567"},{"taxonomy":"product_cat","embeddable":true,"href":"https:\/\/www.billiondaysupplier.com\/de\/wp-json\/wp\/v2\/product_cat?post=567"},{"taxonomy":"product_tag","embeddable":true,"href":"https:\/\/www.billiondaysupplier.com\/de\/wp-json\/wp\/v2\/product_tag?post=567"}],"curies":[{"name":"wp","href":"https:\/\/api.w.org\/{rel}","templated":true}]}}