{"id":544,"date":"2025-08-06T12:35:30","date_gmt":"2025-08-06T12:35:30","guid":{"rendered":"https:\/\/www.billiondaysupplier.com\/?post_type=product&#038;p=544"},"modified":"2025-08-06T12:35:30","modified_gmt":"2025-08-06T12:35:30","slug":"chafing-dishes-wholesale","status":"publish","type":"product","link":"https:\/\/www.billiondaysupplier.com\/de\/product\/chafing-dishes-wholesale\/","title":{"rendered":"Chafing Dishes Gro\u00dfhandel nass und trocken verwenden, hydraulische Silber Buffet Set Custom"},"content":{"rendered":"<div class=\"wp-block-columns is-layout-flex wp-container-core-columns-is-layout-9d6595d7 wp-block-columns-is-layout-flex\">\n<div class=\"wp-block-column is-layout-flow wp-block-column-is-layout-flow\">\n<h2 class=\"wp-block-heading\">Chafing Dishes Gro\u00dfhandel Merkmale:<\/h2>\n\n\n\n<p><strong>Modernes Erscheinungsbild<\/strong>: Die galvanische Versilberung sorgt f\u00fcr ein schlichtes und elegantes Design, das zu einer Vielzahl von Tischstilen passt und sich perfekt f\u00fcr gehobene Bankette, Konferenzempf\u00e4nge, Gesch\u00e4ftsbuffets und mehr eignet.<\/p>\n\n\n\n<p><strong>Hochwertiges Material<\/strong>: Edelstahl in Lebensmittelqualit\u00e4t, korrosionsbest\u00e4ndig und hitzebest\u00e4ndig, langlebig und leicht zu reinigen, geeignet f\u00fcr den h\u00e4ufigen gewerblichen Einsatz.<\/p>\n\n\n\n<p><strong>Nass\/Trocken-Ausf\u00fchrung<\/strong>: Kann sowohl f\u00fcr das Dampfgaren als auch f\u00fcr das Trockenkochen verwendet werden und erf\u00fcllt die unterschiedlichsten Anforderungen an die Speisen.<\/p>\n\n\n\n<p><strong>Hydraulischer Slow-Down-Deckel<\/strong>: Der Deckel l\u00e4sst sich mit nur einem Knopfdruck \u00f6ffnen und senkt sich ger\u00e4uschlos ab, um ein Einklemmen zu verhindern, was den Service f\u00fcr die G\u00e4ste verbessert.<\/p>\n\n\n\n<p><strong>Intelligentes Temperaturkontrollsystem:<\/strong> Digitales Display, pr\u00e4zise Temperaturregelung und Dualmodus-Umschaltung zwischen Trockenkochen und Wasserzugabe f\u00fcr unterschiedliche Anforderungen an die W\u00e4rmeerhaltung.<\/p>\n\n\n\n<p><strong>9L Gro\u00dfe Kapazit\u00e4t:<\/strong> Ideal f\u00fcr Bankette oder Hotelbuffets, da mehrere Gerichte auf einem Herd zubereitet werden k\u00f6nnen, praktisch und effizient.<\/p>\n<\/div>\n\n\n\n<div class=\"wp-block-column is-layout-flow wp-block-column-is-layout-flow\">\n<figure class=\"wp-block-image size-full\"><img decoding=\"async\" width=\"1200\" height=\"1200\" src=\"https:\/\/www.billiondaysupplier.com\/wp-content\/uploads\/2025\/08\/chafing-dishes-wholesale-6.webp\" alt=\"Chafing Dishes Gro\u00dfhandel (6)\" class=\"wp-image-538\" srcset=\"https:\/\/www.billiondaysupplier.com\/wp-content\/uploads\/2025\/08\/chafing-dishes-wholesale-6.webp 1200w, https:\/\/www.billiondaysupplier.com\/wp-content\/uploads\/2025\/08\/chafing-dishes-wholesale-6-300x300.webp 300w, https:\/\/www.billiondaysupplier.com\/wp-content\/uploads\/2025\/08\/chafing-dishes-wholesale-6-150x150.webp 150w, https:\/\/www.billiondaysupplier.com\/wp-content\/uploads\/2025\/08\/chafing-dishes-wholesale-6-768x768.webp 768w, https:\/\/www.billiondaysupplier.com\/wp-content\/uploads\/2025\/08\/chafing-dishes-wholesale-6-600x600.webp 600w, https:\/\/www.billiondaysupplier.com\/wp-content\/uploads\/2025\/08\/chafing-dishes-wholesale-6-100x100.webp 100w\" sizes=\"(max-width: 1200px) 100vw, 1200px\" \/><\/figure>\n<\/div>\n<\/div>\n\n\n\n<div class=\"wp-block-columns is-layout-flex wp-container-core-columns-is-layout-9d6595d7 wp-block-columns-is-layout-flex\">\n<div class=\"wp-block-column is-layout-flow wp-block-column-is-layout-flow\">\n<figure class=\"wp-block-image size-full is-resized\"><img decoding=\"async\" width=\"1844\" height=\"2346\" src=\"https:\/\/www.billiondaysupplier.com\/wp-content\/uploads\/2025\/08\/chafing-dishes-wholesale-1.webp\" alt=\"Chafing Dishes Gro\u00dfhandel (1)\" class=\"wp-image-533\" style=\"aspect-ratio:1;object-fit:cover;width:720px\" srcset=\"https:\/\/www.billiondaysupplier.com\/wp-content\/uploads\/2025\/08\/chafing-dishes-wholesale-1.webp 1844w, https:\/\/www.billiondaysupplier.com\/wp-content\/uploads\/2025\/08\/chafing-dishes-wholesale-1-236x300.webp 236w, https:\/\/www.billiondaysupplier.com\/wp-content\/uploads\/2025\/08\/chafing-dishes-wholesale-1-768x977.webp 768w, https:\/\/www.billiondaysupplier.com\/wp-content\/uploads\/2025\/08\/chafing-dishes-wholesale-1-1200x1527.webp 1200w, https:\/\/www.billiondaysupplier.com\/wp-content\/uploads\/2025\/08\/chafing-dishes-wholesale-1-600x763.webp 600w\" sizes=\"(max-width: 1844px) 100vw, 1844px\" \/><\/figure>\n<\/div>\n\n\n\n<div class=\"wp-block-column is-layout-flow wp-block-column-is-layout-flow\"><div class=\"wp-block-image\">\n<figure class=\"aligncenter size-full\"><img decoding=\"async\" width=\"1200\" height=\"1200\" src=\"https:\/\/www.billiondaysupplier.com\/wp-content\/uploads\/2025\/08\/chafing-dishes-wholesale-7.webp\" alt=\"Chafing Dishes Gro\u00dfhandel\" class=\"wp-image-539\" srcset=\"https:\/\/www.billiondaysupplier.com\/wp-content\/uploads\/2025\/08\/chafing-dishes-wholesale-7.webp 1200w, https:\/\/www.billiondaysupplier.com\/wp-content\/uploads\/2025\/08\/chafing-dishes-wholesale-7-300x300.webp 300w, https:\/\/www.billiondaysupplier.com\/wp-content\/uploads\/2025\/08\/chafing-dishes-wholesale-7-150x150.webp 150w, https:\/\/www.billiondaysupplier.com\/wp-content\/uploads\/2025\/08\/chafing-dishes-wholesale-7-768x768.webp 768w, https:\/\/www.billiondaysupplier.com\/wp-content\/uploads\/2025\/08\/chafing-dishes-wholesale-7-600x600.webp 600w, https:\/\/www.billiondaysupplier.com\/wp-content\/uploads\/2025\/08\/chafing-dishes-wholesale-7-100x100.webp 100w\" sizes=\"(max-width: 1200px) 100vw, 1200px\" \/><\/figure>\n<\/div><\/div>\n<\/div>","protected":false},"excerpt":{"rendered":"<p>Chafing Gerichte Gro\u00dfhandel, Silber modernes Aussehen, 9L gro\u00dfe Kapazit\u00e4t, hydraulische Design, nass und trocken Dual-Use, geeignet f\u00fcr eine Vielzahl von Lebensmitteln Isolierung Szenarien. Willkommen bei uns zu kontaktieren, um ein Angebot zu erhalten heute!<\/p>\n<h2>Chafing Dishes Gro\u00dfhandel Parameter\uff1a<\/h2>\n<table border=\"0\" width=\"404\" cellspacing=\"0\" cellpadding=\"0\">\n<tbody>\n<tr>\n<td style=\"text-align: left;\" width=\"148\" height=\"24\"><strong>Material<\/strong><\/td>\n<td style=\"text-align: left;\" width=\"256\">Rostfreier Stahl 201<\/td>\n<\/tr>\n<tr>\n<td style=\"text-align: left;\" height=\"69\"><strong>Farbe<\/strong><\/td>\n<td style=\"text-align: left;\" width=\"256\">Silber\/Gold\/Halbgold\/Akzeptiert kundenspezifisch<\/td>\n<\/tr>\n<tr>\n<td style=\"text-align: left;\" height=\"24\"><strong>Heizmethode<\/strong><\/td>\n<td style=\"text-align: left;\">Elektro- oder Kraftstoffheizung<\/td>\n<\/tr>\n<tr>\n<td style=\"text-align: left;\" height=\"24\"><strong>Kapazit\u00e4t<\/strong><\/td>\n<td style=\"text-align: left;\">9.0L<\/td>\n<\/tr>\n<tr>\n<td style=\"text-align: left;\" height=\"92\"><strong>Merkmal<\/strong><\/td>\n<td style=\"text-align: left;\" width=\"256\">\n<p>1. Hydraulischer Deckel mit Glasfenster<br \/>2. Polierte abgerundete Kanten<br \/>3. Nass- und Trockeneinsatz<\/p>\n<\/td>\n<\/tr>\n<tr>\n<td style=\"text-align: left;\" height=\"24\"><strong>Kundenspezifische Option<\/strong><\/td>\n<td style=\"text-align: left;\">Logo\/Farbe\/Gr\u00f6\u00dfe\/Verpackung\/Zubeh\u00f6r<\/td>\n<\/tr>\n<\/tbody>\n<\/table>","protected":false},"featured_media":535,"comment_status":"closed","ping_status":"closed","template":"","meta":{"_acf_changed":true},"product_brand":[],"product_cat":[18],"product_tag":[],"class_list":{"0":"post-544","1":"product","2":"type-product","3":"status-publish","4":"has-post-thumbnail","6":"product_cat-wholesale-chafing-dishes","8":"first","9":"instock","10":"shipping-taxable","11":"product-type-simple"},"acf":[],"_links":{"self":[{"href":"https:\/\/www.billiondaysupplier.com\/de\/wp-json\/wp\/v2\/product\/544","targetHints":{"allow":["GET"]}}],"collection":[{"href":"https:\/\/www.billiondaysupplier.com\/de\/wp-json\/wp\/v2\/product"}],"about":[{"href":"https:\/\/www.billiondaysupplier.com\/de\/wp-json\/wp\/v2\/types\/product"}],"replies":[{"embeddable":true,"href":"https:\/\/www.billiondaysupplier.com\/de\/wp-json\/wp\/v2\/comments?post=544"}],"wp:featuredmedia":[{"embeddable":true,"href":"https:\/\/www.billiondaysupplier.com\/de\/wp-json\/wp\/v2\/media\/535"}],"wp:attachment":[{"href":"https:\/\/www.billiondaysupplier.com\/de\/wp-json\/wp\/v2\/media?parent=544"}],"wp:term":[{"taxonomy":"product_brand","embeddable":true,"href":"https:\/\/www.billiondaysupplier.com\/de\/wp-json\/wp\/v2\/product_brand?post=544"},{"taxonomy":"product_cat","embeddable":true,"href":"https:\/\/www.billiondaysupplier.com\/de\/wp-json\/wp\/v2\/product_cat?post=544"},{"taxonomy":"product_tag","embeddable":true,"href":"https:\/\/www.billiondaysupplier.com\/de\/wp-json\/wp\/v2\/product_tag?post=544"}],"curies":[{"name":"wp","href":"https:\/\/api.w.org\/{rel}","templated":true}]}}