{"id":518,"date":"2025-08-03T09:34:57","date_gmt":"2025-08-03T09:34:57","guid":{"rendered":"https:\/\/www.billiondaysupplier.com\/?post_type=product&#038;p=518"},"modified":"2025-08-03T09:41:45","modified_gmt":"2025-08-03T09:41:45","slug":"wholesale-roll-top-chafing-dish","status":"publish","type":"product","link":"https:\/\/www.billiondaysupplier.com\/de\/product\/wholesale-roll-top-chafing-dish\/","title":{"rendered":"Gro\u00dfhandel Roll Top Chafing Dish, rechteckige Gold Buffet Set Bulk"},"content":{"rendered":"<div class=\"wp-block-columns is-layout-flex wp-container-core-columns-is-layout-9d6595d7 wp-block-columns-is-layout-flex\">\n<div class=\"wp-block-column is-layout-flow wp-block-column-is-layout-flow\">\n<h2 class=\"wp-block-heading\">Roll Top Chafing Dish Chafing Dish Merkmale:<\/h2>\n\n\n\n<p><strong>Langlebige Konstruktion aus rostfreiem Stahl: <\/strong>aus langlebigem Edelstahl, verdickt f\u00fcr gleichm\u00e4\u00dfige Erw\u00e4rmung, langlebig, korrosionsbest\u00e4ndig und mit lang anhaltendem Glanz.<\/p>\n\n\n\n<p><strong>Elegantes Gold- und Silber-Finish-Optionen:<\/strong> Erh\u00e4ltlich in luxuri\u00f6sem Gold oder klassischem Silber, mit polierten, abgerundeten Kanten, wertet das elegante, professionelle Aussehen Ihre Buffetpr\u00e4sentation auf.<\/p>\n\n\n\n<p><strong>Aufrollbarer Deckel mit Glasfenster: <\/strong>Der praktische aufrollbare Deckel l\u00e4sst sich um 180 Grad \u00f6ffnen und erleichtert so den Zugriff auf die Speisen, w\u00e4hrend das Fenster aus geh\u00e4rtetem Glas f\u00fcr klare Sicht sorgt und gleichzeitig die W\u00e4rme speichert.<\/p>\n\n\n\n<p><strong>Gro\u00dfes 9-L Fassungsverm\u00f6gen: <\/strong>Das rechteckige Design in voller Gr\u00f6\u00dfe bietet Platz f\u00fcr gro\u00dfe Mengen an Lebensmitteln und eignet sich daher ideal f\u00fcr gewerbliche Caterings und Buffets.<\/p>\n\n\n\n<p><strong>Stabiler, aufrechter Rahmen: <\/strong>Die verst\u00e4rkten vertikalen Beine sorgen f\u00fcr einen stabilen Stand auf jedem Untergrund, auch bei schweren Lasten.<\/p>\n\n\n\n<p><strong>Option Duale Heizung: <\/strong>Kompatibel mit elektrischen Kochplatten und traditionellen Brennstoffkanistern f\u00fcr flexible Anwendungen.<\/p>\n<\/div>\n\n\n\n<div class=\"wp-block-column is-layout-flow wp-block-column-is-layout-flow\">\n<figure class=\"wp-block-image size-full\"><img decoding=\"async\" width=\"720\" height=\"720\" src=\"https:\/\/www.billiondaysupplier.com\/wp-content\/uploads\/2025\/08\/roll-top-chafing-dish-wholesale-5.webp\" alt=\"Gro\u00dfhandel Roll Top Chafing Dish, rechteckige Gold Buffet Set Bulk\" class=\"wp-image-523\" srcset=\"https:\/\/www.billiondaysupplier.com\/wp-content\/uploads\/2025\/08\/roll-top-chafing-dish-wholesale-5.webp 720w, https:\/\/www.billiondaysupplier.com\/wp-content\/uploads\/2025\/08\/roll-top-chafing-dish-wholesale-5-300x300.webp 300w, https:\/\/www.billiondaysupplier.com\/wp-content\/uploads\/2025\/08\/roll-top-chafing-dish-wholesale-5-150x150.webp 150w, https:\/\/www.billiondaysupplier.com\/wp-content\/uploads\/2025\/08\/roll-top-chafing-dish-wholesale-5-600x600.webp 600w, https:\/\/www.billiondaysupplier.com\/wp-content\/uploads\/2025\/08\/roll-top-chafing-dish-wholesale-5-100x100.webp 100w\" sizes=\"(max-width: 720px) 100vw, 720px\" \/><\/figure>\n<\/div>\n<\/div>\n\n\n\n<div class=\"wp-block-columns is-layout-flex wp-container-core-columns-is-layout-9d6595d7 wp-block-columns-is-layout-flex\">\n<div class=\"wp-block-column is-layout-flow wp-block-column-is-layout-flow\">\n<figure class=\"wp-block-image size-full\"><img decoding=\"async\" width=\"720\" height=\"720\" src=\"https:\/\/www.billiondaysupplier.com\/wp-content\/uploads\/2025\/08\/roll-top-chafing-dish-wholesale-3.webp\" alt=\"Gro\u00dfhandel Roll Top Chafing Dish, rechteckige Gold Buffet Set Bulk\" class=\"wp-image-521\" srcset=\"https:\/\/www.billiondaysupplier.com\/wp-content\/uploads\/2025\/08\/roll-top-chafing-dish-wholesale-3.webp 720w, https:\/\/www.billiondaysupplier.com\/wp-content\/uploads\/2025\/08\/roll-top-chafing-dish-wholesale-3-300x300.webp 300w, https:\/\/www.billiondaysupplier.com\/wp-content\/uploads\/2025\/08\/roll-top-chafing-dish-wholesale-3-150x150.webp 150w, https:\/\/www.billiondaysupplier.com\/wp-content\/uploads\/2025\/08\/roll-top-chafing-dish-wholesale-3-600x600.webp 600w, https:\/\/www.billiondaysupplier.com\/wp-content\/uploads\/2025\/08\/roll-top-chafing-dish-wholesale-3-100x100.webp 100w\" sizes=\"(max-width: 720px) 100vw, 720px\" \/><\/figure>\n<\/div>\n\n\n\n<div class=\"wp-block-column is-layout-flow wp-block-column-is-layout-flow\">\n<figure class=\"wp-block-image size-full\"><img decoding=\"async\" width=\"720\" height=\"720\" src=\"https:\/\/www.billiondaysupplier.com\/wp-content\/uploads\/2025\/08\/roll-top-chafing-dish-wholesale-2.webp\" alt=\"Gro\u00dfhandel Roll Top Chafing Dish, rechteckige Gold Buffet Set Bulk\" class=\"wp-image-520\" srcset=\"https:\/\/www.billiondaysupplier.com\/wp-content\/uploads\/2025\/08\/roll-top-chafing-dish-wholesale-2.webp 720w, https:\/\/www.billiondaysupplier.com\/wp-content\/uploads\/2025\/08\/roll-top-chafing-dish-wholesale-2-300x300.webp 300w, https:\/\/www.billiondaysupplier.com\/wp-content\/uploads\/2025\/08\/roll-top-chafing-dish-wholesale-2-150x150.webp 150w, https:\/\/www.billiondaysupplier.com\/wp-content\/uploads\/2025\/08\/roll-top-chafing-dish-wholesale-2-600x600.webp 600w, https:\/\/www.billiondaysupplier.com\/wp-content\/uploads\/2025\/08\/roll-top-chafing-dish-wholesale-2-100x100.webp 100w\" sizes=\"(max-width: 720px) 100vw, 720px\" \/><\/figure>\n<\/div>\n<\/div>","protected":false},"excerpt":{"rendered":"<p>Gro\u00dfhandel Roll Top Chafing Dish, mit luxuri\u00f6sen Gold und klassischen Silber Optionen, mit einem 9L gro\u00dfe Kapazit\u00e4t. Stilvoll und langlebig, ist es f\u00fcr gro\u00dfe Catering-Services geeignet. Fabrik-direktes Angebot, bietet OEM-Dienstleistungen. Willkommen zu erkundigen heute!<\/p>\n<h2>Roll Top Chafing Dish Parameter\uff1a<\/h2>\n<table border=\"0\" width=\"404\" cellspacing=\"0\" cellpadding=\"0\">\n<tbody>\n<tr>\n<td style=\"text-align: left;\" width=\"148\" height=\"24\"><strong>Material<\/strong><\/td>\n<td style=\"text-align: left;\" width=\"256\">Rostfreier Stahl 201<\/td>\n<\/tr>\n<tr>\n<td style=\"text-align: left;\" height=\"69\"><strong>Farbe<\/strong><\/td>\n<td style=\"text-align: left;\" width=\"256\">Silber\/Gold\/Halbgold\/Akzeptiert kundenspezifisch<\/td>\n<\/tr>\n<tr>\n<td style=\"text-align: left;\" height=\"24\"><strong>Heizmethode<\/strong><\/td>\n<td style=\"text-align: left;\">Elektro- oder Kraftstoffheizung<\/td>\n<\/tr>\n<tr>\n<td style=\"text-align: left;\" height=\"24\"><strong>Kapazit\u00e4t<\/strong><\/td>\n<td style=\"text-align: left;\">9.0L<\/td>\n<\/tr>\n<tr>\n<td style=\"text-align: left;\" height=\"92\"><strong>Merkmal<\/strong><\/td>\n<td style=\"text-align: left;\" width=\"256\">1. Rolltop-Deckel mit Glasfenster<br \/>2. Polierte abgerundete Kanten<br \/>3. Stabiler, aufrechter Rahmen<\/td>\n<\/tr>\n<tr>\n<td style=\"text-align: left;\" height=\"24\"><strong>Kundenspezifische Option<\/strong><\/td>\n<td style=\"text-align: left;\">Logo\/Farbe\/Gr\u00f6\u00dfe\/Verpackung\/Zubeh\u00f6r<\/td>\n<\/tr>\n<\/tbody>\n<\/table>","protected":false},"featured_media":519,"comment_status":"closed","ping_status":"closed","template":"","meta":{"_acf_changed":false},"product_brand":[],"product_cat":[18],"product_tag":[],"class_list":{"0":"post-518","1":"product","2":"type-product","3":"status-publish","4":"has-post-thumbnail","6":"product_cat-wholesale-chafing-dishes","8":"first","9":"instock","10":"shipping-taxable","11":"product-type-simple"},"acf":[],"_links":{"self":[{"href":"https:\/\/www.billiondaysupplier.com\/de\/wp-json\/wp\/v2\/product\/518","targetHints":{"allow":["GET"]}}],"collection":[{"href":"https:\/\/www.billiondaysupplier.com\/de\/wp-json\/wp\/v2\/product"}],"about":[{"href":"https:\/\/www.billiondaysupplier.com\/de\/wp-json\/wp\/v2\/types\/product"}],"replies":[{"embeddable":true,"href":"https:\/\/www.billiondaysupplier.com\/de\/wp-json\/wp\/v2\/comments?post=518"}],"wp:featuredmedia":[{"embeddable":true,"href":"https:\/\/www.billiondaysupplier.com\/de\/wp-json\/wp\/v2\/media\/519"}],"wp:attachment":[{"href":"https:\/\/www.billiondaysupplier.com\/de\/wp-json\/wp\/v2\/media?parent=518"}],"wp:term":[{"taxonomy":"product_brand","embeddable":true,"href":"https:\/\/www.billiondaysupplier.com\/de\/wp-json\/wp\/v2\/product_brand?post=518"},{"taxonomy":"product_cat","embeddable":true,"href":"https:\/\/www.billiondaysupplier.com\/de\/wp-json\/wp\/v2\/product_cat?post=518"},{"taxonomy":"product_tag","embeddable":true,"href":"https:\/\/www.billiondaysupplier.com\/de\/wp-json\/wp\/v2\/product_tag?post=518"}],"curies":[{"name":"wp","href":"https:\/\/api.w.org\/{rel}","templated":true}]}}