{"id":2008,"date":"2026-04-20T07:55:52","date_gmt":"2026-04-20T07:55:52","guid":{"rendered":"https:\/\/www.billiondaysupplier.com\/?post_type=product&#038;p=2008"},"modified":"2026-04-23T00:59:24","modified_gmt":"2026-04-23T00:59:24","slug":"custom-stainless-steel-work-tables","status":"publish","type":"product","link":"https:\/\/www.billiondaysupplier.com\/de\/product\/custom-stainless-steel-work-tables\/","title":{"rendered":"Benutzerdefinierte Edelstahl-Arbeitstische mit Unterregal, kommerzielle K\u00fcche Werkbank in Bulk"},"content":{"rendered":"<div class=\"wp-block-columns is-layout-flex wp-container-core-columns-is-layout-9d6595d7 wp-block-columns-is-layout-flex\">\n<div class=\"wp-block-column is-layout-flow wp-block-column-is-layout-flow\">\n<h2 class=\"wp-block-heading\">Arbeitstisch aus Edelstahl Merkmale:<\/h2>\n\n\n\n<p><strong>Premium-Edelstahlkonstruktion<\/strong>: Hergestellt aus hochwertigem Edelstahl mit hervorragender Korrosions- und Rostbest\u00e4ndigkeit, die eine zuverl\u00e4ssige Leistung in feuchten und intensiven K\u00fcchenumgebungen gew\u00e4hrleistet.<\/p>\n\n\n\n<p><strong>Platzsparendes doppelst\u00f6ckiges Design<\/strong>: Eine ger\u00e4umige obere Arbeitsfl\u00e4che zum Vorbereiten, Schneiden, Mischen und Anrichten von Speisen; eine untere offene Ablagefl\u00e4che f\u00fcr T\u00f6pfe, Pfannen, Zutaten, Werkzeuge, Beh\u00e4lter und K\u00fcchenutensilien - f\u00fcr maximale Effizienz.<\/p>\n\n\n\n<p><strong>Einfache Montage und Wartung<\/strong>: Wird flach geliefert, um Frachtkosten zu sparen, und kann schnell montiert werden. Glatte Oberfl\u00e4chen erm\u00f6glichen eine einfache Reinigung und einen hygienischen Betrieb.<\/p>\n\n\n\n<p><strong>Mehrere Gr\u00f6\u00dfenoptionen verf\u00fcgbar<\/strong>: Es gibt sie in verschiedenen Gr\u00f6\u00dfen, damit sie in verschiedene K\u00fcchenlayouts passen, von kompakten Vorbereitungsbereichen bis hin zu gro\u00dfen gewerblichen Arbeitsbereichen.<\/p>\n\n\n\n<p><strong>Vielseitige kommerzielle Anwendung<\/strong>: Ideal f\u00fcr Hotels, Restaurants, Cateringservices, B\u00e4ckereien, Kantinen, Speisewagen und Zubereitungsr\u00e4ume, die ein breites Spektrum an professionellen Anwendungen unterst\u00fctzen.<\/p>\n<\/div>\n\n\n\n<div class=\"wp-block-column is-layout-flow wp-block-column-is-layout-flow\">\n<figure class=\"wp-block-image size-full\"><img decoding=\"async\" width=\"800\" height=\"800\" src=\"https:\/\/www.billiondaysupplier.com\/wp-content\/uploads\/2026\/04\/Work-Table-Supplier-3.webp\" alt=\"Arbeitstisch Lieferant\" class=\"wp-image-2039\" srcset=\"https:\/\/www.billiondaysupplier.com\/wp-content\/uploads\/2026\/04\/Work-Table-Supplier-3.webp 800w, https:\/\/www.billiondaysupplier.com\/wp-content\/uploads\/2026\/04\/Work-Table-Supplier-3-300x300.webp 300w, https:\/\/www.billiondaysupplier.com\/wp-content\/uploads\/2026\/04\/Work-Table-Supplier-3-150x150.webp 150w, https:\/\/www.billiondaysupplier.com\/wp-content\/uploads\/2026\/04\/Work-Table-Supplier-3-768x768.webp 768w, https:\/\/www.billiondaysupplier.com\/wp-content\/uploads\/2026\/04\/Work-Table-Supplier-3-12x12.webp 12w, https:\/\/www.billiondaysupplier.com\/wp-content\/uploads\/2026\/04\/Work-Table-Supplier-3-600x600.webp 600w, https:\/\/www.billiondaysupplier.com\/wp-content\/uploads\/2026\/04\/Work-Table-Supplier-3-100x100.webp 100w\" sizes=\"(max-width: 800px) 100vw, 800px\" \/><\/figure>\n<\/div>\n<\/div>","protected":false},"excerpt":{"rendered":"<p>Ma\u00dfgefertigte Arbeitstische aus Edelstahl wurden entwickelt, um die Effizienz in anspruchsvollen gewerblichen Umgebungen zu steigern. Sie verf\u00fcgen \u00fcber eine hochbelastbare Edelstahlplatte und eine doppelst\u00f6ckige Ablage f\u00fcr einen organisierten Arbeitsablauf. Sie sind auf Langlebigkeit, Hygiene und Stabilit\u00e4t ausgelegt und eignen sich ideal f\u00fcr K\u00fcchen, Restaurants und Werkst\u00e4tten. Kontaktieren Sie uns f\u00fcr Sondergr\u00f6\u00dfen und Mengenpreise.<\/p>\n<h2>Parameter\uff1a Arbeitstische aus Edelstahl<\/h2>\n<table class=\"alignleft\" border=\"0\" width=\"404\" cellspacing=\"0\" cellpadding=\"0\">\n<tbody>\n<tr>\n<td style=\"text-align: left;\" width=\"148\" height=\"24\"><strong>Material<\/strong><\/td>\n<td style=\"text-align: left;\" width=\"256\">Rostfreier Stahl 201<\/td>\n<\/tr>\n<tr>\n<td style=\"text-align: left;\" height=\"69\"><strong>Farbe<\/strong><\/td>\n<td style=\"text-align: left;\" width=\"256\">Silber<\/td>\n<\/tr>\n<tr>\n<td style=\"text-align: left;\" height=\"24\"><strong class=\"font-semibold text-zinc-900 dark:text-zinc-100\">Dicke der Tischplatte<\/strong><\/td>\n<td style=\"text-align: left;\">0,8 mm<\/td>\n<\/tr>\n<tr>\n<td style=\"text-align: left;\" height=\"24\"><strong class=\"font-semibold text-zinc-900 dark:text-zinc-100\" data-spm-anchor-id=\"4e67c6a7.77613456.0.i37.78c776cfKa3U43\">Standardgr\u00f6\u00dfen<\/strong><\/td>\n<td style=\"text-align: left;\">\n<p>180*80*80cm<br \/>150*80*80cm<br \/>180*60*80cm<br \/>150*60*80cm<br \/>120*80*80cm<br \/>120*60*80cm<br \/>100*80*80cm<br \/>100*60*80cm<br \/>100*50*80cm<br \/>80*60*80cm<br \/>80*50*80cm<br \/>80*40*80cm<\/p>\n<\/td>\n<\/tr>\n<tr>\n<td style=\"text-align: left;\" height=\"92\"><strong>Merkmal<\/strong><\/td>\n<td style=\"text-align: left;\" width=\"256\">1. Tragf\u00e4higkeit f\u00fcr schwere Lasten<br \/>2. Hochwertiger rostfreier Stahl<br \/>3. Einfache Montage und Reinigung<\/td>\n<\/tr>\n<tr>\n<td style=\"text-align: left;\" height=\"24\">\n<h3 class=\"text-base font-semibold mt-3 pt-6 mb-3 text-zinc-800 dark:text-zinc-200 first:mt-0 first:pt-0 tracking-tight\"><strong class=\"font-semibold text-zinc-900 dark:text-zinc-100\" data-spm-anchor-id=\"4e67c6a7.77613456.0.i38.78c776cfKa3U43\">Vielseitige Anwendungen<\/strong><\/h3>\n<\/td>\n<td style=\"text-align: left;\">\n<p>Restaurants und Hotels<br \/>Laboratorien f\u00fcr Lebensmittelverarbeitung<br \/>Medizinische und wissenschaftliche Einrichtungen<br \/>Werkst\u00e4tten &amp; Garagen\u00a0<\/p>\n<\/td>\n<\/tr>\n<\/tbody>\n<\/table>","protected":false},"featured_media":2217,"comment_status":"closed","ping_status":"closed","template":"","meta":{"_acf_changed":true},"product_brand":[],"product_cat":[32],"product_tag":[],"class_list":{"0":"post-2008","1":"product","2":"type-product","3":"status-publish","4":"has-post-thumbnail","6":"product_cat-custom-stainless-steel-work-tables","8":"first","9":"instock","10":"shipping-taxable","11":"product-type-simple"},"acf":[],"_links":{"self":[{"href":"https:\/\/www.billiondaysupplier.com\/de\/wp-json\/wp\/v2\/product\/2008","targetHints":{"allow":["GET"]}}],"collection":[{"href":"https:\/\/www.billiondaysupplier.com\/de\/wp-json\/wp\/v2\/product"}],"about":[{"href":"https:\/\/www.billiondaysupplier.com\/de\/wp-json\/wp\/v2\/types\/product"}],"replies":[{"embeddable":true,"href":"https:\/\/www.billiondaysupplier.com\/de\/wp-json\/wp\/v2\/comments?post=2008"}],"wp:featuredmedia":[{"embeddable":true,"href":"https:\/\/www.billiondaysupplier.com\/de\/wp-json\/wp\/v2\/media\/2217"}],"wp:attachment":[{"href":"https:\/\/www.billiondaysupplier.com\/de\/wp-json\/wp\/v2\/media?parent=2008"}],"wp:term":[{"taxonomy":"product_brand","embeddable":true,"href":"https:\/\/www.billiondaysupplier.com\/de\/wp-json\/wp\/v2\/product_brand?post=2008"},{"taxonomy":"product_cat","embeddable":true,"href":"https:\/\/www.billiondaysupplier.com\/de\/wp-json\/wp\/v2\/product_cat?post=2008"},{"taxonomy":"product_tag","embeddable":true,"href":"https:\/\/www.billiondaysupplier.com\/de\/wp-json\/wp\/v2\/product_tag?post=2008"}],"curies":[{"name":"wp","href":"https:\/\/api.w.org\/{rel}","templated":true}]}}