{"id":2004,"date":"2026-04-15T09:10:00","date_gmt":"2026-04-15T09:10:00","guid":{"rendered":"https:\/\/www.billiondaysupplier.com\/?post_type=product&#038;p=2004"},"modified":"2026-04-15T09:10:04","modified_gmt":"2026-04-15T09:10:04","slug":"wholesale-commercial-food-steamer","status":"publish","type":"product","link":"https:\/\/www.billiondaysupplier.com\/de\/product\/wholesale-commercial-food-steamer\/","title":{"rendered":"Gro\u00dfhandel kommerzielle Lebensmittel Dampfer, Gas-Reis-Dampfgarer Edelstahl 12Trays f\u00fcr Restaurants Custom"},"content":{"rendered":"<div class=\"wp-block-columns is-layout-flex wp-container-core-columns-is-layout-9d6595d7 wp-block-columns-is-layout-flex\">\n<div class=\"wp-block-column is-layout-flow wp-block-column-is-layout-flow\">\n<h2 class=\"wp-block-heading\">Kommerzieller Dampfgarer f\u00fcr Lebensmittel Merkmale:<\/h2>\n\n\n\n<p><strong>Hocheffiziente Heizung:<\/strong>&nbsp;Leistungsstarke Gasbrenner sorgen f\u00fcr eine schnelle Dampferzeugung und verk\u00fcrzen die Garzeit erheblich.<\/p>\n\n\n\n<p><strong>Premium-Edelstahlkonstruktion:<\/strong>&nbsp;201 Geh\u00e4use aus lebensmittelechtem Edelstahl, korrosionsbest\u00e4ndig und leicht zu reinigen.<\/p>\n\n\n\n<p><strong>Verbesserte Isolierung:<\/strong>\u00a0Eine dicke Isolierschicht h\u00e4lt die W\u00e4rme im Inneren, spart Energie und sorgt f\u00fcr ein k\u00fchleres Klima in der K\u00fcche.<\/p>\n\n\n\n<p><strong>Sicherheitsmerkmale:<\/strong>&nbsp;Ausgestattet mit einem automatischen Gasabsperrventil und einem Sicherheitssystem zur Druckentlastung f\u00fcr einen sorgenfreien Betrieb.<\/p>\n\n\n\n<p><strong>Universelle Mobilit\u00e4t:<\/strong>&nbsp;Schwerlastrollen mit Bremsen f\u00fcr leichte Bewegung und stabile Positionierung.<\/p>\n\n\n\n<p><strong>Fabrikdirektlieferung:<\/strong> Wir bieten OEM\/ODM-Kundenanpassung, stabile Massenproduktionskapazit\u00e4ten und strenge Qualit\u00e4tskontrollen, um eine gleichbleibende Leistung, wettbewerbsf\u00e4hige Preise und eine zuverl\u00e4ssige globale Versorgung f\u00fcr Gro\u00dfhandelsk\u00e4ufer von K\u00fcchenger\u00e4ten zu gew\u00e4hrleisten.<\/p>\n<\/div>\n\n\n\n<div class=\"wp-block-column is-layout-flow wp-block-column-is-layout-flow\">\n<figure class=\"wp-block-image size-full\"><img decoding=\"async\" width=\"800\" height=\"800\" src=\"https:\/\/www.billiondaysupplier.com\/wp-content\/uploads\/2026\/04\/Wholesale-gas-rice-steamer-2.webp\" alt=\"Gro\u00dfhandel Gas Reis Dampfer\" class=\"wp-image-2042\" srcset=\"https:\/\/www.billiondaysupplier.com\/wp-content\/uploads\/2026\/04\/Wholesale-gas-rice-steamer-2.webp 800w, https:\/\/www.billiondaysupplier.com\/wp-content\/uploads\/2026\/04\/Wholesale-gas-rice-steamer-2-300x300.webp 300w, https:\/\/www.billiondaysupplier.com\/wp-content\/uploads\/2026\/04\/Wholesale-gas-rice-steamer-2-150x150.webp 150w, https:\/\/www.billiondaysupplier.com\/wp-content\/uploads\/2026\/04\/Wholesale-gas-rice-steamer-2-768x768.webp 768w, https:\/\/www.billiondaysupplier.com\/wp-content\/uploads\/2026\/04\/Wholesale-gas-rice-steamer-2-12x12.webp 12w, https:\/\/www.billiondaysupplier.com\/wp-content\/uploads\/2026\/04\/Wholesale-gas-rice-steamer-2-600x600.webp 600w, https:\/\/www.billiondaysupplier.com\/wp-content\/uploads\/2026\/04\/Wholesale-gas-rice-steamer-2-100x100.webp 100w\" sizes=\"(max-width: 800px) 100vw, 800px\" \/><\/figure>\n<\/div>\n<\/div>","protected":false},"excerpt":{"rendered":"<p>Gro\u00dfhandelsdampfgarer f\u00fcr den Einsatz in Gro\u00dfk\u00fcchen mit hoher Kapazit\u00e4t, langlebiger Edelstahlkonstruktion und effizienter Gasheizung f\u00fcr schnelles, gleichm\u00e4\u00dfiges D\u00e4mpfen. Ideal f\u00fcr Restaurants, Hotels und Cateringservices, geeignet zum schnellen D\u00e4mpfen von Reis, Meeresfr\u00fcchten, Fleisch und Gem\u00fcse. OEM-Anpassung m\u00f6glich, kontaktieren Sie uns f\u00fcr wettbewerbsf\u00e4hige Gro\u00dfhandelspreise und Gro\u00dflieferungen.<\/p>\n<h2>Kommerzielle Lebensmittel-Dampfgarer Parameter\uff1a<\/h2>\n<table border=\"0\" width=\"404\" cellspacing=\"0\" cellpadding=\"0\">\n<tbody>\n<tr>\n<td style=\"text-align: left;\" width=\"148\" height=\"24\"><strong>Material<\/strong><\/td>\n<td style=\"text-align: left;\" width=\"256\">Rostfreier Stahl 201<\/td>\n<\/tr>\n<tr>\n<td style=\"text-align: left;\" height=\"69\"><strong>Farbe<\/strong><\/td>\n<td style=\"text-align: left;\" width=\"256\">Silber<\/td>\n<\/tr>\n<tr>\n<td style=\"text-align: left;\" height=\"24\"><strong>Heizmethode<\/strong><\/td>\n<td style=\"text-align: left;\">Gas<\/td>\n<\/tr>\n<tr>\n<td style=\"text-align: left;\" height=\"24\"><strong>Fassungsverm\u00f6gen<\/strong><strong style=\"font-family: inherit; font-size: inherit;\">y<\/strong><strong><br \/><\/strong><\/td>\n<td style=\"text-align: left;\">12Tabletts<\/td>\n<\/tr>\n<tr>\n<td style=\"text-align: left;\" height=\"92\"><strong>Merkmal<\/strong><\/td>\n<td style=\"text-align: left;\" width=\"256\">1. Hocheffiziente Heizung<br \/>2. Mehrstufige gro\u00dfe Kapazit\u00e4t<br \/>3. Universelle Mobilit\u00e4t<\/td>\n<\/tr>\n<tr>\n<td style=\"text-align: left;\" height=\"24\"><strong>Kundenspezifische Option<\/strong><\/td>\n<td style=\"text-align: left;\">Logo\/Verpackung\/Zubeh\u00f6r<\/td>\n<\/tr>\n<\/tbody>\n<\/table>","protected":false},"featured_media":2042,"comment_status":"closed","ping_status":"closed","template":"","meta":{"_acf_changed":false},"product_brand":[],"product_cat":[31],"product_tag":[],"class_list":{"0":"post-2004","1":"product","2":"type-product","3":"status-publish","4":"has-post-thumbnail","6":"product_cat-wholesale-commercial-food-steamer","8":"first","9":"instock","10":"shipping-taxable","11":"product-type-simple"},"acf":[],"_links":{"self":[{"href":"https:\/\/www.billiondaysupplier.com\/de\/wp-json\/wp\/v2\/product\/2004","targetHints":{"allow":["GET"]}}],"collection":[{"href":"https:\/\/www.billiondaysupplier.com\/de\/wp-json\/wp\/v2\/product"}],"about":[{"href":"https:\/\/www.billiondaysupplier.com\/de\/wp-json\/wp\/v2\/types\/product"}],"replies":[{"embeddable":true,"href":"https:\/\/www.billiondaysupplier.com\/de\/wp-json\/wp\/v2\/comments?post=2004"}],"wp:featuredmedia":[{"embeddable":true,"href":"https:\/\/www.billiondaysupplier.com\/de\/wp-json\/wp\/v2\/media\/2042"}],"wp:attachment":[{"href":"https:\/\/www.billiondaysupplier.com\/de\/wp-json\/wp\/v2\/media?parent=2004"}],"wp:term":[{"taxonomy":"product_brand","embeddable":true,"href":"https:\/\/www.billiondaysupplier.com\/de\/wp-json\/wp\/v2\/product_brand?post=2004"},{"taxonomy":"product_cat","embeddable":true,"href":"https:\/\/www.billiondaysupplier.com\/de\/wp-json\/wp\/v2\/product_cat?post=2004"},{"taxonomy":"product_tag","embeddable":true,"href":"https:\/\/www.billiondaysupplier.com\/de\/wp-json\/wp\/v2\/product_tag?post=2004"}],"curies":[{"name":"wp","href":"https:\/\/api.w.org\/{rel}","templated":true}]}}