{"id":1894,"date":"2026-04-25T03:23:54","date_gmt":"2026-04-25T03:23:54","guid":{"rendered":"https:\/\/www.billiondaysupplier.com\/?post_type=product&#038;p=1894"},"modified":"2026-04-25T03:23:56","modified_gmt":"2026-04-25T03:23:56","slug":"custom-fancy-chafing-dish","status":"publish","type":"product","link":"https:\/\/www.billiondaysupplier.com\/de\/product\/custom-fancy-chafing-dish\/","title":{"rendered":"Custom Fancy Chafing Dish mit Glasdeckel, elektrische Speisenw\u00e4rmer Holzsockel Lieferant"},"content":{"rendered":"<div class=\"wp-block-columns is-layout-flex wp-container-core-columns-is-layout-9d6595d7 wp-block-columns-is-layout-flex\">\n<div class=\"wp-block-column is-layout-flow wp-block-column-is-layout-flow\">\n<h2 class=\"wp-block-heading\">Fancy Chafing Dish Features:<\/h2>\n\n\n\n<p><strong>Panoramic Tempered Glass Viewing Lid<\/strong>: High-transparency glass panel allows clear food display without opening the lid, preserving heat and moisture while enhancing buffet presentation.<\/p>\n\n\n\n<p><strong>Hydraulic Soft-Close Glass Lid<\/strong>: Precision damping hinge enables smooth, silent operation with stable multi-angle positioning, reducing noise and extending product lifespan.<\/p>\n\n\n\n<p><strong>Konstruktion aus lebensmittelechtem Edelstahl<\/strong>: A thick stainless steel body with a mirror-polished finish ensures durability, corrosion resistance, and easy cleaning for commercial use.<\/p>\n\n\n\n<p><strong>Detachable &amp; Easy-to-Clean Structure<\/strong>: Removable lid and inner pan simplify thorough cleaning and improve storage and transport efficiency.<\/p>\n\n\n\n<p><strong>Wood-Grain Finish with Natural Aesthetic<\/strong>: High-precision wood texture delivers the warmth of natural wood while maintaining easy maintenance and durability.<\/p>\n\n\n\n<p><strong>Manufacturer Strength &amp; Customization Capability<\/strong>: In-house testing ensures long-lasting performance, with flexible OEM\/ODM services from logo branding to full project customization for global buyers.<\/p>\n<\/div>\n\n\n\n<div class=\"wp-block-column is-layout-flow wp-block-column-is-layout-flow\">\n<figure class=\"wp-block-image size-full\"><img decoding=\"async\" width=\"800\" height=\"800\" src=\"https:\/\/www.billiondaysupplier.com\/wp-content\/uploads\/2026\/03\/serving-chafing-dishes.webp\" alt=\"Chafing Dishes zum Servieren\" class=\"wp-image-1895\" srcset=\"https:\/\/www.billiondaysupplier.com\/wp-content\/uploads\/2026\/03\/serving-chafing-dishes.webp 800w, https:\/\/www.billiondaysupplier.com\/wp-content\/uploads\/2026\/03\/serving-chafing-dishes-300x300.webp 300w, https:\/\/www.billiondaysupplier.com\/wp-content\/uploads\/2026\/03\/serving-chafing-dishes-150x150.webp 150w, https:\/\/www.billiondaysupplier.com\/wp-content\/uploads\/2026\/03\/serving-chafing-dishes-768x768.webp 768w, https:\/\/www.billiondaysupplier.com\/wp-content\/uploads\/2026\/03\/serving-chafing-dishes-12x12.webp 12w, https:\/\/www.billiondaysupplier.com\/wp-content\/uploads\/2026\/03\/serving-chafing-dishes-600x600.webp 600w, https:\/\/www.billiondaysupplier.com\/wp-content\/uploads\/2026\/03\/serving-chafing-dishes-100x100.webp 100w\" sizes=\"(max-width: 800px) 100vw, 800px\" \/><\/figure>\n<\/div>\n<\/div>\n\n\n\n<div class=\"wp-block-columns is-layout-flex wp-container-core-columns-is-layout-9d6595d7 wp-block-columns-is-layout-flex\">\n<div class=\"wp-block-column is-layout-flow wp-block-column-is-layout-flow\">\n<figure class=\"wp-block-image size-full\"><img decoding=\"async\" width=\"800\" height=\"800\" src=\"https:\/\/www.billiondaysupplier.com\/wp-content\/uploads\/2026\/03\/serving-chafing-dishes1.webp\" alt=\"Chafing Dishes zum Servieren\" class=\"wp-image-1896\" srcset=\"https:\/\/www.billiondaysupplier.com\/wp-content\/uploads\/2026\/03\/serving-chafing-dishes1.webp 800w, https:\/\/www.billiondaysupplier.com\/wp-content\/uploads\/2026\/03\/serving-chafing-dishes1-300x300.webp 300w, https:\/\/www.billiondaysupplier.com\/wp-content\/uploads\/2026\/03\/serving-chafing-dishes1-150x150.webp 150w, https:\/\/www.billiondaysupplier.com\/wp-content\/uploads\/2026\/03\/serving-chafing-dishes1-768x768.webp 768w, https:\/\/www.billiondaysupplier.com\/wp-content\/uploads\/2026\/03\/serving-chafing-dishes1-12x12.webp 12w, https:\/\/www.billiondaysupplier.com\/wp-content\/uploads\/2026\/03\/serving-chafing-dishes1-600x600.webp 600w, https:\/\/www.billiondaysupplier.com\/wp-content\/uploads\/2026\/03\/serving-chafing-dishes1-100x100.webp 100w\" sizes=\"(max-width: 800px) 100vw, 800px\" \/><\/figure>\n<\/div>\n\n\n\n<div class=\"wp-block-column is-layout-flow wp-block-column-is-layout-flow\">\n<figure class=\"wp-block-image size-full\"><img decoding=\"async\" width=\"800\" height=\"800\" src=\"https:\/\/www.billiondaysupplier.com\/wp-content\/uploads\/2026\/03\/serving-chafing-dishes2.webp\" alt=\"Chafing Dishes zum Servieren\" class=\"wp-image-1897\" srcset=\"https:\/\/www.billiondaysupplier.com\/wp-content\/uploads\/2026\/03\/serving-chafing-dishes2.webp 800w, https:\/\/www.billiondaysupplier.com\/wp-content\/uploads\/2026\/03\/serving-chafing-dishes2-300x300.webp 300w, https:\/\/www.billiondaysupplier.com\/wp-content\/uploads\/2026\/03\/serving-chafing-dishes2-150x150.webp 150w, https:\/\/www.billiondaysupplier.com\/wp-content\/uploads\/2026\/03\/serving-chafing-dishes2-768x768.webp 768w, https:\/\/www.billiondaysupplier.com\/wp-content\/uploads\/2026\/03\/serving-chafing-dishes2-12x12.webp 12w, https:\/\/www.billiondaysupplier.com\/wp-content\/uploads\/2026\/03\/serving-chafing-dishes2-600x600.webp 600w, https:\/\/www.billiondaysupplier.com\/wp-content\/uploads\/2026\/03\/serving-chafing-dishes2-100x100.webp 100w\" sizes=\"(max-width: 800px) 100vw, 800px\" \/><\/figure>\n<\/div>\n<\/div>","protected":false},"excerpt":{"rendered":"<p>Individuell gestalteter Chafing Dish mit eleganten Holzmaserungsdetails, Panoramadeckel aus Glas und langlebiger Edelstahlkonstruktion f\u00fcr eine erstklassige Buffetpr\u00e4sentation. Als direkter Hersteller bieten wir OEM\/ODM-Kundenanpassung, strenge Qualit\u00e4tskontrolle und stabile Gro\u00dflieferungen. Kontaktieren Sie uns noch heute f\u00fcr ein ma\u00dfgeschneidertes Angebot.<\/p>\n<h2>Fancy Chafing Dish Parameter\uff1a<\/h2>\n<table border=\"0\" width=\"404\" cellspacing=\"0\" cellpadding=\"0\">\n<tbody>\n<tr>\n<td style=\"text-align: left;\" width=\"148\" height=\"24\"><strong>Material<\/strong><\/td>\n<td style=\"text-align: left;\" width=\"256\">Rostfreier Stahl 201<\/td>\n<\/tr>\n<tr>\n<td style=\"text-align: left;\" height=\"69\"><strong>Farbe<\/strong><\/td>\n<td style=\"text-align: left;\" width=\"256\">Silber\/Akzeptiere kundenspezifisch<\/td>\n<\/tr>\n<tr>\n<td style=\"text-align: left;\" height=\"24\"><strong>Heizmethode<\/strong><\/td>\n<td style=\"text-align: left;\">Brennstoff Heizung<\/td>\n<\/tr>\n<tr>\n<td style=\"text-align: left;\" height=\"24\"><strong>Kapazit\u00e4t<\/strong><\/td>\n<td style=\"text-align: left;\">6.0L<\/td>\n<\/tr>\n<tr>\n<td style=\"text-align: left;\" height=\"92\"><strong>Merkmal<\/strong><\/td>\n<td style=\"text-align: left;\" width=\"256\">\n<p>1. Hydraulischer Deckel mit Glasfenster<br \/>2. Hochglanzpolierte abgerundete Kanten<br \/>3. Stabiler, aufrechter Rahmen<br \/>4. Holzsockel<\/p>\n<\/td>\n<\/tr>\n<tr>\n<td style=\"text-align: left;\" height=\"24\"><strong>Kundenspezifische Option<\/strong><\/td>\n<td style=\"text-align: left;\">Logo\/Farbe\/Gr\u00f6\u00dfe\/Verpackung\/Zubeh\u00f6r<\/td>\n<\/tr>\n<\/tbody>\n<\/table>","protected":false},"featured_media":1895,"comment_status":"closed","ping_status":"closed","template":"","meta":{"_acf_changed":true},"product_brand":[],"product_cat":[18],"product_tag":[],"class_list":{"0":"post-1894","1":"product","2":"type-product","3":"status-publish","4":"has-post-thumbnail","6":"product_cat-wholesale-chafing-dishes","8":"first","9":"instock","10":"shipping-taxable","11":"product-type-simple"},"acf":[],"_links":{"self":[{"href":"https:\/\/www.billiondaysupplier.com\/de\/wp-json\/wp\/v2\/product\/1894","targetHints":{"allow":["GET"]}}],"collection":[{"href":"https:\/\/www.billiondaysupplier.com\/de\/wp-json\/wp\/v2\/product"}],"about":[{"href":"https:\/\/www.billiondaysupplier.com\/de\/wp-json\/wp\/v2\/types\/product"}],"replies":[{"embeddable":true,"href":"https:\/\/www.billiondaysupplier.com\/de\/wp-json\/wp\/v2\/comments?post=1894"}],"wp:featuredmedia":[{"embeddable":true,"href":"https:\/\/www.billiondaysupplier.com\/de\/wp-json\/wp\/v2\/media\/1895"}],"wp:attachment":[{"href":"https:\/\/www.billiondaysupplier.com\/de\/wp-json\/wp\/v2\/media?parent=1894"}],"wp:term":[{"taxonomy":"product_brand","embeddable":true,"href":"https:\/\/www.billiondaysupplier.com\/de\/wp-json\/wp\/v2\/product_brand?post=1894"},{"taxonomy":"product_cat","embeddable":true,"href":"https:\/\/www.billiondaysupplier.com\/de\/wp-json\/wp\/v2\/product_cat?post=1894"},{"taxonomy":"product_tag","embeddable":true,"href":"https:\/\/www.billiondaysupplier.com\/de\/wp-json\/wp\/v2\/product_tag?post=1894"}],"curies":[{"name":"wp","href":"https:\/\/api.w.org\/{rel}","templated":true}]}}