{"id":1829,"date":"2026-04-03T03:56:00","date_gmt":"2026-04-03T03:56:00","guid":{"rendered":"https:\/\/www.billiondaysupplier.com\/?post_type=product&#038;p=1829"},"modified":"2026-04-03T07:56:33","modified_gmt":"2026-04-03T07:56:33","slug":"wholesale-gold-chafing-dish-buffet","status":"publish","type":"product","link":"https:\/\/www.billiondaysupplier.com\/de\/product\/wholesale-gold-chafing-dish-buffet\/","title":{"rendered":"Gro\u00dfhandel Gold Chafing Dish Buffet, benutzerdefinierte rechteckige Lebensmittel W\u00e4rmer mit Glasdeckel f\u00fcr die Hochzeit"},"content":{"rendered":"<div class=\"wp-block-columns is-layout-flex wp-container-core-columns-is-layout-9d6595d7 wp-block-columns-is-layout-flex\">\n<div class=\"wp-block-column is-layout-flow wp-block-column-is-layout-flow\">\n<h2 class=\"wp-block-heading\">Gold Chafing Dish Buffet Merkmale:<\/h2>\n\n\n\n<p><strong>Vollgold-Spiegel-Galvanisierung:<\/strong> Der Korpus ist mit einer hochgl\u00e4nzenden goldenen Spiegeloberfl\u00e4che poliert, die ein luxuri\u00f6ses Aussehen bietet und gleichzeitig oxidationsbest\u00e4ndig ist. Perfekt f\u00fcr gehobene Buffet- oder Bankettveranstaltungen.<\/p>\n\n\n\n<p><strong>Glas-Panorama-Deckel:<\/strong> Mit einem gro\u00dfen Sichtfenster aus geh\u00e4rtetem Glas auf der Oberseite, das die Speisen warm h\u00e4lt, w\u00e4hrend die G\u00e4ste die Gerichte sehen k\u00f6nnen, ohne den Deckel zu \u00f6ffnen.<\/p>\n\n\n\n<p><strong>Hydraulisch ger\u00e4uscharmes Soft-Close:<\/strong> Ausgestattet mit hochwertigen hydraulischen Scharnieren f\u00fcr eine sanfte und leise Bedienung des Deckels, die das Esserlebnis ohne st\u00f6rende Ger\u00e4usche verbessert.<\/p>\n\n\n\n<p><strong>Gro\u00dfes, rechteckiges Fassungsverm\u00f6gen:<\/strong> Das klassische rechteckige Design bietet reichlich Platz und erm\u00f6glicht die Unterbringung verschiedener unterteilter Pfannen, ideal f\u00fcr Gro\u00dfk\u00fcchen.<\/p>\n\n\n\n<p><strong>Direkt von der Fabrik: <\/strong>Wir haben alles auf Lager, unterst\u00fctzen Gro\u00dfbestellungen und bieten OEM-Anpassungen, um wettbewerbsf\u00e4hige Preise und eine schnelle Lieferung zu gew\u00e4hrleisten.<\/p>\n<\/div>\n\n\n\n<div class=\"wp-block-column is-layout-flow wp-block-column-is-layout-flow\">\n<figure class=\"wp-block-image size-full\"><img decoding=\"async\" width=\"800\" height=\"800\" src=\"https:\/\/www.billiondaysupplier.com\/wp-content\/uploads\/2026\/03\/chafing-15.webp\" alt=\"Chafing Dish Buffet Set Gro\u00dfhandel\" class=\"wp-image-1824\" srcset=\"https:\/\/www.billiondaysupplier.com\/wp-content\/uploads\/2026\/03\/chafing-15.webp 800w, https:\/\/www.billiondaysupplier.com\/wp-content\/uploads\/2026\/03\/chafing-15-300x300.webp 300w, https:\/\/www.billiondaysupplier.com\/wp-content\/uploads\/2026\/03\/chafing-15-150x150.webp 150w, https:\/\/www.billiondaysupplier.com\/wp-content\/uploads\/2026\/03\/chafing-15-768x768.webp 768w, https:\/\/www.billiondaysupplier.com\/wp-content\/uploads\/2026\/03\/chafing-15-12x12.webp 12w, https:\/\/www.billiondaysupplier.com\/wp-content\/uploads\/2026\/03\/chafing-15-600x600.webp 600w, https:\/\/www.billiondaysupplier.com\/wp-content\/uploads\/2026\/03\/chafing-15-100x100.webp 100w\" sizes=\"(max-width: 800px) 100vw, 800px\" \/><\/figure>\n<\/div>\n<\/div>","protected":false},"excerpt":{"rendered":"<p>Goldfarbenes Chafing Dish Buffet im Gro\u00dfhandel mit eleganter Hochglanzoberfl\u00e4che, gro\u00dfem Fassungsverm\u00f6gen von 9 Litern, Panorama-Glasdeckel, ger\u00e4uschlosem hydraulischem Soft-Close und hochgezogenem Fu\u00df. Perfekt f\u00fcr Hotels, Restaurants und Catering. Kontaktieren Sie uns noch heute f\u00fcr Gro\u00dfbestellungen und OEM-Anpassungen!<\/p>\n<h2>Gold Chafing Dish Buffet Parameter\uff1a<\/h2>\n<table border=\"0\" width=\"404\" cellspacing=\"0\" cellpadding=\"0\">\n<tbody>\n<tr>\n<td style=\"text-align: left;\" width=\"148\" height=\"24\"><strong>Material<\/strong><\/td>\n<td style=\"text-align: left;\" width=\"256\">Rostfreier Stahl 201<\/td>\n<\/tr>\n<tr>\n<td style=\"text-align: left;\" height=\"69\"><strong>Farbe<\/strong><\/td>\n<td style=\"text-align: left;\" width=\"256\">Gold\/Akzeptieren kundenspezifisch<\/td>\n<\/tr>\n<tr>\n<td style=\"text-align: left;\" height=\"24\"><strong>Heizmethode<\/strong><\/td>\n<td style=\"text-align: left;\">Brennstoff- oder Elektroheizung<\/td>\n<\/tr>\n<tr>\n<td style=\"text-align: left;\" height=\"24\"><strong>Kapazit\u00e4t<\/strong><\/td>\n<td style=\"text-align: left;\">9.0L<\/td>\n<\/tr>\n<tr>\n<td style=\"text-align: left;\" height=\"92\"><strong>Merkmal<\/strong><\/td>\n<td style=\"text-align: left;\" width=\"256\">1. Hydraulischer Deckel mit Glasfenster<br \/>2. Hochglanzpolierte abgerundete Kanten<br \/>3. Stabiler, aufrechter Rahmen<\/td>\n<\/tr>\n<tr>\n<td style=\"text-align: left;\" height=\"24\"><strong>Kundenspezifische Option<\/strong><\/td>\n<td style=\"text-align: left;\">Logo\/Farbe\/Gr\u00f6\u00dfe\/Verpackung\/Zubeh\u00f6r<\/td>\n<\/tr>\n<\/tbody>\n<\/table>","protected":false},"featured_media":1824,"comment_status":"closed","ping_status":"closed","template":"","meta":{"_acf_changed":false},"product_brand":[],"product_cat":[18],"product_tag":[],"class_list":{"0":"post-1829","1":"product","2":"type-product","3":"status-publish","4":"has-post-thumbnail","6":"product_cat-wholesale-chafing-dishes","8":"first","9":"instock","10":"shipping-taxable","11":"product-type-simple"},"acf":[],"_links":{"self":[{"href":"https:\/\/www.billiondaysupplier.com\/de\/wp-json\/wp\/v2\/product\/1829","targetHints":{"allow":["GET"]}}],"collection":[{"href":"https:\/\/www.billiondaysupplier.com\/de\/wp-json\/wp\/v2\/product"}],"about":[{"href":"https:\/\/www.billiondaysupplier.com\/de\/wp-json\/wp\/v2\/types\/product"}],"replies":[{"embeddable":true,"href":"https:\/\/www.billiondaysupplier.com\/de\/wp-json\/wp\/v2\/comments?post=1829"}],"wp:featuredmedia":[{"embeddable":true,"href":"https:\/\/www.billiondaysupplier.com\/de\/wp-json\/wp\/v2\/media\/1824"}],"wp:attachment":[{"href":"https:\/\/www.billiondaysupplier.com\/de\/wp-json\/wp\/v2\/media?parent=1829"}],"wp:term":[{"taxonomy":"product_brand","embeddable":true,"href":"https:\/\/www.billiondaysupplier.com\/de\/wp-json\/wp\/v2\/product_brand?post=1829"},{"taxonomy":"product_cat","embeddable":true,"href":"https:\/\/www.billiondaysupplier.com\/de\/wp-json\/wp\/v2\/product_cat?post=1829"},{"taxonomy":"product_tag","embeddable":true,"href":"https:\/\/www.billiondaysupplier.com\/de\/wp-json\/wp\/v2\/product_tag?post=1829"}],"curies":[{"name":"wp","href":"https:\/\/api.w.org\/{rel}","templated":true}]}}