{"id":1822,"date":"2026-03-28T03:25:36","date_gmt":"2026-03-28T03:25:36","guid":{"rendered":"https:\/\/www.billiondaysupplier.com\/?post_type=product&#038;p=1822"},"modified":"2026-03-28T06:07:52","modified_gmt":"2026-03-28T06:07:52","slug":"wholesale-buffet-chafing-dishes","status":"publish","type":"product","link":"https:\/\/www.billiondaysupplier.com\/de\/produkt\/wholesale-buffet-chafing-dishes\/","title":{"rendered":"Gro\u00dfhandel Buffet Chafing Dishes, benutzerdefinierte Runde Essen W\u00e4rmer mit Glasdeckel f\u00fcr Hotel Hochzeit"},"content":{"rendered":"<div class=\"wp-block-columns is-layout-flex wp-container-core-columns-is-layout-9d6595d7 wp-block-columns-is-layout-flex\">\n<div class=\"wp-block-column is-layout-flow wp-block-column-is-layout-flow\">\n<h2 class=\"wp-block-heading\">Buffet Chafing Dishes Merkmale:<\/h2>\n\n\n\n<p><strong>Stilvolles Erscheinungsbild:<\/strong> Die gl\u00e4nzende galvanische Beschichtung ist korrosions- und oxidationsbest\u00e4ndig und sorgt f\u00fcr ein hochwertiges Aussehen.<\/p>\n\n\n\n<p><strong>Glas-Deckel:<\/strong> Erm\u00f6glicht den Blick auf die Speisen, ohne den Deckel zu \u00f6ffnen, verhindert W\u00e4rmeverluste durch h\u00e4ufiges \u00d6ffnen und erh\u00e4lt die Temperatur und Feuchtigkeit der Speisen.<\/p>\n\n\n\n<p><strong>6L Innentopf<\/strong>: Kann gleichzeitig gro\u00dfe Gerichte warm halten und passt sich so verschiedenen Anl\u00e4ssen an.<\/p>\n\n\n\n<p><strong>Vielseitig: <\/strong>Sie eignen sich f\u00fcr Hotels, Buffets, Bankette und andere Einrichtungen und erf\u00fcllen perfekt die Anforderungen der kommerziellen Gastronomie an Effizienz, Langlebigkeit und ein elegantes Erscheinungsbild.<\/p>\n\n\n\n<p><strong>Leicht zu reinigen: <\/strong>Die glatte Oberfl\u00e4che des aus hochwertigem Edelstahl und Glas gefertigten Ger\u00e4ts ist leicht zu reinigen und zu pflegen und steigert die Effizienz.<\/p>\n\n\n\n<p><strong>OEM-Dienst<\/strong>: Wir bieten kundenspezifische Logos, Farben, Kapazit\u00e4ten, Stile und Verpackungen an, um unsere Produkte zu personalisieren und unterschiedliche Marktanforderungen zu erf\u00fcllen.<\/p>\n<\/div>\n\n\n\n<div class=\"wp-block-column is-layout-flow wp-block-column-is-layout-flow\">\n<figure class=\"wp-block-image size-full\"><img decoding=\"async\" width=\"800\" height=\"800\" src=\"https:\/\/www.billiondaysupplier.com\/wp-content\/uploads\/2026\/03\/chafing-17.webp\" alt=\"Chafing Dish Gro\u00dfhandelspreis\" class=\"wp-image-1827\" srcset=\"https:\/\/www.billiondaysupplier.com\/wp-content\/uploads\/2026\/03\/chafing-17.webp 800w, https:\/\/www.billiondaysupplier.com\/wp-content\/uploads\/2026\/03\/chafing-17-300x300.webp 300w, https:\/\/www.billiondaysupplier.com\/wp-content\/uploads\/2026\/03\/chafing-17-150x150.webp 150w, https:\/\/www.billiondaysupplier.com\/wp-content\/uploads\/2026\/03\/chafing-17-768x768.webp 768w, https:\/\/www.billiondaysupplier.com\/wp-content\/uploads\/2026\/03\/chafing-17-12x12.webp 12w, https:\/\/www.billiondaysupplier.com\/wp-content\/uploads\/2026\/03\/chafing-17-600x600.webp 600w, https:\/\/www.billiondaysupplier.com\/wp-content\/uploads\/2026\/03\/chafing-17-100x100.webp 100w\" sizes=\"(max-width: 800px) 100vw, 800px\" \/><\/figure>\n<\/div>\n<\/div>\n\n\n\n<p><\/p>","protected":false},"excerpt":{"rendered":"<p>Gro\u00dfhandel Buffet Chafing Dishes von Billion Day verf\u00fcgen \u00fcber Premium-Edelstahl-Konstruktion mit einem hellen galvanischen Oberfl\u00e4che, die Haltbarkeit, Korrosionsbest\u00e4ndigkeit und eine elegante Pr\u00e4sentation zu gew\u00e4hrleisten, w\u00e4hrend die 6L Kapazit\u00e4t, Glasdeckel und runde Form inneren Platten verbessern W\u00e4rmespeicherung und Servieren Effizienz f\u00fcr kommerzielle Catering. OEM\/ODM-Dienstleistungen werden unterst\u00fctzt. Kontaktieren Sie uns jetzt, um ma\u00dfgeschneiderte L\u00f6sungen und wettbewerbsf\u00e4hige Gro\u00dfhandelspreise zu erhalten, die auf Ihre Projektanforderungen zugeschnitten sind.<\/p>\n<h2>Buffet Chafing Dishes Parameter\uff1a<\/h2>\n<table border=\"0\" width=\"404\" cellspacing=\"0\" cellpadding=\"0\">\n<tbody>\n<tr>\n<td style=\"text-align: left;\" width=\"148\" height=\"24\"><strong>Material<\/strong><\/td>\n<td style=\"text-align: left;\" width=\"256\">Rostfreier Stahl 201<\/td>\n<\/tr>\n<tr>\n<td style=\"text-align: left;\" height=\"69\"><strong>Farbe<\/strong><\/td>\n<td style=\"text-align: left;\" width=\"256\">Silber\/Gold\/Akzeptieren Sie kundenspezifisch<\/td>\n<\/tr>\n<tr>\n<td style=\"text-align: left;\" height=\"24\"><strong>Heizmethode<\/strong><\/td>\n<td style=\"text-align: left;\">Brennstoff- oder Elektroheizung<\/td>\n<\/tr>\n<tr>\n<td style=\"text-align: left;\" height=\"24\"><strong>Kapazit\u00e4t<\/strong><\/td>\n<td style=\"text-align: left;\">6.0L<\/td>\n<\/tr>\n<tr>\n<td style=\"text-align: left;\" height=\"92\"><strong>Merkmal<\/strong><\/td>\n<td style=\"text-align: left;\" width=\"256\">1. Hydraulischer Deckel mit Glasfenster<br \/>2. Hochglanzpolierte abgerundete Kanten<br \/>3. Stabiler, aufrechter Rahmen<\/td>\n<\/tr>\n<tr>\n<td style=\"text-align: left;\" height=\"24\"><strong>Kundenspezifische Option<\/strong><\/td>\n<td style=\"text-align: left;\">Logo\/Farbe\/Gr\u00f6\u00dfe\/Verpackung\/Zubeh\u00f6r<\/td>\n<\/tr>\n<\/tbody>\n<\/table>","protected":false},"featured_media":1826,"comment_status":"closed","ping_status":"closed","template":"","meta":{"_acf_changed":true},"product_brand":[],"product_cat":[18],"product_tag":[],"class_list":{"0":"post-1822","1":"product","2":"type-product","3":"status-publish","4":"has-post-thumbnail","6":"product_cat-wholesale-chafing-dishes","8":"first","9":"instock","10":"shipping-taxable","11":"product-type-simple"},"acf":[],"_links":{"self":[{"href":"https:\/\/www.billiondaysupplier.com\/de\/wp-json\/wp\/v2\/product\/1822","targetHints":{"allow":["GET"]}}],"collection":[{"href":"https:\/\/www.billiondaysupplier.com\/de\/wp-json\/wp\/v2\/product"}],"about":[{"href":"https:\/\/www.billiondaysupplier.com\/de\/wp-json\/wp\/v2\/types\/product"}],"replies":[{"embeddable":true,"href":"https:\/\/www.billiondaysupplier.com\/de\/wp-json\/wp\/v2\/comments?post=1822"}],"wp:featuredmedia":[{"embeddable":true,"href":"https:\/\/www.billiondaysupplier.com\/de\/wp-json\/wp\/v2\/media\/1826"}],"wp:attachment":[{"href":"https:\/\/www.billiondaysupplier.com\/de\/wp-json\/wp\/v2\/media?parent=1822"}],"wp:term":[{"taxonomy":"product_brand","embeddable":true,"href":"https:\/\/www.billiondaysupplier.com\/de\/wp-json\/wp\/v2\/product_brand?post=1822"},{"taxonomy":"product_cat","embeddable":true,"href":"https:\/\/www.billiondaysupplier.com\/de\/wp-json\/wp\/v2\/product_cat?post=1822"},{"taxonomy":"product_tag","embeddable":true,"href":"https:\/\/www.billiondaysupplier.com\/de\/wp-json\/wp\/v2\/product_tag?post=1822"}],"curies":[{"name":"wp","href":"https:\/\/api.w.org\/{rel}","templated":true}]}}