{"id":1821,"date":"2026-03-28T03:57:46","date_gmt":"2026-03-28T03:57:46","guid":{"rendered":"https:\/\/www.billiondaysupplier.com\/?post_type=product&#038;p=1821"},"modified":"2026-03-28T04:00:38","modified_gmt":"2026-03-28T04:00:38","slug":"custom-chafing-dishes-electric","status":"publish","type":"product","link":"https:\/\/www.billiondaysupplier.com\/de\/produkt\/custom-chafing-dishes-electric\/","title":{"rendered":"Kundenspezifische Chafing Dishes Elektrisch, Rund Hydraulisch Buffet Set mit CNC Panel in Bulk"},"content":{"rendered":"<div class=\"wp-block-columns is-layout-flex wp-container-core-columns-is-layout-9d6595d7 wp-block-columns-is-layout-flex\">\n<div class=\"wp-block-column is-layout-flow wp-block-column-is-layout-flow\">\n<h2 class=\"wp-block-heading\">Chafing Dishes Elektrische Merkmale:<\/h2>\n\n\n\n<p><strong>Flexible Trennwandgestaltung:<\/strong> Erh\u00e4ltlich in Konfigurationen mit 1 oder 2 F\u00e4chern, um verschiedenen Servieranforderungen gerecht zu werden - ideal, um Spezialit\u00e4ten getrennt zu halten oder mehrere Speisen wie Hauptgerichte, Beilagen oder Suppen zu servieren.<\/p>\n\n\n\n<p><strong>Effiziente elektrische Heizung:<\/strong> Die fortschrittliche elektrische Beheizung mit einem CNC-Bedienfeld gew\u00e4hrleistet ein schnelles Aufheizen und eine stabile Temperaturregelung, so dass die Speisen unter optimalen Bedingungen serviert werden k\u00f6nnen und gleichzeitig die Energieeffizienz erhalten bleibt.<\/p>\n\n\n\n<p><strong>Transparente Sichtbarkeit:<\/strong> Der transparente Glasdeckel erm\u00f6glicht die \u00dcberwachung der Lebensmittel in Echtzeit, ohne dass sie ge\u00f6ffnet werden m\u00fcssen, wodurch der W\u00e4rmeverlust verringert und Frische und Feuchtigkeit bewahrt werden.<\/p>\n\n\n\n<p><strong>Benutzerfreundliches Bedienfeld<\/strong>: Die einfache One-Touch-Bedienung mit unabh\u00e4ngiger Fachsteuerung macht es leicht, mehrere Gerichte zu verwalten, auch in gesch\u00e4ftigen Catering-Umgebungen.<\/p>\n\n\n\n<p><strong>L\u00f6sungen f\u00fcr Catering-Ausr\u00fcstung:<\/strong> Billion Day bietet Gro\u00dfhandelspreise im Direktvertrieb, strenge Qualit\u00e4tskontrollen, kundenspezifische Kleinserien und OEM\/ODM-Dienstleistungen, um Ihre Marke und Ihre Wettbewerbsf\u00e4higkeit auf dem Markt zu verbessern.<\/p>\n<\/div>\n\n\n\n<div class=\"wp-block-column is-layout-flow wp-block-column-is-layout-flow\">\n<figure class=\"wp-block-image size-full\"><img decoding=\"async\" width=\"800\" height=\"800\" src=\"https:\/\/www.billiondaysupplier.com\/wp-content\/uploads\/2026\/03\/chafing-23.webp\" alt=\"Hersteller von Chafing Dishes\" class=\"wp-image-1832\" srcset=\"https:\/\/www.billiondaysupplier.com\/wp-content\/uploads\/2026\/03\/chafing-23.webp 800w, https:\/\/www.billiondaysupplier.com\/wp-content\/uploads\/2026\/03\/chafing-23-300x300.webp 300w, https:\/\/www.billiondaysupplier.com\/wp-content\/uploads\/2026\/03\/chafing-23-150x150.webp 150w, https:\/\/www.billiondaysupplier.com\/wp-content\/uploads\/2026\/03\/chafing-23-768x768.webp 768w, https:\/\/www.billiondaysupplier.com\/wp-content\/uploads\/2026\/03\/chafing-23-12x12.webp 12w, https:\/\/www.billiondaysupplier.com\/wp-content\/uploads\/2026\/03\/chafing-23-600x600.webp 600w, https:\/\/www.billiondaysupplier.com\/wp-content\/uploads\/2026\/03\/chafing-23-100x100.webp 100w\" sizes=\"(max-width: 800px) 100vw, 800px\" \/><\/figure>\n<\/div>\n<\/div>\n\n\n\n<p><\/p>","protected":false},"excerpt":{"rendered":"<p>Willkommen zum Warmhalten von Speisen und\u00a0<span style=\"box-sizing: border-box; margin: 0px; padding: 0px;\">Elegant pr\u00e4sentieren mit individuellen Chafing Dishes electric <\/span>von Billion Day. Mit transparenten Deckeln, verstellbaren F\u00e4chern und pr\u00e4ziser elektrischer Beheizung sind sie ideal f\u00fcr die kommerzielle Gastronomie.  Wir unterst\u00fctzen flexible F\u00e4cherkonfigurationen und OEM\/ODM-Anpassungen. Bitte kontaktieren Sie uns f\u00fcr Buffetausstattungsl\u00f6sungen!<\/p>\n<h2>Chafing Dishes Elektrische Parameter:<\/h2>\n<table border=\"0\" width=\"404\" cellspacing=\"0\" cellpadding=\"0\">\n<tbody>\n<tr>\n<td style=\"text-align: left;\" width=\"148\" height=\"24\"><strong>Material<\/strong><\/td>\n<td style=\"text-align: left;\" width=\"256\">Rostfreier Stahl 201<\/td>\n<\/tr>\n<tr>\n<td style=\"text-align: left;\" height=\"69\"><strong>Farbe<\/strong><\/td>\n<td style=\"text-align: left;\" width=\"256\">Gold\/Halbgold\/Silber\/Akzeptieren von Kundenw\u00fcnschen<\/td>\n<\/tr>\n<tr>\n<td style=\"text-align: left;\" height=\"24\"><strong>Heizmethode<\/strong><\/td>\n<td style=\"text-align: left;\">Elektrische Heizung<\/td>\n<\/tr>\n<tr>\n<td style=\"text-align: left;\" height=\"24\"><strong>Kapazit\u00e4t<\/strong><\/td>\n<td style=\"text-align: left;\">6.0L<\/td>\n<\/tr>\n<tr>\n<td style=\"text-align: left;\" height=\"92\"><strong>Merkmal<\/strong><\/td>\n<td style=\"text-align: left;\" width=\"256\">1. Hydraulischer Deckel mit Glasfenster<br \/>2. Hochglanzpolierte abgerundete Kanten<br \/>3. Stabiler, aufrechter Rahmen<\/td>\n<\/tr>\n<tr>\n<td style=\"text-align: left;\" height=\"24\"><strong>Kundenspezifische Option<\/strong><\/td>\n<td style=\"text-align: left;\">Logo\/Farbe\/Gr\u00f6\u00dfe\/Verpackung\/Zubeh\u00f6r<\/td>\n<\/tr>\n<\/tbody>\n<\/table>","protected":false},"featured_media":1832,"comment_status":"closed","ping_status":"closed","template":"","meta":{"_acf_changed":false},"product_brand":[],"product_cat":[18],"product_tag":[],"class_list":{"0":"post-1821","1":"product","2":"type-product","3":"status-publish","4":"has-post-thumbnail","6":"product_cat-wholesale-chafing-dishes","8":"first","9":"instock","10":"shipping-taxable","11":"product-type-simple"},"acf":[],"_links":{"self":[{"href":"https:\/\/www.billiondaysupplier.com\/de\/wp-json\/wp\/v2\/product\/1821","targetHints":{"allow":["GET"]}}],"collection":[{"href":"https:\/\/www.billiondaysupplier.com\/de\/wp-json\/wp\/v2\/product"}],"about":[{"href":"https:\/\/www.billiondaysupplier.com\/de\/wp-json\/wp\/v2\/types\/product"}],"replies":[{"embeddable":true,"href":"https:\/\/www.billiondaysupplier.com\/de\/wp-json\/wp\/v2\/comments?post=1821"}],"wp:featuredmedia":[{"embeddable":true,"href":"https:\/\/www.billiondaysupplier.com\/de\/wp-json\/wp\/v2\/media\/1832"}],"wp:attachment":[{"href":"https:\/\/www.billiondaysupplier.com\/de\/wp-json\/wp\/v2\/media?parent=1821"}],"wp:term":[{"taxonomy":"product_brand","embeddable":true,"href":"https:\/\/www.billiondaysupplier.com\/de\/wp-json\/wp\/v2\/product_brand?post=1821"},{"taxonomy":"product_cat","embeddable":true,"href":"https:\/\/www.billiondaysupplier.com\/de\/wp-json\/wp\/v2\/product_cat?post=1821"},{"taxonomy":"product_tag","embeddable":true,"href":"https:\/\/www.billiondaysupplier.com\/de\/wp-json\/wp\/v2\/product_tag?post=1821"}],"curies":[{"name":"wp","href":"https:\/\/api.w.org\/{rel}","templated":true}]}}