{"id":1767,"date":"2026-03-02T06:45:29","date_gmt":"2026-03-02T06:45:29","guid":{"rendered":"https:\/\/www.billiondaysupplier.com\/?post_type=product&#038;p=1767"},"modified":"2026-03-02T06:50:17","modified_gmt":"2026-03-02T06:50:17","slug":"wholesale-oval-chafing-dish","status":"publish","type":"product","link":"https:\/\/www.billiondaysupplier.com\/de\/product\/wholesale-oval-chafing-dish\/","title":{"rendered":"Gro\u00dfhandel Oval Chafing Dish, Edelstahl Buffet Lebensmittel w\u00e4rmer vergoldet Custom"},"content":{"rendered":"<div class=\"wp-block-columns is-layout-flex wp-container-core-columns-is-layout-9d6595d7 wp-block-columns-is-layout-flex\">\n<div class=\"wp-block-column is-layout-flow wp-block-column-is-layout-flow\">\n<h2 class=\"wp-block-heading\">Oval Chafing Dish Merkmale:<\/h2>\n\n\n\n<p><strong>Sichere Materialien in Lebensmittelqualit\u00e4t:<\/strong> Hergestellt aus hochfestem Edelstahl. Die Innenauskleidung besteht aus hitzebest\u00e4ndigem Borosilikatglas, das gegen hohe Temperaturen und Korrosion best\u00e4ndig ist, die Sicherheitsstandards f\u00fcr den Kontakt mit Lebensmitteln erf\u00fcllt und hei\u00dfe Lebensmittel direkt aufnehmen kann, ohne dass sch\u00e4dliche Stoffe freigesetzt werden.<\/p>\n\n\n\n<p><strong>Luxuri\u00f6ses Aussehen<\/strong>: Der vergoldete Edelstahlrahmen mit exquisiten Retromustern wertet das Ambiente des Restaurants auf und eignet sich f\u00fcr gehobene Bankette, Buffets, Hochzeiten und \u00e4hnliche Veranstaltungen.<\/p>\n\n\n\n<p><strong>Gro\u00dfes Fassungsverm\u00f6gen:<\/strong> Der ovale Innenbeh\u00e4lter hat ein gro\u00dfes Fassungsverm\u00f6gen und bietet Platz f\u00fcr eine Vielzahl von Gerichten, um die Bed\u00fcrfnisse gro\u00dfer Gruppen zu befriedigen.<\/p>\n\n\n\n<p><strong>Benutzerfreundliche Details:<\/strong> Beidseitige Edelstahlgriffe verhindern Verbrennungen und erleichtern die Handhabung; der Edelstahlrahmen ist zur einfachen Reinigung abnehmbar; der verst\u00e4rkte Boden sorgt f\u00fcr eine stabile und sichere Aufstellung.<\/p>\n\n\n\n<p><strong>OEM\/ODM-Dienstleistungen f\u00fcr Buffetausr\u00fcstung<\/strong>: Individuelle Anpassung aus einer Hand, die das Aussehen, die Kapazit\u00e4tsspezifikationen, funktionale Upgrades und die Markenverpackung umfasst, um den Anforderungen von High-End-Catering-Szenarien gerecht zu werden.<\/p>\n<\/div>\n\n\n\n<div class=\"wp-block-column is-layout-flow wp-block-column-is-layout-flow\"><div class=\"wp-block-image\">\n<figure class=\"aligncenter size-full\"><img decoding=\"async\" width=\"800\" height=\"800\" src=\"https:\/\/www.billiondaysupplier.com\/wp-content\/uploads\/2026\/02\/chafing-13-1.webp\" alt=\"Chafing Dish Gro\u00dfhandelspreis\" class=\"wp-image-1778\" srcset=\"https:\/\/www.billiondaysupplier.com\/wp-content\/uploads\/2026\/02\/chafing-13-1.webp 800w, https:\/\/www.billiondaysupplier.com\/wp-content\/uploads\/2026\/02\/chafing-13-1-300x300.webp 300w, https:\/\/www.billiondaysupplier.com\/wp-content\/uploads\/2026\/02\/chafing-13-1-150x150.webp 150w, https:\/\/www.billiondaysupplier.com\/wp-content\/uploads\/2026\/02\/chafing-13-1-768x768.webp 768w, https:\/\/www.billiondaysupplier.com\/wp-content\/uploads\/2026\/02\/chafing-13-1-12x12.webp 12w, https:\/\/www.billiondaysupplier.com\/wp-content\/uploads\/2026\/02\/chafing-13-1-600x600.webp 600w, https:\/\/www.billiondaysupplier.com\/wp-content\/uploads\/2026\/02\/chafing-13-1-100x100.webp 100w\" sizes=\"(max-width: 800px) 100vw, 800px\" \/><\/figure>\n<\/div><\/div>\n<\/div>\n\n\n\n<div class=\"wp-block-columns is-layout-flex wp-container-core-columns-is-layout-9d6595d7 wp-block-columns-is-layout-flex\">\n<div class=\"wp-block-column is-layout-flow wp-block-column-is-layout-flow\">\n<figure class=\"wp-block-image size-full\"><img decoding=\"async\" width=\"800\" height=\"800\" src=\"https:\/\/www.billiondaysupplier.com\/wp-content\/uploads\/2026\/02\/chafing-12-1.webp\" alt=\"Chafing Dish Gro\u00dfhandelspreis\" class=\"wp-image-1777\" srcset=\"https:\/\/www.billiondaysupplier.com\/wp-content\/uploads\/2026\/02\/chafing-12-1.webp 800w, https:\/\/www.billiondaysupplier.com\/wp-content\/uploads\/2026\/02\/chafing-12-1-300x300.webp 300w, https:\/\/www.billiondaysupplier.com\/wp-content\/uploads\/2026\/02\/chafing-12-1-150x150.webp 150w, https:\/\/www.billiondaysupplier.com\/wp-content\/uploads\/2026\/02\/chafing-12-1-768x768.webp 768w, https:\/\/www.billiondaysupplier.com\/wp-content\/uploads\/2026\/02\/chafing-12-1-12x12.webp 12w, https:\/\/www.billiondaysupplier.com\/wp-content\/uploads\/2026\/02\/chafing-12-1-600x600.webp 600w, https:\/\/www.billiondaysupplier.com\/wp-content\/uploads\/2026\/02\/chafing-12-1-100x100.webp 100w\" sizes=\"(max-width: 800px) 100vw, 800px\" \/><\/figure>\n<\/div>\n\n\n\n<div class=\"wp-block-column is-layout-flow wp-block-column-is-layout-flow\">\n<figure class=\"wp-block-image size-full\"><img decoding=\"async\" width=\"800\" height=\"800\" src=\"https:\/\/www.billiondaysupplier.com\/wp-content\/uploads\/2026\/02\/chafing-14-1.webp\" alt=\"Chafing Dish Gro\u00dfhandelspreis\" class=\"wp-image-1779\" srcset=\"https:\/\/www.billiondaysupplier.com\/wp-content\/uploads\/2026\/02\/chafing-14-1.webp 800w, https:\/\/www.billiondaysupplier.com\/wp-content\/uploads\/2026\/02\/chafing-14-1-300x300.webp 300w, https:\/\/www.billiondaysupplier.com\/wp-content\/uploads\/2026\/02\/chafing-14-1-150x150.webp 150w, https:\/\/www.billiondaysupplier.com\/wp-content\/uploads\/2026\/02\/chafing-14-1-768x768.webp 768w, https:\/\/www.billiondaysupplier.com\/wp-content\/uploads\/2026\/02\/chafing-14-1-12x12.webp 12w, https:\/\/www.billiondaysupplier.com\/wp-content\/uploads\/2026\/02\/chafing-14-1-600x600.webp 600w, https:\/\/www.billiondaysupplier.com\/wp-content\/uploads\/2026\/02\/chafing-14-1-100x100.webp 100w\" sizes=\"(max-width: 800px) 100vw, 800px\" \/><\/figure>\n<\/div>\n<\/div>","protected":false},"excerpt":{"rendered":"<p>Ovale Chafing Dish mit hochwertigem vergoldetem Edelstahlrahmen, hitzebest\u00e4ndigem Glaseinsatz, ideal f\u00fcr Hotelbuffets, Bankette und Catering-Veranstaltungen. Buffet-Ausr\u00fcstung ODM\/OEM-Service ist verf\u00fcgbar. Kontaktieren Sie uns, um eine ma\u00dfgeschneiderte L\u00f6sung zu erhalten!<\/p>\n<h2>Parameter\uff1a Oval Chafing Dish<\/h2>\n<table border=\"0\" width=\"404\" cellspacing=\"0\" cellpadding=\"0\">\n<tbody>\n<tr>\n<td style=\"text-align: left;\" width=\"148\" height=\"24\"><strong>Material<\/strong><\/td>\n<td style=\"text-align: left;\" width=\"256\">Rostfreier Stahl 201, Eisen, Glas<\/td>\n<\/tr>\n<tr>\n<td style=\"text-align: left;\" height=\"69\"><strong>Farbe<\/strong><\/td>\n<td style=\"text-align: left;\" width=\"256\">Gold<\/td>\n<\/tr>\n<tr>\n<td style=\"text-align: left;\" height=\"24\"><strong>Heizmethode<\/strong><\/td>\n<td style=\"text-align: left;\">Brennstoff Heizung<\/td>\n<\/tr>\n<tr>\n<td style=\"text-align: left;\" height=\"24\"><strong>Kapazit\u00e4t3<\/strong><\/td>\n<td style=\"text-align: left;\">3L<\/td>\n<\/tr>\n<tr>\n<td style=\"text-align: left;\" height=\"92\"><strong>Merkmal<\/strong><\/td>\n<td style=\"text-align: left;\" width=\"256\">\n<p>1. Mit exquisitem Design<br \/>2. Ausgefallenes Hohlraumdesign<br \/>3. Stabiler, aufrechter Rahmen<\/p>\n<\/td>\n<\/tr>\n<tr>\n<td style=\"text-align: left;\" height=\"24\"><strong>Kundenspezifische Option<\/strong><\/td>\n<td style=\"text-align: left;\">Logo\/Farbe\/Gr\u00f6\u00dfe\/Verpackung\/Zubeh\u00f6r<\/td>\n<\/tr>\n<\/tbody>\n<\/table>","protected":false},"featured_media":1776,"comment_status":"closed","ping_status":"closed","template":"","meta":{"_acf_changed":false},"product_brand":[],"product_cat":[18],"product_tag":[],"class_list":{"0":"post-1767","1":"product","2":"type-product","3":"status-publish","4":"has-post-thumbnail","6":"product_cat-wholesale-chafing-dishes","8":"first","9":"instock","10":"shipping-taxable","11":"product-type-simple"},"acf":[],"_links":{"self":[{"href":"https:\/\/www.billiondaysupplier.com\/de\/wp-json\/wp\/v2\/product\/1767","targetHints":{"allow":["GET"]}}],"collection":[{"href":"https:\/\/www.billiondaysupplier.com\/de\/wp-json\/wp\/v2\/product"}],"about":[{"href":"https:\/\/www.billiondaysupplier.com\/de\/wp-json\/wp\/v2\/types\/product"}],"replies":[{"embeddable":true,"href":"https:\/\/www.billiondaysupplier.com\/de\/wp-json\/wp\/v2\/comments?post=1767"}],"wp:featuredmedia":[{"embeddable":true,"href":"https:\/\/www.billiondaysupplier.com\/de\/wp-json\/wp\/v2\/media\/1776"}],"wp:attachment":[{"href":"https:\/\/www.billiondaysupplier.com\/de\/wp-json\/wp\/v2\/media?parent=1767"}],"wp:term":[{"taxonomy":"product_brand","embeddable":true,"href":"https:\/\/www.billiondaysupplier.com\/de\/wp-json\/wp\/v2\/product_brand?post=1767"},{"taxonomy":"product_cat","embeddable":true,"href":"https:\/\/www.billiondaysupplier.com\/de\/wp-json\/wp\/v2\/product_cat?post=1767"},{"taxonomy":"product_tag","embeddable":true,"href":"https:\/\/www.billiondaysupplier.com\/de\/wp-json\/wp\/v2\/product_tag?post=1767"}],"curies":[{"name":"wp","href":"https:\/\/api.w.org\/{rel}","templated":true}]}}