{"id":1763,"date":"2026-03-02T07:25:07","date_gmt":"2026-03-02T07:25:07","guid":{"rendered":"https:\/\/www.billiondaysupplier.com\/?post_type=product&#038;p=1763"},"modified":"2026-03-02T07:27:13","modified_gmt":"2026-03-02T07:27:13","slug":"custom-chafing-dish-for-buffet","status":"publish","type":"product","link":"https:\/\/www.billiondaysupplier.com\/de\/product\/custom-chafing-dish-for-buffet\/","title":{"rendered":"Benutzerdefinierte Chafing Dish f\u00fcr Buffet, kommerzielle Speisenw\u00e4rmer Glaseinsatz f\u00fcr Hotel Lieferant"},"content":{"rendered":"<div class=\"wp-block-columns is-layout-flex wp-container-core-columns-is-layout-9d6595d7 wp-block-columns-is-layout-flex\">\n<div class=\"wp-block-column is-layout-flow wp-block-column-is-layout-flow\">\n<h2 class=\"wp-block-heading\">Eigenschaften des Chafing Dish f\u00fcr Buffet:<\/h2>\n\n\n\n<p><strong>Hochwertige, langlebige Konstruktion<\/strong>: Mit einem Rahmen aus vergoldetem Edelstahl und einem hitzebest\u00e4ndigen Glaseinsatz aus Borosilikat. Rostfrei, kratzfest und lebensmittelecht, entwickelt f\u00fcr den h\u00e4ufigen Gebrauch in Hotels, Banketten und Catering-Veranstaltungen.<\/p>\n\n\n\n<p><strong>M\u00fchelose Reinigung und Wartung<\/strong>: Glatter, nahtloser Glasinnenraum mit abnehmbarer Struktur. Fett und R\u00fcckst\u00e4nde lassen sich leicht absp\u00fclen, wodurch strenge Lebensmittelhygienestandards eingehalten und gleichzeitig die Reinigungskosten und der Arbeitsaufwand erheblich reduziert werden.<\/p>\n\n\n\n<p><strong>Kristallklare Sichtbarkeit<\/strong>: Der vollst\u00e4ndig transparente Glaseinsatz erm\u00f6glicht eine sofortige \u00dcberpr\u00fcfung des Lebensmittelzustands, ohne den Deckel abnehmen zu m\u00fcssen. Bringt Farbe und Textur der Speisen sch\u00f6n zur Geltung und minimiert gleichzeitig den W\u00e4rmeverlust, damit Geschmack und Frische erhalten bleiben.<\/p>\n\n\n\n<p><strong>Vielseitige Multi-Szenen-Anwendung<\/strong>: Das rechteckige Design mit gro\u00dfem Fassungsverm\u00f6gen eignet sich perfekt f\u00fcr Hotelbuffets, Bankettservice-Stationen, Catering im Freien und verschiedene gastronomische Umgebungen.<\/p>\n\n\n\n<p><strong>Direkte Anpassung ab Werk:<\/strong> ODM\/OEM-Dienstleistungen verf\u00fcgbar. Passen Sie Materialien, Abmessungen, Markenzeichen und Verpackungen an, um Ihre exklusive Foodservice-Ausr\u00fcstungsl\u00f6sung zu schaffen, die genau auf Ihre Spezifikationen zugeschnitten ist.<\/p>\n<\/div>\n\n\n\n<div class=\"wp-block-column is-layout-flow wp-block-column-is-layout-flow\"><div class=\"wp-block-image\">\n<figure class=\"aligncenter size-full\"><img decoding=\"async\" width=\"800\" height=\"800\" src=\"https:\/\/www.billiondaysupplier.com\/wp-content\/uploads\/2026\/02\/chafing-18.webp\" alt=\"Zubeh\u00f6r f\u00fcr Chafing Dishes\" class=\"wp-image-1764\" srcset=\"https:\/\/www.billiondaysupplier.com\/wp-content\/uploads\/2026\/02\/chafing-18.webp 800w, https:\/\/www.billiondaysupplier.com\/wp-content\/uploads\/2026\/02\/chafing-18-300x300.webp 300w, https:\/\/www.billiondaysupplier.com\/wp-content\/uploads\/2026\/02\/chafing-18-150x150.webp 150w, https:\/\/www.billiondaysupplier.com\/wp-content\/uploads\/2026\/02\/chafing-18-768x768.webp 768w, https:\/\/www.billiondaysupplier.com\/wp-content\/uploads\/2026\/02\/chafing-18-12x12.webp 12w, https:\/\/www.billiondaysupplier.com\/wp-content\/uploads\/2026\/02\/chafing-18-600x600.webp 600w, https:\/\/www.billiondaysupplier.com\/wp-content\/uploads\/2026\/02\/chafing-18-100x100.webp 100w\" sizes=\"(max-width: 800px) 100vw, 800px\" \/><\/figure>\n<\/div><\/div>\n<\/div>","protected":false},"excerpt":{"rendered":"<p>Individuelle Chafing Dish f\u00fcr das Buffet mit hochwertigem, vergoldetem Edelstahlrahmen, Einlage aus hochwertigem Borosilikatglas und lebensmittelechtem Material. Leicht zu reinigen, kristallklare Sicht und vielseitig einsetzbar f\u00fcr Hotels, Bankette und Catering. ODM\/OEM-Anpassung m\u00f6glich. Kontaktieren Sie uns f\u00fcr die exklusive Buffetl\u00f6sung!<\/p>\n<h2>Chafing Dish f\u00fcr Buffet Parameter\uff1a<\/h2>\n<table border=\"0\" width=\"404\" cellspacing=\"0\" cellpadding=\"0\">\n<tbody>\n<tr>\n<td style=\"text-align: left;\" width=\"148\" height=\"24\"><strong>Material<\/strong><\/td>\n<td style=\"text-align: left;\" width=\"256\">Rostfreier Stahl 201, Eisen, Glas<\/td>\n<\/tr>\n<tr>\n<td style=\"text-align: left;\" height=\"69\"><strong>Farbe<\/strong><\/td>\n<td style=\"text-align: left;\" width=\"256\">Gold<\/td>\n<\/tr>\n<tr>\n<td style=\"text-align: left;\" height=\"24\"><strong>Heizmethode<\/strong><\/td>\n<td style=\"text-align: left;\">Brennstoff Heizung<\/td>\n<\/tr>\n<tr>\n<td style=\"text-align: left;\" height=\"24\"><strong>Kapazit\u00e4t<\/strong><\/td>\n<td style=\"text-align: left;\">2L<\/td>\n<\/tr>\n<tr>\n<td style=\"text-align: left;\" height=\"92\"><strong>Merkmal<\/strong><\/td>\n<td style=\"text-align: left;\" width=\"256\">\n<p>1. Mit exquisitem Design<br \/>2. Ausgefallenes Hohlraumdesign<br \/>3. Stabiler, aufrechter Rahmen<\/p>\n<\/td>\n<\/tr>\n<tr>\n<td style=\"text-align: left;\" height=\"24\"><strong>Kundenspezifische Option<\/strong><\/td>\n<td style=\"text-align: left;\">Logo\/Farbe\/Gr\u00f6\u00dfe\/Verpackung\/Zubeh\u00f6r<\/td>\n<\/tr>\n<\/tbody>\n<\/table>","protected":false},"featured_media":1766,"comment_status":"closed","ping_status":"closed","template":"","meta":{"_acf_changed":true},"product_brand":[],"product_cat":[18],"product_tag":[],"class_list":{"0":"post-1763","1":"product","2":"type-product","3":"status-publish","4":"has-post-thumbnail","6":"product_cat-wholesale-chafing-dishes","8":"first","9":"instock","10":"shipping-taxable","11":"product-type-simple"},"acf":[],"_links":{"self":[{"href":"https:\/\/www.billiondaysupplier.com\/de\/wp-json\/wp\/v2\/product\/1763","targetHints":{"allow":["GET"]}}],"collection":[{"href":"https:\/\/www.billiondaysupplier.com\/de\/wp-json\/wp\/v2\/product"}],"about":[{"href":"https:\/\/www.billiondaysupplier.com\/de\/wp-json\/wp\/v2\/types\/product"}],"replies":[{"embeddable":true,"href":"https:\/\/www.billiondaysupplier.com\/de\/wp-json\/wp\/v2\/comments?post=1763"}],"wp:featuredmedia":[{"embeddable":true,"href":"https:\/\/www.billiondaysupplier.com\/de\/wp-json\/wp\/v2\/media\/1766"}],"wp:attachment":[{"href":"https:\/\/www.billiondaysupplier.com\/de\/wp-json\/wp\/v2\/media?parent=1763"}],"wp:term":[{"taxonomy":"product_brand","embeddable":true,"href":"https:\/\/www.billiondaysupplier.com\/de\/wp-json\/wp\/v2\/product_brand?post=1763"},{"taxonomy":"product_cat","embeddable":true,"href":"https:\/\/www.billiondaysupplier.com\/de\/wp-json\/wp\/v2\/product_cat?post=1763"},{"taxonomy":"product_tag","embeddable":true,"href":"https:\/\/www.billiondaysupplier.com\/de\/wp-json\/wp\/v2\/product_tag?post=1763"}],"curies":[{"name":"wp","href":"https:\/\/api.w.org\/{rel}","templated":true}]}}