{"id":1759,"date":"2026-03-02T06:18:47","date_gmt":"2026-03-02T06:18:47","guid":{"rendered":"https:\/\/www.billiondaysupplier.com\/?post_type=product&#038;p=1759"},"modified":"2026-03-02T06:20:45","modified_gmt":"2026-03-02T06:20:45","slug":"wholesale-chafing-dish-gold","status":"publish","type":"product","link":"https:\/\/www.billiondaysupplier.com\/de\/product\/wholesale-chafing-dish-gold\/","title":{"rendered":"Gro\u00dfhandel Chafing Dish Gold Edelstahl mit Glaseinsatz Quadrat Buffet Set Lieferant"},"content":{"rendered":"<div class=\"wp-block-columns is-layout-flex wp-container-core-columns-is-layout-9d6595d7 wp-block-columns-is-layout-flex\">\n<div class=\"wp-block-column is-layout-flow wp-block-column-is-layout-flow\">\n<h2 class=\"wp-block-heading\">Chafing Dish Gold Merkmale:<\/h2>\n\n\n\n<p><strong>Display mit transparentem Glasdeckel<\/strong>: Der vollst\u00e4ndig transparente Glasdeckel macht jedes Gericht zu einem visuellen Blickfang. Er bringt die Textur, die Farbe und die Frische der Speisen perfekt zur Geltung und steigert die Wahrnehmung der Kunden von der Servicequalit\u00e4t des Restaurants. Die G\u00e4ste k\u00f6nnen die Speisen schon vor der Verkostung begutachten, was ihren Appetit anregt und dem Essenserlebnis einen Hauch von Eleganz verleiht.<\/p>\n\n\n\n<p><strong>Hochwertige Materialien<\/strong>: Hergestellt aus hochfestem Glas und lebensmittelechtem Edelstahl, der den hohen Temperaturen von W\u00e4rmequellen standh\u00e4lt und einen langfristigen, effizienten Betrieb ohne leichte Besch\u00e4digung gew\u00e4hrleistet.<\/p>\n\n\n\n<p><strong>Vielseitige Anwendung:<\/strong> Ob f\u00fcr Bankette im Freien, Hotelbuffets oder Spezialit\u00e4tengerichte in Restaurants, dieser Speisenw\u00e4rmer kann das gesamte Speiseerlebnis verbessern.<\/p>\n\n\n\n<p><strong>Rutschfester Boden<\/strong>: Das Design erh\u00f6ht die Stabilit\u00e4t und Sicherheit beim Servieren und verhindert, dass die Teller auf glatten Oberfl\u00e4chen wie Banketttischen oder Arbeitsfl\u00e4chen versehentlich verrutschen oder umkippen, wodurch die Gefahr des Versch\u00fcttens von Lebensmitteln, des Zerbrechens und von Verbrennungen durch hei\u00dfe Speisen oder Flammen verringert wird. Dies ist besonders wichtig in belebten Restaurants, auf Buffets oder bei Veranstaltungen im Freien und gibt den Benutzern mehr Sicherheit.<\/p>\n<\/div>\n\n\n\n<div class=\"wp-block-column is-layout-flow wp-block-column-is-layout-flow\"><div class=\"wp-block-image\">\n<figure class=\"aligncenter size-full\"><img decoding=\"async\" width=\"800\" height=\"800\" src=\"https:\/\/www.billiondaysupplier.com\/wp-content\/uploads\/2026\/02\/chafing-13.webp\" alt=\"Hersteller von Chafing Dishes\" class=\"wp-image-1762\" srcset=\"https:\/\/www.billiondaysupplier.com\/wp-content\/uploads\/2026\/02\/chafing-13.webp 800w, https:\/\/www.billiondaysupplier.com\/wp-content\/uploads\/2026\/02\/chafing-13-300x300.webp 300w, https:\/\/www.billiondaysupplier.com\/wp-content\/uploads\/2026\/02\/chafing-13-150x150.webp 150w, https:\/\/www.billiondaysupplier.com\/wp-content\/uploads\/2026\/02\/chafing-13-768x768.webp 768w, https:\/\/www.billiondaysupplier.com\/wp-content\/uploads\/2026\/02\/chafing-13-12x12.webp 12w, https:\/\/www.billiondaysupplier.com\/wp-content\/uploads\/2026\/02\/chafing-13-600x600.webp 600w, https:\/\/www.billiondaysupplier.com\/wp-content\/uploads\/2026\/02\/chafing-13-100x100.webp 100w\" sizes=\"(max-width: 800px) 100vw, 800px\" \/><\/figure>\n<\/div><\/div>\n<\/div>\n\n\n\n<div class=\"wp-block-columns is-layout-flex wp-container-core-columns-is-layout-9d6595d7 wp-block-columns-is-layout-flex\">\n<div class=\"wp-block-column is-layout-flow wp-block-column-is-layout-flow\"><div class=\"wp-block-image\">\n<figure class=\"aligncenter size-full\"><img decoding=\"async\" width=\"800\" height=\"800\" src=\"https:\/\/www.billiondaysupplier.com\/wp-content\/uploads\/2026\/02\/chafing-14.webp\" alt=\"Hersteller von Chafing Dishes\" class=\"wp-image-1761\" srcset=\"https:\/\/www.billiondaysupplier.com\/wp-content\/uploads\/2026\/02\/chafing-14.webp 800w, https:\/\/www.billiondaysupplier.com\/wp-content\/uploads\/2026\/02\/chafing-14-300x300.webp 300w, https:\/\/www.billiondaysupplier.com\/wp-content\/uploads\/2026\/02\/chafing-14-150x150.webp 150w, https:\/\/www.billiondaysupplier.com\/wp-content\/uploads\/2026\/02\/chafing-14-768x768.webp 768w, https:\/\/www.billiondaysupplier.com\/wp-content\/uploads\/2026\/02\/chafing-14-12x12.webp 12w, https:\/\/www.billiondaysupplier.com\/wp-content\/uploads\/2026\/02\/chafing-14-600x600.webp 600w, https:\/\/www.billiondaysupplier.com\/wp-content\/uploads\/2026\/02\/chafing-14-100x100.webp 100w\" sizes=\"(max-width: 800px) 100vw, 800px\" \/><\/figure>\n<\/div><\/div>\n\n\n\n<div class=\"wp-block-column is-layout-flow wp-block-column-is-layout-flow\">\n<figure class=\"wp-block-image size-full\"><img decoding=\"async\" width=\"800\" height=\"800\" src=\"https:\/\/www.billiondaysupplier.com\/wp-content\/uploads\/2026\/02\/chafing-15.webp\" alt=\"Hersteller von Chafing Dishes\" class=\"wp-image-1760\" srcset=\"https:\/\/www.billiondaysupplier.com\/wp-content\/uploads\/2026\/02\/chafing-15.webp 800w, https:\/\/www.billiondaysupplier.com\/wp-content\/uploads\/2026\/02\/chafing-15-300x300.webp 300w, https:\/\/www.billiondaysupplier.com\/wp-content\/uploads\/2026\/02\/chafing-15-150x150.webp 150w, https:\/\/www.billiondaysupplier.com\/wp-content\/uploads\/2026\/02\/chafing-15-768x768.webp 768w, https:\/\/www.billiondaysupplier.com\/wp-content\/uploads\/2026\/02\/chafing-15-12x12.webp 12w, https:\/\/www.billiondaysupplier.com\/wp-content\/uploads\/2026\/02\/chafing-15-600x600.webp 600w, https:\/\/www.billiondaysupplier.com\/wp-content\/uploads\/2026\/02\/chafing-15-100x100.webp 100w\" sizes=\"(max-width: 800px) 100vw, 800px\" \/><\/figure>\n<\/div>\n<\/div>","protected":false},"excerpt":{"rendered":"<p>Unsere Gro\u00dfhandel Chafing Dish Gold kombiniert Retro durchbrochene Muster mit transparentem Glas, ideal f\u00fcr High-End-Bankette und Buffets. Fabrik direkte Versorgung mit kontrollierbaren Lieferzeiten. Kontaktieren Sie uns f\u00fcr ma\u00dfgeschneiderte L\u00f6sungen Gro\u00dfhandel!<\/p>\n<h2>Chafing Dish Gold Parameter\uff1a<\/h2>\n<table border=\"0\" width=\"404\" cellspacing=\"0\" cellpadding=\"0\">\n<tbody>\n<tr>\n<td style=\"text-align: left;\" width=\"148\" height=\"24\"><strong>Material<\/strong><\/td>\n<td style=\"text-align: left;\" width=\"256\">Rostfreier Stahl 201, Eisen, Glas<\/td>\n<\/tr>\n<tr>\n<td style=\"text-align: left;\" height=\"69\"><strong>Farbe<\/strong><\/td>\n<td style=\"text-align: left;\" width=\"256\">Gold<\/td>\n<\/tr>\n<tr>\n<td style=\"text-align: left;\" height=\"24\"><strong>Heizmethode<\/strong><\/td>\n<td style=\"text-align: left;\">Brennstoff Heizung<\/td>\n<\/tr>\n<tr>\n<td style=\"text-align: left;\" height=\"24\"><strong>Kapazit\u00e4t<\/strong><\/td>\n<td style=\"text-align: left;\">2L<\/td>\n<\/tr>\n<tr>\n<td style=\"text-align: left;\" height=\"92\"><strong>Merkmal<\/strong><\/td>\n<td style=\"text-align: left;\" width=\"256\">\n<p>1. Mit exquisitem Design<br \/>2. Ausgefallenes Hohlraumdesign<br \/>3. Stabiler, aufrechter Rahmen<\/p>\n<\/td>\n<\/tr>\n<tr>\n<td style=\"text-align: left;\" height=\"24\"><strong>Kundenspezifische Option<\/strong><\/td>\n<td style=\"text-align: left;\">Logo\/Farbe\/Gr\u00f6\u00dfe\/Verpackung\/Zubeh\u00f6r<\/td>\n<\/tr>\n<\/tbody>\n<\/table>","protected":false},"featured_media":1762,"comment_status":"closed","ping_status":"closed","template":"","meta":{"_acf_changed":true},"product_brand":[],"product_cat":[18],"product_tag":[],"class_list":{"0":"post-1759","1":"product","2":"type-product","3":"status-publish","4":"has-post-thumbnail","6":"product_cat-wholesale-chafing-dishes","8":"first","9":"instock","10":"shipping-taxable","11":"product-type-simple"},"acf":[],"_links":{"self":[{"href":"https:\/\/www.billiondaysupplier.com\/de\/wp-json\/wp\/v2\/product\/1759","targetHints":{"allow":["GET"]}}],"collection":[{"href":"https:\/\/www.billiondaysupplier.com\/de\/wp-json\/wp\/v2\/product"}],"about":[{"href":"https:\/\/www.billiondaysupplier.com\/de\/wp-json\/wp\/v2\/types\/product"}],"replies":[{"embeddable":true,"href":"https:\/\/www.billiondaysupplier.com\/de\/wp-json\/wp\/v2\/comments?post=1759"}],"wp:featuredmedia":[{"embeddable":true,"href":"https:\/\/www.billiondaysupplier.com\/de\/wp-json\/wp\/v2\/media\/1762"}],"wp:attachment":[{"href":"https:\/\/www.billiondaysupplier.com\/de\/wp-json\/wp\/v2\/media?parent=1759"}],"wp:term":[{"taxonomy":"product_brand","embeddable":true,"href":"https:\/\/www.billiondaysupplier.com\/de\/wp-json\/wp\/v2\/product_brand?post=1759"},{"taxonomy":"product_cat","embeddable":true,"href":"https:\/\/www.billiondaysupplier.com\/de\/wp-json\/wp\/v2\/product_cat?post=1759"},{"taxonomy":"product_tag","embeddable":true,"href":"https:\/\/www.billiondaysupplier.com\/de\/wp-json\/wp\/v2\/product_tag?post=1759"}],"curies":[{"name":"wp","href":"https:\/\/api.w.org\/{rel}","templated":true}]}}