{"id":1756,"date":"2026-03-02T08:19:18","date_gmt":"2026-03-02T08:19:18","guid":{"rendered":"https:\/\/www.billiondaysupplier.com\/?post_type=product&#038;p=1756"},"modified":"2026-03-02T08:21:25","modified_gmt":"2026-03-02T08:21:25","slug":"wholesale-chafer-chafing-dish","status":"publish","type":"product","link":"https:\/\/www.billiondaysupplier.com\/de\/product\/wholesale-chafer-chafing-dish\/","title":{"rendered":"Gro\u00dfhandel Chafer Chafing Dish, Premium Gold-Plated Buffet W\u00e4rmer mit Glas Liner Lieferant"},"content":{"rendered":"<div class=\"wp-block-columns is-layout-flex wp-container-core-columns-is-layout-9d6595d7 wp-block-columns-is-layout-flex\">\n<div class=\"wp-block-column is-layout-flow wp-block-column-is-layout-flow\">\n<h2 class=\"wp-block-heading\">Chafer Chafing Dish Merkmale:<\/h2>\n\n\n\n<p><strong class=\"\">Stabile vergoldete Halterung<\/strong>: Mit einem durchbrochenen, vergoldeten Edelstahlrahmen, der eine au\u00dfergew\u00f6hnliche Tragf\u00e4higkeit und strukturelle Stabilit\u00e4t aufweist. Zuverl\u00e4ssig f\u00fcr Buffet und Bankett, das exquisite florale Muster verleiht dem Ganzen optische Eleganz.<\/p>\n\n\n\n<p><strong>Vollkupfer-Abdeckung<\/strong>: Die hochwertige Vollkupferkonstruktion sorgt f\u00fcr ein hohes Gewicht und eine gleichm\u00e4\u00dfige W\u00e4rmeverteilung, wodurch die Temperatur und der Geschmack der Speisen effektiv erhalten bleiben. Das abgerundete Knaufdesign sorgt f\u00fcr m\u00fcheloses \u00d6ffnen und Schlie\u00dfen - purer Luxus in jedem Detail.<\/p>\n\n\n\n<p><strong class=\"\">Hoch Borosilikatglas-Becken<\/strong>: Die lebensmittelechte, hitzebest\u00e4ndige Glasabdeckung bietet eine kristallklare Sicht - Sie k\u00f6nnen den Zustand der Speisen \u00fcberpr\u00fcfen, ohne den Deckel abnehmen zu m\u00fcssen. Die glatte, nahtlose Oberfl\u00e4che sorgt f\u00fcr eine einfache Reinigung ohne tote Winkel und erf\u00fcllt strenge Lebensmittelsicherheitsstandards.<\/p>\n\n\n\n<p><strong>Anti-Verbr\u00fchungs-Griff<\/strong>: Ergonomisch gestaltete, verl\u00e4ngerte Seitengriffe bieten einen bequemen Griff und eine effektive W\u00e4rmeisolierung w\u00e4hrend des Transports. Verhindert Verbrennungen und erh\u00f6ht die Betriebssicherheit und den Komfort.<\/p>\n\n\n\n<p><strong>Hersteller Direktlieferung<\/strong>: Als Bezugsquelle f\u00fcr Buffetausr\u00fcstungen bietet Billion Day \u00e4u\u00dferst wettbewerbsf\u00e4hige Gro\u00dfhandelspreise mit umfassender ODM\/OEM-Anpassungsunterst\u00fctzung. Strenge Qualit\u00e4tskontrollen gew\u00e4hrleisten die Produktkonsistenz, w\u00e4hrend unsere ausgereifte Lieferkette eine p\u00fcnktliche Lieferung garantiert und stabile, zuverl\u00e4ssige Ausr\u00fcstungsl\u00f6sungen f\u00fcr Ihre Foodservice-Projekte bietet.<\/p>\n<\/div>\n\n\n\n<div class=\"wp-block-column is-layout-flow wp-block-column-is-layout-flow\"><div class=\"wp-block-image\">\n<figure class=\"aligncenter size-full\"><img decoding=\"async\" width=\"800\" height=\"800\" src=\"https:\/\/www.billiondaysupplier.com\/wp-content\/uploads\/2026\/02\/chafing-12.webp\" alt=\"Chafing Dish Porzellan\" class=\"wp-image-1757\" srcset=\"https:\/\/www.billiondaysupplier.com\/wp-content\/uploads\/2026\/02\/chafing-12.webp 800w, https:\/\/www.billiondaysupplier.com\/wp-content\/uploads\/2026\/02\/chafing-12-300x300.webp 300w, https:\/\/www.billiondaysupplier.com\/wp-content\/uploads\/2026\/02\/chafing-12-150x150.webp 150w, https:\/\/www.billiondaysupplier.com\/wp-content\/uploads\/2026\/02\/chafing-12-768x768.webp 768w, https:\/\/www.billiondaysupplier.com\/wp-content\/uploads\/2026\/02\/chafing-12-12x12.webp 12w, https:\/\/www.billiondaysupplier.com\/wp-content\/uploads\/2026\/02\/chafing-12-600x600.webp 600w, https:\/\/www.billiondaysupplier.com\/wp-content\/uploads\/2026\/02\/chafing-12-100x100.webp 100w\" sizes=\"(max-width: 800px) 100vw, 800px\" \/><\/figure>\n<\/div><\/div>\n<\/div>","protected":false},"excerpt":{"rendered":"<p data-pm-slice=\"1 1 []\">Gro\u00dfhandel Chafer Chafing Dish mit robusten vergoldeten Halterung, alle Kupferabdeckung, hitzebest\u00e4ndige Glasbecken und Anti-Verbr\u00fchungen Griffe, f\u00fcr Premium-Buffet Leistung gebaut. Wir bieten wettbewerbsf\u00e4hige Gro\u00dfhandelspreise, vollst\u00e4ndige ODM\/OEM-Anpassung, strenge Qualit\u00e4tskontrolle und p\u00fcnktliche Lieferung. Kontaktieren Sie uns, um Ihre ma\u00dfgeschneiderte Catering-L\u00f6sung zu erhalten!<\/p>\n<h2>Chafer Chafing Dish Parameter\uff1a<\/h2>\n<table border=\"0\" width=\"404\" cellspacing=\"0\" cellpadding=\"0\">\n<tbody>\n<tr>\n<td style=\"text-align: left;\" width=\"148\" height=\"24\"><strong>Material<\/strong><\/td>\n<td style=\"text-align: left;\" width=\"256\">Rostfreier Stahl 201, Eisen, Glas<\/td>\n<\/tr>\n<tr>\n<td style=\"text-align: left;\" height=\"69\"><strong>Farbe<\/strong><\/td>\n<td style=\"text-align: left;\" width=\"256\">Gold<\/td>\n<\/tr>\n<tr>\n<td style=\"text-align: left;\" height=\"24\"><strong>Heizmethode<\/strong><\/td>\n<td style=\"text-align: left;\">Brennstoff Heizung<\/td>\n<\/tr>\n<tr>\n<td style=\"text-align: left;\" height=\"24\"><strong>Kapazit\u00e4t<\/strong><\/td>\n<td style=\"text-align: left;\">2L<\/td>\n<\/tr>\n<tr>\n<td style=\"text-align: left;\" height=\"92\"><strong>Merkmal<\/strong><\/td>\n<td style=\"text-align: left;\" width=\"256\">\n<p>1. Mit exquisitem Design<br \/>2. Ausgefallenes Hohlraumdesign<br \/>3. Stabiler, aufrechter Rahmen<\/p>\n<\/td>\n<\/tr>\n<tr>\n<td style=\"text-align: left;\" height=\"24\"><strong>Kundenspezifische Option<\/strong><\/td>\n<td style=\"text-align: left;\">Logo\/Farbe\/Gr\u00f6\u00dfe\/Verpackung\/Zubeh\u00f6r<\/td>\n<\/tr>\n<\/tbody>\n<\/table>","protected":false},"featured_media":1757,"comment_status":"closed","ping_status":"closed","template":"","meta":{"_acf_changed":false},"product_brand":[],"product_cat":[18],"product_tag":[],"class_list":{"0":"post-1756","1":"product","2":"type-product","3":"status-publish","4":"has-post-thumbnail","6":"product_cat-wholesale-chafing-dishes","8":"first","9":"instock","10":"shipping-taxable","11":"product-type-simple"},"acf":[],"_links":{"self":[{"href":"https:\/\/www.billiondaysupplier.com\/de\/wp-json\/wp\/v2\/product\/1756","targetHints":{"allow":["GET"]}}],"collection":[{"href":"https:\/\/www.billiondaysupplier.com\/de\/wp-json\/wp\/v2\/product"}],"about":[{"href":"https:\/\/www.billiondaysupplier.com\/de\/wp-json\/wp\/v2\/types\/product"}],"replies":[{"embeddable":true,"href":"https:\/\/www.billiondaysupplier.com\/de\/wp-json\/wp\/v2\/comments?post=1756"}],"wp:featuredmedia":[{"embeddable":true,"href":"https:\/\/www.billiondaysupplier.com\/de\/wp-json\/wp\/v2\/media\/1757"}],"wp:attachment":[{"href":"https:\/\/www.billiondaysupplier.com\/de\/wp-json\/wp\/v2\/media?parent=1756"}],"wp:term":[{"taxonomy":"product_brand","embeddable":true,"href":"https:\/\/www.billiondaysupplier.com\/de\/wp-json\/wp\/v2\/product_brand?post=1756"},{"taxonomy":"product_cat","embeddable":true,"href":"https:\/\/www.billiondaysupplier.com\/de\/wp-json\/wp\/v2\/product_cat?post=1756"},{"taxonomy":"product_tag","embeddable":true,"href":"https:\/\/www.billiondaysupplier.com\/de\/wp-json\/wp\/v2\/product_tag?post=1756"}],"curies":[{"name":"wp","href":"https:\/\/api.w.org\/{rel}","templated":true}]}}