{"id":1716,"date":"2026-01-30T02:14:17","date_gmt":"2026-01-30T02:14:17","guid":{"rendered":"https:\/\/www.billiondaysupplier.com\/?post_type=product&#038;p=1716"},"modified":"2026-01-30T06:20:14","modified_gmt":"2026-01-30T06:20:14","slug":"wholesale-drink-dispenser","status":"publish","type":"product","link":"https:\/\/www.billiondaysupplier.com\/de\/product\/wholesale-drink-dispenser\/","title":{"rendered":"Gro\u00dfhandel Getr\u00e4nkespender Restaurant Versorgung, elegante Getr\u00e4nkespender Gold Edelstahl Lieferant"},"content":{"rendered":"<div class=\"wp-block-columns is-layout-flex wp-container-core-columns-is-layout-9d6595d7 wp-block-columns-is-layout-flex\">\n<div class=\"wp-block-column is-layout-flow wp-block-column-is-layout-flow\">\n<h2 class=\"wp-block-heading\">Gro\u00dfhandel Getr\u00e4nkespender Merkmale:<\/h2>\n\n\n\n<p><strong>Luxuri\u00f6ses und elegantes Design<\/strong>: Mit seinem goldverzierten Sockel, dem transparenten Beh\u00e4lter und der Metallplatte strahlt er Noblesse und Eleganz aus und eignet sich f\u00fcr verschiedene gehobene Bankette, Hotellobbys, Restaurants und andere Veranstaltungsorte, die den Gesamtstil des Raums aufwerten.<\/p>\n\n\n\n<p><strong>Vielseitige Kapazit\u00e4t<\/strong>: Erh\u00e4ltlich in ein- oder zweik\u00f6pfiger Ausf\u00fchrung, um den Bed\u00fcrfnissen der Getr\u00e4nkeversorgung in verschiedenen Szenarien gerecht zu werden. Die Einkopfausf\u00fchrung eignet sich f\u00fcr kleine Veranstaltungen, w\u00e4hrend die Doppelkopfausf\u00fchrung ideal f\u00fcr gro\u00dfe Veranstaltungen oder Anl\u00e4sse mit vielen Personen ist und die Effizienz verbessert.<\/p>\n\n\n\n<p><strong>Bequemes und pr\u00e4zises Dispensieren<\/strong>: Ausgestattet mit einem Zapfhahn zur einfachen Kontrolle des Getr\u00e4nkeflusses, der eine gleichm\u00e4\u00dfige Ausgabe gew\u00e4hrleistet und Tropfen und Verschwendung reduziert. Die Benutzer k\u00f6nnen einfach die richtige Menge an Getr\u00e4nken einschenken, um Verschwendung zu vermeiden.<\/p>\n\n\n\n<p><strong>Innenauskleidung aus lebensmittelechtem Edelstahl:<\/strong> Sicher, hygienisch, korrosionsbest\u00e4ndig und geruchsresistent, entspricht den Standards der kommerziellen Gastronomie und eignet sich f\u00fcr die Pr\u00e4sentation und den Ausschank verschiedener Getr\u00e4nke, einschlie\u00dflich S\u00e4fte, kalte Getr\u00e4nke und Tee.<\/p>\n\n\n\n<p><strong>Stabile und langlebige Struktur: <\/strong>Die verdickte Bodenkonstruktion sorgt f\u00fcr eine stabile Aufstellung und ist f\u00fcr den kommerziellen Hochfrequenzeinsatz geeignet.<\/p>\n\n\n\n<p><strong>OEM\/ODM-Anpassung wird unterst\u00fctzt: <\/strong>Anpassbare Farben, Galvanisierungseffekte, Logos und Verpackungen, um Marken- und Projektanforderungen zu erf\u00fcllen.<\/p>\n<\/div>\n\n\n\n<div class=\"wp-block-column is-layout-flow wp-block-column-is-layout-flow\">\n<figure class=\"wp-block-image size-full\"><img decoding=\"async\" width=\"800\" height=\"800\" src=\"https:\/\/www.billiondaysupplier.com\/wp-content\/uploads\/2026\/01\/beverage-dispenser-restaurant-supply3.webp\" alt=\"Getr\u00e4nkespender Gastronomiebedarf\" class=\"wp-image-1720\" srcset=\"https:\/\/www.billiondaysupplier.com\/wp-content\/uploads\/2026\/01\/beverage-dispenser-restaurant-supply3.webp 800w, https:\/\/www.billiondaysupplier.com\/wp-content\/uploads\/2026\/01\/beverage-dispenser-restaurant-supply3-300x300.webp 300w, https:\/\/www.billiondaysupplier.com\/wp-content\/uploads\/2026\/01\/beverage-dispenser-restaurant-supply3-150x150.webp 150w, https:\/\/www.billiondaysupplier.com\/wp-content\/uploads\/2026\/01\/beverage-dispenser-restaurant-supply3-768x768.webp 768w, https:\/\/www.billiondaysupplier.com\/wp-content\/uploads\/2026\/01\/beverage-dispenser-restaurant-supply3-12x12.webp 12w, https:\/\/www.billiondaysupplier.com\/wp-content\/uploads\/2026\/01\/beverage-dispenser-restaurant-supply3-600x600.webp 600w, https:\/\/www.billiondaysupplier.com\/wp-content\/uploads\/2026\/01\/beverage-dispenser-restaurant-supply3-100x100.webp 100w\" sizes=\"(max-width: 800px) 100vw, 800px\" \/><\/figure>\n<\/div>\n<\/div>","protected":false},"excerpt":{"rendered":"<p>Gro\u00dfhandels-Getr\u00e4nkespender mit einem eleganten hohlen Sockel, elegante Einzel- und Doppelkopf-Getr\u00e4nkespender mit goldenen Akzenten, ideal f\u00fcr Hotels und Buffets. Kundenspezifisches Branding verf\u00fcgbar. Kontaktieren Sie uns f\u00fcr Gro\u00dfhandelspreise.<\/p>\n<h2>Gro\u00dfhandel Getr\u00e4nke-Spender Parameter\uff1a<\/h2>\n<table width=\"378\">\n<tbody>\n<tr>\n<td width=\"155\">Material<\/td>\n<td width=\"223\">Rostfreier Stahl 201 + PC<\/td>\n<\/tr>\n<tr>\n<td>Farbe<\/td>\n<td width=\"223\">Gold<\/td>\n<\/tr>\n<tr>\n<td>Anzahl der Zapfstellen<\/td>\n<td>1, 2<\/td>\n<\/tr>\n<tr>\n<td>Kapazit\u00e4t<\/td>\n<td>8L\/16L<\/td>\n<\/tr>\n<tr>\n<td>Funktion<\/td>\n<td>Kalt- oder Hei\u00dfisolierung<\/td>\n<\/tr>\n<tr>\n<td>Merkmal<\/td>\n<td width=\"223\">\n<p>1. PC Schaufelk\u00f6rper<br \/>2. Wasserhahn aus rostfreiem Stahl<br \/>3. Isolierter Eiskern<br \/>4. Fancy Basis<\/p>\n<\/td>\n<\/tr>\n<tr>\n<td>Kundenspezifische Option<\/td>\n<td width=\"223\">Logo\/Farbe\/Gr\u00f6\u00dfe\/Verpackung\/Zubeh\u00f6r<\/td>\n<\/tr>\n<\/tbody>\n<\/table>","protected":false},"featured_media":1717,"comment_status":"closed","ping_status":"closed","template":"","meta":{"_acf_changed":true},"product_brand":[],"product_cat":[19],"product_tag":[],"class_list":{"0":"post-1716","1":"product","2":"type-product","3":"status-publish","4":"has-post-thumbnail","6":"product_cat-wholesale-beverage-dispenser","8":"first","9":"instock","10":"shipping-taxable","11":"product-type-simple"},"acf":[],"_links":{"self":[{"href":"https:\/\/www.billiondaysupplier.com\/de\/wp-json\/wp\/v2\/product\/1716","targetHints":{"allow":["GET"]}}],"collection":[{"href":"https:\/\/www.billiondaysupplier.com\/de\/wp-json\/wp\/v2\/product"}],"about":[{"href":"https:\/\/www.billiondaysupplier.com\/de\/wp-json\/wp\/v2\/types\/product"}],"replies":[{"embeddable":true,"href":"https:\/\/www.billiondaysupplier.com\/de\/wp-json\/wp\/v2\/comments?post=1716"}],"wp:featuredmedia":[{"embeddable":true,"href":"https:\/\/www.billiondaysupplier.com\/de\/wp-json\/wp\/v2\/media\/1717"}],"wp:attachment":[{"href":"https:\/\/www.billiondaysupplier.com\/de\/wp-json\/wp\/v2\/media?parent=1716"}],"wp:term":[{"taxonomy":"product_brand","embeddable":true,"href":"https:\/\/www.billiondaysupplier.com\/de\/wp-json\/wp\/v2\/product_brand?post=1716"},{"taxonomy":"product_cat","embeddable":true,"href":"https:\/\/www.billiondaysupplier.com\/de\/wp-json\/wp\/v2\/product_cat?post=1716"},{"taxonomy":"product_tag","embeddable":true,"href":"https:\/\/www.billiondaysupplier.com\/de\/wp-json\/wp\/v2\/product_tag?post=1716"}],"curies":[{"name":"wp","href":"https:\/\/api.w.org\/{rel}","templated":true}]}}