{"id":1709,"date":"2026-01-30T01:42:00","date_gmt":"2026-01-30T01:42:00","guid":{"rendered":"https:\/\/www.billiondaysupplier.com\/?post_type=product&#038;p=1709"},"modified":"2026-01-30T02:18:26","modified_gmt":"2026-01-30T02:18:26","slug":"wholesale-plastic-plates","status":"publish","type":"product","link":"https:\/\/www.billiondaysupplier.com\/de\/product\/wholesale-plastic-plates\/","title":{"rendered":"Gro\u00dfhandel Kunststoffplatten Abendessen Luxus Gold gerahmt Charger Platten Silber Gold f\u00fcr Buffet"},"content":{"rendered":"<div class=\"wp-block-columns is-layout-flex wp-container-core-columns-is-layout-9d6595d7 wp-block-columns-is-layout-flex\">\n<div class=\"wp-block-column is-layout-flow wp-block-column-is-layout-flow\">\n<h2 class=\"wp-block-heading\">Gro\u00dfhandel Plastic Plates Merkmale:<\/h2>\n\n\n\n<p><strong>Optimale Gr\u00f6\u00dfe und Stabilit\u00e4t<\/strong>: Mit einem Durchmesser von 33 cm bietet der Teller reichlich Platz zum Servieren, w\u00e4hrend sein erh\u00f6hter, geriffelter Rand verhindert, dass Speisen abrutschen. Die 1015 g leichte Konstruktion sorgt f\u00fcr eine einfache Handhabung, w\u00e4hrend der robuste Kunststoffboden f\u00fcr Stabilit\u00e4t auf jedem Tisch oder jeder Arbeitsplatte sorgt.<\/p>\n\n\n\n<p><strong>3cm tiefes Design<\/strong>: Mit einem Durchmesser von 33 cm bietet er reichlich Platz f\u00fcr den Nachmittagstee, Aufschnittplatten oder Desserts. Ideal f\u00fcr glasiertes Geb\u00e4ck, k\u00f6stliche Vorspeisen und delikate Leckereien, damit Sie Ihre Teller sauber und professionell anrichten k\u00f6nnen.<\/p>\n\n\n\n<p><strong>Zeitloses zweifarbiges Finish<\/strong>: Erh\u00e4ltlich in klassischem Gold und Silber, das sowohl zu modernen, glamour\u00f6sen als auch traditionellen Einrichtungen passt. Die neutrale Farbpalette eignet sich perfekt f\u00fcr den Einsatz zu Hause, im Event-Catering oder in gehobenen Restaurants.<\/p>\n\n\n\n<p><strong>3D Baumrinde Textur<\/strong>: Die Teller verf\u00fcgen \u00fcber eine 3D-Baumrindenstruktur mit einem nat\u00fcrlichen und dynamischen Muster, das einen \"vertr\u00e4umten und wundersch\u00f6nen\" visuellen Effekt erzeugt und die Monotonie der traditionellen Teller durchbricht. Wenn sie gestapelt werden, entsteht eine einzigartige, geschichtete \u00c4sthetik, die leicht zum \"Gesicht\" des Buffetbereichs wird und das Ambiente des Restaurants aufwertet.<\/p>\n\n\n\n<p><strong>Sicheres und langlebiges Material<\/strong>: Aus ausgew\u00e4hltem lebensmittelechtem Kunststoff hergestellt, ist die Fall- und Rissfestigkeit besser als bei herk\u00f6mmlichen Keramik-\/Glasplatten. Durch h\u00e4ufiges Waschen und Stapeln wird das Bruchrisiko verringert, was die Abfallkosten erheblich senkt.<\/p>\n\n\n\n<p><strong>Leicht zu reinigen:<\/strong> Die glatte Oberfl\u00e4che ist leicht zu reinigen; \u00d6lflecken lassen sich leicht abwischen und erf\u00fcllen die Anforderungen an die h\u00e4ufige Reinigung von Buffets.<\/p>\n\n\n\n<p><strong>Flexible Anpassung an den Markenton<\/strong>: Unterst\u00fctzt den Logodruck, die Gr\u00f6\u00dfenanpassung und die Feinabstimmung von Texturen\/Farben (wie z. B. benutzerdefinierte radiale Gold-\/Silbergrau-Texturen, Baumrindenschattierungen usw., die zum Thema des Restaurants passen) und hilft Unternehmen, exklusive Teller zu erstellen und die Markenerinnerung zu st\u00e4rken.<\/p>\n<\/div>\n\n\n\n<div class=\"wp-block-column is-layout-flow wp-block-column-is-layout-flow\">\n<figure class=\"wp-block-image size-full\"><img decoding=\"async\" width=\"800\" height=\"800\" src=\"https:\/\/www.billiondaysupplier.com\/wp-content\/uploads\/2026\/01\/buffet-table-accessories1.webp\" alt=\"Buffet Tisch Zubeh\u00f6r\" class=\"wp-image-1711\" srcset=\"https:\/\/www.billiondaysupplier.com\/wp-content\/uploads\/2026\/01\/buffet-table-accessories1.webp 800w, https:\/\/www.billiondaysupplier.com\/wp-content\/uploads\/2026\/01\/buffet-table-accessories1-300x300.webp 300w, https:\/\/www.billiondaysupplier.com\/wp-content\/uploads\/2026\/01\/buffet-table-accessories1-150x150.webp 150w, https:\/\/www.billiondaysupplier.com\/wp-content\/uploads\/2026\/01\/buffet-table-accessories1-768x768.webp 768w, https:\/\/www.billiondaysupplier.com\/wp-content\/uploads\/2026\/01\/buffet-table-accessories1-12x12.webp 12w, https:\/\/www.billiondaysupplier.com\/wp-content\/uploads\/2026\/01\/buffet-table-accessories1-600x600.webp 600w, https:\/\/www.billiondaysupplier.com\/wp-content\/uploads\/2026\/01\/buffet-table-accessories1-100x100.webp 100w\" sizes=\"(max-width: 800px) 100vw, 800px\" \/><\/figure>\n<\/div>\n<\/div>","protected":false},"excerpt":{"rendered":"<p>Die Kunststoffteller von Billion Day haben ein 3D-Baumstruktur-Design, das die Qualit\u00e4t von Buffet-Mahlzeiten insgesamt verbessert. Sie sind verschlei\u00dffest, leicht zu reinigen und eignen sich f\u00fcr Hotels, Bankette, Restaurants und verschiedene Buffet-Einrichtungen. Gr\u00f6\u00dfen, Farben und Logos k\u00f6nnen individuell angepasst werden, um Ihrem Markenimage zu entsprechen. Wir bieten Ihnen stabile Mengen, wettbewerbsf\u00e4hige Gro\u00dfhandelspreise und p\u00fcnktliche Lieferung. Kontaktieren Sie uns f\u00fcr ein kostenloses Angebot und Muster!<\/p>\n<h2>Gro\u00dfhandel Kunststoff-Platten Parameter:<\/h2>\n<table style=\"height: 252px;\" width=\"378\">\n<tbody>\n<tr>\n<td style=\"text-align: left;\" width=\"155\">Material<\/td>\n<td style=\"text-align: left;\" width=\"223\">Kunststoff<\/td>\n<\/tr>\n<tr>\n<td style=\"text-align: left;\" width=\"155\">Farbe<\/td>\n<td style=\"text-align: left;\" width=\"223\">Silber \/ Gold<\/td>\n<\/tr>\n<tr>\n<td style=\"text-align: left;\">Merkmal<\/td>\n<td style=\"text-align: left;\" width=\"223\">\n<ul>\n<li>Morden Luxus<\/li>\n<li>Erh\u00e4ltlich in Gold oder Silber<\/li>\n<\/ul>\n<\/td>\n<\/tr>\n<tr>\n<td style=\"text-align: left;\" width=\"155\">Kundenspezifische Option<\/td>\n<td style=\"text-align: left;\" width=\"223\">Logo\/Farbe\/Gr\u00f6\u00dfe\/Verpackung\/Zubeh\u00f6r<\/td>\n<\/tr>\n<\/tbody>\n<\/table>","protected":false},"featured_media":1710,"comment_status":"closed","ping_status":"closed","template":"","meta":{"_acf_changed":false},"product_brand":[],"product_cat":[23],"product_tag":[],"class_list":{"0":"post-1709","1":"product","2":"type-product","3":"status-publish","4":"has-post-thumbnail","6":"product_cat-wholesale-buffet-accessories","8":"first","9":"instock","10":"shipping-taxable","11":"product-type-simple"},"acf":[],"_links":{"self":[{"href":"https:\/\/www.billiondaysupplier.com\/de\/wp-json\/wp\/v2\/product\/1709","targetHints":{"allow":["GET"]}}],"collection":[{"href":"https:\/\/www.billiondaysupplier.com\/de\/wp-json\/wp\/v2\/product"}],"about":[{"href":"https:\/\/www.billiondaysupplier.com\/de\/wp-json\/wp\/v2\/types\/product"}],"replies":[{"embeddable":true,"href":"https:\/\/www.billiondaysupplier.com\/de\/wp-json\/wp\/v2\/comments?post=1709"}],"wp:featuredmedia":[{"embeddable":true,"href":"https:\/\/www.billiondaysupplier.com\/de\/wp-json\/wp\/v2\/media\/1710"}],"wp:attachment":[{"href":"https:\/\/www.billiondaysupplier.com\/de\/wp-json\/wp\/v2\/media?parent=1709"}],"wp:term":[{"taxonomy":"product_brand","embeddable":true,"href":"https:\/\/www.billiondaysupplier.com\/de\/wp-json\/wp\/v2\/product_brand?post=1709"},{"taxonomy":"product_cat","embeddable":true,"href":"https:\/\/www.billiondaysupplier.com\/de\/wp-json\/wp\/v2\/product_cat?post=1709"},{"taxonomy":"product_tag","embeddable":true,"href":"https:\/\/www.billiondaysupplier.com\/de\/wp-json\/wp\/v2\/product_tag?post=1709"}],"curies":[{"name":"wp","href":"https:\/\/api.w.org\/{rel}","templated":true}]}}