{"id":1695,"date":"2026-02-27T07:34:23","date_gmt":"2026-02-27T07:34:23","guid":{"rendered":"https:\/\/www.billiondaysupplier.com\/?post_type=product&#038;p=1695"},"modified":"2026-02-27T07:36:53","modified_gmt":"2026-02-27T07:36:53","slug":"custom-electric-chafing-dish-buffet-set","status":"publish","type":"product","link":"https:\/\/www.billiondaysupplier.com\/de\/product\/custom-electric-chafing-dish-buffet-set\/","title":{"rendered":"Individuelles elektrisches Chafing Dish Buffet Set, rechteckiger Speisenw\u00e4rmer mit Griff in Bulk"},"content":{"rendered":"<div class=\"wp-block-columns is-layout-flex wp-container-core-columns-is-layout-9d6595d7 wp-block-columns-is-layout-flex\">\n<div class=\"wp-block-column is-layout-flow wp-block-column-is-layout-flow\">\n<h2 class=\"wp-block-heading\">Elektrisches Chafing Dish Buffet Set Eigenschaften:<\/h2>\n\n\n\n<p><strong>Hochglanzpolitur<\/strong>: Die glatte, gl\u00e4nzende Oberfl\u00e4che verbessert die \u00c4sthetik und ist gleichzeitig leicht zu reinigen. Sie sorgt f\u00fcr ein lang anhaltendes, makelloses Aussehen - ideal f\u00fcr gehobene Veranstaltungen und gehobene Gastronomie.<\/p>\n\n\n\n<p><strong>Langlebiges Material<\/strong>: Diese Chafing Dish ist aus hochwertigem Edelstahl 304 gefertigt und zeichnet sich durch eine lange Lebensdauer und eine hervorragende Best\u00e4ndigkeit gegen Kratzer, Flecken, hohe Temperaturen und Korrosion aus. Seine lebensmittelechte Zusammensetzung garantiert einen sicheren Kontakt mit allen Arten von Speisen und macht ihn zu einer zuverl\u00e4ssigen Wahl f\u00fcr den t\u00e4glichen Einsatz in der Gastronomie.<\/p>\n\n\n\n<p><strong>Elektrische Heizung<\/strong>: Mit einem fortschrittlichen elektrischen Heizsystem heizt er schnell auf die gew\u00fcnschte Temperatur auf und h\u00e4lt die Temperatur konstant, so dass er sowohl energieeffizient als auch hocheffizient ist.<\/p>\n\n\n\n<p><strong>Transparenter Glasdeckel: <\/strong>Der kristallklare Glasdeckel bietet einen ungehinderten Blick auf die kulinarischen K\u00f6stlichkeiten und verbessert die Pr\u00e4sentation, w\u00e4hrend er gleichzeitig W\u00e4rme und Feuchtigkeit einschlie\u00dft, um die Temperatur und Frische der Lebensmittel zu erhalten.<\/p>\n\n\n\n<p><strong>Hydraulische Scharnierkonstruktion<\/strong>: Es erm\u00f6glicht ein sanftes und leises \u00d6ffnen und Schlie\u00dfen und verleiht Ihrem Service einen Hauch von Raffinesse.<\/p>\n\n\n\n<p><strong>Fabrik Direktlieferung: <\/strong>Durch die Lieferung aus der Fabrik von Billion Day garantieren wir hohe Qualit\u00e4t zu wettbewerbsf\u00e4higen Preisen. Wir bieten auch OEM\/ODM-Dienste an.<\/p>\n<\/div>\n\n\n\n<div class=\"wp-block-column is-layout-flow wp-block-column-is-layout-flow\">\n<figure class=\"wp-block-image size-full\"><img decoding=\"async\" width=\"800\" height=\"800\" src=\"https:\/\/www.billiondaysupplier.com\/wp-content\/uploads\/2026\/01\/restaurant-supply-chafing-dishes3.webp\" alt=\"Restaurant Versorgung Chafing Gerichte\" class=\"wp-image-1699\" srcset=\"https:\/\/www.billiondaysupplier.com\/wp-content\/uploads\/2026\/01\/restaurant-supply-chafing-dishes3.webp 800w, https:\/\/www.billiondaysupplier.com\/wp-content\/uploads\/2026\/01\/restaurant-supply-chafing-dishes3-300x300.webp 300w, https:\/\/www.billiondaysupplier.com\/wp-content\/uploads\/2026\/01\/restaurant-supply-chafing-dishes3-150x150.webp 150w, https:\/\/www.billiondaysupplier.com\/wp-content\/uploads\/2026\/01\/restaurant-supply-chafing-dishes3-768x768.webp 768w, https:\/\/www.billiondaysupplier.com\/wp-content\/uploads\/2026\/01\/restaurant-supply-chafing-dishes3-12x12.webp 12w, https:\/\/www.billiondaysupplier.com\/wp-content\/uploads\/2026\/01\/restaurant-supply-chafing-dishes3-600x600.webp 600w, https:\/\/www.billiondaysupplier.com\/wp-content\/uploads\/2026\/01\/restaurant-supply-chafing-dishes3-100x100.webp 100w\" sizes=\"(max-width: 800px) 100vw, 800px\" \/><\/figure>\n<\/div>\n<\/div>","protected":false},"excerpt":{"rendered":"<p>Upgrade Buffet mit unseren benutzerdefinierten elektrischen Chafing Dish Buffet-Set, mit Premium-Edelstahl 304, Hochglanz, elektrische Heizung und hydraulische Glasdeckel, geeignet f\u00fcr eine Vielzahl von Szenarien Essen. Anpassung sind avaliable, mit wettbewerbsf\u00e4higen Gro\u00dfhandelspreisen. Kontaktieren Sie uns f\u00fcr ein Angebot.<\/p>\n<h2>Elektrische Chafing Dish Buffet Set Parameter\uff1a<\/h2>\n<table border=\"0\" width=\"404\" cellspacing=\"0\" cellpadding=\"0\">\n<tbody>\n<tr>\n<td style=\"text-align: left;\" width=\"148\" height=\"24\"><strong>Material<\/strong><\/td>\n<td style=\"text-align: left;\" width=\"256\">Rostfreier Stahl 304<\/td>\n<\/tr>\n<tr>\n<td style=\"text-align: left;\" height=\"69\"><strong>Farbe<\/strong><\/td>\n<td style=\"text-align: left;\" width=\"256\">Gold\/Halbgold\/Silber\/Akzeptieren von Kundenw\u00fcnschen<\/td>\n<\/tr>\n<tr>\n<td style=\"text-align: left;\" height=\"24\"><strong>Heizmethode<\/strong><\/td>\n<td style=\"text-align: left;\">Elektrische Heizung<\/td>\n<\/tr>\n<tr>\n<td style=\"text-align: left;\" height=\"24\"><strong>Kapazit\u00e4t<\/strong><\/td>\n<td style=\"text-align: left;\">9.0L<\/td>\n<\/tr>\n<tr>\n<td style=\"text-align: left;\" height=\"92\"><strong>Merkmal<\/strong><\/td>\n<td style=\"text-align: left;\" width=\"256\">1. Hydraulischer Deckel mit Glasfenster<br \/>2. Hochglanzpolierte abgerundete Kanten<br \/>3. Stabiler, aufrechter Rahmen<\/td>\n<\/tr>\n<tr>\n<td style=\"text-align: left;\" height=\"24\"><strong>Kundenspezifische Option<\/strong><\/td>\n<td style=\"text-align: left;\">Logo\/Farbe\/Gr\u00f6\u00dfe\/Verpackung\/Zubeh\u00f6r<\/td>\n<\/tr>\n<\/tbody>\n<\/table>","protected":false},"featured_media":1696,"comment_status":"closed","ping_status":"closed","template":"","meta":{"_acf_changed":false},"product_brand":[],"product_cat":[18],"product_tag":[],"class_list":{"0":"post-1695","1":"product","2":"type-product","3":"status-publish","4":"has-post-thumbnail","6":"product_cat-wholesale-chafing-dishes","8":"first","9":"instock","10":"shipping-taxable","11":"product-type-simple"},"acf":[],"_links":{"self":[{"href":"https:\/\/www.billiondaysupplier.com\/de\/wp-json\/wp\/v2\/product\/1695","targetHints":{"allow":["GET"]}}],"collection":[{"href":"https:\/\/www.billiondaysupplier.com\/de\/wp-json\/wp\/v2\/product"}],"about":[{"href":"https:\/\/www.billiondaysupplier.com\/de\/wp-json\/wp\/v2\/types\/product"}],"replies":[{"embeddable":true,"href":"https:\/\/www.billiondaysupplier.com\/de\/wp-json\/wp\/v2\/comments?post=1695"}],"wp:featuredmedia":[{"embeddable":true,"href":"https:\/\/www.billiondaysupplier.com\/de\/wp-json\/wp\/v2\/media\/1696"}],"wp:attachment":[{"href":"https:\/\/www.billiondaysupplier.com\/de\/wp-json\/wp\/v2\/media?parent=1695"}],"wp:term":[{"taxonomy":"product_brand","embeddable":true,"href":"https:\/\/www.billiondaysupplier.com\/de\/wp-json\/wp\/v2\/product_brand?post=1695"},{"taxonomy":"product_cat","embeddable":true,"href":"https:\/\/www.billiondaysupplier.com\/de\/wp-json\/wp\/v2\/product_cat?post=1695"},{"taxonomy":"product_tag","embeddable":true,"href":"https:\/\/www.billiondaysupplier.com\/de\/wp-json\/wp\/v2\/product_tag?post=1695"}],"curies":[{"name":"wp","href":"https:\/\/api.w.org\/{rel}","templated":true}]}}