{"id":1679,"date":"2026-02-02T10:30:02","date_gmt":"2026-02-02T10:30:02","guid":{"rendered":"https:\/\/www.billiondaysupplier.com\/?post_type=product&#038;p=1679"},"modified":"2026-02-02T10:31:56","modified_gmt":"2026-02-02T10:31:56","slug":"custom-chafing-dish-round","status":"publish","type":"product","link":"https:\/\/www.billiondaysupplier.com\/de\/product\/custom-chafing-dish-round\/","title":{"rendered":"Benutzerdefinierte Chafing Dish Runde, Edelstahl Food Warmer f\u00fcr Party Restaurant Silber in Bulk"},"content":{"rendered":"<div class=\"wp-block-columns is-layout-flex wp-container-core-columns-is-layout-9d6595d7 wp-block-columns-is-layout-flex\">\n<div class=\"wp-block-column is-layout-flow wp-block-column-is-layout-flow\">\n<h2 class=\"wp-block-heading\">Chafing Dish Rund Merkmale:<\/h2>\n\n\n\n<p><strong>Effizient und energiesparend<\/strong>: Das hocheffiziente integrierte Heizelement sorgt f\u00fcr schnelle Aufheizzeiten und eine gleichm\u00e4\u00dfige W\u00e4rmeverteilung und senkt so die Betriebskosten in der Gro\u00dfk\u00fcche.<\/p>\n\n\n\n<p><strong>Langlebiger Edelstahl in Lebensmittelqualit\u00e4t<\/strong>: Hergestellt aus hochwertigem, korrosionsbest\u00e4ndigem Edelstahl, der den strengen Anforderungen in stark frequentierten gewerblichen Umgebungen standh\u00e4lt.<\/p>\n\n\n\n<p><strong>Pr\u00e4zise Temperaturregelung:<\/strong> Ausgestattet mit einem digitalen Touch-Control-Bedienfeld zur pr\u00e4zisen Temperatureinstellung, das sicherstellt, dass die Speisen die ideale Serviertemperatur haben, ohne zu \u00fcberkochen.<\/p>\n\n\n\n<p><strong>Elegante visuelle Pr\u00e4sentation<\/strong>: Mit einem Sichtfenster aus geh\u00e4rtetem Glas und einem ger\u00e4uscharmen hydraulischen Scharnier, durch das die G\u00e4ste die Speisen gut sehen k\u00f6nnen und das gleichzeitig f\u00fcr eine erstklassige, ruhige Essatmosph\u00e4re sorgt.<\/p>\n\n\n\n<p><strong>Ma\u00dfgeschneiderte Dienstleistungen:<\/strong> Wir k\u00f6nnen die Gr\u00f6\u00dfe, die Form und das Design von Edelstahlgrills an Ihr Restaurant, Hotel oder Buffet anpassen.<\/p>\n<\/div>\n\n\n\n<div class=\"wp-block-column is-layout-flow wp-block-column-is-layout-flow\">\n<figure class=\"wp-block-image size-full\"><img decoding=\"async\" width=\"800\" height=\"800\" src=\"https:\/\/www.billiondaysupplier.com\/wp-content\/uploads\/2026\/01\/restaurant.webp\" alt=\"Restaurantbedarf Chafing Dishes\" class=\"wp-image-1681\" srcset=\"https:\/\/www.billiondaysupplier.com\/wp-content\/uploads\/2026\/01\/restaurant.webp 800w, https:\/\/www.billiondaysupplier.com\/wp-content\/uploads\/2026\/01\/restaurant-300x300.webp 300w, https:\/\/www.billiondaysupplier.com\/wp-content\/uploads\/2026\/01\/restaurant-150x150.webp 150w, https:\/\/www.billiondaysupplier.com\/wp-content\/uploads\/2026\/01\/restaurant-768x768.webp 768w, https:\/\/www.billiondaysupplier.com\/wp-content\/uploads\/2026\/01\/restaurant-12x12.webp 12w, https:\/\/www.billiondaysupplier.com\/wp-content\/uploads\/2026\/01\/restaurant-600x600.webp 600w, https:\/\/www.billiondaysupplier.com\/wp-content\/uploads\/2026\/01\/restaurant-100x100.webp 100w\" sizes=\"(max-width: 800px) 100vw, 800px\" \/><\/figure>\n<\/div>\n<\/div>","protected":false},"excerpt":{"rendered":"<p>Der runde Chafing Dish von Billion Day ist aus rostfreiem Stahl gefertigt, verf\u00fcgt \u00fcber ein pr\u00e4zises CNC-Bedienfeld, einen Klarglasdeckel, eine effiziente Heizung und ein individuelles Design. Gro\u00dfbestellungen sind willkommen. Kontaktieren Sie uns, um hochwertige L\u00f6sungen f\u00fcr die Buffetausstattung zu erhalten.<\/p>\n<h2>Chafing Dish Runde Parameter\uff1a<\/h2>\n<table border=\"0\" width=\"404\" cellspacing=\"0\" cellpadding=\"0\">\n<tbody>\n<tr>\n<td style=\"text-align: left;\" width=\"148\" height=\"24\"><strong>Material<\/strong><\/td>\n<td style=\"text-align: left;\" width=\"256\">Rostfreier Stahl 201<\/td>\n<\/tr>\n<tr>\n<td style=\"text-align: left;\" height=\"69\"><strong>Farbe<\/strong><\/td>\n<td style=\"text-align: left;\" width=\"256\">Silber\/Akzeptiere kundenspezifisch<\/td>\n<\/tr>\n<tr>\n<td style=\"text-align: left;\" height=\"24\"><strong>Heizmethode<\/strong><\/td>\n<td style=\"text-align: left;\">Elektrische Heizung<\/td>\n<\/tr>\n<tr>\n<td style=\"text-align: left;\" height=\"24\"><strong>Kapazit\u00e4t<\/strong><\/td>\n<td style=\"text-align: left;\">6.0L<\/td>\n<\/tr>\n<tr>\n<td style=\"text-align: left;\" height=\"92\"><strong>Merkmal<\/strong><\/td>\n<td style=\"text-align: left;\" width=\"256\">1. Hydraulischer Deckel mit Glasfenster<br \/>2. Hochglanzpolierte abgerundete Kanten<br \/>3. Stabiler, aufrechter Rahmen<\/td>\n<\/tr>\n<tr>\n<td style=\"text-align: left;\" height=\"24\"><strong>Kundenspezifische Option<\/strong><\/td>\n<td style=\"text-align: left;\">Logo\/Farbe\/Gr\u00f6\u00dfe\/Verpackung\/Zubeh\u00f6r<\/td>\n<\/tr>\n<\/tbody>\n<\/table>","protected":false},"featured_media":1680,"comment_status":"closed","ping_status":"closed","template":"","meta":{"_acf_changed":false},"product_brand":[],"product_cat":[18],"product_tag":[],"class_list":{"0":"post-1679","1":"product","2":"type-product","3":"status-publish","4":"has-post-thumbnail","6":"product_cat-wholesale-chafing-dishes","8":"first","9":"instock","10":"shipping-taxable","11":"product-type-simple"},"acf":[],"_links":{"self":[{"href":"https:\/\/www.billiondaysupplier.com\/de\/wp-json\/wp\/v2\/product\/1679","targetHints":{"allow":["GET"]}}],"collection":[{"href":"https:\/\/www.billiondaysupplier.com\/de\/wp-json\/wp\/v2\/product"}],"about":[{"href":"https:\/\/www.billiondaysupplier.com\/de\/wp-json\/wp\/v2\/types\/product"}],"replies":[{"embeddable":true,"href":"https:\/\/www.billiondaysupplier.com\/de\/wp-json\/wp\/v2\/comments?post=1679"}],"wp:featuredmedia":[{"embeddable":true,"href":"https:\/\/www.billiondaysupplier.com\/de\/wp-json\/wp\/v2\/media\/1680"}],"wp:attachment":[{"href":"https:\/\/www.billiondaysupplier.com\/de\/wp-json\/wp\/v2\/media?parent=1679"}],"wp:term":[{"taxonomy":"product_brand","embeddable":true,"href":"https:\/\/www.billiondaysupplier.com\/de\/wp-json\/wp\/v2\/product_brand?post=1679"},{"taxonomy":"product_cat","embeddable":true,"href":"https:\/\/www.billiondaysupplier.com\/de\/wp-json\/wp\/v2\/product_cat?post=1679"},{"taxonomy":"product_tag","embeddable":true,"href":"https:\/\/www.billiondaysupplier.com\/de\/wp-json\/wp\/v2\/product_tag?post=1679"}],"curies":[{"name":"wp","href":"https:\/\/api.w.org\/{rel}","templated":true}]}}