{"id":1676,"date":"2026-02-02T09:43:54","date_gmt":"2026-02-02T09:43:54","guid":{"rendered":"https:\/\/www.billiondaysupplier.com\/?post_type=product&#038;p=1676"},"modified":"2026-02-02T09:44:52","modified_gmt":"2026-02-02T09:44:52","slug":"wholesale-electric-chafing-dish-set","status":"publish","type":"product","link":"https:\/\/www.billiondaysupplier.com\/de\/product\/wholesale-electric-chafing-dish-set\/","title":{"rendered":"Gro\u00dfhandel elektrische Chafing Dish Set, Luxus Essen Warmer Edelstahl f\u00fcr Restaurant Custom"},"content":{"rendered":"<div class=\"wp-block-columns is-layout-flex wp-container-core-columns-is-layout-9d6595d7 wp-block-columns-is-layout-flex\">\n<div class=\"wp-block-column is-layout-flow wp-block-column-is-layout-flow\">\n<h2 class=\"wp-block-heading\">Elektrisches Chafing Dish Set Merkmale:<\/h2>\n\n\n\n<p><strong>Digitales Bedienfeld:<\/strong> Mit dem intuitiven LED-Display und den One-Touch-Tasten k\u00f6nnen Sie die Temperatur pr\u00e4zise einstellen und Ihrem Service einen professionellen, technisch fortschrittlichen Touch verleihen.<\/p>\n\n\n\n<p><strong>Premium-Edelstahlkonstruktion<\/strong>: Das schlanke, fingerabdruckresistente Edelstahlgeh\u00e4use ist mit einer Hochglanzoberfl\u00e4che versehen, die Kratzern, Korrosion und hohen Temperaturen standh\u00e4lt.<\/p>\n\n\n\n<p><strong>Moderne quadratische Form<\/strong>: Es maximiert den Platz auf dem Tisch und verleiht jedem Buffet einen Hauch von raffiniertem Minimalismus.<\/p>\n\n\n\n<p><strong>Transparenter Vollsicht-Glasdeckel:<\/strong> Die kristallklare, hitzebest\u00e4ndige Glasabdeckung l\u00e4sst die G\u00e4ste die Kulinarik bewundern und sch\u00fctzt die Speisen vor Staub und Verunreinigungen.<\/p>\n\n\n\n<p><strong>Vielf\u00e4ltiges Produktportfolio:<\/strong> Von Chafing Dishes aus rostfreiem Stahl \u00fcber Kocht\u00f6pfe und Suppenw\u00e4rmer bis hin zu Buffet-Accessoires - der Gro\u00dfeinkauf aus einer Hand hilft Gro\u00dfh\u00e4ndlern, Beschaffungskosten und Zeit zu sparen.<\/p>\n<\/div>\n\n\n\n<div class=\"wp-block-column is-layout-flow wp-block-column-is-layout-flow\">\n<figure class=\"wp-block-image size-full\"><img decoding=\"async\" width=\"800\" height=\"800\" src=\"https:\/\/www.billiondaysupplier.com\/wp-content\/uploads\/2026\/01\/chafing-15.webp\" alt=\"Lieferanten von Chafing Dishes\" class=\"wp-image-1678\" srcset=\"https:\/\/www.billiondaysupplier.com\/wp-content\/uploads\/2026\/01\/chafing-15.webp 800w, https:\/\/www.billiondaysupplier.com\/wp-content\/uploads\/2026\/01\/chafing-15-300x300.webp 300w, https:\/\/www.billiondaysupplier.com\/wp-content\/uploads\/2026\/01\/chafing-15-150x150.webp 150w, https:\/\/www.billiondaysupplier.com\/wp-content\/uploads\/2026\/01\/chafing-15-768x768.webp 768w, https:\/\/www.billiondaysupplier.com\/wp-content\/uploads\/2026\/01\/chafing-15-12x12.webp 12w, https:\/\/www.billiondaysupplier.com\/wp-content\/uploads\/2026\/01\/chafing-15-600x600.webp 600w, https:\/\/www.billiondaysupplier.com\/wp-content\/uploads\/2026\/01\/chafing-15-100x100.webp 100w\" sizes=\"(max-width: 800px) 100vw, 800px\" \/><\/figure>\n<\/div>\n<\/div>","protected":false},"excerpt":{"rendered":"<p>Willkommen im Gro\u00dfhandel f\u00fcr elektrische Chafing Dishes mit pr\u00e4ziser CNC-Steuerung, einem schlanken, fingerabdruckresistenten Edelstahlgeh\u00e4use, einem Glasdeckel und einem modernen, quadratischen Design. Bulk Lieferung &amp; Anpassung verf\u00fcgbar. Erkundigen Sie sich jetzt!<\/p>\n<h2>Elektrische Chafing Dish Set Parameter\uff1a<\/h2>\n<table border=\"0\" width=\"404\" cellspacing=\"0\" cellpadding=\"0\">\n<tbody>\n<tr>\n<td style=\"text-align: left;\" width=\"148\" height=\"24\">Material<\/td>\n<td style=\"text-align: left;\" width=\"256\">Rostfreier Stahl 201<\/td>\n<\/tr>\n<tr>\n<td style=\"text-align: left;\" height=\"69\">Farbe<\/td>\n<td style=\"text-align: left;\" width=\"256\">Silber\/Akzeptiere kundenspezifisch<\/td>\n<\/tr>\n<tr>\n<td style=\"text-align: left;\" height=\"24\">Heizmethode<\/td>\n<td style=\"text-align: left;\">Elektrische Heizung<\/td>\n<\/tr>\n<tr>\n<td style=\"text-align: left;\" height=\"24\">Kapazit\u00e4t<\/td>\n<td style=\"text-align: left;\">6.0L<\/td>\n<\/tr>\n<tr>\n<td style=\"text-align: left;\" height=\"92\">Merkmal<\/td>\n<td style=\"text-align: left;\" width=\"256\">1. Hydraulischer Deckel mit Glasfenster<br \/>2. Hochglanzpolierte abgerundete Kanten<br \/>3. Stabiler, aufrechter Rahmen<br \/>4. Pr\u00e4zise Temperaturregelung<\/td>\n<\/tr>\n<tr>\n<td style=\"text-align: left;\" height=\"24\">Kundenspezifische Option<\/td>\n<td style=\"text-align: left;\">Logo\/Farbe\/Gr\u00f6\u00dfe\/Verpackung\/Zubeh\u00f6r<\/td>\n<\/tr>\n<\/tbody>\n<\/table>","protected":false},"featured_media":1678,"comment_status":"closed","ping_status":"closed","template":"","meta":{"_acf_changed":true},"product_brand":[],"product_cat":[18],"product_tag":[],"class_list":{"0":"post-1676","1":"product","2":"type-product","3":"status-publish","4":"has-post-thumbnail","6":"product_cat-wholesale-chafing-dishes","8":"first","9":"instock","10":"shipping-taxable","11":"product-type-simple"},"acf":[],"_links":{"self":[{"href":"https:\/\/www.billiondaysupplier.com\/de\/wp-json\/wp\/v2\/product\/1676","targetHints":{"allow":["GET"]}}],"collection":[{"href":"https:\/\/www.billiondaysupplier.com\/de\/wp-json\/wp\/v2\/product"}],"about":[{"href":"https:\/\/www.billiondaysupplier.com\/de\/wp-json\/wp\/v2\/types\/product"}],"replies":[{"embeddable":true,"href":"https:\/\/www.billiondaysupplier.com\/de\/wp-json\/wp\/v2\/comments?post=1676"}],"wp:featuredmedia":[{"embeddable":true,"href":"https:\/\/www.billiondaysupplier.com\/de\/wp-json\/wp\/v2\/media\/1678"}],"wp:attachment":[{"href":"https:\/\/www.billiondaysupplier.com\/de\/wp-json\/wp\/v2\/media?parent=1676"}],"wp:term":[{"taxonomy":"product_brand","embeddable":true,"href":"https:\/\/www.billiondaysupplier.com\/de\/wp-json\/wp\/v2\/product_brand?post=1676"},{"taxonomy":"product_cat","embeddable":true,"href":"https:\/\/www.billiondaysupplier.com\/de\/wp-json\/wp\/v2\/product_cat?post=1676"},{"taxonomy":"product_tag","embeddable":true,"href":"https:\/\/www.billiondaysupplier.com\/de\/wp-json\/wp\/v2\/product_tag?post=1676"}],"curies":[{"name":"wp","href":"https:\/\/api.w.org\/{rel}","templated":true}]}}