{"id":1672,"date":"2026-01-24T08:02:01","date_gmt":"2026-01-24T08:02:01","guid":{"rendered":"https:\/\/www.billiondaysupplier.com\/?post_type=product&#038;p=1672"},"modified":"2026-01-24T08:05:23","modified_gmt":"2026-01-24T08:05:23","slug":"custom-chafing-dishes-set","status":"publish","type":"product","link":"https:\/\/www.billiondaysupplier.com\/de\/product\/custom-chafing-dishes-set\/","title":{"rendered":"Kundenspezifische Chafing Dishes Set, elektrische Edelstahl Speisenw\u00e4rmer f\u00fcr Buffet in Bulk"},"content":{"rendered":"<div class=\"wp-block-columns is-layout-flex wp-container-core-columns-is-layout-9d6595d7 wp-block-columns-is-layout-flex\">\n<div class=\"wp-block-column is-layout-flow wp-block-column-is-layout-flow\">\n<h2 class=\"wp-block-heading\">Chafing Dishes Set Merkmale:<\/h2>\n\n\n\n<p><strong>Elegante runde Form<\/strong>: Das klassische runde Design maximiert den Platz auf dem Tisch und verleiht ihm einen Hauch von moderner Raffinesse. Der schwarz akzentuierte Rand bildet einen auff\u00e4lligen Kontrast, der die Speisen bei jeder Beleuchtung zur Geltung bringt.<\/p>\n\n\n\n<p><strong>Lebensmittelgeeigneter Edelstahl<\/strong>: Das Geh\u00e4use aus poliertem Edelstahl ist kratzfest, korrosionsbest\u00e4ndig und f\u00fcr den t\u00e4glichen gewerblichen Einsatz ausgelegt. Au\u00dferdem ist es lebensmittelecht und leicht zu desinfizieren, was die Einhaltung der Hygienestandards im Gastgewerbe gew\u00e4hrleistet.<\/p>\n\n\n\n<p><strong>Digitale Pr\u00e4zisions-Temperaturregelung<\/strong>: Mit dem eingebauten digitalen Bedienfeld k\u00f6nnen Sie Temperaturen bis zu 110 \u00b0C einstellen und aufrechterhalten. Eine klare LED-Anzeige erm\u00f6glicht die \u00dcberwachung in Echtzeit. Verabschieden Sie sich von lauwarmen Speisen und ungleichm\u00e4\u00dfiger Erw\u00e4rmung.<\/p>\n\n\n\n<p><strong>Transparente Sichtabdeckung<\/strong>: Der durchsichtige, hitzebest\u00e4ndige Deckel l\u00e4sst Ihre G\u00e4ste Ihre kulinarischen Kreationen bewundern, w\u00e4hrend die Lebensmittel vor Verunreinigungen gesch\u00fctzt sind. Der ergonomische Edelstahlgriff f\u00fchlt sich k\u00fchl an, sodass Sie den Deckel sicher anheben und wieder aufsetzen k\u00f6nnen.<\/p>\n\n\n\n<p><strong>Gro\u00dfz\u00fcgige 6L Kapazit\u00e4t<\/strong>: Perfekt zum Servieren mittlerer bis gro\u00dfer Mengen warmer Gerichte - von R\u00fchrei und sautiertem Gem\u00fcse bis hin zu Currys und Nudeln -, damit Ihr Buffet ohne st\u00e4ndiges Nachf\u00fcllen best\u00fcckt werden kann.<\/p>\n\n\n\n<p><strong>Anpassungsdienste<\/strong>: Wir bieten ma\u00dfgeschneiderte L\u00f6sungen, einschlie\u00dflich kundenspezifischer Abmessungen, Zubeh\u00f6r, Branding und Verpackungen, um spezifische Kundenanforderungen in verschiedenen M\u00e4rkten zu erf\u00fcllen.<\/p>\n<\/div>\n\n\n\n<div class=\"wp-block-column is-layout-flow wp-block-column-is-layout-flow\">\n<figure class=\"wp-block-image size-full is-resized\"><img decoding=\"async\" width=\"800\" height=\"800\" src=\"https:\/\/www.billiondaysupplier.com\/wp-content\/uploads\/2026\/01\/chafing-dish-supplier-2.png\" alt=\"Anbieter von Chafing Dishes\" class=\"wp-image-1675\" style=\"aspect-ratio:1;object-fit:cover;width:720px\" srcset=\"https:\/\/www.billiondaysupplier.com\/wp-content\/uploads\/2026\/01\/chafing-dish-supplier-2.png 800w, https:\/\/www.billiondaysupplier.com\/wp-content\/uploads\/2026\/01\/chafing-dish-supplier-2-300x300.png 300w, https:\/\/www.billiondaysupplier.com\/wp-content\/uploads\/2026\/01\/chafing-dish-supplier-2-150x150.png 150w, https:\/\/www.billiondaysupplier.com\/wp-content\/uploads\/2026\/01\/chafing-dish-supplier-2-768x768.png 768w, https:\/\/www.billiondaysupplier.com\/wp-content\/uploads\/2026\/01\/chafing-dish-supplier-2-12x12.png 12w, https:\/\/www.billiondaysupplier.com\/wp-content\/uploads\/2026\/01\/chafing-dish-supplier-2-600x600.png 600w, https:\/\/www.billiondaysupplier.com\/wp-content\/uploads\/2026\/01\/chafing-dish-supplier-2-100x100.png 100w\" sizes=\"(max-width: 800px) 100vw, 800px\" \/><\/figure>\n<\/div>\n<\/div>\n\n\n\n<p><\/p>","protected":false},"excerpt":{"rendered":"<p>Individuelles Chafing Dishes Set mit schlankem, rundem Design, lebensmittelechtem Edelstahl und digitaler Temperaturkontrolle, ideal f\u00fcr den professionellen Einsatz am Buffet. F\u00fcr Gro\u00dfbestellungen sind kundenspezifische Gr\u00f6\u00dfen, Branding und Verpackungen erh\u00e4ltlich. Kontaktieren Sie uns, um noch heute ein Gro\u00dfhandelsangebot zu erhalten!<\/p>\n<h2>Chafing Dishes Set Parameter\uff1a<\/h2>\n<table border=\"0\" width=\"404\" cellspacing=\"0\" cellpadding=\"0\">\n<tbody>\n<tr>\n<td style=\"text-align: left;\" width=\"148\" height=\"24\"><strong>Material<\/strong><\/td>\n<td style=\"text-align: left;\" width=\"256\">Rostfreier Stahl 201<\/td>\n<\/tr>\n<tr>\n<td style=\"text-align: left;\" height=\"69\"><strong>Farbe<\/strong><\/td>\n<td style=\"text-align: left;\" width=\"256\">Silber\/Gold\/Halbgold\/Akzeptiert kundenspezifisch<\/td>\n<\/tr>\n<tr>\n<td style=\"text-align: left;\" height=\"24\"><strong>Heizmethode<\/strong><\/td>\n<td style=\"text-align: left;\">Elektrische Heizung<\/td>\n<\/tr>\n<tr>\n<td style=\"text-align: left;\" height=\"24\"><strong>Kapazit\u00e4t<\/strong><\/td>\n<td style=\"text-align: left;\">6.0L<\/td>\n<\/tr>\n<tr>\n<td style=\"text-align: left;\" height=\"92\"><strong>Merkmal<\/strong><\/td>\n<td style=\"text-align: left;\" width=\"256\">\n<p>1. Hydraulischer Deckel mit Glasfenster<br \/>2. Geschliffen<br \/>3. Nasseinsatz<\/p>\n<\/td>\n<\/tr>\n<tr>\n<td style=\"text-align: left;\" height=\"24\"><strong>Kundenspezifische Option<\/strong><\/td>\n<td style=\"text-align: left;\">Logo\/Farbe\/Gr\u00f6\u00dfe\/Verpackung\/Zubeh\u00f6r<\/td>\n<\/tr>\n<\/tbody>\n<\/table>","protected":false},"featured_media":1674,"comment_status":"closed","ping_status":"closed","template":"","meta":{"_acf_changed":true},"product_brand":[],"product_cat":[18],"product_tag":[],"class_list":{"0":"post-1672","1":"product","2":"type-product","3":"status-publish","4":"has-post-thumbnail","6":"product_cat-wholesale-chafing-dishes","8":"first","9":"instock","10":"shipping-taxable","11":"product-type-simple"},"acf":[],"_links":{"self":[{"href":"https:\/\/www.billiondaysupplier.com\/de\/wp-json\/wp\/v2\/product\/1672","targetHints":{"allow":["GET"]}}],"collection":[{"href":"https:\/\/www.billiondaysupplier.com\/de\/wp-json\/wp\/v2\/product"}],"about":[{"href":"https:\/\/www.billiondaysupplier.com\/de\/wp-json\/wp\/v2\/types\/product"}],"replies":[{"embeddable":true,"href":"https:\/\/www.billiondaysupplier.com\/de\/wp-json\/wp\/v2\/comments?post=1672"}],"wp:featuredmedia":[{"embeddable":true,"href":"https:\/\/www.billiondaysupplier.com\/de\/wp-json\/wp\/v2\/media\/1674"}],"wp:attachment":[{"href":"https:\/\/www.billiondaysupplier.com\/de\/wp-json\/wp\/v2\/media?parent=1672"}],"wp:term":[{"taxonomy":"product_brand","embeddable":true,"href":"https:\/\/www.billiondaysupplier.com\/de\/wp-json\/wp\/v2\/product_brand?post=1672"},{"taxonomy":"product_cat","embeddable":true,"href":"https:\/\/www.billiondaysupplier.com\/de\/wp-json\/wp\/v2\/product_cat?post=1672"},{"taxonomy":"product_tag","embeddable":true,"href":"https:\/\/www.billiondaysupplier.com\/de\/wp-json\/wp\/v2\/product_tag?post=1672"}],"curies":[{"name":"wp","href":"https:\/\/api.w.org\/{rel}","templated":true}]}}