{"id":1634,"date":"2026-01-19T09:14:40","date_gmt":"2026-01-19T09:14:40","guid":{"rendered":"https:\/\/www.billiondaysupplier.com\/?post_type=product&#038;p=1634"},"modified":"2026-01-19T09:15:16","modified_gmt":"2026-01-19T09:15:16","slug":"custom-drink-dispenser","status":"publish","type":"product","link":"https:\/\/www.billiondaysupplier.com\/de\/product\/custom-drink-dispenser\/","title":{"rendered":"Benutzerdefinierte Getr\u00e4nkespender Edelstahl, Saft Getr\u00e4nkespender 24L Hersteller"},"content":{"rendered":"<div class=\"wp-block-columns is-layout-flex wp-container-core-columns-is-layout-9d6595d7 wp-block-columns-is-layout-flex\">\n<div class=\"wp-block-column is-layout-flow wp-block-column-is-layout-flow\">\n<h2 class=\"wp-block-heading\">Kundenspezifischer Getr\u00e4nkespender aus Edelstahl Merkmale:<\/h2>\n\n\n\n<p><strong>Hochwertiger polierter Edelstahl:<\/strong> Die Oberfl\u00e4che aus hochwertigem, poliertem Edelstahl ist glatt, f\u00fchlt sich angenehm an und strahlt eine moderne \u00c4sthetik aus, die die Gesamtqualit\u00e4t des Essbereichs erh\u00f6ht.<\/p>\n\n\n\n<p><strong>Pr\u00e4zise Dosierkontrolle:<\/strong> Jeder Getr\u00e4nkeausschank wird pr\u00e4zise gesteuert, um den Abfall zu minimieren, den unterschiedlichen Ausschankanforderungen in verschiedenen Szenarien gerecht zu werden und die Serviceeffizienz zu verbessern.<\/p>\n\n\n\n<p><strong>Effizienter Getr\u00e4nkeausschank<\/strong>: Das extragro\u00dfe Fassungsverm\u00f6gen von 24 Litern in Kombination mit einer unabh\u00e4ngigen Ausgabestruktur mit drei Ausg\u00e4ngen erm\u00f6glicht es, mehrere G\u00e4ste gleichzeitig zu bedienen und so Warteschlangen zu Sto\u00dfzeiten zu vermeiden. Er ist besonders f\u00fcr Hotelbuffets, Bankette, Restaurantketten und Konferenzszenarien geeignet.<\/p>\n\n\n\n<p><strong>Sicher und ungiftig<\/strong>: Hergestellt aus lebensmittelechtem Edelstahl, der ungiftig und unbedenklich ist und den strengen Lebensmittelsicherheitsstandards entspricht, was den Verbrauchern Sicherheit gibt.<\/p>\n\n\n\n<p><strong>Stabile Struktur:<\/strong> Der verdickte Tankk\u00f6rper und das stabile Bodendesign machen die Struktur robust und verhindern ein Umkippen; das Fl\u00fcssigkeitsauslassventil ist leichtg\u00e4ngig und langlebig, unterst\u00fctzt den Hochfrequenzbetrieb und erf\u00fcllt die langfristigen Betriebsanforderungen in kommerziellen Umgebungen.<\/p>\n\n\n\n<p><strong>Mehrere Farboptionen<\/strong>: Erh\u00e4ltlich in klassischen Gold- und Silbert\u00f6nen, anpassbar an die Bed\u00fcrfnisse des Kunden und nahtlos in verschiedene Esszimmerstile integrierbar.<\/p>\n<\/div>\n\n\n\n<div class=\"wp-block-column is-layout-flow wp-block-column-is-layout-flow\">\n<figure class=\"wp-block-image size-full\"><img decoding=\"async\" width=\"800\" height=\"800\" src=\"https:\/\/www.billiondaysupplier.com\/wp-content\/uploads\/2026\/01\/juice.webp\" alt=\"Saft-Getr\u00e4nke-Dispenser\" class=\"wp-image-1637\" srcset=\"https:\/\/www.billiondaysupplier.com\/wp-content\/uploads\/2026\/01\/juice.webp 800w, https:\/\/www.billiondaysupplier.com\/wp-content\/uploads\/2026\/01\/juice-300x300.webp 300w, https:\/\/www.billiondaysupplier.com\/wp-content\/uploads\/2026\/01\/juice-150x150.webp 150w, https:\/\/www.billiondaysupplier.com\/wp-content\/uploads\/2026\/01\/juice-768x768.webp 768w, https:\/\/www.billiondaysupplier.com\/wp-content\/uploads\/2026\/01\/juice-12x12.webp 12w, https:\/\/www.billiondaysupplier.com\/wp-content\/uploads\/2026\/01\/juice-600x600.webp 600w, https:\/\/www.billiondaysupplier.com\/wp-content\/uploads\/2026\/01\/juice-100x100.webp 100w\" sizes=\"(max-width: 800px) 100vw, 800px\" \/><\/figure>\n<\/div>\n<\/div>\n\n\n\n<div class=\"wp-block-columns is-layout-flex wp-container-core-columns-is-layout-9d6595d7 wp-block-columns-is-layout-flex\">\n<div class=\"wp-block-column is-layout-flow wp-block-column-is-layout-flow\">\n<figure class=\"wp-block-image size-full\"><img decoding=\"async\" width=\"720\" height=\"720\" src=\"https:\/\/www.billiondaysupplier.com\/wp-content\/uploads\/2025\/08\/wholesale-beverage-dispensers5.webp\" alt=\"Gro\u00dfhandel mit Getr\u00e4nkedispensern5\" class=\"wp-image-642\" srcset=\"https:\/\/www.billiondaysupplier.com\/wp-content\/uploads\/2025\/08\/wholesale-beverage-dispensers5.webp 720w, https:\/\/www.billiondaysupplier.com\/wp-content\/uploads\/2025\/08\/wholesale-beverage-dispensers5-300x300.webp 300w, https:\/\/www.billiondaysupplier.com\/wp-content\/uploads\/2025\/08\/wholesale-beverage-dispensers5-150x150.webp 150w, https:\/\/www.billiondaysupplier.com\/wp-content\/uploads\/2025\/08\/wholesale-beverage-dispensers5-600x600.webp 600w, https:\/\/www.billiondaysupplier.com\/wp-content\/uploads\/2025\/08\/wholesale-beverage-dispensers5-100x100.webp 100w\" sizes=\"(max-width: 720px) 100vw, 720px\" \/><\/figure>\n<\/div>\n\n\n\n<div class=\"wp-block-column is-layout-flow wp-block-column-is-layout-flow\">\n<figure class=\"wp-block-image size-full\"><img decoding=\"async\" width=\"720\" height=\"720\" src=\"https:\/\/www.billiondaysupplier.com\/wp-content\/uploads\/2025\/08\/wholesale-beverage-dispensers6.webp\" alt=\"Gro\u00dfhandel mit Getr\u00e4nkedispensern6\" class=\"wp-image-643\" srcset=\"https:\/\/www.billiondaysupplier.com\/wp-content\/uploads\/2025\/08\/wholesale-beverage-dispensers6.webp 720w, https:\/\/www.billiondaysupplier.com\/wp-content\/uploads\/2025\/08\/wholesale-beverage-dispensers6-300x300.webp 300w, https:\/\/www.billiondaysupplier.com\/wp-content\/uploads\/2025\/08\/wholesale-beverage-dispensers6-150x150.webp 150w, https:\/\/www.billiondaysupplier.com\/wp-content\/uploads\/2025\/08\/wholesale-beverage-dispensers6-600x600.webp 600w, https:\/\/www.billiondaysupplier.com\/wp-content\/uploads\/2025\/08\/wholesale-beverage-dispensers6-100x100.webp 100w\" sizes=\"(max-width: 720px) 100vw, 720px\" \/><\/figure>\n<\/div>\n<\/div>\n\n\n\n<p><\/p>","protected":false},"excerpt":{"rendered":"<p>Billion Day kundenspezifischer Getr\u00e4nkespender mit 24-Liter-Dreifachauslass, hergestellt aus einer Kombination aus lebensmittelechtem Edelstahl und Kunststoff f\u00fcr ein glattes, leicht zu reinigendes Design mit stabiler Struktur, perfekt zum Warmhalten von hei\u00dfen oder kalten Getr\u00e4nken. Wir bieten Gro\u00dfhandelsbestellungen mit strenger Qualit\u00e4tskontrolle. Kontaktieren Sie uns, um mehr \u00fcber individuelle Optionen und Gro\u00dfhandelspreise zu erfahren!<\/p>\n<h2>Benutzerdefinierte Getr\u00e4nkespender Edelstahl Parameter\uff1a<\/h2>\n<table width=\"378\">\n<tbody>\n<tr>\n<td width=\"155\">Material<\/td>\n<td width=\"223\">Rostfreier Stahl 201 + PC<\/td>\n<\/tr>\n<tr>\n<td>Farbe<\/td>\n<td width=\"223\">Silber \/ Gold<\/td>\n<\/tr>\n<tr>\n<td>Anzahl der Zapfstellen<\/td>\n<td>3<\/td>\n<\/tr>\n<tr>\n<td>Kapazit\u00e4t<\/td>\n<td>24L<\/td>\n<\/tr>\n<tr>\n<td>Funktion<\/td>\n<td>Kalt- oder Hei\u00dfisolierung<\/td>\n<\/tr>\n<tr>\n<td>Merkmal<\/td>\n<td width=\"223\">1. PC Schaufelk\u00f6rper<br \/>2. Wasserhahn aus rostfreiem Stahl<br \/>3. Isolierter Eiskern<br \/>4. Schwere Basis<\/td>\n<\/tr>\n<tr>\n<td>Kundenspezifische Option<\/td>\n<td width=\"223\">Logo\/Farbe\/Gr\u00f6\u00dfe\/Verpackung\/Zubeh\u00f6r<\/td>\n<\/tr>\n<\/tbody>\n<\/table>","protected":false},"featured_media":1637,"comment_status":"closed","ping_status":"closed","template":"","meta":{"_acf_changed":false},"product_brand":[],"product_cat":[19],"product_tag":[],"class_list":{"0":"post-1634","1":"product","2":"type-product","3":"status-publish","4":"has-post-thumbnail","6":"product_cat-wholesale-beverage-dispenser","8":"first","9":"instock","10":"shipping-taxable","11":"product-type-simple"},"acf":[],"_links":{"self":[{"href":"https:\/\/www.billiondaysupplier.com\/de\/wp-json\/wp\/v2\/product\/1634","targetHints":{"allow":["GET"]}}],"collection":[{"href":"https:\/\/www.billiondaysupplier.com\/de\/wp-json\/wp\/v2\/product"}],"about":[{"href":"https:\/\/www.billiondaysupplier.com\/de\/wp-json\/wp\/v2\/types\/product"}],"replies":[{"embeddable":true,"href":"https:\/\/www.billiondaysupplier.com\/de\/wp-json\/wp\/v2\/comments?post=1634"}],"wp:featuredmedia":[{"embeddable":true,"href":"https:\/\/www.billiondaysupplier.com\/de\/wp-json\/wp\/v2\/media\/1637"}],"wp:attachment":[{"href":"https:\/\/www.billiondaysupplier.com\/de\/wp-json\/wp\/v2\/media?parent=1634"}],"wp:term":[{"taxonomy":"product_brand","embeddable":true,"href":"https:\/\/www.billiondaysupplier.com\/de\/wp-json\/wp\/v2\/product_brand?post=1634"},{"taxonomy":"product_cat","embeddable":true,"href":"https:\/\/www.billiondaysupplier.com\/de\/wp-json\/wp\/v2\/product_cat?post=1634"},{"taxonomy":"product_tag","embeddable":true,"href":"https:\/\/www.billiondaysupplier.com\/de\/wp-json\/wp\/v2\/product_tag?post=1634"}],"curies":[{"name":"wp","href":"https:\/\/api.w.org\/{rel}","templated":true}]}}