{"id":1631,"date":"2026-01-09T01:36:44","date_gmt":"2026-01-09T01:36:44","guid":{"rendered":"https:\/\/www.billiondaysupplier.com\/?post_type=product&#038;p=1631"},"modified":"2026-01-09T01:40:14","modified_gmt":"2026-01-09T01:40:14","slug":"wholesale-soup-warmer-pot","status":"publish","type":"product","link":"https:\/\/www.billiondaysupplier.com\/de\/product\/wholesale-soup-warmer-pot\/","title":{"rendered":"Gro\u00dfhandel Suppenw\u00e4rmer Topf 10L, kommerzielle Suppenw\u00e4rmer Silber Custom"},"content":{"rendered":"<div class=\"wp-block-columns is-layout-flex wp-container-core-columns-is-layout-9d6595d7 wp-block-columns-is-layout-flex\">\n<div class=\"wp-block-column is-layout-flow wp-block-column-is-layout-flow\">\n<h2 class=\"wp-block-heading\">Suppenw\u00e4rmer Topf Merkmale:<\/h2>\n\n\n\n<p><strong>Sicherheit und langlebige Materialien:<\/strong> Mit einer Auskleidung aus lebensmittelechtem Edelstahl und einer verst\u00e4rkten Struktur ist er korrosionsbest\u00e4ndig, robust und langlebig. Die Au\u00dfenseite ist mit einer hitzebest\u00e4ndigen Lackierung aus silbernem Stahl versehen, die f\u00fcr Haltbarkeit und St\u00e4rke sorgt.<\/p>\n\n\n\n<p><strong>Pr\u00e4zise und flexible Temperaturregelung<\/strong>: Der Temperaturbereich von 35\u00b0C bis 80\u00b0C (95\u00b0F bis 176\u00b0F) kann reguliert werden, heizt sich schnell auf und bietet eine pr\u00e4zise Temperaturkontrolle der Speisen.<\/p>\n\n\n\n<p><strong>Langanhaltende W\u00e4rmeerhaltung:<\/strong> Durch die Verwendung einer zweischichtigen Edelstahlstruktur wird zwischen den beiden Edelstahlschichten eine Vakuumschicht gebildet, die W\u00e4rmeleitung und Konvektion wirksam verhindert, den W\u00e4rmeverlust reduziert und die Temperatur der Lebensmittel \u00fcber einen l\u00e4ngeren Zeitraum aufrechterhalten kann.<\/p>\n\n\n\n<p><strong>W\u00e4rmed\u00e4mmung und Verbr\u00fchungsschutz<\/strong>: Die Au\u00dfenseite des Topfes besteht aus w\u00e4rmeisolierenden Materialien und hat eine doppelschichtige Schalenstruktur. Selbst wenn die Suppe im Inneren des Topfes sehr hei\u00df ist, wird die Au\u00dfenseite des Topfes nicht \u00fcberhitzt, so dass der Benutzer sich nicht verbr\u00fchen kann, wenn er den Topf versehentlich ber\u00fchrt, was die Sicherheit beim Gebrauch erh\u00f6ht.<\/p>\n\n\n\n<p><strong>Design mit gro\u00dfer Kapazit\u00e4t:<\/strong> Er verf\u00fcgt \u00fcber ein riesiges Fassungsverm\u00f6gen von 10,5 t\/10 l, um gro\u00dfe Mengen an Speisen warm zu halten.<\/p>\n\n\n\n<p><strong>Leicht zu reinigen<\/strong>: Die hochwertige Edelstahloberfl\u00e4che ist glatt und eben, und die herausnehmbare Einlage erm\u00f6glicht eine einfache Reinigung.<\/p>\n\n\n\n<p><strong>Weit anwendbar<\/strong>: Er kann zum Warmhalten verschiedener Speisen verwendet werden, z. B. Suppe, Haferflocken und Reisbrei, was sich perfekt f\u00fcr Restaurants und kommerzielle Restaurants eignet.<\/p>\n<\/div>\n\n\n\n<div class=\"wp-block-column is-layout-flow wp-block-column-is-layout-flow\">\n<figure class=\"wp-block-image size-full\"><img decoding=\"async\" width=\"800\" height=\"800\" src=\"https:\/\/www.billiondaysupplier.com\/wp-content\/uploads\/2026\/01\/soup.webp\" alt=\"Suppentopfw\u00e4rmer\" class=\"wp-image-1633\" srcset=\"https:\/\/www.billiondaysupplier.com\/wp-content\/uploads\/2026\/01\/soup.webp 800w, https:\/\/www.billiondaysupplier.com\/wp-content\/uploads\/2026\/01\/soup-300x300.webp 300w, https:\/\/www.billiondaysupplier.com\/wp-content\/uploads\/2026\/01\/soup-150x150.webp 150w, https:\/\/www.billiondaysupplier.com\/wp-content\/uploads\/2026\/01\/soup-768x768.webp 768w, https:\/\/www.billiondaysupplier.com\/wp-content\/uploads\/2026\/01\/soup-12x12.webp 12w, https:\/\/www.billiondaysupplier.com\/wp-content\/uploads\/2026\/01\/soup-600x600.webp 600w, https:\/\/www.billiondaysupplier.com\/wp-content\/uploads\/2026\/01\/soup-100x100.webp 100w\" sizes=\"(max-width: 800px) 100vw, 800px\" \/><\/figure>\n<\/div>\n<\/div>\n\n\n\n<div class=\"wp-block-columns is-layout-flex wp-container-core-columns-is-layout-9d6595d7 wp-block-columns-is-layout-flex\">\n<div class=\"wp-block-column is-layout-flow wp-block-column-is-layout-flow\">\n<figure class=\"wp-block-image size-full\"><img decoding=\"async\" width=\"800\" height=\"800\" src=\"https:\/\/www.billiondaysupplier.com\/wp-content\/uploads\/2026\/01\/soup-1.webp\" alt=\"Suppentopfw\u00e4rmer\" class=\"wp-image-1632\" srcset=\"https:\/\/www.billiondaysupplier.com\/wp-content\/uploads\/2026\/01\/soup-1.webp 800w, https:\/\/www.billiondaysupplier.com\/wp-content\/uploads\/2026\/01\/soup-1-300x300.webp 300w, https:\/\/www.billiondaysupplier.com\/wp-content\/uploads\/2026\/01\/soup-1-150x150.webp 150w, https:\/\/www.billiondaysupplier.com\/wp-content\/uploads\/2026\/01\/soup-1-768x768.webp 768w, https:\/\/www.billiondaysupplier.com\/wp-content\/uploads\/2026\/01\/soup-1-12x12.webp 12w, https:\/\/www.billiondaysupplier.com\/wp-content\/uploads\/2026\/01\/soup-1-600x600.webp 600w, https:\/\/www.billiondaysupplier.com\/wp-content\/uploads\/2026\/01\/soup-1-100x100.webp 100w\" sizes=\"(max-width: 800px) 100vw, 800px\" \/><\/figure>\n<\/div>\n\n\n\n<div class=\"wp-block-column is-layout-flow wp-block-column-is-layout-flow\">\n<figure class=\"wp-block-image size-full\"><img decoding=\"async\" width=\"1500\" height=\"1500\" src=\"https:\/\/www.billiondaysupplier.com\/wp-content\/uploads\/2025\/10\/wholesale-soup-warmer-3.webp\" alt=\"Gro\u00dfhandel Suppenw\u00e4rmer (3)\" class=\"wp-image-1242\" srcset=\"https:\/\/www.billiondaysupplier.com\/wp-content\/uploads\/2025\/10\/wholesale-soup-warmer-3.webp 1500w, https:\/\/www.billiondaysupplier.com\/wp-content\/uploads\/2025\/10\/wholesale-soup-warmer-3-300x300.webp 300w, https:\/\/www.billiondaysupplier.com\/wp-content\/uploads\/2025\/10\/wholesale-soup-warmer-3-150x150.webp 150w, https:\/\/www.billiondaysupplier.com\/wp-content\/uploads\/2025\/10\/wholesale-soup-warmer-3-768x768.webp 768w, https:\/\/www.billiondaysupplier.com\/wp-content\/uploads\/2025\/10\/wholesale-soup-warmer-3-12x12.webp 12w, https:\/\/www.billiondaysupplier.com\/wp-content\/uploads\/2025\/10\/wholesale-soup-warmer-3-1200x1200.webp 1200w, https:\/\/www.billiondaysupplier.com\/wp-content\/uploads\/2025\/10\/wholesale-soup-warmer-3-600x600.webp 600w, https:\/\/www.billiondaysupplier.com\/wp-content\/uploads\/2025\/10\/wholesale-soup-warmer-3-100x100.webp 100w\" sizes=\"(max-width: 1500px) 100vw, 1500px\" \/><\/figure>\n<\/div>\n<\/div>","protected":false},"excerpt":{"rendered":"<p>Willkommen im Gro\u00dfhandel Suppenw\u00e4rmer Topf, der Edelstahl-Materialien, ein modernes silbernes Aussehen, eine 10L\/13L gro\u00dfe Kapazit\u00e4t, pr\u00e4zise Temperaturregelung, ist leicht zu reinigen, und ist geeignet f\u00fcr kommerzielle Restaurants. Billion Day Hersteller direkte Lieferung, unterst\u00fctzen wir Bulk-Anpassung. Kontaktieren Sie uns f\u00fcr den Gro\u00dfhandel L\u00f6sung.<\/p>\n<h2>Suppenw\u00e4rmer Topf Parameter\uff1a<\/h2>\n<table border=\"0\" width=\"404\" cellspacing=\"0\" cellpadding=\"0\">\n<tbody>\n<tr>\n<td style=\"text-align: left;\" width=\"148\" height=\"24\"><strong>Material<\/strong><\/td>\n<td style=\"text-align: left;\" width=\"256\">Rostfreier Stahl 201<\/td>\n<\/tr>\n<tr>\n<td style=\"text-align: left;\" width=\"148\" height=\"24\"><strong>Farbe<\/strong><\/td>\n<td style=\"text-align: left;\" width=\"256\">Splitter<\/td>\n<\/tr>\n<tr>\n<td style=\"text-align: left;\" width=\"148\" height=\"24\"><strong>Kapazit\u00e4t<\/strong><\/td>\n<td style=\"text-align: left;\" width=\"256\">10 L\/ 13L<\/td>\n<\/tr>\n<tr>\n<td style=\"text-align: left;\" height=\"92\"><strong>Merkmal<\/strong><\/td>\n<td style=\"text-align: left;\" width=\"256\">1. Anti-Verbr\u00fchungs-Design<br \/>2. Stabile F\u00fc\u00dfe<br \/>3. Aluminiumverkleidung<br \/>4. Temperaturregelknopf<\/td>\n<\/tr>\n<tr>\n<td style=\"text-align: left;\" height=\"24\"><strong>Kundenspezifische Option<\/strong><\/td>\n<td style=\"text-align: left;\">Logo\/Gr\u00f6\u00dfe\/Verpackung\/Zubeh\u00f6r<\/td>\n<\/tr>\n<\/tbody>\n<\/table>","protected":false},"featured_media":1633,"comment_status":"closed","ping_status":"closed","template":"","meta":{"_acf_changed":true},"product_brand":[],"product_cat":[20],"product_tag":[],"class_list":{"0":"post-1631","1":"product","2":"type-product","3":"status-publish","4":"has-post-thumbnail","6":"product_cat-wholesale-soup-warmer","8":"first","9":"instock","10":"shipping-taxable","11":"product-type-simple"},"acf":[],"_links":{"self":[{"href":"https:\/\/www.billiondaysupplier.com\/de\/wp-json\/wp\/v2\/product\/1631","targetHints":{"allow":["GET"]}}],"collection":[{"href":"https:\/\/www.billiondaysupplier.com\/de\/wp-json\/wp\/v2\/product"}],"about":[{"href":"https:\/\/www.billiondaysupplier.com\/de\/wp-json\/wp\/v2\/types\/product"}],"replies":[{"embeddable":true,"href":"https:\/\/www.billiondaysupplier.com\/de\/wp-json\/wp\/v2\/comments?post=1631"}],"wp:featuredmedia":[{"embeddable":true,"href":"https:\/\/www.billiondaysupplier.com\/de\/wp-json\/wp\/v2\/media\/1633"}],"wp:attachment":[{"href":"https:\/\/www.billiondaysupplier.com\/de\/wp-json\/wp\/v2\/media?parent=1631"}],"wp:term":[{"taxonomy":"product_brand","embeddable":true,"href":"https:\/\/www.billiondaysupplier.com\/de\/wp-json\/wp\/v2\/product_brand?post=1631"},{"taxonomy":"product_cat","embeddable":true,"href":"https:\/\/www.billiondaysupplier.com\/de\/wp-json\/wp\/v2\/product_cat?post=1631"},{"taxonomy":"product_tag","embeddable":true,"href":"https:\/\/www.billiondaysupplier.com\/de\/wp-json\/wp\/v2\/product_tag?post=1631"}],"curies":[{"name":"wp","href":"https:\/\/api.w.org\/{rel}","templated":true}]}}