{"id":1555,"date":"2025-12-16T02:06:57","date_gmt":"2025-12-16T02:06:57","guid":{"rendered":"https:\/\/www.billiondaysupplier.com\/?post_type=product&#038;p=1555"},"modified":"2025-12-18T03:22:41","modified_gmt":"2025-12-18T03:22:41","slug":"custom-soup-warmer","status":"publish","type":"product","link":"https:\/\/www.billiondaysupplier.com\/de\/product\/custom-soup-warmer\/","title":{"rendered":"Kundenspezifischer Suppenw\u00e4rmer, 10-Liter-Edelstahl-Suppenkessel in loser Sch\u00fcttung"},"content":{"rendered":"<div class=\"wp-block-columns is-layout-flex wp-container-core-columns-is-layout-9d6595d7 wp-block-columns-is-layout-flex\">\n<div class=\"wp-block-column is-layout-flow wp-block-column-is-layout-flow\">\n<h2 class=\"wp-block-heading\">Suppenw\u00e4rmer Merkmale:<\/h2>\n\n\n\n<p><strong>Hochwertige geh\u00e4mmerte Handwerkskunst<\/strong>: Der Korpus der Kanne ist fein geh\u00e4mmert und hat eine verschlei\u00dffeste und kratzfeste Oberfl\u00e4che. Erh\u00e4ltlich in gelb, rot, schwarz und wei\u00df, strahlt er Raffinesse und Raffinement aus.<\/p>\n\n\n\n<p><strong>Materialien aus lebensmittelechtem Edelstahl<\/strong>: Das Innere des Topfes besteht aus verdichtetem, lebensmittelechtem Edelstahl und ist somit sicher und korrosionsbest\u00e4ndig.<\/p>\n\n\n\n<p><strong>Zwei Materialoptionen f\u00fcr den Innentopf<\/strong>: Der Innentopf aus Edelstahl 201 ist robust und kosteng\u00fcnstig. Der Innentopf aus Edelstahl 304 ist lebensmittelecht und korrosionsbest\u00e4ndig.<\/p>\n\n\n\n<p><strong>Gro\u00dfe Kapazit\u00e4t<\/strong>: Das 10-Liter-Design eignet sich sowohl f\u00fcr den privaten als auch f\u00fcr den gewerblichen Gebrauch und deckt problemlos den Suppenbedarf von mehreren Personen.<\/p>\n\n\n\n<p><strong>Herausnehmbarer Innentopf<\/strong>: Leicht zu reinigen, verhindert Suppenflecken.<\/p>\n\n\n\n<p><strong>Langlebige Isolierung<\/strong>: Sie brauchen kein Wasser hinzuzuf\u00fcgen, die Isolierung mit einem Tastendruck h\u00e4lt die gew\u00fcnschte Temperatur stundenlang durch elektrische Heizung aufrecht.<\/p>\n<\/div>\n\n\n\n<div class=\"wp-block-column is-layout-flow wp-block-column-is-layout-flow\">\n<figure class=\"wp-block-image size-full\"><img decoding=\"async\" width=\"800\" height=\"800\" src=\"https:\/\/www.billiondaysupplier.com\/wp-content\/uploads\/2025\/12\/soup-warmer1.webp\" alt=\"\" class=\"wp-image-1557\" srcset=\"https:\/\/www.billiondaysupplier.com\/wp-content\/uploads\/2025\/12\/soup-warmer1.webp 800w, https:\/\/www.billiondaysupplier.com\/wp-content\/uploads\/2025\/12\/soup-warmer1-300x300.webp 300w, https:\/\/www.billiondaysupplier.com\/wp-content\/uploads\/2025\/12\/soup-warmer1-150x150.webp 150w, https:\/\/www.billiondaysupplier.com\/wp-content\/uploads\/2025\/12\/soup-warmer1-768x768.webp 768w, https:\/\/www.billiondaysupplier.com\/wp-content\/uploads\/2025\/12\/soup-warmer1-12x12.webp 12w, https:\/\/www.billiondaysupplier.com\/wp-content\/uploads\/2025\/12\/soup-warmer1-600x600.webp 600w, https:\/\/www.billiondaysupplier.com\/wp-content\/uploads\/2025\/12\/soup-warmer1-100x100.webp 100w\" sizes=\"(max-width: 800px) 100vw, 800px\" \/><\/figure>\n<\/div>\n<\/div>","protected":false},"excerpt":{"rendered":"<p>Der ma\u00dfgeschneiderte Suppenw\u00e4rmer von Billion Day verf\u00fcgt \u00fcber eine dicke, herausnehmbare, lebensmittelechte Auskleidung und einen Ein\/Aus-Schalter zum Warmhalten von Suppe mit nur einem Tastendruck. Das Fassungsverm\u00f6gen von 10 Litern ist f\u00fcr den privaten und gewerblichen Gebrauch geeignet. Wir bieten Gro\u00dfhandel und kundenspezifische L\u00f6sungen. Kontaktieren Sie uns f\u00fcr weitere Informationen.<\/p>\n<h2>Suppenw\u00e4rmer Parameter\uff1a<\/h2>\n<table border=\"0\" width=\"404\" cellspacing=\"0\" cellpadding=\"0\">\n<tbody>\n<tr>\n<td style=\"text-align: left;\" width=\"148\" height=\"24\"><strong>Material<\/strong><\/td>\n<td style=\"text-align: left;\" width=\"256\">Rostfreier Stahl 201\/304<\/td>\n<\/tr>\n<tr>\n<td style=\"text-align: left;\" width=\"148\" height=\"24\"><strong>Farbe<\/strong><\/td>\n<td style=\"text-align: left;\" width=\"256\">Gelb\/Rot\/Schwarz\/Wei\u00df<\/td>\n<\/tr>\n<tr>\n<td style=\"text-align: left;\" width=\"148\" height=\"24\"><strong>Kapazit\u00e4t<\/strong><\/td>\n<td style=\"text-align: left;\" width=\"256\">10 L<\/td>\n<\/tr>\n<tr>\n<td style=\"text-align: left;\" height=\"92\"><strong>Merkmal<\/strong><\/td>\n<td style=\"text-align: left;\" width=\"256\">\n<ul>\n<li>\u00a0Verbr\u00fchungssicheres Design<\/li>\n<li>Auskleidung mit Aluminium<\/li>\n<li>Buttons<\/li>\n<\/ul>\n<\/td>\n<\/tr>\n<tr>\n<td style=\"text-align: left;\" height=\"24\"><strong>Kundenspezifische Option<\/strong><\/td>\n<td style=\"text-align: left;\">Logo\/Gr\u00f6\u00dfe\/Verpackung\/Zubeh\u00f6r<\/td>\n<\/tr>\n<\/tbody>\n<\/table>","protected":false},"featured_media":1556,"comment_status":"closed","ping_status":"closed","template":"","meta":{"_acf_changed":false},"product_brand":[],"product_cat":[20],"product_tag":[],"class_list":{"0":"post-1555","1":"product","2":"type-product","3":"status-publish","4":"has-post-thumbnail","6":"product_cat-wholesale-soup-warmer","8":"first","9":"instock","10":"shipping-taxable","11":"product-type-simple"},"acf":[],"_links":{"self":[{"href":"https:\/\/www.billiondaysupplier.com\/de\/wp-json\/wp\/v2\/product\/1555","targetHints":{"allow":["GET"]}}],"collection":[{"href":"https:\/\/www.billiondaysupplier.com\/de\/wp-json\/wp\/v2\/product"}],"about":[{"href":"https:\/\/www.billiondaysupplier.com\/de\/wp-json\/wp\/v2\/types\/product"}],"replies":[{"embeddable":true,"href":"https:\/\/www.billiondaysupplier.com\/de\/wp-json\/wp\/v2\/comments?post=1555"}],"wp:featuredmedia":[{"embeddable":true,"href":"https:\/\/www.billiondaysupplier.com\/de\/wp-json\/wp\/v2\/media\/1556"}],"wp:attachment":[{"href":"https:\/\/www.billiondaysupplier.com\/de\/wp-json\/wp\/v2\/media?parent=1555"}],"wp:term":[{"taxonomy":"product_brand","embeddable":true,"href":"https:\/\/www.billiondaysupplier.com\/de\/wp-json\/wp\/v2\/product_brand?post=1555"},{"taxonomy":"product_cat","embeddable":true,"href":"https:\/\/www.billiondaysupplier.com\/de\/wp-json\/wp\/v2\/product_cat?post=1555"},{"taxonomy":"product_tag","embeddable":true,"href":"https:\/\/www.billiondaysupplier.com\/de\/wp-json\/wp\/v2\/product_tag?post=1555"}],"curies":[{"name":"wp","href":"https:\/\/api.w.org\/{rel}","templated":true}]}}