{"id":1548,"date":"2025-12-15T07:28:48","date_gmt":"2025-12-15T07:28:48","guid":{"rendered":"https:\/\/www.billiondaysupplier.com\/?post_type=product&#038;p=1548"},"modified":"2025-12-15T07:28:52","modified_gmt":"2025-12-15T07:28:52","slug":"wholesale-stainless-steel-buffet-tray-with-lid","status":"publish","type":"product","link":"https:\/\/www.billiondaysupplier.com\/de\/product\/wholesale-stainless-steel-buffet-tray-with-lid\/","title":{"rendered":"Gro\u00dfhandel Edelstahl Buffet Tablett mit Deckel Wasser Tr\u00f6pfchen geh\u00e4mmert f\u00fcr Buffet K\u00fcche"},"content":{"rendered":"<div class=\"wp-block-columns is-layout-flex wp-container-core-columns-is-layout-9d6595d7 wp-block-columns-is-layout-flex\">\n<div class=\"wp-block-column is-layout-flow wp-block-column-is-layout-flow\">\n<h2 class=\"wp-block-heading\">Buffet-Tablett aus Edelstahl mit Deckel Merkmale:<\/h2>\n\n\n\n<p><strong>Atmosph\u00e4risch ansprechende, strukturierte Oberfl\u00e4che<\/strong>: Der gew\u00f6lbte Deckel mit Pr\u00e4gung und dekorativem Abschluss ist in insgesamt 5 hochwertigen Ausf\u00fchrungen erh\u00e4ltlich: Gold, Silber, Ros\u00e9gold, Bronze antik und Rot antik. Damit l\u00e4sst sich der \u00e4sthetische Charme eines Banketts im Handumdrehen von einer gew\u00f6hnlichen Speisenauslage in ein Prunkst\u00fcck verwandeln.<\/p>\n\n\n\n<p><strong>Primum Material: <\/strong>Hergestellt aus rostfreiem 410er-Stahl, der stark genug ist, um dem t\u00e4glichen Gebrauch standzuhalten und leicht gereinigt und gewartet werden kann.<\/p>\n\n\n\n<p><strong>Multi-Sizes Design<\/strong>: Das Produkt enth\u00e4lt die Gr\u00f6\u00dfen 30\/35\/40\/45\/50 cm, um verschiedenen Bed\u00fcrfnissen gerecht zu werden.<\/p>\n\n\n\n<p><strong>Isolierung und Staubschutz<\/strong>: Die Konstruktion mit Metalldeckel und staubdichter Versiegelung h\u00e4lt die Speisen warm und ist somit ein idealer Beh\u00e4lter f\u00fcr Partys oder Essen im Freien.<\/p>\n\n\n\n<p><strong>Hochgradig anpassungsf\u00e4hig an Szenarien<\/strong>: Dieses Produkt eignet sich aufgrund seiner anpassungsf\u00e4higen Gr\u00f6\u00dfe und Farbkombinationen sowohl f\u00fcr Buffets als auch f\u00fcr Hochzeiten, Hotelrestaurants und Gesch\u00e4ftsgalas und kann in vielen Situationen eingesetzt werden.<\/p>\n<\/div>\n\n\n\n<div class=\"wp-block-column is-layout-flow wp-block-column-is-layout-flow\">\n<figure class=\"wp-block-image size-full\"><img decoding=\"async\" width=\"800\" height=\"800\" src=\"https:\/\/www.billiondaysupplier.com\/wp-content\/uploads\/2025\/12\/buffetware1.webp\" alt=\"Buffetware\" class=\"wp-image-1550\" srcset=\"https:\/\/www.billiondaysupplier.com\/wp-content\/uploads\/2025\/12\/buffetware1.webp 800w, https:\/\/www.billiondaysupplier.com\/wp-content\/uploads\/2025\/12\/buffetware1-300x300.webp 300w, https:\/\/www.billiondaysupplier.com\/wp-content\/uploads\/2025\/12\/buffetware1-150x150.webp 150w, https:\/\/www.billiondaysupplier.com\/wp-content\/uploads\/2025\/12\/buffetware1-768x768.webp 768w, https:\/\/www.billiondaysupplier.com\/wp-content\/uploads\/2025\/12\/buffetware1-12x12.webp 12w, https:\/\/www.billiondaysupplier.com\/wp-content\/uploads\/2025\/12\/buffetware1-600x600.webp 600w, https:\/\/www.billiondaysupplier.com\/wp-content\/uploads\/2025\/12\/buffetware1-100x100.webp 100w\" sizes=\"(max-width: 800px) 100vw, 800px\" \/><\/figure>\n<\/div>\n<\/div>\n\n\n\n<div class=\"wp-block-columns is-layout-flex wp-container-core-columns-is-layout-9d6595d7 wp-block-columns-is-layout-flex\">\n<div class=\"wp-block-column is-layout-flow wp-block-column-is-layout-flow\">\n<figure class=\"wp-block-image size-full\"><img decoding=\"async\" width=\"800\" height=\"800\" src=\"https:\/\/www.billiondaysupplier.com\/wp-content\/uploads\/2025\/12\/buffetware3.webp\" alt=\"Buffetware\" class=\"wp-image-1552\" srcset=\"https:\/\/www.billiondaysupplier.com\/wp-content\/uploads\/2025\/12\/buffetware3.webp 800w, https:\/\/www.billiondaysupplier.com\/wp-content\/uploads\/2025\/12\/buffetware3-300x300.webp 300w, https:\/\/www.billiondaysupplier.com\/wp-content\/uploads\/2025\/12\/buffetware3-150x150.webp 150w, https:\/\/www.billiondaysupplier.com\/wp-content\/uploads\/2025\/12\/buffetware3-768x768.webp 768w, https:\/\/www.billiondaysupplier.com\/wp-content\/uploads\/2025\/12\/buffetware3-12x12.webp 12w, https:\/\/www.billiondaysupplier.com\/wp-content\/uploads\/2025\/12\/buffetware3-600x600.webp 600w, https:\/\/www.billiondaysupplier.com\/wp-content\/uploads\/2025\/12\/buffetware3-100x100.webp 100w\" sizes=\"(max-width: 800px) 100vw, 800px\" \/><\/figure>\n<\/div>\n\n\n\n<div class=\"wp-block-column is-layout-flow wp-block-column-is-layout-flow\">\n<figure class=\"wp-block-image size-full\"><img decoding=\"async\" width=\"800\" height=\"800\" src=\"https:\/\/www.billiondaysupplier.com\/wp-content\/uploads\/2025\/12\/buffetware5.webp\" alt=\"Buffetware\" class=\"wp-image-1554\" srcset=\"https:\/\/www.billiondaysupplier.com\/wp-content\/uploads\/2025\/12\/buffetware5.webp 800w, https:\/\/www.billiondaysupplier.com\/wp-content\/uploads\/2025\/12\/buffetware5-300x300.webp 300w, https:\/\/www.billiondaysupplier.com\/wp-content\/uploads\/2025\/12\/buffetware5-150x150.webp 150w, https:\/\/www.billiondaysupplier.com\/wp-content\/uploads\/2025\/12\/buffetware5-768x768.webp 768w, https:\/\/www.billiondaysupplier.com\/wp-content\/uploads\/2025\/12\/buffetware5-12x12.webp 12w, https:\/\/www.billiondaysupplier.com\/wp-content\/uploads\/2025\/12\/buffetware5-600x600.webp 600w, https:\/\/www.billiondaysupplier.com\/wp-content\/uploads\/2025\/12\/buffetware5-100x100.webp 100w\" sizes=\"(max-width: 800px) 100vw, 800px\" \/><\/figure>\n<\/div>\n<\/div>","protected":false},"excerpt":{"rendered":"<p>Gro\u00dfhandels-Edelstahlschale mit Deckel in verschiedenen Metallic-Farben (Gold, Ros\u00e9gold, Silber, Bronze) und mit faszinierenden 3D-Strukturen. Entwickelt, um Lebensmittel frisch zu halten mit langlebigen und stilvollen Kuppeln, perfekt f\u00fcr jeden Anlass. Wir bieten ma\u00dfgeschneidertes Buffet-Zubeh\u00f6r. Kontaktieren Sie uns und fordern Sie noch heute ein Angebot an!<\/p>\n<h2>Buffet-Tablett aus Edelstahl mit Deckel Parameter\uff1a<\/h2>\n<table width=\"378\">\n<tbody>\n<tr>\n<td style=\"text-align: left;\" width=\"155\">Material<\/td>\n<td style=\"text-align: left;\" width=\"223\">Rostfreier Stahl 410<\/td>\n<\/tr>\n<tr>\n<td>Farbe<\/td>\n<td width=\"223\">Silber \/ Gold\/Rosegold<\/td>\n<\/tr>\n<tr>\n<td width=\"155\">Merkmal<\/td>\n<td width=\"223\">\n<p>1.  Rostfreier Stahl<br \/>2. Luxuri\u00f6ses Design<br \/>3. Kompatibilit\u00e4t mit mehreren Szenen<\/p>\n<\/td>\n<\/tr>\n<tr>\n<td>Kundenspezifische Option<\/td>\n<td style=\"text-align: left;\" width=\"223\">Logo\/Farbe\/Gr\u00f6\u00dfe\/Verpackung\/Zubeh\u00f6r<\/td>\n<\/tr>\n<\/tbody>\n<\/table>","protected":false},"featured_media":1549,"comment_status":"closed","ping_status":"closed","template":"","meta":{"_acf_changed":false},"product_brand":[],"product_cat":[23],"product_tag":[],"class_list":{"0":"post-1548","1":"product","2":"type-product","3":"status-publish","4":"has-post-thumbnail","6":"product_cat-wholesale-buffet-accessories","8":"first","9":"instock","10":"shipping-taxable","11":"product-type-simple"},"acf":[],"_links":{"self":[{"href":"https:\/\/www.billiondaysupplier.com\/de\/wp-json\/wp\/v2\/product\/1548","targetHints":{"allow":["GET"]}}],"collection":[{"href":"https:\/\/www.billiondaysupplier.com\/de\/wp-json\/wp\/v2\/product"}],"about":[{"href":"https:\/\/www.billiondaysupplier.com\/de\/wp-json\/wp\/v2\/types\/product"}],"replies":[{"embeddable":true,"href":"https:\/\/www.billiondaysupplier.com\/de\/wp-json\/wp\/v2\/comments?post=1548"}],"wp:featuredmedia":[{"embeddable":true,"href":"https:\/\/www.billiondaysupplier.com\/de\/wp-json\/wp\/v2\/media\/1549"}],"wp:attachment":[{"href":"https:\/\/www.billiondaysupplier.com\/de\/wp-json\/wp\/v2\/media?parent=1548"}],"wp:term":[{"taxonomy":"product_brand","embeddable":true,"href":"https:\/\/www.billiondaysupplier.com\/de\/wp-json\/wp\/v2\/product_brand?post=1548"},{"taxonomy":"product_cat","embeddable":true,"href":"https:\/\/www.billiondaysupplier.com\/de\/wp-json\/wp\/v2\/product_cat?post=1548"},{"taxonomy":"product_tag","embeddable":true,"href":"https:\/\/www.billiondaysupplier.com\/de\/wp-json\/wp\/v2\/product_tag?post=1548"}],"curies":[{"name":"wp","href":"https:\/\/api.w.org\/{rel}","templated":true}]}}