{"id":1538,"date":"2025-12-09T08:37:48","date_gmt":"2025-12-09T08:37:48","guid":{"rendered":"https:\/\/www.billiondaysupplier.com\/?post_type=product&#038;p=1538"},"modified":"2025-12-09T08:37:51","modified_gmt":"2025-12-09T08:37:51","slug":"wholesale-gold-chafing-dishes","status":"publish","type":"product","link":"https:\/\/www.billiondaysupplier.com\/de\/product\/wholesale-gold-chafing-dishes\/","title":{"rendered":"Gro\u00dfhandel Gold Chafing Dishes, Edelstahl Buffet W\u00e4rmer Luxus herzf\u00f6rmigen Ball Custom"},"content":{"rendered":"<div class=\"wp-block-columns is-layout-flex wp-container-core-columns-is-layout-9d6595d7 wp-block-columns-is-layout-flex\">\n<div class=\"wp-block-column is-layout-flow wp-block-column-is-layout-flow\">\n<h2 class=\"wp-block-heading\">Gold Chafing Dishes Merkmale:<\/h2>\n\n\n\n<p>Luxuri\u00f6ser Stil: Mit einer Vollvergoldung und einem herzf\u00f6rmigen Kuppeldesign ist sie reich an Glanz und luxuri\u00f6s in der Textur. Durch den schwebenden Deckel und den stromlinienf\u00f6rmigen K\u00f6rper hat er einen hohen Wiedererkennungswert und eignet sich f\u00fcr Hochzeitstische, VIP-Buffets in Sterne-Hotels, hochkar\u00e4tige Gesch\u00e4ftsbankette und andere Anl\u00e4sse, wobei er den Stil der Speisenpr\u00e4sentation sofort aufwertet und zu einem optischen Highlight im Veranstaltungsort wird.<\/p>\n\n\n\n<p><strong>Praktische Details:<\/strong> Der Metalltr\u00e4ger sorgt f\u00fcr eine stabile Aufstellung, und die Seite des Ofens ist mit einem w\u00e4rmeisolierten Griff ausgestattet, der das Bewegen und Einstellen durch das Personal erleichtert. Eine solche Konstruktion verringert die Betriebsrisiken in stark frequentierten Umgebungen.<\/p>\n\n\n\n<p><strong>Hochwertiges Material<\/strong>: Der Hauptk\u00f6rper des Ofens besteht aus lebensmittelechtem Edelstahl mit einer Au\u00dfenschicht aus verschlei\u00dffester Goldbeschichtung. Er entspricht den Sicherheitsstandards f\u00fcr die Gastronomie und verf\u00fcgt \u00fcber korrosionsbest\u00e4ndige und kratzfeste Eigenschaften. Er verblasst oder verformt sich nicht so leicht bei l\u00e4ngerem Gebrauch in kommerziellen Umgebungen.<\/p>\n\n\n\n<p><strong>Einfache Wartung<\/strong>: T\u00e4gliches, sanftes Abwischen gen\u00fcgt, daher sind die Wartungskosten gering.<\/p>\n\n\n\n<p><strong>Design des H\u00e4ngedeckels:<\/strong> Der Deckel l\u00e4sst sich m\u00fchelos \u00f6ffnen, indem nur die obere Blende angehoben wird, was die Bedienung erleichtert und Verbrennungen verhindert.<\/p>\n\n\n\n<p><strong>OEM-Service-Unterst\u00fctzung<\/strong>: Wir bieten die Anpassung der Buffetausstattung an. Logos, Gr\u00f6\u00dfen und Farben k\u00f6nnen je nach den Bed\u00fcrfnissen unserer Kunden angepasst werden.<\/p>\n<\/div>\n\n\n\n<div class=\"wp-block-column is-layout-flow wp-block-column-is-layout-flow\"><div class=\"wp-block-image\">\n<figure class=\"aligncenter size-full\"><img decoding=\"async\" width=\"2953\" height=\"2953\" src=\"https:\/\/www.billiondaysupplier.com\/wp-content\/uploads\/2025\/12\/Restaurant-Supply-Chafing-Dishes-1.png\" alt=\"Restaurant Versorgung Chafing Dishes\" class=\"wp-image-1540\" srcset=\"https:\/\/www.billiondaysupplier.com\/wp-content\/uploads\/2025\/12\/Restaurant-Supply-Chafing-Dishes-1.png 2953w, https:\/\/www.billiondaysupplier.com\/wp-content\/uploads\/2025\/12\/Restaurant-Supply-Chafing-Dishes-1-300x300.png 300w, https:\/\/www.billiondaysupplier.com\/wp-content\/uploads\/2025\/12\/Restaurant-Supply-Chafing-Dishes-1-150x150.png 150w, https:\/\/www.billiondaysupplier.com\/wp-content\/uploads\/2025\/12\/Restaurant-Supply-Chafing-Dishes-1-768x768.png 768w, https:\/\/www.billiondaysupplier.com\/wp-content\/uploads\/2025\/12\/Restaurant-Supply-Chafing-Dishes-1-12x12.png 12w, https:\/\/www.billiondaysupplier.com\/wp-content\/uploads\/2025\/12\/Restaurant-Supply-Chafing-Dishes-1-1200x1200.png 1200w, https:\/\/www.billiondaysupplier.com\/wp-content\/uploads\/2025\/12\/Restaurant-Supply-Chafing-Dishes-1-600x600.png 600w, https:\/\/www.billiondaysupplier.com\/wp-content\/uploads\/2025\/12\/Restaurant-Supply-Chafing-Dishes-1-100x100.png 100w\" sizes=\"(max-width: 2953px) 100vw, 2953px\" \/><\/figure>\n<\/div><\/div>\n<\/div>\n\n\n\n<p><\/p>","protected":false},"excerpt":{"rendered":"<p>Gro\u00dfhandel Gold Chafing Dishes verf\u00fcgen \u00fcber ein Luxus-Gold Aussehen, hochwertigen Edelstahl, eine herzf\u00f6rmige Kugel, h\u00e4ngenden Deckel, die Kombination von Eleganz und Funktionalit\u00e4t. 8L Kapazit\u00e4t ist ideal f\u00fcr die meisten Banques. Billion Day Buffet Ausr\u00fcstung Hersteller direkte Lieferungen, bieten wir OEM \/ ODM-Dienstleistungen. Willkommen bei uns f\u00fcr weitere Informationen zu kontaktieren!<\/p>\n<h2>Gold Chafing Dishes Parameter\uff1a<\/h2>\n<table border=\"0\" width=\"404\" cellspacing=\"0\" cellpadding=\"0\">\n<tbody>\n<tr>\n<td style=\"text-align: left;\" width=\"148\" height=\"24\"><strong>Material<\/strong><\/td>\n<td style=\"text-align: left;\" width=\"256\">Rostfreier Stahl 201<\/td>\n<\/tr>\n<tr>\n<td style=\"text-align: left;\" height=\"69\"><strong>Farbe<\/strong><\/td>\n<td style=\"text-align: left;\" width=\"256\">Gold<\/td>\n<\/tr>\n<tr>\n<td style=\"text-align: left;\" height=\"24\"><strong>Heizmethode<\/strong><\/td>\n<td style=\"text-align: left;\">Brennstoff Heizung<\/td>\n<\/tr>\n<tr>\n<td style=\"text-align: left;\" height=\"24\"><strong>Kapazit\u00e4t<\/strong><\/td>\n<td style=\"text-align: left;\">4,5L\/6L\/8L<\/td>\n<\/tr>\n<tr>\n<td style=\"text-align: left;\" height=\"92\"><strong>Merkmal<\/strong><\/td>\n<td style=\"text-align: left;\" width=\"256\">1. mit ExquisitH\u00e4ngedeckel<br \/>2. Ausgefallenes Hohlraumdesign<br \/>3. Stabiler, aufrechter Rahmen<\/td>\n<\/tr>\n<tr>\n<td style=\"text-align: left;\" height=\"24\"><strong>Kundenspezifische Option<\/strong><\/td>\n<td style=\"text-align: left;\">Logo\/Farbe\/Gr\u00f6\u00dfe\/Verpackung\/Zubeh\u00f6r<\/td>\n<\/tr>\n<\/tbody>\n<\/table>","protected":false},"featured_media":1540,"comment_status":"closed","ping_status":"closed","template":"","meta":{"_acf_changed":false},"product_brand":[],"product_cat":[30],"product_tag":[],"class_list":{"0":"post-1538","1":"product","2":"type-product","3":"status-publish","4":"has-post-thumbnail","6":"product_cat-hanging-chafing-dish-supplier","8":"first","9":"instock","10":"shipping-taxable","11":"product-type-simple"},"acf":[],"_links":{"self":[{"href":"https:\/\/www.billiondaysupplier.com\/de\/wp-json\/wp\/v2\/product\/1538","targetHints":{"allow":["GET"]}}],"collection":[{"href":"https:\/\/www.billiondaysupplier.com\/de\/wp-json\/wp\/v2\/product"}],"about":[{"href":"https:\/\/www.billiondaysupplier.com\/de\/wp-json\/wp\/v2\/types\/product"}],"replies":[{"embeddable":true,"href":"https:\/\/www.billiondaysupplier.com\/de\/wp-json\/wp\/v2\/comments?post=1538"}],"wp:featuredmedia":[{"embeddable":true,"href":"https:\/\/www.billiondaysupplier.com\/de\/wp-json\/wp\/v2\/media\/1540"}],"wp:attachment":[{"href":"https:\/\/www.billiondaysupplier.com\/de\/wp-json\/wp\/v2\/media?parent=1538"}],"wp:term":[{"taxonomy":"product_brand","embeddable":true,"href":"https:\/\/www.billiondaysupplier.com\/de\/wp-json\/wp\/v2\/product_brand?post=1538"},{"taxonomy":"product_cat","embeddable":true,"href":"https:\/\/www.billiondaysupplier.com\/de\/wp-json\/wp\/v2\/product_cat?post=1538"},{"taxonomy":"product_tag","embeddable":true,"href":"https:\/\/www.billiondaysupplier.com\/de\/wp-json\/wp\/v2\/product_tag?post=1538"}],"curies":[{"name":"wp","href":"https:\/\/api.w.org\/{rel}","templated":true}]}}