{"id":1535,"date":"2025-12-10T03:57:37","date_gmt":"2025-12-10T03:57:37","guid":{"rendered":"https:\/\/www.billiondaysupplier.com\/?post_type=product&#038;p=1535"},"modified":"2025-12-10T03:57:40","modified_gmt":"2025-12-10T03:57:40","slug":"wholesale-round-chafing-dishes","status":"publish","type":"product","link":"https:\/\/www.billiondaysupplier.com\/de\/product\/wholesale-round-chafing-dishes\/","title":{"rendered":"Gro\u00dfhandel Runde Chafing Dishes, Gold Buffet Food Warmer mit h\u00e4ngenden Deckel Lieferant"},"content":{"rendered":"<div class=\"wp-block-columns is-layout-flex wp-container-core-columns-is-layout-9d6595d7 wp-block-columns-is-layout-flex\">\n<div class=\"wp-block-column is-layout-flow wp-block-column-is-layout-flow\">\n<h2 class=\"wp-block-heading\">Runde Chafing Dishes Merkmale:<\/h2>\n\n\n\n<p><strong>Luxuri\u00f6ser Stil:<\/strong> Mit einer Hochglanzvergoldung und einem stromlinienf\u00f6rmigen, kreisf\u00f6rmigen Design in Verbindung mit einem h\u00e4ngenden Deckel ist die Gesamttextur exquisit und luxuri\u00f6s.<\/p>\n\n\n\n<p><strong>Szenen\u00fcbergreifende Anpassung<\/strong>: Striking Gold kann f\u00fcr Szene-Hochzeiten, Sterne-Hotel-Buffets und hochkar\u00e4tige Gesch\u00e4ftsbankette verwendet werden und unterstreicht sofort den Sinn f\u00fcr Zeremonien und die visuelle Raffinesse der Speisenpr\u00e4sentation.<\/p>\n\n\n\n<p><strong>Elegantes und praktisches Design<\/strong>: Der Hauptk\u00f6rper besteht aus lebensmittelechtem Edelstahl mit einer goldenen Schutzschicht, die den Standards der Lebensmittelsicherheit entspricht. Er ist korrosionsbest\u00e4ndig, kratzfest und verf\u00e4rbt sich nicht. Es kann lange Zeit im kommerziellen Einsatz ohne Verformung und Verf\u00e4rbung ertragen, w\u00e4hrend die regelm\u00e4\u00dfige Reinigung nur ein leichtes Abwischen erfordert, um den Glanz wiederherzustellen, was die Wartungskosten reduziert.<\/p>\n\n\n\n<p><strong>Transparenter Glasdeckel<\/strong>: Die h\u00e4ngende Konstruktion des Glasdeckels erm\u00f6glicht es dem Personal, den Status zu \u00fcberpr\u00fcfen und den Deckel mit Leichtigkeit zu heben, wodurch die Bedienung einfach und ohne Verbrennungen erfolgt.<\/p>\n\n\n\n<p><strong>Stabile Struktur:<\/strong> Er ist mit einer verdickten Metallst\u00fctze an der Unterseite ausgestattet, um die Stabilit\u00e4t beim Aufstellen zu gew\u00e4hrleisten und die Wahrscheinlichkeit eines Umkippens in komplizierten Situationen, auch in der Gastronomie, zu verringern.<\/p>\n\n\n\n<p><strong>OEM-Service-Unterst\u00fctzung:<\/strong> Wir bieten die Anpassung der Buffetausstattung an. Logos, Gr\u00f6\u00dfen und Farben k\u00f6nnen je nach Bedarf angepasst werden.<\/p>\n<\/div>\n\n\n\n<div class=\"wp-block-column is-layout-flow wp-block-column-is-layout-flow\"><div class=\"wp-block-image\">\n<figure class=\"aligncenter size-full\"><img decoding=\"async\" width=\"3125\" height=\"3125\" src=\"https:\/\/www.billiondaysupplier.com\/wp-content\/uploads\/2025\/12\/Chafing-Dish-Manufacturers-China-1.png\" alt=\"Chafing Dish Hersteller China\" class=\"wp-image-1537\" srcset=\"https:\/\/www.billiondaysupplier.com\/wp-content\/uploads\/2025\/12\/Chafing-Dish-Manufacturers-China-1.png 3125w, https:\/\/www.billiondaysupplier.com\/wp-content\/uploads\/2025\/12\/Chafing-Dish-Manufacturers-China-1-300x300.png 300w, https:\/\/www.billiondaysupplier.com\/wp-content\/uploads\/2025\/12\/Chafing-Dish-Manufacturers-China-1-150x150.png 150w, https:\/\/www.billiondaysupplier.com\/wp-content\/uploads\/2025\/12\/Chafing-Dish-Manufacturers-China-1-768x768.png 768w, https:\/\/www.billiondaysupplier.com\/wp-content\/uploads\/2025\/12\/Chafing-Dish-Manufacturers-China-1-12x12.png 12w, https:\/\/www.billiondaysupplier.com\/wp-content\/uploads\/2025\/12\/Chafing-Dish-Manufacturers-China-1-1200x1200.png 1200w, https:\/\/www.billiondaysupplier.com\/wp-content\/uploads\/2025\/12\/Chafing-Dish-Manufacturers-China-1-600x600.png 600w, https:\/\/www.billiondaysupplier.com\/wp-content\/uploads\/2025\/12\/Chafing-Dish-Manufacturers-China-1-100x100.png 100w\" sizes=\"(max-width: 3125px) 100vw, 3125px\" \/><\/figure>\n<\/div><\/div>\n<\/div>\n\n\n\n<p><\/p>","protected":false},"excerpt":{"rendered":"<p>Die runden Chafing Dishes des Gro\u00dfhandels sind aus rostfreiem Stahl, haben einen h\u00e4ngenden Deckel und einen stabilen Boden, ideal f\u00fcr Buffets, Hotels und Veranstaltungen. Leicht zu reinigen. Wir bieten One-Stop-Buffet Ausr\u00fcstung kundenspezifische L\u00f6sungen. Kontaktieren Sie uns f\u00fcr Gro\u00dfhandel &amp; Anpassung!<\/p>\n<h2>Parameter\uff1a Runde Chafing Dishes<\/h2>\n<table border=\"0\" width=\"404\" cellspacing=\"0\" cellpadding=\"0\">\n<tbody>\n<tr>\n<td style=\"text-align: left;\" width=\"148\" height=\"24\"><strong>Material<\/strong><\/td>\n<td style=\"text-align: left;\" width=\"256\">Rostfreier Stahl 201<\/td>\n<\/tr>\n<tr>\n<td style=\"text-align: left;\" height=\"69\"><strong>Farbe<\/strong><\/td>\n<td style=\"text-align: left;\" width=\"256\">Gold<\/td>\n<\/tr>\n<tr>\n<td style=\"text-align: left;\" height=\"24\"><strong>Heizmethode<\/strong><\/td>\n<td style=\"text-align: left;\">Brennstoff Heizung<\/td>\n<\/tr>\n<tr>\n<td style=\"text-align: left;\" height=\"24\"><strong>Kapazit\u00e4t<\/strong><\/td>\n<td style=\"text-align: left;\">4,5L\/6L\/8L<\/td>\n<\/tr>\n<tr>\n<td style=\"text-align: left;\" height=\"92\"><strong>Merkmal<\/strong><\/td>\n<td style=\"text-align: left;\" width=\"256\">1. mit ExquisitH\u00e4ngedeckel<br \/>2. Ausgefallenes Hohlraumdesign<br \/>3. Stabiler, aufrechter Rahmen<\/td>\n<\/tr>\n<tr>\n<td style=\"text-align: left;\" height=\"24\"><strong>Kundenspezifische Option<\/strong><\/td>\n<td style=\"text-align: left;\">Logo\/Farbe\/Gr\u00f6\u00dfe\/Verpackung\/Zubeh\u00f6r<\/td>\n<\/tr>\n<\/tbody>\n<\/table>","protected":false},"featured_media":1537,"comment_status":"closed","ping_status":"closed","template":"","meta":{"_acf_changed":true},"product_brand":[],"product_cat":[30],"product_tag":[],"class_list":{"0":"post-1535","1":"product","2":"type-product","3":"status-publish","4":"has-post-thumbnail","6":"product_cat-hanging-chafing-dish-supplier","8":"first","9":"instock","10":"shipping-taxable","11":"product-type-simple"},"acf":[],"_links":{"self":[{"href":"https:\/\/www.billiondaysupplier.com\/de\/wp-json\/wp\/v2\/product\/1535","targetHints":{"allow":["GET"]}}],"collection":[{"href":"https:\/\/www.billiondaysupplier.com\/de\/wp-json\/wp\/v2\/product"}],"about":[{"href":"https:\/\/www.billiondaysupplier.com\/de\/wp-json\/wp\/v2\/types\/product"}],"replies":[{"embeddable":true,"href":"https:\/\/www.billiondaysupplier.com\/de\/wp-json\/wp\/v2\/comments?post=1535"}],"wp:featuredmedia":[{"embeddable":true,"href":"https:\/\/www.billiondaysupplier.com\/de\/wp-json\/wp\/v2\/media\/1537"}],"wp:attachment":[{"href":"https:\/\/www.billiondaysupplier.com\/de\/wp-json\/wp\/v2\/media?parent=1535"}],"wp:term":[{"taxonomy":"product_brand","embeddable":true,"href":"https:\/\/www.billiondaysupplier.com\/de\/wp-json\/wp\/v2\/product_brand?post=1535"},{"taxonomy":"product_cat","embeddable":true,"href":"https:\/\/www.billiondaysupplier.com\/de\/wp-json\/wp\/v2\/product_cat?post=1535"},{"taxonomy":"product_tag","embeddable":true,"href":"https:\/\/www.billiondaysupplier.com\/de\/wp-json\/wp\/v2\/product_tag?post=1535"}],"curies":[{"name":"wp","href":"https:\/\/api.w.org\/{rel}","templated":true}]}}