{"id":1532,"date":"2025-12-10T06:31:01","date_gmt":"2025-12-10T06:31:01","guid":{"rendered":"https:\/\/www.billiondaysupplier.com\/?post_type=product&#038;p=1532"},"modified":"2025-12-20T01:20:07","modified_gmt":"2025-12-20T01:20:07","slug":"wholesale-chafing-dish-buffet","status":"publish","type":"product","link":"https:\/\/www.billiondaysupplier.com\/de\/product\/wholesale-chafing-dish-buffet\/","title":{"rendered":"Gro\u00dfhandel Chafing Dish Buffet Edelstahl Diamant h\u00e4ngenden Stab Gold Custom"},"content":{"rendered":"<div class=\"wp-block-columns is-layout-flex wp-container-core-columns-is-layout-9d6595d7 wp-block-columns-is-layout-flex\">\n<div class=\"wp-block-column is-layout-flow wp-block-column-is-layout-flow\">\n<h2 class=\"wp-block-heading\">Chafing Dish Buffet Merkmale:<\/h2>\n\n\n\n<p><strong>Feine Textur<\/strong>: Die Oberfl\u00e4che ist mit feinen geometrischen Strukturen bedeckt, wie zum Beispiel <strong>Rautenmuster, Spitzkegel und durchbrochene Muster<\/strong>, die die visuelle Dreidimensionalit\u00e4t und den Luxus verst\u00e4rken.<\/p>\n\n\n\n<p><strong>Brennstoff Heizung:<\/strong> Ausgestattet mit einem unabh\u00e4ngigen Alkohol-Heizung, ist es nicht auf eine Stromquelle angewiesen und kann frei in Outdoor-Rasen Bankette, tempor\u00e4re Banketts\u00e4le und andere Orte ohne Stromversorgung platziert werden. Nach dem Erhitzen kann es stabil eine geeignete Temperatur von 60-85\u2103 aufrechterhalten, wodurch die W\u00e4rme und Frische der Lebensmittel f\u00fcr eine lange Zeit erhalten bleibt.<\/p>\n\n\n\n<p><strong>Verst\u00e4rkter Metallst\u00e4nder:<\/strong> Das Design des Deckels in Form eines Auslegers erleichtert dem Personal das \u00d6ffnen und Schlie\u00dfen des Deckels und reduziert den Kraftaufwand. Die Bodenst\u00fctze sorgt in Verbindung mit der ausgeh\u00f6hlten Struktur des Ofenk\u00f6rpers f\u00fcr eine gute Bel\u00fcftung und Verbrennung des Spirituskochers, w\u00e4hrend sie gleichzeitig die Gesamtstabilit\u00e4t verbessert und die Gefahr des Umkippens bei Banketten verringert.<\/p>\n\n\n\n<p><strong>Premium-Vergoldung Oberfl\u00e4che:<\/strong> Das Hauptgeh\u00e4use besteht aus lebensmittelechtem Edelstahl mit einer goldenen Schutzschicht auf der Au\u00dfenseite. Es entspricht den Lebensmittelsicherheitsstandards und ist korrosionsbest\u00e4ndig und kratzfest. Es verblasst oder verformt sich nicht leicht bei langfristiger Verwendung in gewerblichen Umgebungen.<\/p>\n\n\n\n<p><strong>Leicht zu reinigen:<\/strong> Der Innentopf aus rostfreiem Stahl ist langlebig und der \u00e4u\u00dfere goldene Sockel hat ein modulares Design, beide sind einfach zu reinigen.<\/p>\n\n\n\n<p><strong>Anpassungsoptionen<\/strong>: Farben, Fassungsverm\u00f6gen, Logos und Zubeh\u00f6r k\u00f6nnen an unterschiedliche M\u00e4rkte oder Projektanforderungen angepasst werden.<\/p>\n\n\n\n<p><strong>Fabrikdirektlieferung: <\/strong>Billion Day bietet eine stabile Produktion und wettbewerbsf\u00e4hige Gro\u00dfhandelspreise zur Unterst\u00fctzung von Gro\u00dfh\u00e4ndlern, Einzelh\u00e4ndlern und Catering-Lieferanten.<\/p>\n<\/div>\n\n\n\n<div class=\"wp-block-column is-layout-flow wp-block-column-is-layout-flow\">\n<figure class=\"wp-block-image size-full\"><img decoding=\"async\" width=\"800\" height=\"800\" src=\"https:\/\/www.billiondaysupplier.com\/wp-content\/uploads\/2025\/12\/Chafing-Dish-Supplier-1.png\" alt=\"Chafing Dish Lieferant\" class=\"wp-image-1534\" srcset=\"https:\/\/www.billiondaysupplier.com\/wp-content\/uploads\/2025\/12\/Chafing-Dish-Supplier-1.png 800w, https:\/\/www.billiondaysupplier.com\/wp-content\/uploads\/2025\/12\/Chafing-Dish-Supplier-1-300x300.png 300w, https:\/\/www.billiondaysupplier.com\/wp-content\/uploads\/2025\/12\/Chafing-Dish-Supplier-1-150x150.png 150w, https:\/\/www.billiondaysupplier.com\/wp-content\/uploads\/2025\/12\/Chafing-Dish-Supplier-1-768x768.png 768w, https:\/\/www.billiondaysupplier.com\/wp-content\/uploads\/2025\/12\/Chafing-Dish-Supplier-1-12x12.png 12w, https:\/\/www.billiondaysupplier.com\/wp-content\/uploads\/2025\/12\/Chafing-Dish-Supplier-1-600x600.png 600w, https:\/\/www.billiondaysupplier.com\/wp-content\/uploads\/2025\/12\/Chafing-Dish-Supplier-1-100x100.png 100w\" sizes=\"(max-width: 800px) 100vw, 800px\" \/><\/figure>\n<\/div>\n<\/div>\n\n\n\n<p><\/p>","protected":false},"excerpt":{"rendered":"<div class=\"auto-hide-last-sibling-br paragraph-pP9ZLC paragraph-element br-paragraph-space\">Billion Day Gro\u00dfhandel Chafing Dish Buffet mit Kraftstoff Heizung, stabilen verst\u00e4rkten Rahmen, h\u00e4ngenden Deckel, Gold exquisite Muster, Edelstahl und einfache Reinigung. Wir bieten volle Anpassung Optionen. Kontaktieren Sie uns f\u00fcr Gro\u00dfhandel Angebote.<\/div>\n<h2>Chafing Dish Buffet Parameter\uff1a<\/h2>\n<table border=\"0\" width=\"404\" cellspacing=\"0\" cellpadding=\"0\">\n<tbody>\n<tr>\n<td style=\"text-align: left;\" width=\"148\" height=\"24\"><strong>Material<\/strong><\/td>\n<td style=\"text-align: left;\" width=\"256\">\n<p>Rostfreier Stahl 201 und Eisen<\/p>\n<\/td>\n<\/tr>\n<tr>\n<td style=\"text-align: left;\" height=\"69\"><strong>Farbe<\/strong><\/td>\n<td style=\"text-align: left;\" width=\"256\">Gold<\/td>\n<\/tr>\n<tr>\n<td style=\"text-align: left;\" height=\"24\"><strong>Heizmethode<\/strong><\/td>\n<td style=\"text-align: left;\">Brennstoff Heizung<\/td>\n<\/tr>\n<tr>\n<td style=\"text-align: left;\" height=\"24\"><strong>Kapazit\u00e4t<\/strong><\/td>\n<td style=\"text-align: left;\">8.0L<\/td>\n<\/tr>\n<tr>\n<td style=\"text-align: left;\" height=\"92\"><strong>Merkmal<\/strong><\/td>\n<td style=\"text-align: left;\" width=\"256\">1. mit ExquisitH\u00e4ngedeckel<br \/>2. Ausgefallenes Hohlraumdesign<br \/>3. Stabiler, aufrechter Rahmen<\/td>\n<\/tr>\n<tr>\n<td style=\"text-align: left;\" height=\"24\"><strong>Kundenspezifische Option<\/strong><\/td>\n<td style=\"text-align: left;\">Logo\/Farbe\/Gr\u00f6\u00dfe\/Verpackung\/Zubeh\u00f6r<\/td>\n<\/tr>\n<\/tbody>\n<\/table>","protected":false},"featured_media":1534,"comment_status":"closed","ping_status":"closed","template":"","meta":{"_acf_changed":false},"product_brand":[],"product_cat":[30],"product_tag":[],"class_list":{"0":"post-1532","1":"product","2":"type-product","3":"status-publish","4":"has-post-thumbnail","6":"product_cat-hanging-chafing-dish-supplier","8":"first","9":"instock","10":"shipping-taxable","11":"product-type-simple"},"acf":[],"_links":{"self":[{"href":"https:\/\/www.billiondaysupplier.com\/de\/wp-json\/wp\/v2\/product\/1532","targetHints":{"allow":["GET"]}}],"collection":[{"href":"https:\/\/www.billiondaysupplier.com\/de\/wp-json\/wp\/v2\/product"}],"about":[{"href":"https:\/\/www.billiondaysupplier.com\/de\/wp-json\/wp\/v2\/types\/product"}],"replies":[{"embeddable":true,"href":"https:\/\/www.billiondaysupplier.com\/de\/wp-json\/wp\/v2\/comments?post=1532"}],"wp:featuredmedia":[{"embeddable":true,"href":"https:\/\/www.billiondaysupplier.com\/de\/wp-json\/wp\/v2\/media\/1534"}],"wp:attachment":[{"href":"https:\/\/www.billiondaysupplier.com\/de\/wp-json\/wp\/v2\/media?parent=1532"}],"wp:term":[{"taxonomy":"product_brand","embeddable":true,"href":"https:\/\/www.billiondaysupplier.com\/de\/wp-json\/wp\/v2\/product_brand?post=1532"},{"taxonomy":"product_cat","embeddable":true,"href":"https:\/\/www.billiondaysupplier.com\/de\/wp-json\/wp\/v2\/product_cat?post=1532"},{"taxonomy":"product_tag","embeddable":true,"href":"https:\/\/www.billiondaysupplier.com\/de\/wp-json\/wp\/v2\/product_tag?post=1532"}],"curies":[{"name":"wp","href":"https:\/\/api.w.org\/{rel}","templated":true}]}}