{"id":1529,"date":"2025-12-10T06:50:14","date_gmt":"2025-12-10T06:50:14","guid":{"rendered":"https:\/\/www.billiondaysupplier.com\/?post_type=product&#038;p=1529"},"modified":"2025-12-10T06:50:53","modified_gmt":"2025-12-10T06:50:53","slug":"wholesale-modern-chafing-dish","status":"publish","type":"product","link":"https:\/\/www.billiondaysupplier.com\/de\/product\/wholesale-modern-chafing-dish\/","title":{"rendered":"Gro\u00dfhandel Moderne Chafing Dish, Buffet Essen W\u00e4rmer Sliver Diamond-Textured Deckel Custom"},"content":{"rendered":"<div class=\"wp-block-columns is-layout-flex wp-container-core-columns-is-layout-9d6595d7 wp-block-columns-is-layout-flex\">\n<div class=\"wp-block-column is-layout-flow wp-block-column-is-layout-flow\">\n<h2 class=\"wp-block-heading\">Moderne Chafing Dish Merkmale:<\/h2>\n\n\n\n<p><strong>Luxuri\u00f6ses Diamantdesign<\/strong>: Mit seiner diamantf\u00f6rmigen Abdeckung und dem Geh\u00e4use aus hochglanzpoliertem Edelstahl bietet dieses Ger\u00e4t eine exquisite und raffinierte Anmutung, die durch einen starken optischen Reiz erg\u00e4nzt wird.<\/p>\n\n\n\n<p><strong>Gro\u00dfes Fassungsverm\u00f6gen von 8 Litern: <\/strong>Er eignet sich ideal f\u00fcr Restaurants, Picknicks, Hochzeiten, Buffets und Hotelbankette, da er mehr Speisen aufnehmen und die Effizienz verbessern kann.<\/p>\n\n\n\n<p><strong>Design H\u00e4ngedeckel<\/strong>: Der Deckel kann sicher aufgeh\u00e4ngt werden, so dass das h\u00e4ufige Auflegen entf\u00e4llt und die betriebliche Effizienz und Hygiene verbessert wird.<\/p>\n\n\n\n<p><strong>Stabile Halterung<\/strong>: Der gebogene, tragbare St\u00e4nder erm\u00f6glicht es dem Personal, den Chafing Dish zu bewegen und seine Position schnell zu ver\u00e4ndern; der Sockel verf\u00fcgt \u00fcber eine dreieckige St\u00fctze f\u00fcr zus\u00e4tzliche Stabilit\u00e4t, die das Risiko des Umkippens w\u00e4hrend des Gebrauchs verringert.<\/p>\n\n\n\n<p><strong>Hochwertiger rostfreier Stahl:<\/strong> Der Hauptk\u00f6rper besteht aus lebensmittelechtem Edelstahl, der die Sicherheitsstandards f\u00fcr die Gastronomie erf\u00fcllt und sich durch Korrosionsbest\u00e4ndigkeit, hohe Temperaturbest\u00e4ndigkeit und Kratzfestigkeit auszeichnet. I<\/p>\n\n\n\n<p><strong>Individuelle Anpassung m\u00f6glich:<\/strong> Kundenspezifische Farben, Kapazit\u00e4ten, Logos oder Zubeh\u00f6r sind erh\u00e4ltlich, um den Anforderungen verschiedener M\u00e4rkte und Projekte gerecht zu werden.<\/p>\n\n\n\n<p><strong>Fabrikdirektlieferung<\/strong>: Als Hersteller von Chafing Dishes bietet Billion Day eine stabile Versorgung und g\u00fcnstige Gro\u00dfhandelspreise, um Ihnen zu helfen, Ihr Gesch\u00e4ft zu erweitern.<\/p>\n<\/div>\n\n\n\n<div class=\"wp-block-column is-layout-flow wp-block-column-is-layout-flow\">\n<figure class=\"wp-block-image size-full\"><img decoding=\"async\" width=\"800\" height=\"800\" src=\"https:\/\/www.billiondaysupplier.com\/wp-content\/uploads\/2025\/12\/Chafing-Dish-Manufacturers-1.png\" alt=\"Chafing Dish Hersteller\" class=\"wp-image-1531\" srcset=\"https:\/\/www.billiondaysupplier.com\/wp-content\/uploads\/2025\/12\/Chafing-Dish-Manufacturers-1.png 800w, https:\/\/www.billiondaysupplier.com\/wp-content\/uploads\/2025\/12\/Chafing-Dish-Manufacturers-1-300x300.png 300w, https:\/\/www.billiondaysupplier.com\/wp-content\/uploads\/2025\/12\/Chafing-Dish-Manufacturers-1-150x150.png 150w, https:\/\/www.billiondaysupplier.com\/wp-content\/uploads\/2025\/12\/Chafing-Dish-Manufacturers-1-768x768.png 768w, https:\/\/www.billiondaysupplier.com\/wp-content\/uploads\/2025\/12\/Chafing-Dish-Manufacturers-1-12x12.png 12w, https:\/\/www.billiondaysupplier.com\/wp-content\/uploads\/2025\/12\/Chafing-Dish-Manufacturers-1-600x600.png 600w, https:\/\/www.billiondaysupplier.com\/wp-content\/uploads\/2025\/12\/Chafing-Dish-Manufacturers-1-100x100.png 100w\" sizes=\"(max-width: 800px) 100vw, 800px\" \/><\/figure>\n<\/div>\n<\/div>","protected":false},"excerpt":{"rendered":"<p>Moderne Chafing Dishes f\u00fcr den Gro\u00dfhandel mit einem Deckel mit Rautenmuster und einem K\u00f6rper aus hochglanzpoliertem Edelstahl mit mehreren Fassungsverm\u00f6gensoptionen, die ein exquisites und hochwertiges Gef\u00fchl mit starker visueller Anziehungskraft bieten. Ma\u00dfanfertigungen und Beratung in Zusammenarbeit sind willkommen! Kontaktieren Sie uns, um ein Angebot zu erhalten!<\/p>\n<h2>Moderne Chafing Dish Parameter\uff1a<\/h2>\n<table border=\"0\" width=\"404\" cellspacing=\"0\" cellpadding=\"0\">\n<tbody>\n<tr>\n<td style=\"text-align: left;\" width=\"148\" height=\"24\"><strong>Material<\/strong><\/td>\n<td style=\"text-align: left;\" width=\"256\">\n<p>Rostfreier Stahl 201 und Eisen<\/p>\n<\/td>\n<\/tr>\n<tr>\n<td style=\"text-align: left;\" height=\"69\"><strong>Farbe<\/strong><\/td>\n<td style=\"text-align: left;\" width=\"256\">Band<\/td>\n<\/tr>\n<tr>\n<td style=\"text-align: left;\" height=\"24\"><strong>Heizmethode<\/strong><\/td>\n<td style=\"text-align: left;\">Brennstoff Heizung<\/td>\n<\/tr>\n<tr>\n<td style=\"text-align: left;\" height=\"24\"><strong>Kapazit\u00e4t<\/strong><\/td>\n<td style=\"text-align: left;\">4.5L\/6L\/8.0L<\/td>\n<\/tr>\n<tr>\n<td style=\"text-align: left;\" height=\"92\"><strong>Merkmal<\/strong><\/td>\n<td style=\"text-align: left;\" width=\"256\">1. mit ExquisitH\u00e4ngedeckel<br \/>2. Ausgefallenes Hohlraumdesign<br \/>3. Stabiler, aufrechter Rahmen<\/td>\n<\/tr>\n<tr>\n<td style=\"text-align: left;\" height=\"24\"><strong>Kundenspezifische Option<\/strong><\/td>\n<td style=\"text-align: left;\">Logo\/Farbe\/Gr\u00f6\u00dfe\/Verpackung\/Zubeh\u00f6r<\/td>\n<\/tr>\n<\/tbody>\n<\/table>","protected":false},"featured_media":1531,"comment_status":"closed","ping_status":"closed","template":"","meta":{"_acf_changed":false},"product_brand":[],"product_cat":[30],"product_tag":[],"class_list":{"0":"post-1529","1":"product","2":"type-product","3":"status-publish","4":"has-post-thumbnail","6":"product_cat-hanging-chafing-dish-supplier","8":"first","9":"instock","10":"shipping-taxable","11":"product-type-simple"},"acf":[],"_links":{"self":[{"href":"https:\/\/www.billiondaysupplier.com\/de\/wp-json\/wp\/v2\/product\/1529","targetHints":{"allow":["GET"]}}],"collection":[{"href":"https:\/\/www.billiondaysupplier.com\/de\/wp-json\/wp\/v2\/product"}],"about":[{"href":"https:\/\/www.billiondaysupplier.com\/de\/wp-json\/wp\/v2\/types\/product"}],"replies":[{"embeddable":true,"href":"https:\/\/www.billiondaysupplier.com\/de\/wp-json\/wp\/v2\/comments?post=1529"}],"wp:featuredmedia":[{"embeddable":true,"href":"https:\/\/www.billiondaysupplier.com\/de\/wp-json\/wp\/v2\/media\/1531"}],"wp:attachment":[{"href":"https:\/\/www.billiondaysupplier.com\/de\/wp-json\/wp\/v2\/media?parent=1529"}],"wp:term":[{"taxonomy":"product_brand","embeddable":true,"href":"https:\/\/www.billiondaysupplier.com\/de\/wp-json\/wp\/v2\/product_brand?post=1529"},{"taxonomy":"product_cat","embeddable":true,"href":"https:\/\/www.billiondaysupplier.com\/de\/wp-json\/wp\/v2\/product_cat?post=1529"},{"taxonomy":"product_tag","embeddable":true,"href":"https:\/\/www.billiondaysupplier.com\/de\/wp-json\/wp\/v2\/product_tag?post=1529"}],"curies":[{"name":"wp","href":"https:\/\/api.w.org\/{rel}","templated":true}]}}