{"id":1496,"date":"2025-12-15T07:29:35","date_gmt":"2025-12-15T07:29:35","guid":{"rendered":"https:\/\/www.billiondaysupplier.com\/?post_type=product&#038;p=1496"},"modified":"2025-12-15T07:29:35","modified_gmt":"2025-12-15T07:29:35","slug":"custom-electric-chafing-dish-set","status":"publish","type":"product","link":"https:\/\/www.billiondaysupplier.com\/de\/product\/custom-electric-chafing-dish-set\/","title":{"rendered":"Kundenspezifische elektrische Chafing Dish Set, 6L Edelstahl Buffet Set Silber rechteckig in Bulk"},"content":{"rendered":"<div class=\"wp-block-columns is-layout-flex wp-container-core-columns-is-layout-9d6595d7 wp-block-columns-is-layout-flex\">\n<div class=\"wp-block-column is-layout-flow wp-block-column-is-layout-flow\">\n<h2 class=\"wp-block-heading\">Elektrisches Chafing Dish Set Merkmale:<\/h2>\n\n\n\n<p><strong>Exquisites Silber-Edelstahl-Exterieur<\/strong>: Die Oberfl\u00e4che aus hochwertigem, silberfarbenem Edelstahl ist glatt und edel und passt perfekt zur Dekoration edler Esszimmer.<\/p>\n\n\n\n<p><strong>Deckel aus geh\u00e4rtetem Glas:<\/strong> Mit diesem transparenten und haltbaren Glasdeckel k\u00f6nnen Sie die Temperatur der Speisen gut sehen und den Zustand der Speisen bequem \u00fcberpr\u00fcfen, was die Qualit\u00e4t des Essens verbessert.<\/p>\n\n\n\n<p><strong>Effiziente elektrische Heizung:<\/strong> Erh\u00f6ht schnell und pr\u00e4zise die eingestellte Temperatur f\u00fcr eine schnelle und gleichm\u00e4\u00dfige Erw\u00e4rmung und erf\u00fcllt eine Vielzahl von Heizanforderungen.<\/p>\n\n\n\n<p><strong>Digitales Bedienfeld:<\/strong> stellt die Temperatur und die Zeit einfach und pr\u00e4zise ein, so dass der Benutzer den gew\u00fcnschten Heizeffekt mit Leichtigkeit erzielen kann, was den Bedienkomfort erh\u00f6ht.<\/p>\n\n\n\n<p><strong>6L Gro\u00dfe Kapazit\u00e4t:<\/strong> Er eignet sich f\u00fcr mittelgro\u00dfe Restaurants, Bankette und Gruppenveranstaltungen und kann gro\u00dfe Mengen auf einmal mit hoher Energieeffizienz erhitzen.<\/p>\n\n\n\n<p><strong>Geeignet f\u00fcr alle Arten von Essenssituationen<\/strong>: Hotels, Buffets, Bankette und Familienfeiern - diese Chafing Dish passt zu jeder Gelegenheit und sorgt f\u00fcr ein au\u00dfergew\u00f6hnliches Esserlebnis.<\/p>\n<\/div>\n\n\n\n<div class=\"wp-block-column is-layout-flow wp-block-column-is-layout-flow\">\n<figure class=\"wp-block-image size-full\"><img decoding=\"async\" width=\"800\" height=\"800\" src=\"https:\/\/www.billiondaysupplier.com\/wp-content\/uploads\/2025\/11\/restaurant-6.webp\" alt=\"Restaurantbedarf Chafing Dishes\" class=\"wp-image-1498\" srcset=\"https:\/\/www.billiondaysupplier.com\/wp-content\/uploads\/2025\/11\/restaurant-6.webp 800w, https:\/\/www.billiondaysupplier.com\/wp-content\/uploads\/2025\/11\/restaurant-6-300x300.webp 300w, https:\/\/www.billiondaysupplier.com\/wp-content\/uploads\/2025\/11\/restaurant-6-150x150.webp 150w, https:\/\/www.billiondaysupplier.com\/wp-content\/uploads\/2025\/11\/restaurant-6-768x768.webp 768w, https:\/\/www.billiondaysupplier.com\/wp-content\/uploads\/2025\/11\/restaurant-6-12x12.webp 12w, https:\/\/www.billiondaysupplier.com\/wp-content\/uploads\/2025\/11\/restaurant-6-600x600.webp 600w, https:\/\/www.billiondaysupplier.com\/wp-content\/uploads\/2025\/11\/restaurant-6-100x100.webp 100w\" sizes=\"(max-width: 800px) 100vw, 800px\" \/><\/figure>\n<\/div>\n<\/div>\n\n\n\n<div class=\"wp-block-columns is-layout-flex wp-container-core-columns-is-layout-9d6595d7 wp-block-columns-is-layout-flex\">\n<div class=\"wp-block-column is-layout-flow wp-block-column-is-layout-flow\">\n<figure class=\"wp-block-image size-full\"><img decoding=\"async\" width=\"800\" height=\"800\" src=\"https:\/\/www.billiondaysupplier.com\/wp-content\/uploads\/2025\/11\/restaurant-4.webp\" alt=\"Restaurantbedarf Chafing Dishes\" class=\"wp-image-1499\" srcset=\"https:\/\/www.billiondaysupplier.com\/wp-content\/uploads\/2025\/11\/restaurant-4.webp 800w, https:\/\/www.billiondaysupplier.com\/wp-content\/uploads\/2025\/11\/restaurant-4-300x300.webp 300w, https:\/\/www.billiondaysupplier.com\/wp-content\/uploads\/2025\/11\/restaurant-4-150x150.webp 150w, https:\/\/www.billiondaysupplier.com\/wp-content\/uploads\/2025\/11\/restaurant-4-768x768.webp 768w, https:\/\/www.billiondaysupplier.com\/wp-content\/uploads\/2025\/11\/restaurant-4-12x12.webp 12w, https:\/\/www.billiondaysupplier.com\/wp-content\/uploads\/2025\/11\/restaurant-4-600x600.webp 600w, https:\/\/www.billiondaysupplier.com\/wp-content\/uploads\/2025\/11\/restaurant-4-100x100.webp 100w\" sizes=\"(max-width: 800px) 100vw, 800px\" \/><\/figure>\n<\/div>\n\n\n\n<div class=\"wp-block-column is-layout-flow wp-block-column-is-layout-flow\">\n<figure class=\"wp-block-image size-full\"><img decoding=\"async\" width=\"800\" height=\"800\" src=\"https:\/\/www.billiondaysupplier.com\/wp-content\/uploads\/2025\/11\/restaurant-5.webp\" alt=\"Restaurantbedarf Chafing Dishes\" class=\"wp-image-1500\" srcset=\"https:\/\/www.billiondaysupplier.com\/wp-content\/uploads\/2025\/11\/restaurant-5.webp 800w, https:\/\/www.billiondaysupplier.com\/wp-content\/uploads\/2025\/11\/restaurant-5-300x300.webp 300w, https:\/\/www.billiondaysupplier.com\/wp-content\/uploads\/2025\/11\/restaurant-5-150x150.webp 150w, https:\/\/www.billiondaysupplier.com\/wp-content\/uploads\/2025\/11\/restaurant-5-768x768.webp 768w, https:\/\/www.billiondaysupplier.com\/wp-content\/uploads\/2025\/11\/restaurant-5-12x12.webp 12w, https:\/\/www.billiondaysupplier.com\/wp-content\/uploads\/2025\/11\/restaurant-5-600x600.webp 600w, https:\/\/www.billiondaysupplier.com\/wp-content\/uploads\/2025\/11\/restaurant-5-100x100.webp 100w\" sizes=\"(max-width: 800px) 100vw, 800px\" \/><\/figure>\n<\/div>\n<\/div>","protected":false},"excerpt":{"rendered":"<p>Gro\u00dfhandel elektrische Chafing Dish, die 6L Kapazit\u00e4t Design perfekt auf die Bed\u00fcrfnisse von Banketten und Gruppenversammlungen. Kombiniert mit einem transparenten Glasdeckel und CNC-Bedienung, kann es leicht zu verschiedenen Szenarien anzupassen. Kontaktieren Sie uns, um Ihre Catering-Ausr\u00fcstung zu personalisieren!<\/p>\n<h2>Elektrische Chafing Dish Parameter\uff1a<\/h2>\n<table border=\"0\" width=\"404\" cellspacing=\"0\" cellpadding=\"0\">\n<tbody>\n<tr>\n<td style=\"text-align: left\" width=\"148\" height=\"24\"><strong>Material<\/strong><\/td>\n<td style=\"text-align: left\" width=\"256\">Rostfreier Stahl 201<\/td>\n<\/tr>\n<tr>\n<td style=\"text-align: left\" height=\"69\"><strong>Farbe<\/strong><\/td>\n<td style=\"text-align: left\" width=\"256\">Gold\/Halbgold\/Silber\/Akzeptieren von Kundenw\u00fcnschen<\/td>\n<\/tr>\n<tr>\n<td style=\"text-align: left\" height=\"24\"><strong>Heizmethode<\/strong><\/td>\n<td style=\"text-align: left\">Elektrische Heizung<\/td>\n<\/tr>\n<tr>\n<td style=\"text-align: left\" height=\"24\"><strong>Kapazit\u00e4t6<\/strong><\/td>\n<td style=\"text-align: left\">6.0L<\/td>\n<\/tr>\n<tr>\n<td style=\"text-align: left\" height=\"92\"><strong>Merkmal<\/strong><\/td>\n<td style=\"text-align: left\" width=\"256\">1. Hydraulischer Deckel mit Glasfenster<br \/>2. Hochglanzpolierte abgerundete Kanten<br \/>3. Stabiler, aufrechter Rahmen<\/td>\n<\/tr>\n<tr>\n<td style=\"text-align: left\" height=\"24\"><strong>Kundenspezifische Option<\/strong><\/td>\n<td style=\"text-align: left\">Logo\/Farbe\/Gr\u00f6\u00dfe\/Verpackung\/Zubeh\u00f6r<\/td>\n<\/tr>\n<\/tbody>\n<\/table>","protected":false},"featured_media":1499,"comment_status":"closed","ping_status":"closed","template":"","meta":{"_acf_changed":true},"product_brand":[],"product_cat":[18],"product_tag":[],"class_list":{"0":"post-1496","1":"product","2":"type-product","3":"status-publish","4":"has-post-thumbnail","6":"product_cat-wholesale-chafing-dishes","8":"first","9":"instock","10":"shipping-taxable","11":"product-type-simple"},"acf":[],"_links":{"self":[{"href":"https:\/\/www.billiondaysupplier.com\/de\/wp-json\/wp\/v2\/product\/1496","targetHints":{"allow":["GET"]}}],"collection":[{"href":"https:\/\/www.billiondaysupplier.com\/de\/wp-json\/wp\/v2\/product"}],"about":[{"href":"https:\/\/www.billiondaysupplier.com\/de\/wp-json\/wp\/v2\/types\/product"}],"replies":[{"embeddable":true,"href":"https:\/\/www.billiondaysupplier.com\/de\/wp-json\/wp\/v2\/comments?post=1496"}],"wp:featuredmedia":[{"embeddable":true,"href":"https:\/\/www.billiondaysupplier.com\/de\/wp-json\/wp\/v2\/media\/1499"}],"wp:attachment":[{"href":"https:\/\/www.billiondaysupplier.com\/de\/wp-json\/wp\/v2\/media?parent=1496"}],"wp:term":[{"taxonomy":"product_brand","embeddable":true,"href":"https:\/\/www.billiondaysupplier.com\/de\/wp-json\/wp\/v2\/product_brand?post=1496"},{"taxonomy":"product_cat","embeddable":true,"href":"https:\/\/www.billiondaysupplier.com\/de\/wp-json\/wp\/v2\/product_cat?post=1496"},{"taxonomy":"product_tag","embeddable":true,"href":"https:\/\/www.billiondaysupplier.com\/de\/wp-json\/wp\/v2\/product_tag?post=1496"}],"curies":[{"name":"wp","href":"https:\/\/api.w.org\/{rel}","templated":true}]}}