{"id":1491,"date":"2025-12-04T04:01:12","date_gmt":"2025-12-04T04:01:12","guid":{"rendered":"https:\/\/www.billiondaysupplier.com\/?post_type=product&#038;p=1491"},"modified":"2025-12-04T04:01:15","modified_gmt":"2025-12-04T04:01:15","slug":"wholesale-beverage-dispenser","status":"publish","type":"product","link":"https:\/\/www.billiondaysupplier.com\/de\/product\/wholesale-beverage-dispenser\/","title":{"rendered":"Gro\u00dfhandel Getr\u00e4nkedispenser, Edelstahl-Saft-Spender Lieferanten"},"content":{"rendered":"<div class=\"wp-block-columns is-layout-flex wp-container-core-columns-is-layout-9d6595d7 wp-block-columns-is-layout-flex\">\n<div class=\"wp-block-column is-layout-flow wp-block-column-is-layout-flow\">\n<h2 class=\"wp-block-heading\">Gro\u00dfhandel Getr\u00e4nkedispenser Merkmale:<\/h2>\n\n\n\n<p><strong>Hochwertiger polierter Edelstahl: <\/strong>Die Oberfl\u00e4che ist glatt und angenehm zu ber\u00fchren, und das Design strahlt Modernit\u00e4t aus, um die Messlatte f\u00fcr Essbereiche \u00fcberall h\u00f6her zu legen.<\/p>\n\n\n\n<p><strong>Mehrere Farben zur Auswahl:<\/strong> Mit klassischen Gold- und Silbert\u00f6nen, die dem Kunden ein pers\u00f6nliches Gef\u00fchl vermitteln und sich gut mit jedem Essensstil kombinieren lassen.<\/p>\n\n\n\n<p><strong>Pr\u00e4zise Dosierkontrolle:<\/strong> Jedes ausgeschenkte Getr\u00e4nk wird genau kontrolliert, um Abfall zu reduzieren, sich an die unterschiedlichen Schankanforderungen in verschiedenen Szenen anzupassen und die Effizienz des Services zu verbessern.<\/p>\n\n\n\n<p><strong>Leicht zu reinigen:<\/strong> Dank des modularen Aufbaus k\u00f6nnen alle Komponenten zur einfachen Reinigung auseinander genommen werden, was eine langfristige Hygiene und einfache Bedienung gew\u00e4hrleistet.<\/p>\n\n\n\n<p><strong>Ungiftig und sicher:<\/strong> Er besteht aus lebensmittelechtem Edelstahl, ist ungiftig und unbedenklich und erf\u00fcllt die strengsten Normen zur Gew\u00e4hrleistung der Lebensmittelsicherheit, um das Vertrauen der Verbraucher zu st\u00e4rken.<\/p>\n<\/div>\n\n\n\n<div class=\"wp-block-column is-layout-flow wp-block-column-is-layout-flow\">\n<figure class=\"wp-block-image size-full\"><img decoding=\"async\" width=\"800\" height=\"800\" src=\"https:\/\/www.billiondaysupplier.com\/wp-content\/uploads\/2025\/11\/wholesale.webp\" alt=\"Gro\u00dfhandel Getr\u00e4nkespender\" class=\"wp-image-1495\" srcset=\"https:\/\/www.billiondaysupplier.com\/wp-content\/uploads\/2025\/11\/wholesale.webp 800w, https:\/\/www.billiondaysupplier.com\/wp-content\/uploads\/2025\/11\/wholesale-300x300.webp 300w, https:\/\/www.billiondaysupplier.com\/wp-content\/uploads\/2025\/11\/wholesale-150x150.webp 150w, https:\/\/www.billiondaysupplier.com\/wp-content\/uploads\/2025\/11\/wholesale-768x768.webp 768w, https:\/\/www.billiondaysupplier.com\/wp-content\/uploads\/2025\/11\/wholesale-12x12.webp 12w, https:\/\/www.billiondaysupplier.com\/wp-content\/uploads\/2025\/11\/wholesale-600x600.webp 600w, https:\/\/www.billiondaysupplier.com\/wp-content\/uploads\/2025\/11\/wholesale-100x100.webp 100w\" sizes=\"(max-width: 800px) 100vw, 800px\" \/><\/figure>\n<\/div>\n<\/div>\n\n\n\n<div class=\"wp-block-columns is-layout-flex wp-container-core-columns-is-layout-9d6595d7 wp-block-columns-is-layout-flex\">\n<div class=\"wp-block-column is-layout-flow wp-block-column-is-layout-flow\">\n<figure class=\"wp-block-image size-full\"><img decoding=\"async\" width=\"720\" height=\"720\" src=\"https:\/\/www.billiondaysupplier.com\/wp-content\/uploads\/2025\/08\/wholesale-beverage-dispensers5.webp\" alt=\"Gro\u00dfhandel mit Getr\u00e4nkedispensern5\" class=\"wp-image-642\" srcset=\"https:\/\/www.billiondaysupplier.com\/wp-content\/uploads\/2025\/08\/wholesale-beverage-dispensers5.webp 720w, https:\/\/www.billiondaysupplier.com\/wp-content\/uploads\/2025\/08\/wholesale-beverage-dispensers5-300x300.webp 300w, https:\/\/www.billiondaysupplier.com\/wp-content\/uploads\/2025\/08\/wholesale-beverage-dispensers5-150x150.webp 150w, https:\/\/www.billiondaysupplier.com\/wp-content\/uploads\/2025\/08\/wholesale-beverage-dispensers5-600x600.webp 600w, https:\/\/www.billiondaysupplier.com\/wp-content\/uploads\/2025\/08\/wholesale-beverage-dispensers5-100x100.webp 100w\" sizes=\"(max-width: 720px) 100vw, 720px\" \/><\/figure>\n<\/div>\n\n\n\n<div class=\"wp-block-column is-layout-flow wp-block-column-is-layout-flow\">\n<figure class=\"wp-block-image size-full\"><img decoding=\"async\" width=\"720\" height=\"720\" src=\"https:\/\/www.billiondaysupplier.com\/wp-content\/uploads\/2025\/08\/wholesale-beverage-dispensers6.webp\" alt=\"Gro\u00dfhandel mit Getr\u00e4nkedispensern6\" class=\"wp-image-643\" srcset=\"https:\/\/www.billiondaysupplier.com\/wp-content\/uploads\/2025\/08\/wholesale-beverage-dispensers6.webp 720w, https:\/\/www.billiondaysupplier.com\/wp-content\/uploads\/2025\/08\/wholesale-beverage-dispensers6-300x300.webp 300w, https:\/\/www.billiondaysupplier.com\/wp-content\/uploads\/2025\/08\/wholesale-beverage-dispensers6-150x150.webp 150w, https:\/\/www.billiondaysupplier.com\/wp-content\/uploads\/2025\/08\/wholesale-beverage-dispensers6-600x600.webp 600w, https:\/\/www.billiondaysupplier.com\/wp-content\/uploads\/2025\/08\/wholesale-beverage-dispensers6-100x100.webp 100w\" sizes=\"(max-width: 720px) 100vw, 720px\" \/><\/figure>\n<\/div>\n<\/div>","protected":false},"excerpt":{"rendered":"<p>Gro\u00dfhandels-Getr\u00e4nkedispenser mit Doppelspenderoption, hergestellt aus hochwertigem poliertem Edelstahl und erh\u00e4ltlich in Gold und Silber. Sie bieten eine pr\u00e4zise Steuerung der Getr\u00e4nkeabgabe, ein modulares Design f\u00fcr eine einfache Reinigung, erf\u00fcllen die Standards der Lebensmittelsicherheit und verbessern die Qualit\u00e4t und Effizienz der Gastronomie. Kontaktieren Sie uns noch heute, um mehr \u00fcber individuelle Optionen und Gro\u00dfhandelspreise zu erfahren!<\/p>\n<h2>Gro\u00dfhandel Getr\u00e4nkespender Parameter\uff1a<\/h2>\n<table width=\"378\">\n<tbody>\n<tr>\n<td width=\"155\">Material<\/td>\n<td width=\"223\">Rostfreier Stahl 201 + PC<\/td>\n<\/tr>\n<tr>\n<td>Farbe<\/td>\n<td width=\"223\">Silber \/ Gold<\/td>\n<\/tr>\n<tr>\n<td>Anzahl der Zapfstellen<\/td>\n<td>2<\/td>\n<\/tr>\n<tr>\n<td>Kapazit\u00e4t<\/td>\n<td>16L<\/td>\n<\/tr>\n<tr>\n<td>Funktion<\/td>\n<td>Kalt- oder Hei\u00dfisolierung<\/td>\n<\/tr>\n<tr>\n<td>Merkmal<\/td>\n<td width=\"223\">1. PC Schaufelk\u00f6rper<br \/>2. Wasserhahn aus rostfreiem Stahl<br \/>3. Isolierter Eiskern<br \/>4. Schwere Basis<\/td>\n<\/tr>\n<tr>\n<td>Kundenspezifische Option<\/td>\n<td width=\"223\">Logo\/Farbe\/Gr\u00f6\u00dfe\/Verpackung\/Zubeh\u00f6r<\/td>\n<\/tr>\n<\/tbody>\n<\/table>","protected":false},"featured_media":1495,"comment_status":"closed","ping_status":"closed","template":"","meta":{"_acf_changed":true},"product_brand":[],"product_cat":[19],"product_tag":[],"class_list":{"0":"post-1491","1":"product","2":"type-product","3":"status-publish","4":"has-post-thumbnail","6":"product_cat-wholesale-beverage-dispenser","8":"first","9":"instock","10":"shipping-taxable","11":"product-type-simple"},"acf":[],"_links":{"self":[{"href":"https:\/\/www.billiondaysupplier.com\/de\/wp-json\/wp\/v2\/product\/1491","targetHints":{"allow":["GET"]}}],"collection":[{"href":"https:\/\/www.billiondaysupplier.com\/de\/wp-json\/wp\/v2\/product"}],"about":[{"href":"https:\/\/www.billiondaysupplier.com\/de\/wp-json\/wp\/v2\/types\/product"}],"replies":[{"embeddable":true,"href":"https:\/\/www.billiondaysupplier.com\/de\/wp-json\/wp\/v2\/comments?post=1491"}],"wp:featuredmedia":[{"embeddable":true,"href":"https:\/\/www.billiondaysupplier.com\/de\/wp-json\/wp\/v2\/media\/1495"}],"wp:attachment":[{"href":"https:\/\/www.billiondaysupplier.com\/de\/wp-json\/wp\/v2\/media?parent=1491"}],"wp:term":[{"taxonomy":"product_brand","embeddable":true,"href":"https:\/\/www.billiondaysupplier.com\/de\/wp-json\/wp\/v2\/product_brand?post=1491"},{"taxonomy":"product_cat","embeddable":true,"href":"https:\/\/www.billiondaysupplier.com\/de\/wp-json\/wp\/v2\/product_cat?post=1491"},{"taxonomy":"product_tag","embeddable":true,"href":"https:\/\/www.billiondaysupplier.com\/de\/wp-json\/wp\/v2\/product_tag?post=1491"}],"curies":[{"name":"wp","href":"https:\/\/api.w.org\/{rel}","templated":true}]}}