{"id":1456,"date":"2025-12-03T07:30:32","date_gmt":"2025-12-03T07:30:32","guid":{"rendered":"https:\/\/www.billiondaysupplier.com\/?post_type=product&#038;p=1456"},"modified":"2025-12-03T07:31:31","modified_gmt":"2025-12-03T07:31:31","slug":"custom-gold-chafing-dish-with-hanging-lid","status":"publish","type":"product","link":"https:\/\/www.billiondaysupplier.com\/de\/product\/custom-gold-chafing-dish-with-hanging-lid\/","title":{"rendered":"Benutzerdefinierte Gold Chafing Dish mit h\u00e4ngenden Deckel, Essen W\u00e4rmer Chafing Dish Edelstahl in Bulk"},"content":{"rendered":"<div class=\"wp-block-columns is-layout-flex wp-container-core-columns-is-layout-9d6595d7 wp-block-columns-is-layout-flex\">\n<div class=\"wp-block-column is-layout-flow wp-block-column-is-layout-flow\">\n<h2 class=\"wp-block-heading\">Eigenschaften von Gold Chafing Dish mit H\u00e4ngedeckel:<\/h2>\n\n\n\n<p><strong>Hervorragendes Material und Handwerkskunst:<\/strong> Er ist aus 201er Edelstahl mit Goldbeschichtung gefertigt und kombiniert Langlebigkeit mit luxuri\u00f6ser Textur. Die Heizmethode mit dem Alkoholbrenner ist sicher und stabil und eignet sich f\u00fcr verschiedene Catering-Szenarien.<\/p>\n\n\n\n<p><strong>Multi-Kapazit\u00e4ts-Optionen<\/strong>: Erh\u00e4ltlich in zwei Kapazit\u00e4tsvarianten von 4,5 l und 9 l, die den unterschiedlichen Anforderungen an kleine, delikate Mahlzeiten und die Versorgung mit gro\u00dfen Mengen gerecht werden und sich flexibel an die Mahlzeitenplanung f\u00fcr Bankette, Buffets und andere Szenarien anpassen lassen.<\/p>\n\n\n\n<p><strong>Vorteile der Heizung<\/strong>: Der Alkoholbrenner heizt gleichm\u00e4\u00dfig und h\u00e4lt die W\u00e4rme lange aufrecht, wodurch die Temperatur und der Geschmack der Speisen konstant gehalten werden k\u00f6nnen. Dar\u00fcber hinaus ist er einfach zu bedienen und ben\u00f6tigt keine komplexe Stromunterst\u00fctzung, wodurch er sich f\u00fcr verschiedene Veranstaltungsorte eignet.<\/p>\n\n\n\n<p><strong>Anwendbare Szenarien<\/strong>: Ob die 4,5-Liter-Spezifikation f\u00fcr die Pr\u00e4sentation von delikaten Nachmittagstee-Snacks oder die 9-Liter-Spezifikation f\u00fcr das Servieren von warmen Mahlzeiten verwendet wird, sie kann die Speisenpr\u00e4sentation f\u00fcr Hotels, Bankette und High-End-Catering-Einrichtungen mit ihrem luxuri\u00f6sen Aussehen und ihrer praktischen Leistung verbessern. <\/p>\n\n\n\n<p><strong>OEM\/ODM-Dienst:<\/strong> Billion Day Factory Supply bietet Massenanpassung mit Gro\u00dfhandelspreisen.<br><br><br><\/p>\n<\/div>\n\n\n\n<div class=\"wp-block-column is-layout-flow wp-block-column-is-layout-flow\"><div class=\"wp-block-image\">\n<figure class=\"aligncenter size-full\"><img decoding=\"async\" width=\"800\" height=\"800\" src=\"https:\/\/www.billiondaysupplier.com\/wp-content\/uploads\/2025\/11\/chafing-dish-manufacturers-china.webp\" alt=\"Chafing Dish Hersteller China\" class=\"wp-image-1457\" srcset=\"https:\/\/www.billiondaysupplier.com\/wp-content\/uploads\/2025\/11\/chafing-dish-manufacturers-china.webp 800w, https:\/\/www.billiondaysupplier.com\/wp-content\/uploads\/2025\/11\/chafing-dish-manufacturers-china-300x300.webp 300w, https:\/\/www.billiondaysupplier.com\/wp-content\/uploads\/2025\/11\/chafing-dish-manufacturers-china-150x150.webp 150w, https:\/\/www.billiondaysupplier.com\/wp-content\/uploads\/2025\/11\/chafing-dish-manufacturers-china-768x768.webp 768w, https:\/\/www.billiondaysupplier.com\/wp-content\/uploads\/2025\/11\/chafing-dish-manufacturers-china-12x12.webp 12w, https:\/\/www.billiondaysupplier.com\/wp-content\/uploads\/2025\/11\/chafing-dish-manufacturers-china-600x600.webp 600w, https:\/\/www.billiondaysupplier.com\/wp-content\/uploads\/2025\/11\/chafing-dish-manufacturers-china-100x100.webp 100w\" sizes=\"(max-width: 800px) 100vw, 800px\" \/><\/figure>\n<\/div><\/div>\n<\/div>","protected":false},"excerpt":{"rendered":"<p>Kundenspezifischer goldener Chafing Dish mit h\u00e4ngendem Deckel, Premium-Edelstahl kombiniert ein luxuri\u00f6ses vergoldetes Aussehen. Es sind Optionen mit mehreren Fassungsverm\u00f6gen erh\u00e4ltlich, die OEM\/ODM-Gro\u00dfbestellungen zum Fabrikpreis unterst\u00fctzen. Kontaktieren Sie uns f\u00fcr ein Angebot!<\/p>\n<h2>Gold Chafing Dish mit H\u00e4ngedeckel Parameter\uff1a<\/h2>\n<table border=\"0\" width=\"404\" cellspacing=\"0\" cellpadding=\"0\">\n<tbody>\n<tr>\n<td style=\"text-align: left;\" width=\"148\" height=\"24\"><strong>Material<\/strong><\/td>\n<td style=\"text-align: left;\" width=\"256\">Rostfreier Stahl 201<\/td>\n<\/tr>\n<tr>\n<td style=\"text-align: left;\" height=\"69\"><strong>Farbe<\/strong><\/td>\n<td style=\"text-align: left;\" width=\"256\">Gold<\/td>\n<\/tr>\n<tr>\n<td style=\"text-align: left;\" height=\"24\"><strong>Heizmethode<\/strong><\/td>\n<td style=\"text-align: left;\">Brennstoff Heizung<\/td>\n<\/tr>\n<tr>\n<td style=\"text-align: left;\" height=\"24\"><strong>Kapazit\u00e4t<\/strong><\/td>\n<td style=\"text-align: left;\">4,5L\/9L<\/td>\n<\/tr>\n<tr>\n<td style=\"text-align: left;\" height=\"92\"><strong>Merkmal<\/strong><\/td>\n<td style=\"text-align: left;\" width=\"256\">1. mit ExquisitH\u00e4ngedeckel<br \/>2.Alkohol Heizung<br \/>3. Stabiler, aufrechter Rahmen<\/td>\n<\/tr>\n<tr>\n<td style=\"text-align: left;\" height=\"24\"><strong>Kundenspezifische Option<\/strong><\/td>\n<td style=\"text-align: left;\">Logo\/Gr\u00f6\u00dfe\/Verpackung\/Zubeh\u00f6r<\/td>\n<\/tr>\n<\/tbody>\n<\/table>","protected":false},"featured_media":1457,"comment_status":"closed","ping_status":"closed","template":"","meta":{"_acf_changed":false},"product_brand":[],"product_cat":[30],"product_tag":[],"class_list":{"0":"post-1456","1":"product","2":"type-product","3":"status-publish","4":"has-post-thumbnail","6":"product_cat-hanging-chafing-dish-supplier","8":"first","9":"instock","10":"shipping-taxable","11":"product-type-simple"},"acf":[],"_links":{"self":[{"href":"https:\/\/www.billiondaysupplier.com\/de\/wp-json\/wp\/v2\/product\/1456","targetHints":{"allow":["GET"]}}],"collection":[{"href":"https:\/\/www.billiondaysupplier.com\/de\/wp-json\/wp\/v2\/product"}],"about":[{"href":"https:\/\/www.billiondaysupplier.com\/de\/wp-json\/wp\/v2\/types\/product"}],"replies":[{"embeddable":true,"href":"https:\/\/www.billiondaysupplier.com\/de\/wp-json\/wp\/v2\/comments?post=1456"}],"wp:featuredmedia":[{"embeddable":true,"href":"https:\/\/www.billiondaysupplier.com\/de\/wp-json\/wp\/v2\/media\/1457"}],"wp:attachment":[{"href":"https:\/\/www.billiondaysupplier.com\/de\/wp-json\/wp\/v2\/media?parent=1456"}],"wp:term":[{"taxonomy":"product_brand","embeddable":true,"href":"https:\/\/www.billiondaysupplier.com\/de\/wp-json\/wp\/v2\/product_brand?post=1456"},{"taxonomy":"product_cat","embeddable":true,"href":"https:\/\/www.billiondaysupplier.com\/de\/wp-json\/wp\/v2\/product_cat?post=1456"},{"taxonomy":"product_tag","embeddable":true,"href":"https:\/\/www.billiondaysupplier.com\/de\/wp-json\/wp\/v2\/product_tag?post=1456"}],"curies":[{"name":"wp","href":"https:\/\/api.w.org\/{rel}","templated":true}]}}