{"id":1444,"date":"2025-12-03T06:38:34","date_gmt":"2025-12-03T06:38:34","guid":{"rendered":"https:\/\/www.billiondaysupplier.com\/?post_type=product&#038;p=1444"},"modified":"2025-12-03T06:38:37","modified_gmt":"2025-12-03T06:38:37","slug":"wholesale-chafing-dish-electric","status":"publish","type":"product","link":"https:\/\/www.billiondaysupplier.com\/de\/product\/wholesale-chafing-dish-electric\/","title":{"rendered":"Gro\u00dfhandel Chafing Dish Electric, hydraulische Silber Buffet Warmer Set Custom"},"content":{"rendered":"<div class=\"wp-block-columns is-layout-flex wp-container-core-columns-is-layout-9d6595d7 wp-block-columns-is-layout-flex\">\n<div class=\"wp-block-column is-layout-flow wp-block-column-is-layout-flow\">\n<h2 class=\"wp-block-heading\">Chafing Dish Elektrische Merkmale:<\/h2>\n\n\n\n<p><strong>Modernes Erscheinungsbild: <\/strong>Einfaches und elegantes Design, passt zu verschiedenen Arten von Tischplatten. Geeignet f\u00fcr hochklassige Bankette, Konferenzempf\u00e4nge, Gesch\u00e4ftsbuffets usw.<\/p>\n\n\n\n<p><strong>Hochwertiges Material: <\/strong>Hergestellt aus lebensmittelechtem Edelstahl, der korrosions- und hitzebest\u00e4ndig, langlebig und leicht zu reinigen ist und sich daher f\u00fcr den regelm\u00e4\u00dfigen gewerblichen Einsatz eignet.<\/p>\n\n\n\n<p><strong>Nasses Design:<\/strong> Durch Zugabe der entsprechenden Wassermenge und Einschalten der intelligenten Temperaturregelung umh\u00fcllt der erzeugte Dampf die Speisen gleichm\u00e4\u00dfig und h\u00e4lt sie kontinuierlich feucht und strukturiert, so dass Suppen hei\u00df und frisch und Schmorgerichte zart und saftig gehalten werden k\u00f6nnen, um den optimalen Zustand zu erreichen, den chinesische Gerichte in Bezug auf die Feuchtigkeitsspeicherung ben\u00f6tigen.<\/p>\n\n\n\n<p><strong>Hydraulischer Slow-Down-Deckel:<\/strong> Der Deckel \u00f6ffnet sich mit einem einzigen Knopfdruck und gleitet ger\u00e4uschlos nach unten, um ein Einklemmen zu vermeiden. Er bietet mehr Eleganz und Sicherheit f\u00fcr G\u00e4ste und Personal gleicherma\u00dfen.<\/p>\n\n\n\n<p><strong>9L Gro\u00dfes Fassungsverm\u00f6gen<\/strong>: Geeignet f\u00fcr Bankette oder Hotelbuffets, da mehrere Gerichte auf einem Herd zubereitet werden k\u00f6nnen, praktisch und effizient.<\/p>\n\n\n\n<p><strong>Anpassungsdienste<\/strong>: Wir k\u00f6nnen die Gr\u00f6\u00dfen, das Zubeh\u00f6r, die Logos und die Verpackungen den Kundenw\u00fcnschen entsprechend anpassen und so flexibel auf die Bed\u00fcrfnisse der verschiedenen M\u00e4rkte eingehen.<\/p>\n<\/div>\n\n\n\n<div class=\"wp-block-column is-layout-flow wp-block-column-is-layout-flow\">\n<figure class=\"wp-block-image size-full\"><img decoding=\"async\" width=\"800\" height=\"800\" src=\"https:\/\/www.billiondaysupplier.com\/wp-content\/uploads\/2025\/11\/chafing-dish-suppliers.webp\" alt=\"Lieferanten von Chafing Dishes\" class=\"wp-image-1446\" srcset=\"https:\/\/www.billiondaysupplier.com\/wp-content\/uploads\/2025\/11\/chafing-dish-suppliers.webp 800w, https:\/\/www.billiondaysupplier.com\/wp-content\/uploads\/2025\/11\/chafing-dish-suppliers-300x300.webp 300w, https:\/\/www.billiondaysupplier.com\/wp-content\/uploads\/2025\/11\/chafing-dish-suppliers-150x150.webp 150w, https:\/\/www.billiondaysupplier.com\/wp-content\/uploads\/2025\/11\/chafing-dish-suppliers-768x768.webp 768w, https:\/\/www.billiondaysupplier.com\/wp-content\/uploads\/2025\/11\/chafing-dish-suppliers-12x12.webp 12w, https:\/\/www.billiondaysupplier.com\/wp-content\/uploads\/2025\/11\/chafing-dish-suppliers-600x600.webp 600w, https:\/\/www.billiondaysupplier.com\/wp-content\/uploads\/2025\/11\/chafing-dish-suppliers-100x100.webp 100w\" sizes=\"(max-width: 800px) 100vw, 800px\" \/><\/figure>\n<\/div>\n<\/div>\n\n\n\n<div class=\"wp-block-columns is-layout-flex wp-container-core-columns-is-layout-9d6595d7 wp-block-columns-is-layout-flex\">\n<div class=\"wp-block-column is-layout-flow wp-block-column-is-layout-flow\">\n<figure class=\"wp-block-image size-full is-resized\"><img decoding=\"async\" width=\"800\" height=\"800\" src=\"https:\/\/www.billiondaysupplier.com\/wp-content\/uploads\/2025\/11\/chafing-dish-suppliers-2.webp\" alt=\"Lieferanten von Chafing Dishes\" class=\"wp-image-1449\" style=\"aspect-ratio:1;object-fit:cover;width:720px\" srcset=\"https:\/\/www.billiondaysupplier.com\/wp-content\/uploads\/2025\/11\/chafing-dish-suppliers-2.webp 800w, https:\/\/www.billiondaysupplier.com\/wp-content\/uploads\/2025\/11\/chafing-dish-suppliers-2-300x300.webp 300w, https:\/\/www.billiondaysupplier.com\/wp-content\/uploads\/2025\/11\/chafing-dish-suppliers-2-150x150.webp 150w, https:\/\/www.billiondaysupplier.com\/wp-content\/uploads\/2025\/11\/chafing-dish-suppliers-2-768x768.webp 768w, https:\/\/www.billiondaysupplier.com\/wp-content\/uploads\/2025\/11\/chafing-dish-suppliers-2-12x12.webp 12w, https:\/\/www.billiondaysupplier.com\/wp-content\/uploads\/2025\/11\/chafing-dish-suppliers-2-600x600.webp 600w, https:\/\/www.billiondaysupplier.com\/wp-content\/uploads\/2025\/11\/chafing-dish-suppliers-2-100x100.webp 100w\" sizes=\"(max-width: 800px) 100vw, 800px\" \/><\/figure>\n<\/div>\n\n\n\n<div class=\"wp-block-column is-layout-flow wp-block-column-is-layout-flow\"><div class=\"wp-block-image\">\n<figure class=\"aligncenter size-full\"><img decoding=\"async\" width=\"800\" height=\"800\" src=\"https:\/\/www.billiondaysupplier.com\/wp-content\/uploads\/2025\/11\/chafing-dish-suppliers-1-1.webp\" alt=\"\" class=\"wp-image-1448\" srcset=\"https:\/\/www.billiondaysupplier.com\/wp-content\/uploads\/2025\/11\/chafing-dish-suppliers-1-1.webp 800w, https:\/\/www.billiondaysupplier.com\/wp-content\/uploads\/2025\/11\/chafing-dish-suppliers-1-1-300x300.webp 300w, https:\/\/www.billiondaysupplier.com\/wp-content\/uploads\/2025\/11\/chafing-dish-suppliers-1-1-150x150.webp 150w, https:\/\/www.billiondaysupplier.com\/wp-content\/uploads\/2025\/11\/chafing-dish-suppliers-1-1-768x768.webp 768w, https:\/\/www.billiondaysupplier.com\/wp-content\/uploads\/2025\/11\/chafing-dish-suppliers-1-1-12x12.webp 12w, https:\/\/www.billiondaysupplier.com\/wp-content\/uploads\/2025\/11\/chafing-dish-suppliers-1-1-600x600.webp 600w, https:\/\/www.billiondaysupplier.com\/wp-content\/uploads\/2025\/11\/chafing-dish-suppliers-1-1-100x100.webp 100w\" sizes=\"(max-width: 800px) 100vw, 800px\" \/><\/figure>\n<\/div><\/div>\n<\/div>\n\n\n\n<p><\/p>","protected":false},"excerpt":{"rendered":"<p>Billion Day Gro\u00dfhandel Chafing Dish elektrische verf\u00fcgt \u00fcber einen silbernen modernen Aussehen, 9L gro\u00dfe Kapazit\u00e4t, hydraulische Design, pr\u00e4zise Temperaturregelung, geeignet f\u00fcr eine Vielzahl von Lebensmitteln Isolierung Szenarien. Wir bieten ODM\/OEM-Service. Willkommen bei uns zu kontaktieren, um ein Angebot zu erhalten heute!<\/p>\n<h2>Chafing Dish Elektrische Parameter\uff1a<\/h2>\n<table border=\"0\" width=\"404\" cellspacing=\"0\" cellpadding=\"0\">\n<tbody>\n<tr>\n<td style=\"text-align: left;\" width=\"148\" height=\"24\"><strong>Material<\/strong><\/td>\n<td style=\"text-align: left;\" width=\"256\">Rostfreier Stahl 201<\/td>\n<\/tr>\n<tr>\n<td style=\"text-align: left;\" height=\"69\"><strong>Farbe<\/strong><\/td>\n<td style=\"text-align: left;\" width=\"256\">Silber\/Gold\/Halbgold\/Akzeptiert kundenspezifisch<\/td>\n<\/tr>\n<tr>\n<td style=\"text-align: left;\" height=\"24\"><strong>Heizmethode<\/strong><\/td>\n<td style=\"text-align: left;\">Elektrische Heizung<\/td>\n<\/tr>\n<tr>\n<td style=\"text-align: left;\" height=\"24\"><strong>Kapazit\u00e4t<\/strong><\/td>\n<td style=\"text-align: left;\">9.0L<\/td>\n<\/tr>\n<tr>\n<td style=\"text-align: left;\" height=\"92\"><strong>Merkmal<\/strong><\/td>\n<td style=\"text-align: left;\" width=\"256\">\n<p>1. Hydraulischer Deckel mit Glasfenster<br \/>2. Geschliffen<br \/>3. Nasseinsatz<\/p>\n<\/td>\n<\/tr>\n<tr>\n<td style=\"text-align: left;\" height=\"24\"><strong>Kundenspezifische Option<\/strong><\/td>\n<td style=\"text-align: left;\">Logo\/Farbe\/Gr\u00f6\u00dfe\/Verpackung\/Zubeh\u00f6r<\/td>\n<\/tr>\n<\/tbody>\n<\/table>","protected":false},"featured_media":1446,"comment_status":"closed","ping_status":"closed","template":"","meta":{"_acf_changed":false},"product_brand":[],"product_cat":[18],"product_tag":[],"class_list":{"0":"post-1444","1":"product","2":"type-product","3":"status-publish","4":"has-post-thumbnail","6":"product_cat-wholesale-chafing-dishes","8":"first","9":"instock","10":"shipping-taxable","11":"product-type-simple"},"acf":[],"_links":{"self":[{"href":"https:\/\/www.billiondaysupplier.com\/de\/wp-json\/wp\/v2\/product\/1444","targetHints":{"allow":["GET"]}}],"collection":[{"href":"https:\/\/www.billiondaysupplier.com\/de\/wp-json\/wp\/v2\/product"}],"about":[{"href":"https:\/\/www.billiondaysupplier.com\/de\/wp-json\/wp\/v2\/types\/product"}],"replies":[{"embeddable":true,"href":"https:\/\/www.billiondaysupplier.com\/de\/wp-json\/wp\/v2\/comments?post=1444"}],"wp:featuredmedia":[{"embeddable":true,"href":"https:\/\/www.billiondaysupplier.com\/de\/wp-json\/wp\/v2\/media\/1446"}],"wp:attachment":[{"href":"https:\/\/www.billiondaysupplier.com\/de\/wp-json\/wp\/v2\/media?parent=1444"}],"wp:term":[{"taxonomy":"product_brand","embeddable":true,"href":"https:\/\/www.billiondaysupplier.com\/de\/wp-json\/wp\/v2\/product_brand?post=1444"},{"taxonomy":"product_cat","embeddable":true,"href":"https:\/\/www.billiondaysupplier.com\/de\/wp-json\/wp\/v2\/product_cat?post=1444"},{"taxonomy":"product_tag","embeddable":true,"href":"https:\/\/www.billiondaysupplier.com\/de\/wp-json\/wp\/v2\/product_tag?post=1444"}],"curies":[{"name":"wp","href":"https:\/\/api.w.org\/{rel}","templated":true}]}}