{"id":1437,"date":"2025-11-25T03:48:04","date_gmt":"2025-11-25T03:48:04","guid":{"rendered":"https:\/\/www.billiondaysupplier.com\/?post_type=product&#038;p=1437"},"modified":"2025-11-25T03:48:07","modified_gmt":"2025-11-25T03:48:07","slug":"custom-electric-chafing-dish","status":"publish","type":"product","link":"https:\/\/www.billiondaysupplier.com\/de\/product\/custom-electric-chafing-dish\/","title":{"rendered":"Benutzerdefinierte elektrische Chafing Dish, Hydraulik Buffet Set rechteckige Speisenw\u00e4rmer in Bulk"},"content":{"rendered":"<div class=\"wp-block-columns is-layout-flex wp-container-core-columns-is-layout-9d6595d7 wp-block-columns-is-layout-flex\">\n<div class=\"wp-block-column is-layout-flow wp-block-column-is-layout-flow\">\n<h2 class=\"wp-block-heading\">Elektrische Chafing Dish Merkmale:<\/h2>\n\n\n\n<p><strong>Trennwand-Design: <\/strong>Erh\u00e4ltlich in flexiblen Konfigurationen von 1, 2 und 3 F\u00e4chern. Das einzelne Fach kann sich auf das Warmhalten von Spezialgerichten konzentrieren, w\u00e4hrend die Optionen mit 2 oder 3 F\u00e4chern gleichzeitig Grundnahrungsmittel, Beilagen oder Suppen aufbewahren k\u00f6nnen, die f\u00fcr verschiedene Szenarien wie Familienfeiern und Gesch\u00e4ftsbankette geeignet sind.<\/p>\n\n\n\n<p><strong>Elektrische Heizung: <\/strong>Ausgestattet mit einem fortschrittlichen elektrischen Heizsystem, erreicht es schnell die eingestellte Temperatur und h\u00e4lt sie konstant aufrecht. Dies gew\u00e4hrleistet nicht nur einen energieeffizienten Betrieb, sondern h\u00e4lt die Speisen auch effizient auf der idealen Serviertemperatur.<\/p>\n\n\n\n<p><strong>Transparente Sichtbarkeit:<\/strong> Der vollst\u00e4ndig transparente Glasdeckel zeigt den Status der Lebensmittel in jedem Fach deutlich an. Der Deckel muss nicht ge\u00f6ffnet werden, um den Erhitzungsfortschritt zu \u00fcberpr\u00fcfen. Das reduziert den W\u00e4rmeverlust und erm\u00f6glicht die \u00dcberwachung der Frische von Lebensmitteln in Echtzeit, was bequem und sorgenfrei ist.<\/p>\n\n\n\n<p><strong>Einfache Bedienung:<\/strong> Das \u00fcbersichtliche Bedienfeld bietet mit einem Tastendruck Zugriff auf die Temperatureinstellung und die fachspezifischen Ein\/Aus-Funktionen. In Kombination mit der Beschriftung der F\u00e4cher ist es einfach zu bedienen, auch wenn mehrere F\u00e4cher gleichzeitig beheizt werden, und l\u00e4sst sich m\u00fchelos beherrschen.<\/p>\n\n\n\n<p><strong>L\u00f6sungen f\u00fcr Catering-Ausr\u00fcstung: <\/strong>Als professioneller Hersteller von Buffetausstattungen unterst\u00fctzt Billion Day die Individualisierung von Kleinserien, bietet Gro\u00dfhandelspreise und kontrolliert streng die Qualit\u00e4t jedes Produkts, um Ihnen zu helfen, Ihr Markenimage und Ihre Wettbewerbsf\u00e4higkeit auf dem Markt zu verbessern.<\/p>\n<\/div>\n\n\n\n<div class=\"wp-block-column is-layout-flow wp-block-column-is-layout-flow\">\n<figure class=\"wp-block-image size-full\"><img decoding=\"async\" width=\"800\" height=\"800\" src=\"https:\/\/www.billiondaysupplier.com\/wp-content\/uploads\/2025\/11\/chafing-dish-supplier-1.webp\" alt=\"\" class=\"wp-image-1443\" srcset=\"https:\/\/www.billiondaysupplier.com\/wp-content\/uploads\/2025\/11\/chafing-dish-supplier-1.webp 800w, https:\/\/www.billiondaysupplier.com\/wp-content\/uploads\/2025\/11\/chafing-dish-supplier-1-300x300.webp 300w, https:\/\/www.billiondaysupplier.com\/wp-content\/uploads\/2025\/11\/chafing-dish-supplier-1-150x150.webp 150w, https:\/\/www.billiondaysupplier.com\/wp-content\/uploads\/2025\/11\/chafing-dish-supplier-1-768x768.webp 768w, https:\/\/www.billiondaysupplier.com\/wp-content\/uploads\/2025\/11\/chafing-dish-supplier-1-12x12.webp 12w, https:\/\/www.billiondaysupplier.com\/wp-content\/uploads\/2025\/11\/chafing-dish-supplier-1-600x600.webp 600w, https:\/\/www.billiondaysupplier.com\/wp-content\/uploads\/2025\/11\/chafing-dish-supplier-1-100x100.webp 100w\" sizes=\"(max-width: 800px) 100vw, 800px\" \/><\/figure>\n<\/div>\n<\/div>","protected":false},"excerpt":{"rendered":"<p>Kundenspezifische elektrische Chafing Dish, hochglanzpolierte, langlebige Materialien und ein effizientes elektrisches Heizsystem erhitzen und halten die Temperatur schnell, so dass es f\u00fcr eine Vielzahl von Essensszenarien geeignet. Direkt ab Werk, mit OEM\/ODM-Anpassung und wettbewerbsf\u00e4higen Gro\u00dfhandelspreisen. Kontaktieren Sie uns f\u00fcr ein Angebot!<\/p>\n<h2>Elektrische Chafing Dish Parameter\uff1a<\/h2>\n<table border=\"0\" width=\"404\" cellspacing=\"0\" cellpadding=\"0\">\n<tbody>\n<tr>\n<td style=\"text-align: left;\" width=\"148\" height=\"24\"><strong>Material<\/strong><\/td>\n<td style=\"text-align: left;\" width=\"256\">Rostfreier Stahl 201<\/td>\n<\/tr>\n<tr>\n<td style=\"text-align: left;\" height=\"69\"><strong>Farbe<\/strong><\/td>\n<td style=\"text-align: left;\" width=\"256\">Gold\/Halbgold\/Silber\/Akzeptieren von Kundenw\u00fcnschen<\/td>\n<\/tr>\n<tr>\n<td style=\"text-align: left;\" height=\"24\"><strong>Heizmethode<\/strong><\/td>\n<td style=\"text-align: left;\">Elektrische Heizung<\/td>\n<\/tr>\n<tr>\n<td style=\"text-align: left;\" height=\"24\"><strong>Kapazit\u00e4t<\/strong><\/td>\n<td style=\"text-align: left;\">9.0L<\/td>\n<\/tr>\n<tr>\n<td style=\"text-align: left;\" height=\"92\"><strong>Merkmal<\/strong><\/td>\n<td style=\"text-align: left;\" width=\"256\">1. Hydraulischer Deckel mit Glasfenster<br \/>2. Hochglanzpolierte abgerundete Kanten<br \/>3. Stabiler, aufrechter Rahmen<\/td>\n<\/tr>\n<tr>\n<td style=\"text-align: left;\" height=\"24\"><strong>Kundenspezifische Option<\/strong><\/td>\n<td style=\"text-align: left;\">Logo\/Farbe\/Gr\u00f6\u00dfe\/Verpackung\/Zubeh\u00f6r<\/td>\n<\/tr>\n<\/tbody>\n<\/table>","protected":false},"featured_media":1438,"comment_status":"closed","ping_status":"closed","template":"","meta":{"_acf_changed":false},"product_brand":[],"product_cat":[18],"product_tag":[],"class_list":{"0":"post-1437","1":"product","2":"type-product","3":"status-publish","4":"has-post-thumbnail","6":"product_cat-wholesale-chafing-dishes","8":"first","9":"instock","10":"shipping-taxable","11":"product-type-simple"},"acf":[],"_links":{"self":[{"href":"https:\/\/www.billiondaysupplier.com\/de\/wp-json\/wp\/v2\/product\/1437","targetHints":{"allow":["GET"]}}],"collection":[{"href":"https:\/\/www.billiondaysupplier.com\/de\/wp-json\/wp\/v2\/product"}],"about":[{"href":"https:\/\/www.billiondaysupplier.com\/de\/wp-json\/wp\/v2\/types\/product"}],"replies":[{"embeddable":true,"href":"https:\/\/www.billiondaysupplier.com\/de\/wp-json\/wp\/v2\/comments?post=1437"}],"wp:featuredmedia":[{"embeddable":true,"href":"https:\/\/www.billiondaysupplier.com\/de\/wp-json\/wp\/v2\/media\/1438"}],"wp:attachment":[{"href":"https:\/\/www.billiondaysupplier.com\/de\/wp-json\/wp\/v2\/media?parent=1437"}],"wp:term":[{"taxonomy":"product_brand","embeddable":true,"href":"https:\/\/www.billiondaysupplier.com\/de\/wp-json\/wp\/v2\/product_brand?post=1437"},{"taxonomy":"product_cat","embeddable":true,"href":"https:\/\/www.billiondaysupplier.com\/de\/wp-json\/wp\/v2\/product_cat?post=1437"},{"taxonomy":"product_tag","embeddable":true,"href":"https:\/\/www.billiondaysupplier.com\/de\/wp-json\/wp\/v2\/product_tag?post=1437"}],"curies":[{"name":"wp","href":"https:\/\/api.w.org\/{rel}","templated":true}]}}