{"id":1430,"date":"2025-11-21T02:06:13","date_gmt":"2025-11-21T02:06:13","guid":{"rendered":"https:\/\/www.billiondaysupplier.com\/?post_type=product&#038;p=1430"},"modified":"2025-11-21T02:06:14","modified_gmt":"2025-11-21T02:06:14","slug":"custom-chafing-dish-buffet-set","status":"publish","type":"product","link":"https:\/\/www.billiondaysupplier.com\/de\/product\/custom-chafing-dish-buffet-set\/","title":{"rendered":"Benutzerdefinierte Chafing Dish Buffet Set, Gold Runde Buffet W\u00e4rmer mit h\u00e4ngenden Deckel f\u00fcr Hochzeit"},"content":{"rendered":"<div class=\"wp-block-columns is-layout-flex wp-container-core-columns-is-layout-9d6595d7 wp-block-columns-is-layout-flex\">\n<div class=\"wp-block-column is-layout-flow wp-block-column-is-layout-flow\">\n<h2 class=\"wp-block-heading\">Chafing Dish Buffet Set Merkmale:<\/h2>\n\n\n\n<p><strong>Langlebige Materialien und stabile Heizung<\/strong>: Die Pfanne ist aus hochwertigem Edelstahl gefertigt und mit einer vergoldeten Oberfl\u00e4che versehen. Am Boden kann eine Heizquelle angebracht werden, um die Speisen bei gleichbleibender Temperatur warm zu halten.<\/p>\n\n\n\n<p><strong>Verst\u00e4rkter Metallst\u00e4nder<\/strong>: Der gew\u00f6lbte St\u00e4nder, die Ketten und der Sockel sind aus massivem Metall gefertigt und bieten eine hervorragende Tragf\u00e4higkeit, die auch bei gro\u00dfen Mengen hei\u00dfer Speisen einen stabilen Betrieb gew\u00e4hrleistet.<\/p>\n\n\n\n<p><strong>Premium-Vergoldung<\/strong>: Durch mehrschichtiges Spritzen und Polieren ist die goldene Oberfl\u00e4che anlauf- und kratzfest und beh\u00e4lt ihr gl\u00e4nzendes und elegantes Aussehen f\u00fcr den langfristigen kommerziellen Gebrauch.<\/p>\n\n\n\n<p><strong>Leicht zu reinigen<\/strong>: Die innere Pfanne aus Edelstahl ist langlebig und leicht zu reinigen. Der \u00e4u\u00dfere goldene Sockel weist dekorative, gewellte Metalldetails auf, die die optische Pr\u00e4sentation aus jedem Blickwinkel verbessern.<\/p>\n\n\n\n<p><strong>Anpassungsoptionen<\/strong>: Farben, Fassungsverm\u00f6gen, Logos und Zubeh\u00f6r k\u00f6nnen an unterschiedliche M\u00e4rkte oder Projektanforderungen angepasst werden.<\/p>\n\n\n\n<p><strong>Fabrikdirektlieferung<\/strong>: Billion Day bietet eine stabile Produktion und wettbewerbsf\u00e4hige Gro\u00dfhandelspreise zur Unterst\u00fctzung von Gro\u00dfh\u00e4ndlern, Einzelh\u00e4ndlern und Catering-Lieferanten.<\/p>\n<\/div>\n\n\n\n<div class=\"wp-block-column is-layout-flow wp-block-column-is-layout-flow\">\n<figure class=\"wp-block-image size-full\"><img decoding=\"async\" width=\"800\" height=\"800\" src=\"https:\/\/www.billiondaysupplier.com\/wp-content\/uploads\/2025\/11\/chafing-4.webp\" alt=\"Chafing Dish Lieferant\" class=\"wp-image-1432\" srcset=\"https:\/\/www.billiondaysupplier.com\/wp-content\/uploads\/2025\/11\/chafing-4.webp 800w, https:\/\/www.billiondaysupplier.com\/wp-content\/uploads\/2025\/11\/chafing-4-300x300.webp 300w, https:\/\/www.billiondaysupplier.com\/wp-content\/uploads\/2025\/11\/chafing-4-150x150.webp 150w, https:\/\/www.billiondaysupplier.com\/wp-content\/uploads\/2025\/11\/chafing-4-768x768.webp 768w, https:\/\/www.billiondaysupplier.com\/wp-content\/uploads\/2025\/11\/chafing-4-12x12.webp 12w, https:\/\/www.billiondaysupplier.com\/wp-content\/uploads\/2025\/11\/chafing-4-600x600.webp 600w, https:\/\/www.billiondaysupplier.com\/wp-content\/uploads\/2025\/11\/chafing-4-100x100.webp 100w\" sizes=\"(max-width: 800px) 100vw, 800px\" \/><\/figure>\n<\/div>\n<\/div>\n\n\n\n<p><\/p>","protected":false},"excerpt":{"rendered":"<p>Billion Day benutzerdefinierte Chafing Dish Buffet-Set. Edelstahl-Material mit einer vergoldeten Oberfl\u00e4che, stabile Heizung, starke Metallst\u00e4nder, und anpassbare Optionen. Fabrik direktes Angebot von Billion Day. Willkommen zu erkundigen jetzt!<\/p>\n<h2>Chafing Dish Buffet Set Parameter\uff1a<\/h2>\n<table border=\"0\" width=\"404\" cellspacing=\"0\" cellpadding=\"0\">\n<tbody>\n<tr>\n<td style=\"text-align: left;\" width=\"148\" height=\"24\"><strong>Material<\/strong><\/td>\n<td style=\"text-align: left;\" width=\"256\">\n<p>Rostfreier Stahl 201 und Eisen<\/p>\n<\/td>\n<\/tr>\n<tr>\n<td style=\"text-align: left;\" height=\"69\"><strong>Farbe<\/strong><\/td>\n<td style=\"text-align: left;\" width=\"256\">Gold<\/td>\n<\/tr>\n<tr>\n<td style=\"text-align: left;\" height=\"24\"><strong>Heizmethode<\/strong><\/td>\n<td style=\"text-align: left;\">Brennstoff Heizung<\/td>\n<\/tr>\n<tr>\n<td style=\"text-align: left;\" height=\"24\"><strong>Kapazit\u00e4t<\/strong><\/td>\n<td style=\"text-align: left;\">8.0L<\/td>\n<\/tr>\n<tr>\n<td style=\"text-align: left;\" height=\"92\"><strong>Merkmal<\/strong><\/td>\n<td style=\"text-align: left;\" width=\"256\">1. mit ExquisitH\u00e4ngedeckel<br \/>2. Ausgefallenes Hohlraumdesign<br \/>3. Stabiler, aufrechter Rahmen<\/td>\n<\/tr>\n<tr>\n<td style=\"text-align: left;\" height=\"24\"><strong>Kundenspezifische Option<\/strong><\/td>\n<td style=\"text-align: left;\">Logo\/Farbe\/Gr\u00f6\u00dfe\/Verpackung\/Zubeh\u00f6r<\/td>\n<\/tr>\n<\/tbody>\n<\/table>","protected":false},"featured_media":1432,"comment_status":"closed","ping_status":"closed","template":"","meta":{"_acf_changed":false},"product_brand":[],"product_cat":[30],"product_tag":[],"class_list":{"0":"post-1430","1":"product","2":"type-product","3":"status-publish","4":"has-post-thumbnail","6":"product_cat-hanging-chafing-dish-supplier","8":"first","9":"instock","10":"shipping-taxable","11":"product-type-simple"},"acf":[],"_links":{"self":[{"href":"https:\/\/www.billiondaysupplier.com\/de\/wp-json\/wp\/v2\/product\/1430","targetHints":{"allow":["GET"]}}],"collection":[{"href":"https:\/\/www.billiondaysupplier.com\/de\/wp-json\/wp\/v2\/product"}],"about":[{"href":"https:\/\/www.billiondaysupplier.com\/de\/wp-json\/wp\/v2\/types\/product"}],"replies":[{"embeddable":true,"href":"https:\/\/www.billiondaysupplier.com\/de\/wp-json\/wp\/v2\/comments?post=1430"}],"wp:featuredmedia":[{"embeddable":true,"href":"https:\/\/www.billiondaysupplier.com\/de\/wp-json\/wp\/v2\/media\/1432"}],"wp:attachment":[{"href":"https:\/\/www.billiondaysupplier.com\/de\/wp-json\/wp\/v2\/media?parent=1430"}],"wp:term":[{"taxonomy":"product_brand","embeddable":true,"href":"https:\/\/www.billiondaysupplier.com\/de\/wp-json\/wp\/v2\/product_brand?post=1430"},{"taxonomy":"product_cat","embeddable":true,"href":"https:\/\/www.billiondaysupplier.com\/de\/wp-json\/wp\/v2\/product_cat?post=1430"},{"taxonomy":"product_tag","embeddable":true,"href":"https:\/\/www.billiondaysupplier.com\/de\/wp-json\/wp\/v2\/product_tag?post=1430"}],"curies":[{"name":"wp","href":"https:\/\/api.w.org\/{rel}","templated":true}]}}