{"id":1427,"date":"2025-11-25T02:56:12","date_gmt":"2025-11-25T02:56:12","guid":{"rendered":"https:\/\/www.billiondaysupplier.com\/?post_type=product&#038;p=1427"},"modified":"2025-12-20T01:32:49","modified_gmt":"2025-12-20T01:32:49","slug":"wholesale-gold-chafing-dish","status":"publish","type":"product","link":"https:\/\/www.billiondaysupplier.com\/de\/product\/wholesale-gold-chafing-dish\/","title":{"rendered":"Gro\u00dfhandel Gold Chafing Dish, Edelstahl Buffet Warmer Set mit h\u00e4ngenden Deckel"},"content":{"rendered":"<div class=\"wp-block-columns is-layout-flex wp-container-core-columns-is-layout-9d6595d7 wp-block-columns-is-layout-flex\">\n<div class=\"wp-block-column is-layout-flow wp-block-column-is-layout-flow\">\n<h2 class=\"wp-block-heading\">Gold Chafing Dish Merkmale:<\/h2>\n\n\n\n<p><strong>Attraktives Luxus-Erscheinungsbild<\/strong>: Der Teller, der mit einer Vollmetallvergoldung versehen ist, ist ein luxuri\u00f6ses Kunstwerk, das das Ambiente eines jeden Essens sofort aufwertet.<\/p>\n\n\n\n<p><strong>Dreidimensionale Rosenrelief-Dekoration<\/strong>: Die dreidimensionalen Rosen am Rand des Tabletts vervollst\u00e4ndigen das Design und machen das Produkt von einem einfachen Beh\u00e4lter zu einem kleinen Kunstwerk, das den Eindruck von Handwerkskunst und Luxus noch verst\u00e4rkt und die Atmosph\u00e4re von Restaurants der gehobenen Klasse unterstreicht.<\/p>\n\n\n\n<p><strong>Hervorragende Handwerkskunst mit Hohlr\u00e4umen:<\/strong> Das ausgeh\u00f6hlte Muster des Sockels reduziert nicht nur das optische Gewicht und erh\u00f6ht die Transparenz, sondern projiziert auch reiche Licht- und Schatteneffekte unter Licht, was dem statischen Produkt einen dynamischen visuellen Reiz verleiht.<\/p>\n\n\n\n<p><strong>Praktisches Design des H\u00e4ngedeckels<\/strong>: Das goldene Kuppeldesign bewahrt nicht nur das Geheimnis der Speisen, sondern l\u00e4sst die G\u00e4ste durch den Reflexionseffekt des Metallglanzes auch auf die Speisen gespannt sein, die sie gleich pr\u00e4sentieren werden. Sie eignet sich besonders gut f\u00fcr das Servieren von Speisen mit einem gewissen \"rituellen\" Charakter.<\/p>\n\n\n\n<p><strong>Mehrere Kapazit\u00e4tsoptionen<\/strong>: Erh\u00e4ltlich in den Gr\u00f6\u00dfen 4,5 l, 6 l und 8 l, um den Bed\u00fcrfnissen von Restaurants unterschiedlicher Gr\u00f6\u00dfe gerecht zu werden.<\/p>\n\n\n\n<p><strong>W\u00e4rmeerhaltungsfunktion:<\/strong> Ein Heizger\u00e4t (z. B. ein Spirituskocher) kann am Boden angebracht werden, um die Temperatur der Speisen \u00fcber einen l\u00e4ngeren Zeitraum aufrechtzuerhalten, so dass der Geschmack und das Aroma des Gerichts erhalten bleiben.<\/p>\n\n\n\n<p><strong>Geeignet f\u00fcr eine Vielzahl von Anl\u00e4ssen<\/strong>: Westliche Restaurants in der Spitzengastronomie und Sterne-Hotels, Themenbankette und -veranstaltungen, exquisite Familienfeiern, Hochzeiten usw., es ist die ideale Wahl f\u00fcr die Aufr\u00fcstung Ihrer Catering-Ausr\u00fcstung.<\/p>\n\n\n\n<p><strong>OEM\/ODM-Dienstleistungen<\/strong>: Logos, Farben, Materialien und Konstruktionen sind anpassbar, damit Sie Ihre eigene, einzigartige Marke schaffen k\u00f6nnen.<\/p>\n<\/div>\n\n\n\n<div class=\"wp-block-column is-layout-flow wp-block-column-is-layout-flow\"><div class=\"wp-block-image\">\n<figure class=\"aligncenter size-full\"><img decoding=\"async\" width=\"800\" height=\"800\" src=\"https:\/\/www.billiondaysupplier.com\/wp-content\/uploads\/2025\/11\/chafing-2-1.webp\" alt=\"Chafing Dish Hersteller\" class=\"wp-image-1429\" srcset=\"https:\/\/www.billiondaysupplier.com\/wp-content\/uploads\/2025\/11\/chafing-2-1.webp 800w, https:\/\/www.billiondaysupplier.com\/wp-content\/uploads\/2025\/11\/chafing-2-1-300x300.webp 300w, https:\/\/www.billiondaysupplier.com\/wp-content\/uploads\/2025\/11\/chafing-2-1-150x150.webp 150w, https:\/\/www.billiondaysupplier.com\/wp-content\/uploads\/2025\/11\/chafing-2-1-768x768.webp 768w, https:\/\/www.billiondaysupplier.com\/wp-content\/uploads\/2025\/11\/chafing-2-1-12x12.webp 12w, https:\/\/www.billiondaysupplier.com\/wp-content\/uploads\/2025\/11\/chafing-2-1-600x600.webp 600w, https:\/\/www.billiondaysupplier.com\/wp-content\/uploads\/2025\/11\/chafing-2-1-100x100.webp 100w\" sizes=\"(max-width: 800px) 100vw, 800px\" \/><\/figure>\n<\/div><\/div>\n<\/div>","protected":false},"excerpt":{"rendered":"<p>Gro\u00dfhandel Gold Chafing Dish mit einem exquisiten Design und einem praktischen Deckel zum Aufh\u00e4ngen. Erh\u00e4ltlich in 4.5L\/6L\/8L Kapazit\u00e4ten, OEM\/ODM Anpassung unterst\u00fctzt, und speziell f\u00fcr High-End-Catering und Bankette konzipiert. Kontaktieren Sie uns f\u00fcr MOQ und Gro\u00dfhandelspreise!<\/p>\n<h2>Parameter\uff1a Gold Chafing Dish<\/h2>\n<table border=\"0\" width=\"404\" cellspacing=\"0\" cellpadding=\"0\">\n<tbody>\n<tr>\n<td style=\"text-align: left;\" width=\"148\" height=\"24\"><strong>Material<\/strong><\/td>\n<td style=\"text-align: left;\" width=\"256\">Rostfreier Stahl 201 und Eisen<\/td>\n<\/tr>\n<tr>\n<td style=\"text-align: left;\" height=\"69\"><strong>Farbe<\/strong><\/td>\n<td style=\"text-align: left;\" width=\"256\">\u00a0Gold<\/td>\n<\/tr>\n<tr>\n<td style=\"text-align: left;\" height=\"24\"><strong>Heizmethode<\/strong><\/td>\n<td style=\"text-align: left;\">Brennstoff Heizung<\/td>\n<\/tr>\n<tr>\n<td style=\"text-align: left;\" height=\"24\"><strong>Kapazit\u00e4t<\/strong><\/td>\n<td style=\"text-align: left;\">4,5L\/6L\/8L<\/td>\n<\/tr>\n<tr>\n<td style=\"text-align: left;\" height=\"92\"><strong>Merkmal<\/strong><\/td>\n<td style=\"text-align: left;\" width=\"256\">1. mit ExquisitH\u00e4ngedeckel<br \/>2. Ausgefallenes Hohlraumdesign<br \/>3. Stabiler, aufrechter Rahmen<\/td>\n<\/tr>\n<tr>\n<td style=\"text-align: left;\" height=\"24\"><strong>Kundenspezifische Option<\/strong><\/td>\n<td style=\"text-align: left;\">Logo\/Farbe\/Gr\u00f6\u00dfe\/Verpackung\/Zubeh\u00f6r<\/td>\n<\/tr>\n<\/tbody>\n<\/table>","protected":false},"featured_media":1429,"comment_status":"closed","ping_status":"closed","template":"","meta":{"_acf_changed":false},"product_brand":[],"product_cat":[30],"product_tag":[],"class_list":{"0":"post-1427","1":"product","2":"type-product","3":"status-publish","4":"has-post-thumbnail","6":"product_cat-hanging-chafing-dish-supplier","8":"first","9":"instock","10":"shipping-taxable","11":"product-type-simple"},"acf":[],"_links":{"self":[{"href":"https:\/\/www.billiondaysupplier.com\/de\/wp-json\/wp\/v2\/product\/1427","targetHints":{"allow":["GET"]}}],"collection":[{"href":"https:\/\/www.billiondaysupplier.com\/de\/wp-json\/wp\/v2\/product"}],"about":[{"href":"https:\/\/www.billiondaysupplier.com\/de\/wp-json\/wp\/v2\/types\/product"}],"replies":[{"embeddable":true,"href":"https:\/\/www.billiondaysupplier.com\/de\/wp-json\/wp\/v2\/comments?post=1427"}],"wp:featuredmedia":[{"embeddable":true,"href":"https:\/\/www.billiondaysupplier.com\/de\/wp-json\/wp\/v2\/media\/1429"}],"wp:attachment":[{"href":"https:\/\/www.billiondaysupplier.com\/de\/wp-json\/wp\/v2\/media?parent=1427"}],"wp:term":[{"taxonomy":"product_brand","embeddable":true,"href":"https:\/\/www.billiondaysupplier.com\/de\/wp-json\/wp\/v2\/product_brand?post=1427"},{"taxonomy":"product_cat","embeddable":true,"href":"https:\/\/www.billiondaysupplier.com\/de\/wp-json\/wp\/v2\/product_cat?post=1427"},{"taxonomy":"product_tag","embeddable":true,"href":"https:\/\/www.billiondaysupplier.com\/de\/wp-json\/wp\/v2\/product_tag?post=1427"}],"curies":[{"name":"wp","href":"https:\/\/api.w.org\/{rel}","templated":true}]}}