{"id":1421,"date":"2025-11-21T02:06:03","date_gmt":"2025-11-21T02:06:03","guid":{"rendered":"https:\/\/www.billiondaysupplier.com\/?post_type=product&#038;p=1421"},"modified":"2025-11-21T02:06:04","modified_gmt":"2025-11-21T02:06:04","slug":"wholesale-banquet-chafing-dishes","status":"publish","type":"product","link":"https:\/\/www.billiondaysupplier.com\/de\/product\/wholesale-banquet-chafing-dishes\/","title":{"rendered":"Gro\u00dfhandel Bankett Chafing Dishes, Gold Buffet Set aus Edelstahl mit h\u00e4ngenden Deckel Custom"},"content":{"rendered":"<div class=\"wp-block-columns is-layout-flex wp-container-core-columns-is-layout-9d6595d7 wp-block-columns-is-layout-flex\">\n<div class=\"wp-block-column is-layout-flow wp-block-column-is-layout-flow\">\n<h2 class=\"wp-block-heading\">Bankett Chafing Dishes Merkmale:<\/h2>\n\n\n\n<p><strong>Luxuri\u00f6ser Stil: <\/strong>Der Korpus des Buffet-Ofens ist in luxuri\u00f6sem Gold gehalten und mit exquisiten Mustern verziert, die ihm eine opulente, k\u00fcnstlerische Textur verleihen und ihn zu einem dekorativen Element f\u00fcr den Esstisch machen.<\/p>\n\n\n\n<p><strong>Elegantes und praktisches Design:<\/strong> Der Griff des Deckels ist mit einem eleganten, herzf\u00f6rmigen, durchbrochenen Design versehen, das nicht nur einzigartig und sch\u00f6n ist, sondern auch praktische Funktionen erf\u00fcllt, um Verbrennungen zu vermeiden und das Anheben zu erleichtern.<\/p>\n\n\n\n<p><strong>Transparenter Glasdeckel<\/strong>: Der Deckel aus hochwertigem Borosilikatglas ist klar und durchsichtig, so dass man die Speisen im Inneren ohne W\u00e4rmeverlust gut sehen kann; seine hochgew\u00f6lbte Form bietet ausreichend Platz f\u00fcr die Speisen.<\/p>\n\n\n\n<p><strong>Design H\u00e4ngedeckel<\/strong>: Das Design des H\u00e4ngedeckels erm\u00f6glicht den Kunden einen ungehinderten Zugang zu ihren Speisen, w\u00e4hrend der elegante Deckel die Pr\u00e4sentation und die Benutzerfreundlichkeit verbessert.<\/p>\n\n\n\n<p><strong>OEM-Service-Unterst\u00fctzung<\/strong>: Wir bieten die Anpassung von Buffetausstattungen an; Logos, Gr\u00f6\u00dfen und Farben k\u00f6nnen auf die Bed\u00fcrfnisse unserer Kunden abgestimmt werden.<\/p>\n<\/div>\n\n\n\n<div class=\"wp-block-column is-layout-flow wp-block-column-is-layout-flow\"><div class=\"wp-block-image\">\n<figure class=\"aligncenter size-full\"><img decoding=\"async\" width=\"800\" height=\"800\" src=\"https:\/\/www.billiondaysupplier.com\/wp-content\/uploads\/2025\/11\/chafing.webp\" alt=\"Chafing Dish China\" class=\"wp-image-1425\" srcset=\"https:\/\/www.billiondaysupplier.com\/wp-content\/uploads\/2025\/11\/chafing.webp 800w, https:\/\/www.billiondaysupplier.com\/wp-content\/uploads\/2025\/11\/chafing-300x300.webp 300w, https:\/\/www.billiondaysupplier.com\/wp-content\/uploads\/2025\/11\/chafing-150x150.webp 150w, https:\/\/www.billiondaysupplier.com\/wp-content\/uploads\/2025\/11\/chafing-768x768.webp 768w, https:\/\/www.billiondaysupplier.com\/wp-content\/uploads\/2025\/11\/chafing-12x12.webp 12w, https:\/\/www.billiondaysupplier.com\/wp-content\/uploads\/2025\/11\/chafing-600x600.webp 600w, https:\/\/www.billiondaysupplier.com\/wp-content\/uploads\/2025\/11\/chafing-100x100.webp 100w\" sizes=\"(max-width: 800px) 100vw, 800px\" \/><\/figure>\n<\/div><\/div>\n<\/div>\n\n\n\n<p><\/p>","protected":false},"excerpt":{"rendered":"<p>Gro\u00dfhandel Bankett Chafing Gerichte, goldene Farbe, h\u00e4ngenden Deckel Design und herzf\u00f6rmigen perforierten Glasdeckel, die Verbesserung der Eleganz Ihrer Catering. OEM\/ODM One-Stop-Anpassung verf\u00fcgbar. Kontaktieren Sie uns, um Ihre Marke zu st\u00e4rken!<\/p>\n<h2>Parameter\uff1a Chafing Dishes f\u00fcr Bankette<\/h2>\n<table border=\"0\" width=\"404\" cellspacing=\"0\" cellpadding=\"0\">\n<tbody>\n<tr>\n<td style=\"text-align: left;\" width=\"148\" height=\"24\"><strong>Material<\/strong><\/td>\n<td style=\"text-align: left;\" width=\"256\">Rostfreier Stahl 201<\/td>\n<\/tr>\n<tr>\n<td style=\"text-align: left;\" height=\"69\"><strong>Farbe<\/strong><\/td>\n<td style=\"text-align: left;\" width=\"256\">Gold<\/td>\n<\/tr>\n<tr>\n<td style=\"text-align: left;\" height=\"24\"><strong>Heizmethode<\/strong><\/td>\n<td style=\"text-align: left;\">Brennstoff Heizung<\/td>\n<\/tr>\n<tr>\n<td style=\"text-align: left;\" height=\"24\"><strong>Kapazit\u00e4t<\/strong><\/td>\n<td style=\"text-align: left;\">4,5L\/6L\/8L<\/td>\n<\/tr>\n<tr>\n<td style=\"text-align: left;\" height=\"92\"><strong>Merkmal<\/strong><\/td>\n<td style=\"text-align: left;\" width=\"256\">1. mit ExquisitH\u00e4ngedeckel<br \/>2. Ausgefallenes Hohlraumdesign<br \/>3. Stabiler, aufrechter Rahmen<\/td>\n<\/tr>\n<tr>\n<td style=\"text-align: left;\" height=\"24\"><strong>Kundenspezifische Option<\/strong><\/td>\n<td style=\"text-align: left;\">Logo\/Farbe\/Gr\u00f6\u00dfe\/Verpackung\/Zubeh\u00f6r<\/td>\n<\/tr>\n<\/tbody>\n<\/table>","protected":false},"featured_media":1425,"comment_status":"closed","ping_status":"closed","template":"","meta":{"_acf_changed":false},"product_brand":[],"product_cat":[30],"product_tag":[],"class_list":{"0":"post-1421","1":"product","2":"type-product","3":"status-publish","4":"has-post-thumbnail","6":"product_cat-hanging-chafing-dish-supplier","8":"first","9":"instock","10":"shipping-taxable","11":"product-type-simple"},"acf":[],"_links":{"self":[{"href":"https:\/\/www.billiondaysupplier.com\/de\/wp-json\/wp\/v2\/product\/1421","targetHints":{"allow":["GET"]}}],"collection":[{"href":"https:\/\/www.billiondaysupplier.com\/de\/wp-json\/wp\/v2\/product"}],"about":[{"href":"https:\/\/www.billiondaysupplier.com\/de\/wp-json\/wp\/v2\/types\/product"}],"replies":[{"embeddable":true,"href":"https:\/\/www.billiondaysupplier.com\/de\/wp-json\/wp\/v2\/comments?post=1421"}],"wp:featuredmedia":[{"embeddable":true,"href":"https:\/\/www.billiondaysupplier.com\/de\/wp-json\/wp\/v2\/media\/1425"}],"wp:attachment":[{"href":"https:\/\/www.billiondaysupplier.com\/de\/wp-json\/wp\/v2\/media?parent=1421"}],"wp:term":[{"taxonomy":"product_brand","embeddable":true,"href":"https:\/\/www.billiondaysupplier.com\/de\/wp-json\/wp\/v2\/product_brand?post=1421"},{"taxonomy":"product_cat","embeddable":true,"href":"https:\/\/www.billiondaysupplier.com\/de\/wp-json\/wp\/v2\/product_cat?post=1421"},{"taxonomy":"product_tag","embeddable":true,"href":"https:\/\/www.billiondaysupplier.com\/de\/wp-json\/wp\/v2\/product_tag?post=1421"}],"curies":[{"name":"wp","href":"https:\/\/api.w.org\/{rel}","templated":true}]}}