{"id":1411,"date":"2025-11-21T02:05:42","date_gmt":"2025-11-21T02:05:42","guid":{"rendered":"https:\/\/www.billiondaysupplier.com\/?post_type=product&#038;p=1411"},"modified":"2025-11-21T02:05:43","modified_gmt":"2025-11-21T02:05:43","slug":"wholesale-chafing-dish-catering","status":"publish","type":"product","link":"https:\/\/www.billiondaysupplier.com\/de\/product\/wholesale-chafing-dish-catering\/","title":{"rendered":"Gro\u00dfhandel Chafing Dish Catering, rechteckige Gold Hydraulic Buffet Set Custom"},"content":{"rendered":"<div class=\"wp-block-columns is-layout-flex wp-container-core-columns-is-layout-9d6595d7 wp-block-columns-is-layout-flex\">\n<div class=\"wp-block-column is-layout-flow wp-block-column-is-layout-flow\">\n<h2 class=\"wp-block-heading\">Chafing Dish Catering Merkmale:<\/h2>\n\n\n\n<p><strong>Hochwertiger rostfreier Stahl: <\/strong>Hergestellt aus hochwertigen Materialien, langlebig und geeignet f\u00fcr den h\u00e4ufigen gewerblichen Einsatz.<\/p>\n\n\n\n<p><strong>Luxuri\u00f6ser Look:<\/strong> Die Goldgalvanisierung verleiht ein hochwertiges Aussehen und wertet Bankett und Buffet auf.<\/p>\n\n\n\n<p><strong>Abnehmbarer hydraulischer Soft-Close-Deckel<\/strong>: \u00f6ffnet und schlie\u00dft sich sanft und leise, ohne dass man sich die Finger einklemmt. Sicherer in der Anwendung und leichter zu reinigen.<\/p>\n\n\n\n<p><strong>\u00c4sthetisch ansprechend<\/strong>: Das gew\u00f6lbte Design des transparenten Glasdeckels bietet volle Sicht auf die Speisen und regt den Appetit der Kunden an.<\/p>\n\n\n\n<p><strong>Konfigurierbares Design mit mehreren F\u00e4chern<\/strong>: Der Chafing Dish kann 1, 2 oder 3 Gerichte aufnehmen und ist somit flexibel einsetzbar.<\/p>\n\n\n\n<div class=\"wp-block-group is-nowrap is-layout-flex wp-container-core-group-is-layout-ad2f72ca wp-block-group-is-layout-flex\">\n<p><strong>Starre Konstruktion<\/strong>: Die verdickten B\u00fcgel sind haltbar und druckfest, so dass man sich keine Sorgen machen muss.<\/p>\n<\/div>\n\n\n\n<p><strong>Direkte Lieferung ab Werk: <\/strong>Die Produktion in gro\u00dfem Ma\u00dfstab bringt Preisvorteile von Anfang an mit sich und erm\u00f6glicht Gro\u00dfh\u00e4ndlern und Vertriebsunternehmen \u00e4u\u00dferst wettbewerbsf\u00e4hige Gro\u00dfhandelspreise.<\/p>\n<\/div>\n\n\n\n<div class=\"wp-block-column is-layout-flow wp-block-column-is-layout-flow\">\n<figure class=\"wp-block-image size-full\"><img decoding=\"async\" width=\"800\" height=\"800\" src=\"https:\/\/www.billiondaysupplier.com\/wp-content\/uploads\/2025\/11\/restaurant-2.webp\" alt=\"Restaurantbedarf Chafing Dishes\" class=\"wp-image-1414\" srcset=\"https:\/\/www.billiondaysupplier.com\/wp-content\/uploads\/2025\/11\/restaurant-2.webp 800w, https:\/\/www.billiondaysupplier.com\/wp-content\/uploads\/2025\/11\/restaurant-2-300x300.webp 300w, https:\/\/www.billiondaysupplier.com\/wp-content\/uploads\/2025\/11\/restaurant-2-150x150.webp 150w, https:\/\/www.billiondaysupplier.com\/wp-content\/uploads\/2025\/11\/restaurant-2-768x768.webp 768w, https:\/\/www.billiondaysupplier.com\/wp-content\/uploads\/2025\/11\/restaurant-2-12x12.webp 12w, https:\/\/www.billiondaysupplier.com\/wp-content\/uploads\/2025\/11\/restaurant-2-600x600.webp 600w, https:\/\/www.billiondaysupplier.com\/wp-content\/uploads\/2025\/11\/restaurant-2-100x100.webp 100w\" sizes=\"(max-width: 800px) 100vw, 800px\" \/><\/figure>\n<\/div>\n<\/div>","protected":false},"excerpt":{"rendered":"<p>Gro\u00dfhandel Chafing Dish Catering, hochwertigem Edelstahl, poliertem Gold Finish, rechteckige Form, mit einem abnehmbaren hydraulischen Glasdeckel, ideal f\u00fcr moderne Hotels und Buffets. Beste Rabatt f\u00fcr Bulk-Anpassung, willkommen zu erkundigen!<\/p>\n<h2>Chafing Dish Catering Parameter\uff1a<\/h2>\n<table border=\"0\" width=\"404\" cellspacing=\"0\" cellpadding=\"0\">\n<tbody>\n<tr>\n<td style=\"text-align: left;\" width=\"148\" height=\"24\"><strong>Material<\/strong><\/td>\n<td style=\"text-align: left;\" width=\"256\">Rostfreier Stahl 201<\/td>\n<\/tr>\n<tr>\n<td style=\"text-align: left;\" height=\"69\"><strong>Farbe<\/strong><\/td>\n<td style=\"text-align: left;\" width=\"256\">Silber\/Gold\/Halbgold\/Akzeptiert kundenspezifisch<\/td>\n<\/tr>\n<tr>\n<td style=\"text-align: left;\" height=\"24\"><strong>Heizmethode<\/strong><\/td>\n<td style=\"text-align: left;\">Elektro- oder Kraftstoffheizung<\/td>\n<\/tr>\n<tr>\n<td style=\"text-align: left;\" height=\"24\"><strong>Kapazit\u00e4t<\/strong><\/td>\n<td style=\"text-align: left;\">9.0L<\/td>\n<\/tr>\n<tr>\n<td style=\"text-align: left;\" height=\"92\"><strong>Merkmal<\/strong><\/td>\n<td style=\"text-align: left;\" width=\"256\">1. Hydraulischer Deckel mit Glasfenster<br \/>2. Polierte abgerundete Kanten<br \/>3. Stabiler, aufrechter Rahmen<\/td>\n<\/tr>\n<tr>\n<td style=\"text-align: left;\" height=\"24\"><strong>Kundenspezifische Option<\/strong><\/td>\n<td style=\"text-align: left;\">Logo\/Farbe\/Gr\u00f6\u00dfe\/Verpackung\/Zubeh\u00f6r<\/td>\n<\/tr>\n<\/tbody>\n<\/table>","protected":false},"featured_media":1414,"comment_status":"closed","ping_status":"closed","template":"","meta":{"_acf_changed":false},"product_brand":[],"product_cat":[18],"product_tag":[],"class_list":{"0":"post-1411","1":"product","2":"type-product","3":"status-publish","4":"has-post-thumbnail","6":"product_cat-wholesale-chafing-dishes","8":"first","9":"instock","10":"shipping-taxable","11":"product-type-simple"},"acf":[],"_links":{"self":[{"href":"https:\/\/www.billiondaysupplier.com\/de\/wp-json\/wp\/v2\/product\/1411","targetHints":{"allow":["GET"]}}],"collection":[{"href":"https:\/\/www.billiondaysupplier.com\/de\/wp-json\/wp\/v2\/product"}],"about":[{"href":"https:\/\/www.billiondaysupplier.com\/de\/wp-json\/wp\/v2\/types\/product"}],"replies":[{"embeddable":true,"href":"https:\/\/www.billiondaysupplier.com\/de\/wp-json\/wp\/v2\/comments?post=1411"}],"wp:featuredmedia":[{"embeddable":true,"href":"https:\/\/www.billiondaysupplier.com\/de\/wp-json\/wp\/v2\/media\/1414"}],"wp:attachment":[{"href":"https:\/\/www.billiondaysupplier.com\/de\/wp-json\/wp\/v2\/media?parent=1411"}],"wp:term":[{"taxonomy":"product_brand","embeddable":true,"href":"https:\/\/www.billiondaysupplier.com\/de\/wp-json\/wp\/v2\/product_brand?post=1411"},{"taxonomy":"product_cat","embeddable":true,"href":"https:\/\/www.billiondaysupplier.com\/de\/wp-json\/wp\/v2\/product_cat?post=1411"},{"taxonomy":"product_tag","embeddable":true,"href":"https:\/\/www.billiondaysupplier.com\/de\/wp-json\/wp\/v2\/product_tag?post=1411"}],"curies":[{"name":"wp","href":"https:\/\/api.w.org\/{rel}","templated":true}]}}