{"id":1408,"date":"2025-11-21T02:05:31","date_gmt":"2025-11-21T02:05:31","guid":{"rendered":"https:\/\/www.billiondaysupplier.com\/?post_type=product&#038;p=1408"},"modified":"2025-11-21T02:05:32","modified_gmt":"2025-11-21T02:05:32","slug":"custom-roll-top-chafing-dish","status":"publish","type":"product","link":"https:\/\/www.billiondaysupplier.com\/de\/product\/custom-roll-top-chafing-dish\/","title":{"rendered":"Custom Roll Top Chafing Dish, Rund Gold Buffet Set in Bulk"},"content":{"rendered":"<div class=\"wp-block-columns is-layout-flex wp-container-core-columns-is-layout-9d6595d7 wp-block-columns-is-layout-flex\">\n<div class=\"wp-block-column is-layout-flow wp-block-column-is-layout-flow\">\n<h2 class=\"wp-block-heading\">Roll Top Chafing Dish Merkmale:<\/h2>\n\n\n\n<p><strong>Langlebige Konstruktion aus rostfreiem Stahl:<\/strong> Hergestellt aus hochwertigem 201er Edelstahl, verdickt f\u00fcr gleichm\u00e4\u00dfige Erw\u00e4rmung, langlebig, korrosionsbest\u00e4ndig und mit dauerhaftem Glanz.<\/p>\n\n\n\n<p><strong>Elegantes Goldfinish<\/strong>: Die Kanten sind poliert und abgerundet. Das macht es stilvoll und luxuri\u00f6s und verleiht Ihrem Buffet das gewisse Extra.<\/p>\n\n\n\n<p><strong>Aufrollbarer Glasdeckel<\/strong>: Der praktische aufrollbare Deckel l\u00e4sst sich um 180 Grad \u00f6ffnen und erm\u00f6glicht so einen einfachen Zugriff auf die Speisen, w\u00e4hrend das Fenster aus geh\u00e4rtetem Glas f\u00fcr klare Sicht sorgt und die W\u00e4rme speichert.<\/p>\n\n\n\n<p><strong>Gro\u00dfes Fassungsverm\u00f6gen von 6 Litern<\/strong>: Das kreisrunde Design erm\u00f6glicht gro\u00dfe Mengen an Speisen in einem einzigen Ger\u00e4t, ideal f\u00fcr Catering und B\u00fcfettservice.<\/p>\n\n\n\n<p><strong>Stabiler, aufrechter Rahmen:<\/strong> Die verst\u00e4rkten vertikalen Beine sorgen f\u00fcr einen stabilen Stand auf jedem Untergrund, auch bei schweren Lasten.<\/p>\n\n\n\n<p><strong>Option Dual-Heating<\/strong>: Kann auf elektrischen Kochplatten und traditionellen Brennstoffkanistern f\u00fcr flexible Anwendungen verwendet werden.<\/p>\n<\/div>\n\n\n\n<div class=\"wp-block-column is-layout-flow wp-block-column-is-layout-flow\">\n<figure class=\"wp-block-image size-full\"><img decoding=\"async\" width=\"800\" height=\"800\" src=\"https:\/\/www.billiondaysupplier.com\/wp-content\/uploads\/2025\/11\/roll.webp\" alt=\"roll top chafing dish Lieferanten\" class=\"wp-image-1410\" srcset=\"https:\/\/www.billiondaysupplier.com\/wp-content\/uploads\/2025\/11\/roll.webp 800w, https:\/\/www.billiondaysupplier.com\/wp-content\/uploads\/2025\/11\/roll-300x300.webp 300w, https:\/\/www.billiondaysupplier.com\/wp-content\/uploads\/2025\/11\/roll-150x150.webp 150w, https:\/\/www.billiondaysupplier.com\/wp-content\/uploads\/2025\/11\/roll-768x768.webp 768w, https:\/\/www.billiondaysupplier.com\/wp-content\/uploads\/2025\/11\/roll-12x12.webp 12w, https:\/\/www.billiondaysupplier.com\/wp-content\/uploads\/2025\/11\/roll-600x600.webp 600w, https:\/\/www.billiondaysupplier.com\/wp-content\/uploads\/2025\/11\/roll-100x100.webp 100w\" sizes=\"(max-width: 800px) 100vw, 800px\" \/><\/figure>\n<\/div>\n<\/div>","protected":false},"excerpt":{"rendered":"<p>Billion Day benutzerdefinierte Roll Top Chafing Dish, mit einem luxuri\u00f6sen Gold-Finish, mit einem 6L gro\u00dfe Kapazit\u00e4t. Stilvoll und langlebig, ist es f\u00fcr alle Arten von Catering-Dienstleistungen geeignet. Wir liefern direkt ab Werk und bieten OEM-Dienstleistungen. Willkommen bei uns zu erkundigen heute!<\/p>\n<h2>Roll Top Chafing Dish Parameter\uff1a<\/h2>\n<table border=\"0\" width=\"404\" cellspacing=\"0\" cellpadding=\"0\">\n<tbody>\n<tr>\n<td style=\"text-align: left;\" width=\"148\" height=\"24\"><strong>Material<\/strong><\/td>\n<td style=\"text-align: left;\" width=\"256\">Rostfreier Stahl 201<\/td>\n<\/tr>\n<tr>\n<td style=\"text-align: left;\" height=\"69\"><strong>Farbe<\/strong><\/td>\n<td style=\"text-align: left;\" width=\"256\">Silber\/Gold\/Halbgold\/Akzeptiert kundenspezifisch<\/td>\n<\/tr>\n<tr>\n<td style=\"text-align: left;\" height=\"24\"><strong>Heizmethode<\/strong><\/td>\n<td style=\"text-align: left;\">Elektro- oder Kraftstoffheizung<\/td>\n<\/tr>\n<tr>\n<td style=\"text-align: left;\" height=\"24\"><strong>Kapazit\u00e4t<\/strong><\/td>\n<td style=\"text-align: left;\">6.0L<\/td>\n<\/tr>\n<tr>\n<td style=\"text-align: left;\" height=\"92\"><strong>Merkmal<\/strong><\/td>\n<td style=\"text-align: left;\" width=\"256\">1. Rolltop-Deckel mit Glasfenster<br \/>2. Polierte abgerundete Kanten<br \/>3. Stabiler, aufrechter Rahmen<\/td>\n<\/tr>\n<tr>\n<td style=\"text-align: left;\" height=\"24\"><strong>Kundenspezifische Option<\/strong><\/td>\n<td style=\"text-align: left;\">Logo\/Farbe\/Gr\u00f6\u00dfe\/Verpackung\/Zubeh\u00f6r<\/td>\n<\/tr>\n<\/tbody>\n<\/table>","protected":false},"featured_media":1410,"comment_status":"closed","ping_status":"closed","template":"","meta":{"_acf_changed":true},"product_brand":[],"product_cat":[18],"product_tag":[],"class_list":{"0":"post-1408","1":"product","2":"type-product","3":"status-publish","4":"has-post-thumbnail","6":"product_cat-wholesale-chafing-dishes","8":"first","9":"instock","10":"shipping-taxable","11":"product-type-simple"},"acf":[],"_links":{"self":[{"href":"https:\/\/www.billiondaysupplier.com\/de\/wp-json\/wp\/v2\/product\/1408","targetHints":{"allow":["GET"]}}],"collection":[{"href":"https:\/\/www.billiondaysupplier.com\/de\/wp-json\/wp\/v2\/product"}],"about":[{"href":"https:\/\/www.billiondaysupplier.com\/de\/wp-json\/wp\/v2\/types\/product"}],"replies":[{"embeddable":true,"href":"https:\/\/www.billiondaysupplier.com\/de\/wp-json\/wp\/v2\/comments?post=1408"}],"wp:featuredmedia":[{"embeddable":true,"href":"https:\/\/www.billiondaysupplier.com\/de\/wp-json\/wp\/v2\/media\/1410"}],"wp:attachment":[{"href":"https:\/\/www.billiondaysupplier.com\/de\/wp-json\/wp\/v2\/media?parent=1408"}],"wp:term":[{"taxonomy":"product_brand","embeddable":true,"href":"https:\/\/www.billiondaysupplier.com\/de\/wp-json\/wp\/v2\/product_brand?post=1408"},{"taxonomy":"product_cat","embeddable":true,"href":"https:\/\/www.billiondaysupplier.com\/de\/wp-json\/wp\/v2\/product_cat?post=1408"},{"taxonomy":"product_tag","embeddable":true,"href":"https:\/\/www.billiondaysupplier.com\/de\/wp-json\/wp\/v2\/product_tag?post=1408"}],"curies":[{"name":"wp","href":"https:\/\/api.w.org\/{rel}","templated":true}]}}