{"id":1403,"date":"2025-11-21T02:05:19","date_gmt":"2025-11-21T02:05:19","guid":{"rendered":"https:\/\/www.billiondaysupplier.com\/?post_type=product&#038;p=1403"},"modified":"2025-11-21T02:05:20","modified_gmt":"2025-11-21T02:05:20","slug":"custom-chafing-dishes","status":"publish","type":"product","link":"https:\/\/www.billiondaysupplier.com\/de\/product\/custom-chafing-dishes\/","title":{"rendered":"Benutzerdefinierte Chafing Dishes, runde Lebensmittel W\u00e4rmer mit hydraulischen Glasdeckel Gold Gro\u00dfhandel"},"content":{"rendered":"<div class=\"wp-block-columns is-layout-flex wp-container-core-columns-is-layout-9d6595d7 wp-block-columns-is-layout-flex\">\n<div class=\"wp-block-column is-layout-flow wp-block-column-is-layout-flow\">\n<h2 class=\"wp-block-heading\">Gold Chafing Dishes Merkmale:<\/h2>\n\n\n\n<p><strong>Hydraulische Konstruktion:<\/strong> Sie erm\u00f6glicht ein sanftes und ger\u00e4uschloses \u00d6ffnen und Schlie\u00dfen des Deckels, verhindert effektiv Dampfverbrennungen und bietet ein angenehmes Benutzererlebnis.<\/p>\n\n\n\n<p><strong>Deckel aus hochfestem Glas<\/strong>: Es ist hochtemperaturbest\u00e4ndig, robust und klar, um die Farbe und den Zustand der Lebensmittel leicht und intuitiv zu erkennen.<\/p>\n\n\n\n<p><strong>Hochwertige Materialien:<\/strong> Er ist aus hochwertigem Edelstahl gefertigt und mit einer gl\u00e4nzenden Vergoldung versehen, die Langlebigkeit, Korrosionsbest\u00e4ndigkeit und eine luxuri\u00f6se und elegante Optik miteinander verbindet.<\/p>\n\n\n\n<p><strong>Hochwertige Details:<\/strong> Ergonomische, hitzebest\u00e4ndige Griffe und robuste F\u00fc\u00dfe sorgen f\u00fcr Sicherheit und einfache Bedienung und gew\u00e4hrleisten Stabilit\u00e4t beim Aufstellen.<\/p>\n\n\n\n<p><strong>Vielseitiger Stil<\/strong>: Das schlichte und moderne Design f\u00fcgt sich leicht in verschiedene Essensumgebungen ein und unterstreicht den Stil und die Raffinesse des Buffets.<\/p>\n<\/div>\n\n\n\n<div class=\"wp-block-column is-layout-flow wp-block-column-is-layout-flow\">\n<figure class=\"wp-block-image size-full\"><img decoding=\"async\" width=\"800\" height=\"800\" src=\"https:\/\/www.billiondaysupplier.com\/wp-content\/uploads\/2025\/11\/chafing-1.webp\" alt=\"Chafing Dish Gro\u00dfhandelspreis\" class=\"wp-image-1405\" srcset=\"https:\/\/www.billiondaysupplier.com\/wp-content\/uploads\/2025\/11\/chafing-1.webp 800w, https:\/\/www.billiondaysupplier.com\/wp-content\/uploads\/2025\/11\/chafing-1-300x300.webp 300w, https:\/\/www.billiondaysupplier.com\/wp-content\/uploads\/2025\/11\/chafing-1-150x150.webp 150w, https:\/\/www.billiondaysupplier.com\/wp-content\/uploads\/2025\/11\/chafing-1-768x768.webp 768w, https:\/\/www.billiondaysupplier.com\/wp-content\/uploads\/2025\/11\/chafing-1-12x12.webp 12w, https:\/\/www.billiondaysupplier.com\/wp-content\/uploads\/2025\/11\/chafing-1-600x600.webp 600w, https:\/\/www.billiondaysupplier.com\/wp-content\/uploads\/2025\/11\/chafing-1-100x100.webp 100w\" sizes=\"(max-width: 800px) 100vw, 800px\" \/><\/figure>\n<\/div>\n<\/div>","protected":false},"excerpt":{"rendered":"<p>Die individuellen Billion Day Chafing Dishes kombinieren die praktische Funktion der hydraulischen Soft-Close-Funktion mit der luxuri\u00f6sen Sch\u00f6nheit von Gold. Gro\u00dfhandelsbestellungen und kundenspezifische Anpassungen sind m\u00f6glich. Anfragen sind willkommen!<\/p>\n<h2>Gold Chafing Dishes Parameter\uff1a<\/h2>\n<table border=\"0\" width=\"404\" cellspacing=\"0\" cellpadding=\"0\">\n<tbody>\n<tr>\n<td style=\"text-align: left;\" width=\"148\" height=\"24\"><strong>Material<\/strong><\/td>\n<td style=\"text-align: left;\" width=\"256\">Rostfreier Stahl 201<\/td>\n<\/tr>\n<tr>\n<td style=\"text-align: left;\" height=\"69\"><strong>Farbe<\/strong><\/td>\n<td style=\"text-align: left;\" width=\"256\">Gold\/Akzeptieren kundenspezifisch<\/td>\n<\/tr>\n<tr>\n<td style=\"text-align: left;\" height=\"24\"><strong>Heizmethode<\/strong><\/td>\n<td style=\"text-align: left;\">Brennstoff- oder Elektroheizung<\/td>\n<\/tr>\n<tr>\n<td style=\"text-align: left;\" height=\"24\"><strong>Kapazit\u00e4t<\/strong><\/td>\n<td style=\"text-align: left;\">6.0L<\/td>\n<\/tr>\n<tr>\n<td style=\"text-align: left;\" height=\"92\"><strong>Merkmal<\/strong><\/td>\n<td style=\"text-align: left;\" width=\"256\">1. Hydraulischer Deckel mit gro\u00dfem Glasfenster<br \/>2. Hochglanzpolierte abgerundete Kanten<br \/>3. Stabiler, aufrechter Rahmen<\/td>\n<\/tr>\n<tr>\n<td style=\"text-align: left;\" height=\"24\"><strong>Kundenspezifische Option<\/strong><\/td>\n<td style=\"text-align: left;\">Logo\/Farbe\/Gr\u00f6\u00dfe\/Verpackung\/Zubeh\u00f6r<\/td>\n<\/tr>\n<\/tbody>\n<\/table>","protected":false},"featured_media":1405,"comment_status":"closed","ping_status":"closed","template":"","meta":{"_acf_changed":false},"product_brand":[],"product_cat":[18],"product_tag":[],"class_list":{"0":"post-1403","1":"product","2":"type-product","3":"status-publish","4":"has-post-thumbnail","6":"product_cat-wholesale-chafing-dishes","8":"first","9":"instock","10":"shipping-taxable","11":"product-type-simple"},"acf":[],"_links":{"self":[{"href":"https:\/\/www.billiondaysupplier.com\/de\/wp-json\/wp\/v2\/product\/1403","targetHints":{"allow":["GET"]}}],"collection":[{"href":"https:\/\/www.billiondaysupplier.com\/de\/wp-json\/wp\/v2\/product"}],"about":[{"href":"https:\/\/www.billiondaysupplier.com\/de\/wp-json\/wp\/v2\/types\/product"}],"replies":[{"embeddable":true,"href":"https:\/\/www.billiondaysupplier.com\/de\/wp-json\/wp\/v2\/comments?post=1403"}],"wp:featuredmedia":[{"embeddable":true,"href":"https:\/\/www.billiondaysupplier.com\/de\/wp-json\/wp\/v2\/media\/1405"}],"wp:attachment":[{"href":"https:\/\/www.billiondaysupplier.com\/de\/wp-json\/wp\/v2\/media?parent=1403"}],"wp:term":[{"taxonomy":"product_brand","embeddable":true,"href":"https:\/\/www.billiondaysupplier.com\/de\/wp-json\/wp\/v2\/product_brand?post=1403"},{"taxonomy":"product_cat","embeddable":true,"href":"https:\/\/www.billiondaysupplier.com\/de\/wp-json\/wp\/v2\/product_cat?post=1403"},{"taxonomy":"product_tag","embeddable":true,"href":"https:\/\/www.billiondaysupplier.com\/de\/wp-json\/wp\/v2\/product_tag?post=1403"}],"curies":[{"name":"wp","href":"https:\/\/api.w.org\/{rel}","templated":true}]}}